{"id":9894,"date":"2025-03-29T19:55:54","date_gmt":"2025-03-29T19:55:54","guid":{"rendered":"https:\/\/fabstore.ma\/?post_type=product&#038;p=9894"},"modified":"2025-09-20T11:44:25","modified_gmt":"2025-09-20T11:44:25","slug":"anastasia-beverly-hills-brow-freeze","status":"publish","type":"product","link":"https:\/\/fabstore.ma\/index.php\/produit\/anastasia-beverly-hills-brow-freeze\/","title":{"rendered":"Anastasia Beverly Hills &#8211; Brow Freeze"},"content":{"rendered":"<p>Cr\u00e9ez ce look lamin\u00e9 embl\u00e9matique avec la cire \u00e0 sourcils Brow Freeze\u00ae d&rsquo;Anastasia Beverly Hills. Reconnue pour ses propri\u00e9t\u00e9s de discipline ultra-performantes, cette cire universelle agrippe et sculpte chaque poil pour des sourcils rehauss\u00e9s et dessin\u00e9s.<\/p>\n<p>La cire coiffante s&rsquo;applique facilement et sans laisser de r\u00e9sidus collants ni de paquets, assurant une tenue longue dur\u00e9e. Pr\u00e9sent\u00e9e dans un luxueux packaging rose dor\u00e9, sa formule personnalisable permet de discipliner les m\u00e8ches rebelles pour des sourcils fournis et nets.<\/p>\n","protected":false},"excerpt":{"rendered":"<p>Cr\u00e9ez ce look lamin\u00e9 embl\u00e9matique avec la cire \u00e0 sourcils Brow Freeze\u00ae d&rsquo;Anastasia Beverly Hills. Reconnue pour ses propri\u00e9t\u00e9s de discipline ultra-performantes, cette cire universelle agrippe et sculpte chaque poil pour des sourcils rehauss\u00e9s et dessin\u00e9s. La cire coiffante s&rsquo;applique facilement et sans laisser de r\u00e9sidus collants ni de paquets, assurant une tenue longue dur\u00e9e. [&hellip;]<\/p>\n","protected":false},"featured_media":9896,"comment_status":"open","ping_status":"closed","template":"","meta":{"om_disable_all_campaigns":false,"_uag_custom_page_level_css":"","_monsterinsights_skip_tracking":false,"_monsterinsights_sitenote_active":false,"_monsterinsights_sitenote_note":"","_monsterinsights_sitenote_category":0,"_uf_show_specific_survey":0,"_uf_disable_surveys":false,"site-sidebar-layout":"default","site-content-layout":"","ast-site-content-layout":"default","site-content-style":"default","site-sidebar-style":"default","ast-global-header-display":"","ast-banner-title-visibility":"","ast-main-header-display":"","ast-hfb-above-header-display":"","ast-hfb-below-header-display":"","ast-hfb-mobile-header-display":"","site-post-title":"","ast-breadcrumbs-content":"","ast-featured-img":"","footer-sml-layout":"","ast-disable-related-posts":"","theme-transparent-header-meta":"default","adv-header-id-meta":"","stick-header-meta":"","header-above-stick-meta":"","header-main-stick-meta":"","header-below-stick-meta":"","astra-migrate-meta-layouts":"set","ast-page-background-enabled":"default","ast-page-background-meta":{"desktop":{"background-color":"var(--ast-global-color-4)","background-image":"","background-repeat":"repeat","background-position":"center center","background-size":"auto","background-attachment":"scroll","background-type":"","background-media":"","overlay-type":"","overlay-color":"","overlay-opacity":"","overlay-gradient":""},"tablet":{"background-color":"","background-image":"","background-repeat":"repeat","background-position":"center center","background-size":"auto","background-attachment":"scroll","background-type":"","background-media":"","overlay-type":"","overlay-color":"","overlay-opacity":"","overlay-gradient":""},"mobile":{"background-color":"","background-image":"","background-repeat":"repeat","background-position":"center center","background-size":"auto","background-attachment":"scroll","background-type":"","background-media":"","overlay-type":"","overlay-color":"","overlay-opacity":"","overlay-gradient":""}},"ast-content-background-meta":{"desktop":{"background-color":"var(--ast-global-color-5)","background-image":"","background-repeat":"repeat","background-position":"center center","background-size":"auto","background-attachment":"scroll","background-type":"","background-media":"","overlay-type":"","overlay-color":"","overlay-opacity":"","overlay-gradient":""},"tablet":{"background-color":"var(--ast-global-color-5)","background-image":"","background-repeat":"repeat","background-position":"center center","background-size":"auto","background-attachment":"scroll","background-type":"","background-media":"","overlay-type":"","overlay-color":"","overlay-opacity":"","overlay-gradient":""},"mobile":{"background-color":"var(--ast-global-color-5)","background-image":"","background-repeat":"repeat","background-position":"center center","background-size":"auto","background-attachment":"scroll","background-type":"","background-media":"","overlay-type":"","overlay-color":"","overlay-opacity":"","overlay-gradient":""}},"_joinchat":[]},"product_brand":[],"product_cat":[188,35,62],"product_tag":[],"class_list":{"0":"post-9894","1":"product","2":"type-product","3":"status-publish","4":"has-post-thumbnail","6":"product_cat-anastasia-beverly-hills","7":"product_cat-maquillage","8":"product_cat-sourcils","9":"desktop-align-center","10":"tablet-align-left","11":"mobile-align-center","13":"first","14":"instock","15":"taxable","16":"shipping-taxable","17":"purchasable","18":"product-type-simple"},"uagb_featured_image_src":{"full":["https:\/\/i0.wp.com\/fabstore.ma\/wp-content\/uploads\/2025\/03\/browfreeze.jpeg?fit=750%2C750&ssl=1",750,750,false],"thumbnail":["https:\/\/i0.wp.com\/fabstore.ma\/wp-content\/uploads\/2025\/03\/browfreeze.jpeg?resize=150%2C150&ssl=1",150,150,true],"medium":["https:\/\/i0.wp.com\/fabstore.ma\/wp-content\/uploads\/2025\/03\/browfreeze.jpeg?fit=300%2C300&ssl=1",300,300,true],"medium_large":["https:\/\/i0.wp.com\/fabstore.ma\/wp-content\/uploads\/2025\/03\/browfreeze.jpeg?fit=750%2C750&ssl=1",750,750,true],"large":["https:\/\/i0.wp.com\/fabstore.ma\/wp-content\/uploads\/2025\/03\/browfreeze.jpeg?fit=750%2C750&ssl=1",750,750,true],"1536x1536":["https:\/\/i0.wp.com\/fabstore.ma\/wp-content\/uploads\/2025\/03\/browfreeze.jpeg?fit=750%2C750&ssl=1",750,750,true],"2048x2048":["https:\/\/i0.wp.com\/fabstore.ma\/wp-content\/uploads\/2025\/03\/browfreeze.jpeg?fit=750%2C750&ssl=1",750,750,true],"woocommerce_thumbnail":["https:\/\/i0.wp.com\/fabstore.ma\/wp-content\/uploads\/2025\/03\/browfreeze.jpeg?fit=300%2C300&ssl=1",300,300,true],"woocommerce_single":["https:\/\/i0.wp.com\/fabstore.ma\/wp-content\/uploads\/2025\/03\/browfreeze.jpeg?fit=600%2C600&ssl=1",600,600,true],"woocommerce_gallery_thumbnail":["https:\/\/i0.wp.com\/fabstore.ma\/wp-content\/uploads\/2025\/03\/browfreeze.jpeg?resize=100%2C100&ssl=1",100,100,true]},"uagb_author_info":{"display_name":"admin","author_link":"https:\/\/fabstore.ma\/index.php\/author\/"},"uagb_comment_info":0,"uagb_excerpt":"Cr\u00e9ez ce look lamin\u00e9 embl\u00e9matique avec la cire \u00e0 sourcils Brow Freeze\u00ae d&rsquo;Anastasia Beverly Hills. Reconnue pour ses propri\u00e9t\u00e9s de discipline ultra-performantes, cette cire universelle agrippe et sculpte chaque poil pour des sourcils rehauss\u00e9s et dessin\u00e9s. La cire coiffante s&rsquo;applique facilement et sans laisser de r\u00e9sidus collants ni de paquets, assurant une tenue longue dur\u00e9e.\u2026","jetpack-related-posts":[],"jetpack_sharing_enabled":true,"_links":{"self":[{"href":"https:\/\/fabstore.ma\/index.php\/wp-json\/wp\/v2\/product\/9894","targetHints":{"allow":["GET"]}}],"collection":[{"href":"https:\/\/fabstore.ma\/index.php\/wp-json\/wp\/v2\/product"}],"about":[{"href":"https:\/\/fabstore.ma\/index.php\/wp-json\/wp\/v2\/types\/product"}],"replies":[{"embeddable":true,"href":"https:\/\/fabstore.ma\/index.php\/wp-json\/wp\/v2\/comments?post=9894"}],"wp:featuredmedia":[{"embeddable":true,"href":"https:\/\/fabstore.ma\/index.php\/wp-json\/wp\/v2\/media\/9896"}],"wp:attachment":[{"href":"https:\/\/fabstore.ma\/index.php\/wp-json\/wp\/v2\/media?parent=9894"}],"wp:term":[{"taxonomy":"product_brand","embeddable":true,"href":"https:\/\/fabstore.ma\/index.php\/wp-json\/wp\/v2\/product_brand?post=9894"},{"taxonomy":"product_cat","embeddable":true,"href":"https:\/\/fabstore.ma\/index.php\/wp-json\/wp\/v2\/product_cat?post=9894"},{"taxonomy":"product_tag","embeddable":true,"href":"https:\/\/fabstore.ma\/index.php\/wp-json\/wp\/v2\/product_tag?post=9894"}],"curies":[{"name":"wp","href":"https:\/\/api.w.org\/{rel}","templated":true}]}}