{"id":9799,"date":"2025-02-17T17:46:06","date_gmt":"2025-02-17T17:46:06","guid":{"rendered":"https:\/\/fabstore.ma\/?post_type=product&#038;p=9799"},"modified":"2025-12-19T13:36:40","modified_gmt":"2025-12-19T13:36:40","slug":"mac-retro-matte-liquid-lipcolour","status":"publish","type":"product","link":"https:\/\/fabstore.ma\/index.php\/produit\/mac-retro-matte-liquid-lipcolour\/","title":{"rendered":"MAC &#8211; Retro Matte Liquid Lipcolour"},"content":{"rendered":"<p>Un rouge \u00e0 l\u00e8vres liquide qui offre une explosion de couleurs riches en pigments dans un fini mat velout\u00e9 et mat.<\/p>\n<p>Rouge \u00e0 l\u00e8vres liquide, finition mate, couleur longue tenue<br \/>\nPour celles qui pr\u00e9f\u00e8rent le glamour intemporel au flash, le mat r\u00e8gne en ma\u00eetre. M\u2219A\u2219C revisite cette texture classique avec des nuances de rouge \u00e0 l\u00e8vres liquide Retro Matte longue tenue et satur\u00e9es. Quelle que soit la teinte que vous choisissez, toutes promettent une chose : une vague de couleur liquide imbib\u00e9e de pigments dans un fini mat velout\u00e9 et mate qu&rsquo;il est impossible d&rsquo;oublier.<\/p>\n","protected":false},"excerpt":{"rendered":"<p>Un rouge \u00e0 l\u00e8vres liquide qui offre une explosion de couleurs riches en pigments dans un fini mat velout\u00e9 et mat. Rouge \u00e0 l\u00e8vres liquide, finition mate, couleur longue tenue Pour celles qui pr\u00e9f\u00e8rent le glamour intemporel au flash, le mat r\u00e8gne en ma\u00eetre. M\u2219A\u2219C revisite cette texture classique avec des nuances de rouge \u00e0 [&hellip;]<\/p>\n","protected":false},"featured_media":9805,"comment_status":"open","ping_status":"closed","template":"","meta":{"om_disable_all_campaigns":false,"_uag_custom_page_level_css":"","_monsterinsights_skip_tracking":false,"_monsterinsights_sitenote_active":false,"_monsterinsights_sitenote_note":"","_monsterinsights_sitenote_category":0,"_uf_show_specific_survey":0,"_uf_disable_surveys":false,"site-sidebar-layout":"default","site-content-layout":"","ast-site-content-layout":"default","site-content-style":"default","site-sidebar-style":"default","ast-global-header-display":"","ast-banner-title-visibility":"","ast-main-header-display":"","ast-hfb-above-header-display":"","ast-hfb-below-header-display":"","ast-hfb-mobile-header-display":"","site-post-title":"","ast-breadcrumbs-content":"","ast-featured-img":"","footer-sml-layout":"","ast-disable-related-posts":"","theme-transparent-header-meta":"default","adv-header-id-meta":"","stick-header-meta":"","header-above-stick-meta":"","header-main-stick-meta":"","header-below-stick-meta":"","astra-migrate-meta-layouts":"set","ast-page-background-enabled":"default","ast-page-background-meta":{"desktop":{"background-color":"var(--ast-global-color-4)","background-image":"","background-repeat":"repeat","background-position":"center center","background-size":"auto","background-attachment":"scroll","background-type":"","background-media":"","overlay-type":"","overlay-color":"","overlay-opacity":"","overlay-gradient":""},"tablet":{"background-color":"","background-image":"","background-repeat":"repeat","background-position":"center center","background-size":"auto","background-attachment":"scroll","background-type":"","background-media":"","overlay-type":"","overlay-color":"","overlay-opacity":"","overlay-gradient":""},"mobile":{"background-color":"","background-image":"","background-repeat":"repeat","background-position":"center center","background-size":"auto","background-attachment":"scroll","background-type":"","background-media":"","overlay-type":"","overlay-color":"","overlay-opacity":"","overlay-gradient":""}},"ast-content-background-meta":{"desktop":{"background-color":"var(--ast-global-color-5)","background-image":"","background-repeat":"repeat","background-position":"center center","background-size":"auto","background-attachment":"scroll","background-type":"","background-media":"","overlay-type":"","overlay-color":"","overlay-opacity":"","overlay-gradient":""},"tablet":{"background-color":"var(--ast-global-color-5)","background-image":"","background-repeat":"repeat","background-position":"center center","background-size":"auto","background-attachment":"scroll","background-type":"","background-media":"","overlay-type":"","overlay-color":"","overlay-opacity":"","overlay-gradient":""},"mobile":{"background-color":"var(--ast-global-color-5)","background-image":"","background-repeat":"repeat","background-position":"center center","background-size":"auto","background-attachment":"scroll","background-type":"","background-media":"","overlay-type":"","overlay-color":"","overlay-opacity":"","overlay-gradient":""}},"_joinchat":[]},"product_brand":[],"product_cat":[75,60,172,35],"product_tag":[],"class_list":{"0":"post-9799","1":"product","2":"type-product","3":"status-publish","4":"has-post-thumbnail","6":"product_cat-en-promo","7":"product_cat-levres","8":"product_cat-mac","9":"product_cat-maquillage","10":"desktop-align-center","11":"tablet-align-left","12":"mobile-align-center","14":"first","15":"instock","16":"sale","17":"taxable","18":"shipping-taxable","19":"purchasable","20":"product-type-variable"},"uagb_featured_image_src":{"full":["https:\/\/i0.wp.com\/fabstore.ma\/wp-content\/uploads\/2025\/02\/c2145aaa5da54776ba90471be4250f9d-scaled.jpg?fit=1773%2C2560&ssl=1",1773,2560,false],"thumbnail":["https:\/\/i0.wp.com\/fabstore.ma\/wp-content\/uploads\/2025\/02\/c2145aaa5da54776ba90471be4250f9d-scaled.jpg?resize=150%2C150&ssl=1",150,150,true],"medium":["https:\/\/i0.wp.com\/fabstore.ma\/wp-content\/uploads\/2025\/02\/c2145aaa5da54776ba90471be4250f9d-scaled.jpg?fit=208%2C300&ssl=1",208,300,true],"medium_large":["https:\/\/i0.wp.com\/fabstore.ma\/wp-content\/uploads\/2025\/02\/c2145aaa5da54776ba90471be4250f9d-scaled.jpg?fit=768%2C1109&ssl=1",768,1109,true],"large":["https:\/\/i0.wp.com\/fabstore.ma\/wp-content\/uploads\/2025\/02\/c2145aaa5da54776ba90471be4250f9d-scaled.jpg?fit=709%2C1024&ssl=1",709,1024,true],"1536x1536":["https:\/\/i0.wp.com\/fabstore.ma\/wp-content\/uploads\/2025\/02\/c2145aaa5da54776ba90471be4250f9d-scaled.jpg?fit=1064%2C1536&ssl=1",1064,1536,true],"2048x2048":["https:\/\/i0.wp.com\/fabstore.ma\/wp-content\/uploads\/2025\/02\/c2145aaa5da54776ba90471be4250f9d-scaled.jpg?fit=1419%2C2048&ssl=1",1419,2048,true],"woocommerce_thumbnail":["https:\/\/i0.wp.com\/fabstore.ma\/wp-content\/uploads\/2025\/02\/c2145aaa5da54776ba90471be4250f9d-scaled.jpg?fit=300%2C433&ssl=1",300,433,true],"woocommerce_single":["https:\/\/i0.wp.com\/fabstore.ma\/wp-content\/uploads\/2025\/02\/c2145aaa5da54776ba90471be4250f9d-scaled.jpg?fit=600%2C866&ssl=1",600,866,true],"woocommerce_gallery_thumbnail":["https:\/\/i0.wp.com\/fabstore.ma\/wp-content\/uploads\/2025\/02\/c2145aaa5da54776ba90471be4250f9d-scaled.jpg?resize=100%2C100&ssl=1",100,100,true]},"uagb_author_info":{"display_name":"admin","author_link":"https:\/\/fabstore.ma\/index.php\/author\/"},"uagb_comment_info":0,"uagb_excerpt":"Un rouge \u00e0 l\u00e8vres liquide qui offre une explosion de couleurs riches en pigments dans un fini mat velout\u00e9 et mat. Rouge \u00e0 l\u00e8vres liquide, finition mate, couleur longue tenue Pour celles qui pr\u00e9f\u00e8rent le glamour intemporel au flash, le mat r\u00e8gne en ma\u00eetre. M\u2219A\u2219C revisite cette texture classique avec des nuances de rouge \u00e0\u2026","jetpack-related-posts":[],"jetpack_sharing_enabled":true,"_links":{"self":[{"href":"https:\/\/fabstore.ma\/index.php\/wp-json\/wp\/v2\/product\/9799","targetHints":{"allow":["GET"]}}],"collection":[{"href":"https:\/\/fabstore.ma\/index.php\/wp-json\/wp\/v2\/product"}],"about":[{"href":"https:\/\/fabstore.ma\/index.php\/wp-json\/wp\/v2\/types\/product"}],"replies":[{"embeddable":true,"href":"https:\/\/fabstore.ma\/index.php\/wp-json\/wp\/v2\/comments?post=9799"}],"wp:featuredmedia":[{"embeddable":true,"href":"https:\/\/fabstore.ma\/index.php\/wp-json\/wp\/v2\/media\/9805"}],"wp:attachment":[{"href":"https:\/\/fabstore.ma\/index.php\/wp-json\/wp\/v2\/media?parent=9799"}],"wp:term":[{"taxonomy":"product_brand","embeddable":true,"href":"https:\/\/fabstore.ma\/index.php\/wp-json\/wp\/v2\/product_brand?post=9799"},{"taxonomy":"product_cat","embeddable":true,"href":"https:\/\/fabstore.ma\/index.php\/wp-json\/wp\/v2\/product_cat?post=9799"},{"taxonomy":"product_tag","embeddable":true,"href":"https:\/\/fabstore.ma\/index.php\/wp-json\/wp\/v2\/product_tag?post=9799"}],"curies":[{"name":"wp","href":"https:\/\/api.w.org\/{rel}","templated":true}]}}