{"id":9652,"date":"2025-01-30T18:23:51","date_gmt":"2025-01-30T18:23:51","guid":{"rendered":"https:\/\/fabstore.ma\/?post_type=product&#038;p=9652"},"modified":"2025-08-06T10:45:23","modified_gmt":"2025-08-06T10:45:23","slug":"tarte-clay-play-to-go-cheek-palette","status":"publish","type":"product","link":"https:\/\/fabstore.ma\/index.php\/produit\/tarte-clay-play-to-go-cheek-palette\/","title":{"rendered":"Tarte &#8211; Clay Play To-Go"},"content":{"rendered":"<p>Tarte &#8211; Clay Play To-Go Cheek Palette<\/p>\n<p>Brillez o\u00f9 que vous soyez avec la palette de joues \u00e0 emporter Tarte Clay Play en \u00e9dition limit\u00e9e, comprenant une poudre bronzante, un blush et un surligneur !<\/p>\n<p>D\u00e9tails:<\/p>\n<p>Avantages:<br \/>\nPoudre bronzante, blush et surligneur pour un \u00e9clat ensoleill\u00e9 o\u00f9 que vous soyez<br \/>\nLa formule douce comme du beurre glisse pour une tenue en apesanteur<br \/>\nL&rsquo;argile amazonienne absorbe l&rsquo;exc\u00e8s de s\u00e9bum.<\/p>\n<p>Ingr\u00e9dients cl\u00e9s:<br \/>\nArgile amazonienne : l&rsquo;ingr\u00e9dient le plus parfait de la nature pour une tenue meilleure, plus longue et plus authentique<br \/>\nPigments min\u00e9raux : apaisent et adoucissent la peau<br \/>\nFormul\u00e9 sans parab\u00e8nes, huile min\u00e9rale, phtalates, triclosan, laurylsulfate de sodium et gluten<\/p>\n<p>Nuances:<br \/>\nLumi\u00e8re du matin (surligneur dor\u00e9)<br \/>\n\u00c9l\u00e9ments (fard \u00e0 joues rose p\u00eache dor\u00e9)<br \/>\nDown to earth (bronzant mat)<\/p>\n","protected":false},"excerpt":{"rendered":"<p>Tarte &#8211; Clay Play To-Go Cheek Palette Brillez o\u00f9 que vous soyez avec la palette de joues \u00e0 emporter Tarte Clay Play en \u00e9dition limit\u00e9e, comprenant une poudre bronzante, un blush et un surligneur ! D\u00e9tails: Avantages: Poudre bronzante, blush et surligneur pour un \u00e9clat ensoleill\u00e9 o\u00f9 que vous soyez La formule douce comme du [&hellip;]<\/p>\n","protected":false},"featured_media":9663,"comment_status":"open","ping_status":"closed","template":"","meta":{"om_disable_all_campaigns":false,"_uag_custom_page_level_css":"","_monsterinsights_skip_tracking":false,"_monsterinsights_sitenote_active":false,"_monsterinsights_sitenote_note":"","_monsterinsights_sitenote_category":0,"_uf_show_specific_survey":0,"_uf_disable_surveys":false,"site-sidebar-layout":"default","site-content-layout":"","ast-site-content-layout":"default","site-content-style":"default","site-sidebar-style":"default","ast-global-header-display":"","ast-banner-title-visibility":"","ast-main-header-display":"","ast-hfb-above-header-display":"","ast-hfb-below-header-display":"","ast-hfb-mobile-header-display":"","site-post-title":"","ast-breadcrumbs-content":"","ast-featured-img":"","footer-sml-layout":"","ast-disable-related-posts":"","theme-transparent-header-meta":"default","adv-header-id-meta":"","stick-header-meta":"","header-above-stick-meta":"","header-main-stick-meta":"","header-below-stick-meta":"","astra-migrate-meta-layouts":"set","ast-page-background-enabled":"default","ast-page-background-meta":{"desktop":{"background-color":"var(--ast-global-color-4)","background-image":"","background-repeat":"repeat","background-position":"center center","background-size":"auto","background-attachment":"scroll","background-type":"","background-media":"","overlay-type":"","overlay-color":"","overlay-opacity":"","overlay-gradient":""},"tablet":{"background-color":"","background-image":"","background-repeat":"repeat","background-position":"center center","background-size":"auto","background-attachment":"scroll","background-type":"","background-media":"","overlay-type":"","overlay-color":"","overlay-opacity":"","overlay-gradient":""},"mobile":{"background-color":"","background-image":"","background-repeat":"repeat","background-position":"center center","background-size":"auto","background-attachment":"scroll","background-type":"","background-media":"","overlay-type":"","overlay-color":"","overlay-opacity":"","overlay-gradient":""}},"ast-content-background-meta":{"desktop":{"background-color":"var(--ast-global-color-5)","background-image":"","background-repeat":"repeat","background-position":"center center","background-size":"auto","background-attachment":"scroll","background-type":"","background-media":"","overlay-type":"","overlay-color":"","overlay-opacity":"","overlay-gradient":""},"tablet":{"background-color":"var(--ast-global-color-5)","background-image":"","background-repeat":"repeat","background-position":"center center","background-size":"auto","background-attachment":"scroll","background-type":"","background-media":"","overlay-type":"","overlay-color":"","overlay-opacity":"","overlay-gradient":""},"mobile":{"background-color":"var(--ast-global-color-5)","background-image":"","background-repeat":"repeat","background-position":"center center","background-size":"auto","background-attachment":"scroll","background-type":"","background-media":"","overlay-type":"","overlay-color":"","overlay-opacity":"","overlay-gradient":""}},"_joinchat":[]},"product_brand":[],"product_cat":[71,72,70,35,194,149,58],"product_tag":[],"class_list":{"0":"post-9652","1":"product","2":"type-product","3":"status-publish","4":"has-post-thumbnail","6":"product_cat-blush-bronzer","7":"product_cat-bronzeur","8":"product_cat-highlighter","9":"product_cat-maquillage","10":"product_cat-palette-visage","11":"product_cat-tarte","12":"product_cat-teint","13":"desktop-align-center","14":"tablet-align-left","15":"mobile-align-center","17":"first","18":"instock","19":"taxable","20":"shipping-taxable","21":"purchasable","22":"product-type-simple"},"uagb_featured_image_src":{"full":["https:\/\/fabstore.ma\/wp-content\/uploads\/2025\/01\/2596620.avif",1000,1000,false],"thumbnail":["https:\/\/fabstore.ma\/wp-content\/uploads\/2025\/01\/2596620-150x150.avif",150,150,true],"medium":["https:\/\/fabstore.ma\/wp-content\/uploads\/2025\/01\/2596620-300x300.avif",300,300,true],"medium_large":["https:\/\/fabstore.ma\/wp-content\/uploads\/2025\/01\/2596620-768x768.avif",768,768,true],"large":["https:\/\/fabstore.ma\/wp-content\/uploads\/2025\/01\/2596620.avif",1000,1000,false],"1536x1536":["https:\/\/fabstore.ma\/wp-content\/uploads\/2025\/01\/2596620.avif",1000,1000,false],"2048x2048":["https:\/\/fabstore.ma\/wp-content\/uploads\/2025\/01\/2596620.avif",1000,1000,false],"woocommerce_thumbnail":["https:\/\/fabstore.ma\/wp-content\/uploads\/2025\/01\/2596620-300x300.avif",300,300,true],"woocommerce_single":["https:\/\/fabstore.ma\/wp-content\/uploads\/2025\/01\/2596620.avif",600,600,false],"woocommerce_gallery_thumbnail":["https:\/\/fabstore.ma\/wp-content\/uploads\/2025\/01\/2596620-100x100.avif",100,100,true]},"uagb_author_info":{"display_name":"admin","author_link":"https:\/\/fabstore.ma\/index.php\/author\/"},"uagb_comment_info":0,"uagb_excerpt":"Tarte &#8211; Clay Play To-Go Cheek Palette Brillez o\u00f9 que vous soyez avec la palette de joues \u00e0 emporter Tarte Clay Play en \u00e9dition limit\u00e9e, comprenant une poudre bronzante, un blush et un surligneur ! D\u00e9tails: Avantages: Poudre bronzante, blush et surligneur pour un \u00e9clat ensoleill\u00e9 o\u00f9 que vous soyez La formule douce comme du\u2026","jetpack-related-posts":[],"jetpack_sharing_enabled":true,"_links":{"self":[{"href":"https:\/\/fabstore.ma\/index.php\/wp-json\/wp\/v2\/product\/9652","targetHints":{"allow":["GET"]}}],"collection":[{"href":"https:\/\/fabstore.ma\/index.php\/wp-json\/wp\/v2\/product"}],"about":[{"href":"https:\/\/fabstore.ma\/index.php\/wp-json\/wp\/v2\/types\/product"}],"replies":[{"embeddable":true,"href":"https:\/\/fabstore.ma\/index.php\/wp-json\/wp\/v2\/comments?post=9652"}],"wp:featuredmedia":[{"embeddable":true,"href":"https:\/\/fabstore.ma\/index.php\/wp-json\/wp\/v2\/media\/9663"}],"wp:attachment":[{"href":"https:\/\/fabstore.ma\/index.php\/wp-json\/wp\/v2\/media?parent=9652"}],"wp:term":[{"taxonomy":"product_brand","embeddable":true,"href":"https:\/\/fabstore.ma\/index.php\/wp-json\/wp\/v2\/product_brand?post=9652"},{"taxonomy":"product_cat","embeddable":true,"href":"https:\/\/fabstore.ma\/index.php\/wp-json\/wp\/v2\/product_cat?post=9652"},{"taxonomy":"product_tag","embeddable":true,"href":"https:\/\/fabstore.ma\/index.php\/wp-json\/wp\/v2\/product_tag?post=9652"}],"curies":[{"name":"wp","href":"https:\/\/api.w.org\/{rel}","templated":true}]}}