{"id":9633,"date":"2025-01-25T21:01:54","date_gmt":"2025-01-25T21:01:54","guid":{"rendered":"https:\/\/fabstore.ma\/?post_type=product&#038;p=9633"},"modified":"2026-03-30T11:33:37","modified_gmt":"2026-03-30T11:33:37","slug":"lancome-teint-idole-ultra-wear","status":"publish","type":"product","link":"https:\/\/fabstore.ma\/index.php\/produit\/lancome-teint-idole-ultra-wear\/","title":{"rendered":"LANC\u00d4ME &#8211; Teint Idole Ultra Wear"},"content":{"rendered":"<p>LANC\u00d4ME &#8211; Teint Idole Ultra Wear Fond de Teint Tenue 24h Fini Mat Naturel SPF15<\/p>\n<p>Fond de teint \u00e0 couverture intense et au fini mat longue dur\u00e9e. Aide \u00e0 cr\u00e9er un teint lisse, soyeux et radieux sans brillance ind\u00e9sirable. La gamme Ultra Wear propose des teintes pour tous les types de peau et sa formule soigneusement con\u00e7ue convient m\u00eame aux peaux les plus sensibles.<\/p>\n","protected":false},"excerpt":{"rendered":"<p>30 mL<\/p>\n","protected":false},"featured_media":9637,"comment_status":"open","ping_status":"closed","template":"","meta":{"om_disable_all_campaigns":false,"_uag_custom_page_level_css":"","_monsterinsights_skip_tracking":false,"_monsterinsights_sitenote_active":false,"_monsterinsights_sitenote_note":"","_monsterinsights_sitenote_category":0,"_uf_show_specific_survey":0,"_uf_disable_surveys":false,"site-sidebar-layout":"default","site-content-layout":"","ast-site-content-layout":"default","site-content-style":"default","site-sidebar-style":"default","ast-global-header-display":"","ast-banner-title-visibility":"","ast-main-header-display":"","ast-hfb-above-header-display":"","ast-hfb-below-header-display":"","ast-hfb-mobile-header-display":"","site-post-title":"","ast-breadcrumbs-content":"","ast-featured-img":"","footer-sml-layout":"","ast-disable-related-posts":"","theme-transparent-header-meta":"default","adv-header-id-meta":"","stick-header-meta":"","header-above-stick-meta":"","header-main-stick-meta":"","header-below-stick-meta":"","astra-migrate-meta-layouts":"set","ast-page-background-enabled":"default","ast-page-background-meta":{"desktop":{"background-color":"var(--ast-global-color-4)","background-image":"","background-repeat":"repeat","background-position":"center center","background-size":"auto","background-attachment":"scroll","background-type":"","background-media":"","overlay-type":"","overlay-color":"","overlay-opacity":"","overlay-gradient":""},"tablet":{"background-color":"","background-image":"","background-repeat":"repeat","background-position":"center center","background-size":"auto","background-attachment":"scroll","background-type":"","background-media":"","overlay-type":"","overlay-color":"","overlay-opacity":"","overlay-gradient":""},"mobile":{"background-color":"","background-image":"","background-repeat":"repeat","background-position":"center center","background-size":"auto","background-attachment":"scroll","background-type":"","background-media":"","overlay-type":"","overlay-color":"","overlay-opacity":"","overlay-gradient":""}},"ast-content-background-meta":{"desktop":{"background-color":"var(--ast-global-color-5)","background-image":"","background-repeat":"repeat","background-position":"center center","background-size":"auto","background-attachment":"scroll","background-type":"","background-media":"","overlay-type":"","overlay-color":"","overlay-opacity":"","overlay-gradient":""},"tablet":{"background-color":"var(--ast-global-color-5)","background-image":"","background-repeat":"repeat","background-position":"center center","background-size":"auto","background-attachment":"scroll","background-type":"","background-media":"","overlay-type":"","overlay-color":"","overlay-opacity":"","overlay-gradient":""},"mobile":{"background-color":"var(--ast-global-color-5)","background-image":"","background-repeat":"repeat","background-position":"center center","background-size":"auto","background-attachment":"scroll","background-type":"","background-media":"","overlay-type":"","overlay-color":"","overlay-opacity":"","overlay-gradient":""}},"_joinchat":[]},"product_brand":[],"product_cat":[75,66,195,35,58],"product_tag":[],"class_list":{"0":"post-9633","1":"product","2":"type-product","3":"status-publish","4":"has-post-thumbnail","6":"product_cat-en-promo","7":"product_cat-fond-de-teint","8":"product_cat-lancome","9":"product_cat-maquillage","10":"product_cat-teint","11":"desktop-align-center","12":"tablet-align-left","13":"mobile-align-center","15":"first","16":"instock","17":"sale","18":"taxable","19":"shipping-taxable","20":"purchasable","21":"product-type-variable"},"uagb_featured_image_src":{"full":["https:\/\/i0.wp.com\/fabstore.ma\/wp-content\/uploads\/2025\/01\/Screenshot_2025-01-25-22-05-31-77_40deb401b9ffe8e1df2f1cc5ba480b12-e1737879134494.jpg?fit=1080%2C1516&ssl=1",1080,1516,false],"thumbnail":["https:\/\/i0.wp.com\/fabstore.ma\/wp-content\/uploads\/2025\/01\/Screenshot_2025-01-25-22-05-31-77_40deb401b9ffe8e1df2f1cc5ba480b12-e1737879134494.jpg?resize=150%2C150&ssl=1",150,150,true],"medium":["https:\/\/i0.wp.com\/fabstore.ma\/wp-content\/uploads\/2025\/01\/Screenshot_2025-01-25-22-05-31-77_40deb401b9ffe8e1df2f1cc5ba480b12-e1737879134494.jpg?fit=214%2C300&ssl=1",214,300,true],"medium_large":["https:\/\/i0.wp.com\/fabstore.ma\/wp-content\/uploads\/2025\/01\/Screenshot_2025-01-25-22-05-31-77_40deb401b9ffe8e1df2f1cc5ba480b12-e1737879134494.jpg?fit=768%2C1078&ssl=1",768,1078,true],"large":["https:\/\/i0.wp.com\/fabstore.ma\/wp-content\/uploads\/2025\/01\/Screenshot_2025-01-25-22-05-31-77_40deb401b9ffe8e1df2f1cc5ba480b12-e1737879134494.jpg?fit=729%2C1024&ssl=1",729,1024,true],"1536x1536":["https:\/\/i0.wp.com\/fabstore.ma\/wp-content\/uploads\/2025\/01\/Screenshot_2025-01-25-22-05-31-77_40deb401b9ffe8e1df2f1cc5ba480b12-e1737879134494.jpg?fit=691%2C1536&ssl=1",691,1536,true],"2048x2048":["https:\/\/i0.wp.com\/fabstore.ma\/wp-content\/uploads\/2025\/01\/Screenshot_2025-01-25-22-05-31-77_40deb401b9ffe8e1df2f1cc5ba480b12-e1737879134494.jpg?fit=922%2C2048&ssl=1",922,2048,true],"woocommerce_thumbnail":["https:\/\/i0.wp.com\/fabstore.ma\/wp-content\/uploads\/2025\/01\/Screenshot_2025-01-25-22-05-31-77_40deb401b9ffe8e1df2f1cc5ba480b12-e1737879134494.jpg?fit=300%2C421&ssl=1",300,421,true],"woocommerce_single":["https:\/\/i0.wp.com\/fabstore.ma\/wp-content\/uploads\/2025\/01\/Screenshot_2025-01-25-22-05-31-77_40deb401b9ffe8e1df2f1cc5ba480b12-e1737879134494.jpg?fit=600%2C842&ssl=1",600,842,true],"woocommerce_gallery_thumbnail":["https:\/\/i0.wp.com\/fabstore.ma\/wp-content\/uploads\/2025\/01\/Screenshot_2025-01-25-22-05-31-77_40deb401b9ffe8e1df2f1cc5ba480b12-e1737879134494.jpg?resize=100%2C100&ssl=1",100,100,true]},"uagb_author_info":{"display_name":"admin","author_link":"https:\/\/fabstore.ma\/index.php\/author\/"},"uagb_comment_info":0,"uagb_excerpt":"30 mL","jetpack-related-posts":[],"jetpack_sharing_enabled":true,"_links":{"self":[{"href":"https:\/\/fabstore.ma\/index.php\/wp-json\/wp\/v2\/product\/9633","targetHints":{"allow":["GET"]}}],"collection":[{"href":"https:\/\/fabstore.ma\/index.php\/wp-json\/wp\/v2\/product"}],"about":[{"href":"https:\/\/fabstore.ma\/index.php\/wp-json\/wp\/v2\/types\/product"}],"replies":[{"embeddable":true,"href":"https:\/\/fabstore.ma\/index.php\/wp-json\/wp\/v2\/comments?post=9633"}],"wp:featuredmedia":[{"embeddable":true,"href":"https:\/\/fabstore.ma\/index.php\/wp-json\/wp\/v2\/media\/9637"}],"wp:attachment":[{"href":"https:\/\/fabstore.ma\/index.php\/wp-json\/wp\/v2\/media?parent=9633"}],"wp:term":[{"taxonomy":"product_brand","embeddable":true,"href":"https:\/\/fabstore.ma\/index.php\/wp-json\/wp\/v2\/product_brand?post=9633"},{"taxonomy":"product_cat","embeddable":true,"href":"https:\/\/fabstore.ma\/index.php\/wp-json\/wp\/v2\/product_cat?post=9633"},{"taxonomy":"product_tag","embeddable":true,"href":"https:\/\/fabstore.ma\/index.php\/wp-json\/wp\/v2\/product_tag?post=9633"}],"curies":[{"name":"wp","href":"https:\/\/api.w.org\/{rel}","templated":true}]}}