{"id":9519,"date":"2024-11-30T18:39:27","date_gmt":"2024-11-30T18:39:27","guid":{"rendered":"https:\/\/fabstore.ma\/?post_type=product&#038;p=9519"},"modified":"2026-03-27T20:07:13","modified_gmt":"2026-03-27T20:07:13","slug":"benefit-precisely-my-brow-wax","status":"publish","type":"product","link":"https:\/\/fabstore.ma\/index.php\/produit\/benefit-precisely-my-brow-wax\/","title":{"rendered":"Benefit &#8211; Precisely, My Brow Wax"},"content":{"rendered":"<p>D\u00e9couvrez vite la nouvelle cire \u00e0 sourcils ultra-pigment\u00e9e Precisely, My Brow Wax.<br \/>\nLa cire \u00e0 sourcils id\u00e9ale pour structurer, fixer et colorer vos sourcils. Sa texture l\u00e9g\u00e8re sculpte, colore et fixe vos sourcils avec un effet naturel. Son applicateur pr\u00e9cis poss\u00e8de un embout double face qui permet une application facile et pr\u00e9cise.<\/p>\n<p>* Tenue 12 heures(1)<br \/>\n* Couleur riche et naturelle<br \/>\n* Sans transfert et r\u00e9sistant \u00e0 l&rsquo;eau<br \/>\n* R\u00e9sultat Imm\u00e9diat<br \/>\n* Formule l\u00e9g\u00e8re<br \/>\n* Disponible en 12 teintes<\/p>\n","protected":false},"excerpt":{"rendered":"<p>D\u00e9couvrez vite la nouvelle cire \u00e0 sourcils ultra-pigment\u00e9e Precisely, My Brow Wax. La cire \u00e0 sourcils id\u00e9ale pour structurer, fixer et colorer vos sourcils. Sa texture l\u00e9g\u00e8re sculpte, colore et fixe vos sourcils avec un effet naturel. Son applicateur pr\u00e9cis poss\u00e8de un embout double face qui permet une application facile et pr\u00e9cise. * Tenue 12 [&hellip;]<\/p>\n","protected":false},"featured_media":9521,"comment_status":"open","ping_status":"closed","template":"","meta":{"om_disable_all_campaigns":false,"_uag_custom_page_level_css":"","_monsterinsights_skip_tracking":false,"_monsterinsights_sitenote_active":false,"_monsterinsights_sitenote_note":"","_monsterinsights_sitenote_category":0,"_uf_show_specific_survey":0,"_uf_disable_surveys":false,"site-sidebar-layout":"default","site-content-layout":"","ast-site-content-layout":"default","site-content-style":"default","site-sidebar-style":"default","ast-global-header-display":"","ast-banner-title-visibility":"","ast-main-header-display":"","ast-hfb-above-header-display":"","ast-hfb-below-header-display":"","ast-hfb-mobile-header-display":"","site-post-title":"","ast-breadcrumbs-content":"","ast-featured-img":"","footer-sml-layout":"","ast-disable-related-posts":"","theme-transparent-header-meta":"default","adv-header-id-meta":"","stick-header-meta":"","header-above-stick-meta":"","header-main-stick-meta":"","header-below-stick-meta":"","astra-migrate-meta-layouts":"set","ast-page-background-enabled":"default","ast-page-background-meta":{"desktop":{"background-color":"var(--ast-global-color-4)","background-image":"","background-repeat":"repeat","background-position":"center center","background-size":"auto","background-attachment":"scroll","background-type":"","background-media":"","overlay-type":"","overlay-color":"","overlay-opacity":"","overlay-gradient":""},"tablet":{"background-color":"","background-image":"","background-repeat":"repeat","background-position":"center center","background-size":"auto","background-attachment":"scroll","background-type":"","background-media":"","overlay-type":"","overlay-color":"","overlay-opacity":"","overlay-gradient":""},"mobile":{"background-color":"","background-image":"","background-repeat":"repeat","background-position":"center center","background-size":"auto","background-attachment":"scroll","background-type":"","background-media":"","overlay-type":"","overlay-color":"","overlay-opacity":"","overlay-gradient":""}},"ast-content-background-meta":{"desktop":{"background-color":"var(--ast-global-color-5)","background-image":"","background-repeat":"repeat","background-position":"center center","background-size":"auto","background-attachment":"scroll","background-type":"","background-media":"","overlay-type":"","overlay-color":"","overlay-opacity":"","overlay-gradient":""},"tablet":{"background-color":"var(--ast-global-color-5)","background-image":"","background-repeat":"repeat","background-position":"center center","background-size":"auto","background-attachment":"scroll","background-type":"","background-media":"","overlay-type":"","overlay-color":"","overlay-opacity":"","overlay-gradient":""},"mobile":{"background-color":"var(--ast-global-color-5)","background-image":"","background-repeat":"repeat","background-position":"center center","background-size":"auto","background-attachment":"scroll","background-type":"","background-media":"","overlay-type":"","overlay-color":"","overlay-opacity":"","overlay-gradient":""}},"_joinchat":[]},"product_brand":[],"product_cat":[186,35,62],"product_tag":[],"class_list":{"0":"post-9519","1":"product","2":"type-product","3":"status-publish","4":"has-post-thumbnail","6":"product_cat-benefit","7":"product_cat-maquillage","8":"product_cat-sourcils","9":"desktop-align-center","10":"tablet-align-left","11":"mobile-align-center","13":"first","14":"instock","15":"sale","16":"taxable","17":"shipping-taxable","18":"purchasable","19":"product-type-variable"},"uagb_featured_image_src":{"full":["https:\/\/i0.wp.com\/fabstore.ma\/wp-content\/uploads\/2024\/11\/Main_preciselymybrowwax-1.jpg?fit=624%2C624&ssl=1",624,624,false],"thumbnail":["https:\/\/i0.wp.com\/fabstore.ma\/wp-content\/uploads\/2024\/11\/Main_preciselymybrowwax-1.jpg?resize=150%2C150&ssl=1",150,150,true],"medium":["https:\/\/i0.wp.com\/fabstore.ma\/wp-content\/uploads\/2024\/11\/Main_preciselymybrowwax-1.jpg?fit=300%2C300&ssl=1",300,300,true],"medium_large":["https:\/\/i0.wp.com\/fabstore.ma\/wp-content\/uploads\/2024\/11\/Main_preciselymybrowwax-1.jpg?fit=624%2C624&ssl=1",624,624,true],"large":["https:\/\/i0.wp.com\/fabstore.ma\/wp-content\/uploads\/2024\/11\/Main_preciselymybrowwax-1.jpg?fit=624%2C624&ssl=1",624,624,true],"1536x1536":["https:\/\/i0.wp.com\/fabstore.ma\/wp-content\/uploads\/2024\/11\/Main_preciselymybrowwax-1.jpg?fit=624%2C624&ssl=1",624,624,true],"2048x2048":["https:\/\/i0.wp.com\/fabstore.ma\/wp-content\/uploads\/2024\/11\/Main_preciselymybrowwax-1.jpg?fit=624%2C624&ssl=1",624,624,true],"woocommerce_thumbnail":["https:\/\/i0.wp.com\/fabstore.ma\/wp-content\/uploads\/2024\/11\/Main_preciselymybrowwax-1.jpg?fit=300%2C300&ssl=1",300,300,true],"woocommerce_single":["https:\/\/i0.wp.com\/fabstore.ma\/wp-content\/uploads\/2024\/11\/Main_preciselymybrowwax-1.jpg?fit=600%2C600&ssl=1",600,600,true],"woocommerce_gallery_thumbnail":["https:\/\/i0.wp.com\/fabstore.ma\/wp-content\/uploads\/2024\/11\/Main_preciselymybrowwax-1.jpg?resize=100%2C100&ssl=1",100,100,true]},"uagb_author_info":{"display_name":"admin","author_link":"https:\/\/fabstore.ma\/index.php\/author\/"},"uagb_comment_info":0,"uagb_excerpt":"D\u00e9couvrez vite la nouvelle cire \u00e0 sourcils ultra-pigment\u00e9e Precisely, My Brow Wax. La cire \u00e0 sourcils id\u00e9ale pour structurer, fixer et colorer vos sourcils. Sa texture l\u00e9g\u00e8re sculpte, colore et fixe vos sourcils avec un effet naturel. Son applicateur pr\u00e9cis poss\u00e8de un embout double face qui permet une application facile et pr\u00e9cise. * Tenue 12\u2026","jetpack-related-posts":[],"jetpack_sharing_enabled":true,"_links":{"self":[{"href":"https:\/\/fabstore.ma\/index.php\/wp-json\/wp\/v2\/product\/9519","targetHints":{"allow":["GET"]}}],"collection":[{"href":"https:\/\/fabstore.ma\/index.php\/wp-json\/wp\/v2\/product"}],"about":[{"href":"https:\/\/fabstore.ma\/index.php\/wp-json\/wp\/v2\/types\/product"}],"replies":[{"embeddable":true,"href":"https:\/\/fabstore.ma\/index.php\/wp-json\/wp\/v2\/comments?post=9519"}],"wp:featuredmedia":[{"embeddable":true,"href":"https:\/\/fabstore.ma\/index.php\/wp-json\/wp\/v2\/media\/9521"}],"wp:attachment":[{"href":"https:\/\/fabstore.ma\/index.php\/wp-json\/wp\/v2\/media?parent=9519"}],"wp:term":[{"taxonomy":"product_brand","embeddable":true,"href":"https:\/\/fabstore.ma\/index.php\/wp-json\/wp\/v2\/product_brand?post=9519"},{"taxonomy":"product_cat","embeddable":true,"href":"https:\/\/fabstore.ma\/index.php\/wp-json\/wp\/v2\/product_cat?post=9519"},{"taxonomy":"product_tag","embeddable":true,"href":"https:\/\/fabstore.ma\/index.php\/wp-json\/wp\/v2\/product_tag?post=9519"}],"curies":[{"name":"wp","href":"https:\/\/api.w.org\/{rel}","templated":true}]}}