{"id":9486,"date":"2024-11-28T23:04:28","date_gmt":"2024-11-28T23:04:28","guid":{"rendered":"https:\/\/fabstore.ma\/?post_type=product&#038;p=9486"},"modified":"2024-11-28T23:16:20","modified_gmt":"2024-11-28T23:16:20","slug":"maybelline-dream-urban-cover","status":"publish","type":"product","link":"https:\/\/fabstore.ma\/index.php\/produit\/maybelline-dream-urban-cover\/","title":{"rendered":"Maybelline &#8211; Dream Urban Cover"},"content":{"rendered":"<p>* Perfecteur de teint \u00e0 couvrance modulable pour un teint unifi\u00e9 et une haute protection de la peau contre les agressions ext\u00e9rieures<\/p>\n<div style=\"width: 576px;\" class=\"wp-video\"><video class=\"wp-video-shortcode\" id=\"video-9486-1\" width=\"576\" height=\"1024\" preload=\"metadata\" controls=\"controls\"><source type=\"video\/mp4\" src=\"https:\/\/fabstore.ma\/wp-content\/uploads\/2024\/11\/5df060de42ad31989a2fbb27ad52af73.mp4?_=1\" \/><a href=\"https:\/\/fabstore.ma\/wp-content\/uploads\/2024\/11\/5df060de42ad31989a2fbb27ad52af73.mp4\">https:\/\/fabstore.ma\/wp-content\/uploads\/2024\/11\/5df060de42ad31989a2fbb27ad52af73.mp4<\/a><\/video><\/div>\n<p>* R\u00e9sultats : Protection anti-pollution, \u00c9clat de toutes les peaux citadines prot\u00e9g\u00e9 contre la pollution gr\u00e2ce \u00e0 ses puissants anti-oxydants, Filtre UVA\/UVB : protection FPS 50 pour une action pare-chocs contre le photo-vieillissement<\/p>\n<p>* Application : Appliquer une noisette de produit sur la zone m\u00e9diane et \u00e9tirer vers l&rsquo;ext\u00e9rieur du visage<\/p>\n<p>* Texture l\u00e9g\u00e8re et onctueuse pour une application facile et un accord parfait \u00e0 votre type de peau<\/p>\n","protected":false},"excerpt":{"rendered":"<p>* Perfecteur de teint \u00e0 couvrance modulable pour un teint unifi\u00e9 et une haute protection de la peau contre les agressions ext\u00e9rieures * R\u00e9sultats : Protection anti-pollution, \u00c9clat de toutes les peaux citadines prot\u00e9g\u00e9 contre la pollution gr\u00e2ce \u00e0 ses puissants anti-oxydants, Filtre UVA\/UVB : protection FPS 50 pour une action pare-chocs contre le photo-vieillissement [&hellip;]<\/p>\n","protected":false},"featured_media":9488,"comment_status":"open","ping_status":"closed","template":"","meta":{"om_disable_all_campaigns":false,"_uag_custom_page_level_css":"","_monsterinsights_skip_tracking":false,"_monsterinsights_sitenote_active":false,"_monsterinsights_sitenote_note":"","_monsterinsights_sitenote_category":0,"_uf_show_specific_survey":0,"_uf_disable_surveys":false,"site-sidebar-layout":"default","site-content-layout":"","ast-site-content-layout":"default","site-content-style":"default","site-sidebar-style":"default","ast-global-header-display":"","ast-banner-title-visibility":"","ast-main-header-display":"","ast-hfb-above-header-display":"","ast-hfb-below-header-display":"","ast-hfb-mobile-header-display":"","site-post-title":"","ast-breadcrumbs-content":"","ast-featured-img":"","footer-sml-layout":"","ast-disable-related-posts":"","theme-transparent-header-meta":"default","adv-header-id-meta":"","stick-header-meta":"","header-above-stick-meta":"","header-main-stick-meta":"","header-below-stick-meta":"","astra-migrate-meta-layouts":"set","ast-page-background-enabled":"default","ast-page-background-meta":{"desktop":{"background-color":"var(--ast-global-color-4)","background-image":"","background-repeat":"repeat","background-position":"center center","background-size":"auto","background-attachment":"scroll","background-type":"","background-media":"","overlay-type":"","overlay-color":"","overlay-opacity":"","overlay-gradient":""},"tablet":{"background-color":"","background-image":"","background-repeat":"repeat","background-position":"center center","background-size":"auto","background-attachment":"scroll","background-type":"","background-media":"","overlay-type":"","overlay-color":"","overlay-opacity":"","overlay-gradient":""},"mobile":{"background-color":"","background-image":"","background-repeat":"repeat","background-position":"center center","background-size":"auto","background-attachment":"scroll","background-type":"","background-media":"","overlay-type":"","overlay-color":"","overlay-opacity":"","overlay-gradient":""}},"ast-content-background-meta":{"desktop":{"background-color":"var(--ast-global-color-5)","background-image":"","background-repeat":"repeat","background-position":"center center","background-size":"auto","background-attachment":"scroll","background-type":"","background-media":"","overlay-type":"","overlay-color":"","overlay-opacity":"","overlay-gradient":""},"tablet":{"background-color":"var(--ast-global-color-5)","background-image":"","background-repeat":"repeat","background-position":"center center","background-size":"auto","background-attachment":"scroll","background-type":"","background-media":"","overlay-type":"","overlay-color":"","overlay-opacity":"","overlay-gradient":""},"mobile":{"background-color":"var(--ast-global-color-5)","background-image":"","background-repeat":"repeat","background-position":"center center","background-size":"auto","background-attachment":"scroll","background-type":"","background-media":"","overlay-type":"","overlay-color":"","overlay-opacity":"","overlay-gradient":""}},"_joinchat":[]},"product_brand":[],"product_cat":[67,170,35,158,58],"product_tag":[],"class_list":{"0":"post-9486","1":"product","2":"type-product","3":"status-publish","4":"has-post-thumbnail","6":"product_cat-bb-cc-creme","7":"product_cat-black-friday","8":"product_cat-maquillage","9":"product_cat-maybelline","10":"product_cat-teint","11":"desktop-align-center","12":"tablet-align-left","13":"mobile-align-center","15":"first","16":"instock","17":"taxable","18":"shipping-taxable","19":"purchasable","20":"product-type-variable"},"uagb_featured_image_src":{"full":["https:\/\/i0.wp.com\/fabstore.ma\/wp-content\/uploads\/2024\/11\/femme-beige-fond-de-teint-maybelline-urban-116-sesame.webp?fit=900%2C1350&ssl=1",900,1350,false],"thumbnail":["https:\/\/i0.wp.com\/fabstore.ma\/wp-content\/uploads\/2024\/11\/femme-beige-fond-de-teint-maybelline-urban-116-sesame.webp?resize=150%2C150&ssl=1",150,150,true],"medium":["https:\/\/i0.wp.com\/fabstore.ma\/wp-content\/uploads\/2024\/11\/femme-beige-fond-de-teint-maybelline-urban-116-sesame.webp?fit=200%2C300&ssl=1",200,300,true],"medium_large":["https:\/\/i0.wp.com\/fabstore.ma\/wp-content\/uploads\/2024\/11\/femme-beige-fond-de-teint-maybelline-urban-116-sesame.webp?fit=768%2C1152&ssl=1",768,1152,true],"large":["https:\/\/i0.wp.com\/fabstore.ma\/wp-content\/uploads\/2024\/11\/femme-beige-fond-de-teint-maybelline-urban-116-sesame.webp?fit=683%2C1024&ssl=1",683,1024,true],"1536x1536":["https:\/\/i0.wp.com\/fabstore.ma\/wp-content\/uploads\/2024\/11\/femme-beige-fond-de-teint-maybelline-urban-116-sesame.webp?fit=900%2C1350&ssl=1",900,1350,true],"2048x2048":["https:\/\/i0.wp.com\/fabstore.ma\/wp-content\/uploads\/2024\/11\/femme-beige-fond-de-teint-maybelline-urban-116-sesame.webp?fit=900%2C1350&ssl=1",900,1350,true],"woocommerce_thumbnail":["https:\/\/i0.wp.com\/fabstore.ma\/wp-content\/uploads\/2024\/11\/femme-beige-fond-de-teint-maybelline-urban-116-sesame.webp?fit=300%2C450&ssl=1",300,450,true],"woocommerce_single":["https:\/\/i0.wp.com\/fabstore.ma\/wp-content\/uploads\/2024\/11\/femme-beige-fond-de-teint-maybelline-urban-116-sesame.webp?fit=600%2C900&ssl=1",600,900,true],"woocommerce_gallery_thumbnail":["https:\/\/i0.wp.com\/fabstore.ma\/wp-content\/uploads\/2024\/11\/femme-beige-fond-de-teint-maybelline-urban-116-sesame.webp?resize=100%2C100&ssl=1",100,100,true]},"uagb_author_info":{"display_name":"admin","author_link":"https:\/\/fabstore.ma\/index.php\/author\/"},"uagb_comment_info":0,"uagb_excerpt":"* Perfecteur de teint \u00e0 couvrance modulable pour un teint unifi\u00e9 et une haute protection de la peau contre les agressions ext\u00e9rieures * R\u00e9sultats : Protection anti-pollution, \u00c9clat de toutes les peaux citadines prot\u00e9g\u00e9 contre la pollution gr\u00e2ce \u00e0 ses puissants anti-oxydants, Filtre UVA\/UVB : protection FPS 50 pour une action pare-chocs contre le photo-vieillissement\u2026","jetpack-related-posts":[],"jetpack_sharing_enabled":true,"_links":{"self":[{"href":"https:\/\/fabstore.ma\/index.php\/wp-json\/wp\/v2\/product\/9486","targetHints":{"allow":["GET"]}}],"collection":[{"href":"https:\/\/fabstore.ma\/index.php\/wp-json\/wp\/v2\/product"}],"about":[{"href":"https:\/\/fabstore.ma\/index.php\/wp-json\/wp\/v2\/types\/product"}],"replies":[{"embeddable":true,"href":"https:\/\/fabstore.ma\/index.php\/wp-json\/wp\/v2\/comments?post=9486"}],"wp:featuredmedia":[{"embeddable":true,"href":"https:\/\/fabstore.ma\/index.php\/wp-json\/wp\/v2\/media\/9488"}],"wp:attachment":[{"href":"https:\/\/fabstore.ma\/index.php\/wp-json\/wp\/v2\/media?parent=9486"}],"wp:term":[{"taxonomy":"product_brand","embeddable":true,"href":"https:\/\/fabstore.ma\/index.php\/wp-json\/wp\/v2\/product_brand?post=9486"},{"taxonomy":"product_cat","embeddable":true,"href":"https:\/\/fabstore.ma\/index.php\/wp-json\/wp\/v2\/product_cat?post=9486"},{"taxonomy":"product_tag","embeddable":true,"href":"https:\/\/fabstore.ma\/index.php\/wp-json\/wp\/v2\/product_tag?post=9486"}],"curies":[{"name":"wp","href":"https:\/\/api.w.org\/{rel}","templated":true}]}}