{"id":9412,"date":"2024-11-20T23:55:14","date_gmt":"2024-11-20T23:55:14","guid":{"rendered":"https:\/\/fabstore.ma\/?post_type=product&#038;p=9412"},"modified":"2024-11-21T00:22:24","modified_gmt":"2024-11-21T00:22:24","slug":"dolcegabbana-the-one","status":"publish","type":"product","link":"https:\/\/fabstore.ma\/index.php\/produit\/dolcegabbana-the-one\/","title":{"rendered":"DOLCE&#038;GABBANA &#8211; The One"},"content":{"rendered":"<p>The One de Dolce&#038;Gabbana est un parfum Orientale Floral pour femme. The One a \u00e9t\u00e9 lanc\u00e9 en 2006. <\/p>\n<p>Le nez derri\u00e8re ce parfum est Christine Nagel. Les notes de t\u00eate sont P\u00eache, Litchi, Mandarine et Bergamote; les notes de coeur sont Lys, Prune, Jasmin et Muguet; les notes de fond sont Vanille, Ambre, Musc et V\u00e9tiver.<\/p>\n","protected":false},"excerpt":{"rendered":"<p>The One de Dolce&#038;Gabbana est un parfum Orientale Floral pour femme. The One a \u00e9t\u00e9 lanc\u00e9 en 2006. Le nez derri\u00e8re ce parfum est Christine Nagel. Les notes de t\u00eate sont P\u00eache, Litchi, Mandarine et Bergamote; les notes de coeur sont Lys, Prune, Jasmin et Muguet; les notes de fond sont Vanille, Ambre, Musc et [&hellip;]<\/p>\n","protected":false},"featured_media":9418,"comment_status":"open","ping_status":"closed","template":"","meta":{"om_disable_all_campaigns":false,"_uag_custom_page_level_css":"","_monsterinsights_skip_tracking":false,"_monsterinsights_sitenote_active":false,"_monsterinsights_sitenote_note":"","_monsterinsights_sitenote_category":0,"_uf_show_specific_survey":0,"_uf_disable_surveys":false,"site-sidebar-layout":"default","site-content-layout":"","ast-site-content-layout":"default","site-content-style":"default","site-sidebar-style":"default","ast-global-header-display":"","ast-banner-title-visibility":"","ast-main-header-display":"","ast-hfb-above-header-display":"","ast-hfb-below-header-display":"","ast-hfb-mobile-header-display":"","site-post-title":"","ast-breadcrumbs-content":"","ast-featured-img":"","footer-sml-layout":"","ast-disable-related-posts":"","theme-transparent-header-meta":"default","adv-header-id-meta":"","stick-header-meta":"","header-above-stick-meta":"","header-main-stick-meta":"","header-below-stick-meta":"","astra-migrate-meta-layouts":"set","ast-page-background-enabled":"default","ast-page-background-meta":{"desktop":{"background-color":"var(--ast-global-color-4)","background-image":"","background-repeat":"repeat","background-position":"center center","background-size":"auto","background-attachment":"scroll","background-type":"","background-media":"","overlay-type":"","overlay-color":"","overlay-opacity":"","overlay-gradient":""},"tablet":{"background-color":"","background-image":"","background-repeat":"repeat","background-position":"center center","background-size":"auto","background-attachment":"scroll","background-type":"","background-media":"","overlay-type":"","overlay-color":"","overlay-opacity":"","overlay-gradient":""},"mobile":{"background-color":"","background-image":"","background-repeat":"repeat","background-position":"center center","background-size":"auto","background-attachment":"scroll","background-type":"","background-media":"","overlay-type":"","overlay-color":"","overlay-opacity":"","overlay-gradient":""}},"ast-content-background-meta":{"desktop":{"background-color":"var(--ast-global-color-5)","background-image":"","background-repeat":"repeat","background-position":"center center","background-size":"auto","background-attachment":"scroll","background-type":"","background-media":"","overlay-type":"","overlay-color":"","overlay-opacity":"","overlay-gradient":""},"tablet":{"background-color":"var(--ast-global-color-5)","background-image":"","background-repeat":"repeat","background-position":"center center","background-size":"auto","background-attachment":"scroll","background-type":"","background-media":"","overlay-type":"","overlay-color":"","overlay-opacity":"","overlay-gradient":""},"mobile":{"background-color":"var(--ast-global-color-5)","background-image":"","background-repeat":"repeat","background-position":"center center","background-size":"auto","background-attachment":"scroll","background-type":"","background-media":"","overlay-type":"","overlay-color":"","overlay-opacity":"","overlay-gradient":""}},"_joinchat":[]},"product_brand":[],"product_cat":[170,181,75,37],"product_tag":[],"class_list":{"0":"post-9412","1":"product","2":"type-product","3":"status-publish","4":"has-post-thumbnail","6":"product_cat-black-friday","7":"product_cat-dolcegabbana","8":"product_cat-en-promo","9":"product_cat-parfums","10":"desktop-align-center","11":"tablet-align-left","12":"mobile-align-center","14":"first","15":"instock","16":"taxable","17":"shipping-taxable","18":"purchasable","19":"product-type-variable"},"uagb_featured_image_src":{"full":["https:\/\/i0.wp.com\/fabstore.ma\/wp-content\/uploads\/2024\/11\/3423473020998_5clk8vouyd1lapd8.jpg?fit=1000%2C1320&ssl=1",1000,1320,false],"thumbnail":["https:\/\/i0.wp.com\/fabstore.ma\/wp-content\/uploads\/2024\/11\/3423473020998_5clk8vouyd1lapd8.jpg?resize=150%2C150&ssl=1",150,150,true],"medium":["https:\/\/i0.wp.com\/fabstore.ma\/wp-content\/uploads\/2024\/11\/3423473020998_5clk8vouyd1lapd8.jpg?fit=227%2C300&ssl=1",227,300,true],"medium_large":["https:\/\/i0.wp.com\/fabstore.ma\/wp-content\/uploads\/2024\/11\/3423473020998_5clk8vouyd1lapd8.jpg?fit=768%2C1014&ssl=1",768,1014,true],"large":["https:\/\/i0.wp.com\/fabstore.ma\/wp-content\/uploads\/2024\/11\/3423473020998_5clk8vouyd1lapd8.jpg?fit=776%2C1024&ssl=1",776,1024,true],"1536x1536":["https:\/\/i0.wp.com\/fabstore.ma\/wp-content\/uploads\/2024\/11\/3423473020998_5clk8vouyd1lapd8.jpg?fit=1000%2C1320&ssl=1",1000,1320,true],"2048x2048":["https:\/\/i0.wp.com\/fabstore.ma\/wp-content\/uploads\/2024\/11\/3423473020998_5clk8vouyd1lapd8.jpg?fit=1000%2C1320&ssl=1",1000,1320,true],"woocommerce_thumbnail":["https:\/\/i0.wp.com\/fabstore.ma\/wp-content\/uploads\/2024\/11\/3423473020998_5clk8vouyd1lapd8.jpg?fit=300%2C396&ssl=1",300,396,true],"woocommerce_single":["https:\/\/i0.wp.com\/fabstore.ma\/wp-content\/uploads\/2024\/11\/3423473020998_5clk8vouyd1lapd8.jpg?fit=600%2C792&ssl=1",600,792,true],"woocommerce_gallery_thumbnail":["https:\/\/i0.wp.com\/fabstore.ma\/wp-content\/uploads\/2024\/11\/3423473020998_5clk8vouyd1lapd8.jpg?resize=100%2C100&ssl=1",100,100,true]},"uagb_author_info":{"display_name":"admin","author_link":"https:\/\/fabstore.ma\/index.php\/author\/"},"uagb_comment_info":0,"uagb_excerpt":"The One de Dolce&#038;Gabbana est un parfum Orientale Floral pour femme. The One a \u00e9t\u00e9 lanc\u00e9 en 2006. Le nez derri\u00e8re ce parfum est Christine Nagel. Les notes de t\u00eate sont P\u00eache, Litchi, Mandarine et Bergamote; les notes de coeur sont Lys, Prune, Jasmin et Muguet; les notes de fond sont Vanille, Ambre, Musc et\u2026","jetpack-related-posts":[],"jetpack_sharing_enabled":true,"_links":{"self":[{"href":"https:\/\/fabstore.ma\/index.php\/wp-json\/wp\/v2\/product\/9412","targetHints":{"allow":["GET"]}}],"collection":[{"href":"https:\/\/fabstore.ma\/index.php\/wp-json\/wp\/v2\/product"}],"about":[{"href":"https:\/\/fabstore.ma\/index.php\/wp-json\/wp\/v2\/types\/product"}],"replies":[{"embeddable":true,"href":"https:\/\/fabstore.ma\/index.php\/wp-json\/wp\/v2\/comments?post=9412"}],"wp:featuredmedia":[{"embeddable":true,"href":"https:\/\/fabstore.ma\/index.php\/wp-json\/wp\/v2\/media\/9418"}],"wp:attachment":[{"href":"https:\/\/fabstore.ma\/index.php\/wp-json\/wp\/v2\/media?parent=9412"}],"wp:term":[{"taxonomy":"product_brand","embeddable":true,"href":"https:\/\/fabstore.ma\/index.php\/wp-json\/wp\/v2\/product_brand?post=9412"},{"taxonomy":"product_cat","embeddable":true,"href":"https:\/\/fabstore.ma\/index.php\/wp-json\/wp\/v2\/product_cat?post=9412"},{"taxonomy":"product_tag","embeddable":true,"href":"https:\/\/fabstore.ma\/index.php\/wp-json\/wp\/v2\/product_tag?post=9412"}],"curies":[{"name":"wp","href":"https:\/\/api.w.org\/{rel}","templated":true}]}}