{"id":9376,"date":"2024-11-16T09:41:47","date_gmt":"2024-11-16T09:41:47","guid":{"rendered":"https:\/\/fabstore.ma\/?post_type=product&#038;p=9376"},"modified":"2025-11-18T07:04:26","modified_gmt":"2025-11-18T07:04:26","slug":"narciso-rodriguez-narciso-rouge","status":"publish","type":"product","link":"https:\/\/fabstore.ma\/index.php\/produit\/narciso-rodriguez-narciso-rouge\/","title":{"rendered":"Narciso Rodriguez &#8211; Rouge"},"content":{"rendered":"<p>Narciso Rouge Eau de Toilette de Narciso Rodriguez est un parfum Floral Bois\u00e9 Musqu\u00e9 pour femme. Narciso Rouge Eau de Toilette a \u00e9t\u00e9 lanc\u00e9 en 2019. Narciso Rouge Eau de Toilette a \u00e9t\u00e9 cr\u00e9\u00e9 par Sonia Constant et Nadege le Garlantezec. <\/p>\n<p>Les notes de t\u00eate sont Rose et Muguet; la note de coeur est Musc; les notes de fond sont F\u00e8ve de tonka, C\u00e8dre, Extrait de c\u00e8dre blanc et V\u00e9tiver.<\/p>\n","protected":false},"excerpt":{"rendered":"<p>Narciso Rouge Eau de Toilette de Narciso Rodriguez est un parfum Floral Bois\u00e9 Musqu\u00e9 pour femme. Narciso Rouge Eau de Toilette a \u00e9t\u00e9 lanc\u00e9 en 2019. Narciso Rouge Eau de Toilette a \u00e9t\u00e9 cr\u00e9\u00e9 par Sonia Constant et Nadege le Garlantezec. Les notes de t\u00eate sont Rose et Muguet; la note de coeur est Musc; [&hellip;]<\/p>\n","protected":false},"featured_media":9377,"comment_status":"open","ping_status":"closed","template":"","meta":{"om_disable_all_campaigns":false,"_uag_custom_page_level_css":"","_monsterinsights_skip_tracking":false,"_monsterinsights_sitenote_active":false,"_monsterinsights_sitenote_note":"","_monsterinsights_sitenote_category":0,"_uf_show_specific_survey":0,"_uf_disable_surveys":false,"site-sidebar-layout":"default","site-content-layout":"","ast-site-content-layout":"default","site-content-style":"default","site-sidebar-style":"default","ast-global-header-display":"","ast-banner-title-visibility":"","ast-main-header-display":"","ast-hfb-above-header-display":"","ast-hfb-below-header-display":"","ast-hfb-mobile-header-display":"","site-post-title":"","ast-breadcrumbs-content":"","ast-featured-img":"","footer-sml-layout":"","ast-disable-related-posts":"","theme-transparent-header-meta":"default","adv-header-id-meta":"","stick-header-meta":"","header-above-stick-meta":"","header-main-stick-meta":"","header-below-stick-meta":"","astra-migrate-meta-layouts":"set","ast-page-background-enabled":"default","ast-page-background-meta":{"desktop":{"background-color":"var(--ast-global-color-4)","background-image":"","background-repeat":"repeat","background-position":"center center","background-size":"auto","background-attachment":"scroll","background-type":"","background-media":"","overlay-type":"","overlay-color":"","overlay-opacity":"","overlay-gradient":""},"tablet":{"background-color":"","background-image":"","background-repeat":"repeat","background-position":"center center","background-size":"auto","background-attachment":"scroll","background-type":"","background-media":"","overlay-type":"","overlay-color":"","overlay-opacity":"","overlay-gradient":""},"mobile":{"background-color":"","background-image":"","background-repeat":"repeat","background-position":"center center","background-size":"auto","background-attachment":"scroll","background-type":"","background-media":"","overlay-type":"","overlay-color":"","overlay-opacity":"","overlay-gradient":""}},"ast-content-background-meta":{"desktop":{"background-color":"var(--ast-global-color-5)","background-image":"","background-repeat":"repeat","background-position":"center center","background-size":"auto","background-attachment":"scroll","background-type":"","background-media":"","overlay-type":"","overlay-color":"","overlay-opacity":"","overlay-gradient":""},"tablet":{"background-color":"var(--ast-global-color-5)","background-image":"","background-repeat":"repeat","background-position":"center center","background-size":"auto","background-attachment":"scroll","background-type":"","background-media":"","overlay-type":"","overlay-color":"","overlay-opacity":"","overlay-gradient":""},"mobile":{"background-color":"var(--ast-global-color-5)","background-image":"","background-repeat":"repeat","background-position":"center center","background-size":"auto","background-attachment":"scroll","background-type":"","background-media":"","overlay-type":"","overlay-color":"","overlay-opacity":"","overlay-gradient":""}},"_joinchat":[]},"product_brand":[],"product_cat":[170,75,176,37],"product_tag":[],"class_list":{"0":"post-9376","1":"product","2":"type-product","3":"status-publish","4":"has-post-thumbnail","6":"product_cat-black-friday","7":"product_cat-en-promo","8":"product_cat-narciso-rodriguez","9":"product_cat-parfums","10":"desktop-align-center","11":"tablet-align-left","12":"mobile-align-center","14":"first","15":"instock","16":"sale","17":"taxable","18":"shipping-taxable","19":"purchasable","20":"product-type-simple"},"uagb_featured_image_src":{"full":["https:\/\/i0.wp.com\/fabstore.ma\/wp-content\/uploads\/2024\/11\/9ff6c36cb5fb4508be3c58def5fa94f4_799ddc0733a04cb2b2616f046a6ff472_master.jpg?fit=600%2C600&ssl=1",600,600,false],"thumbnail":["https:\/\/i0.wp.com\/fabstore.ma\/wp-content\/uploads\/2024\/11\/9ff6c36cb5fb4508be3c58def5fa94f4_799ddc0733a04cb2b2616f046a6ff472_master.jpg?resize=150%2C150&ssl=1",150,150,true],"medium":["https:\/\/i0.wp.com\/fabstore.ma\/wp-content\/uploads\/2024\/11\/9ff6c36cb5fb4508be3c58def5fa94f4_799ddc0733a04cb2b2616f046a6ff472_master.jpg?fit=300%2C300&ssl=1",300,300,true],"medium_large":["https:\/\/i0.wp.com\/fabstore.ma\/wp-content\/uploads\/2024\/11\/9ff6c36cb5fb4508be3c58def5fa94f4_799ddc0733a04cb2b2616f046a6ff472_master.jpg?fit=600%2C600&ssl=1",600,600,true],"large":["https:\/\/i0.wp.com\/fabstore.ma\/wp-content\/uploads\/2024\/11\/9ff6c36cb5fb4508be3c58def5fa94f4_799ddc0733a04cb2b2616f046a6ff472_master.jpg?fit=600%2C600&ssl=1",600,600,true],"1536x1536":["https:\/\/i0.wp.com\/fabstore.ma\/wp-content\/uploads\/2024\/11\/9ff6c36cb5fb4508be3c58def5fa94f4_799ddc0733a04cb2b2616f046a6ff472_master.jpg?fit=600%2C600&ssl=1",600,600,true],"2048x2048":["https:\/\/i0.wp.com\/fabstore.ma\/wp-content\/uploads\/2024\/11\/9ff6c36cb5fb4508be3c58def5fa94f4_799ddc0733a04cb2b2616f046a6ff472_master.jpg?fit=600%2C600&ssl=1",600,600,true],"woocommerce_thumbnail":["https:\/\/i0.wp.com\/fabstore.ma\/wp-content\/uploads\/2024\/11\/9ff6c36cb5fb4508be3c58def5fa94f4_799ddc0733a04cb2b2616f046a6ff472_master.jpg?fit=300%2C300&ssl=1",300,300,true],"woocommerce_single":["https:\/\/i0.wp.com\/fabstore.ma\/wp-content\/uploads\/2024\/11\/9ff6c36cb5fb4508be3c58def5fa94f4_799ddc0733a04cb2b2616f046a6ff472_master.jpg?fit=600%2C600&ssl=1",600,600,true],"woocommerce_gallery_thumbnail":["https:\/\/i0.wp.com\/fabstore.ma\/wp-content\/uploads\/2024\/11\/9ff6c36cb5fb4508be3c58def5fa94f4_799ddc0733a04cb2b2616f046a6ff472_master.jpg?resize=100%2C100&ssl=1",100,100,true]},"uagb_author_info":{"display_name":"admin","author_link":"https:\/\/fabstore.ma\/index.php\/author\/"},"uagb_comment_info":0,"uagb_excerpt":"Narciso Rouge Eau de Toilette de Narciso Rodriguez est un parfum Floral Bois\u00e9 Musqu\u00e9 pour femme. Narciso Rouge Eau de Toilette a \u00e9t\u00e9 lanc\u00e9 en 2019. Narciso Rouge Eau de Toilette a \u00e9t\u00e9 cr\u00e9\u00e9 par Sonia Constant et Nadege le Garlantezec. Les notes de t\u00eate sont Rose et Muguet; la note de coeur est Musc;\u2026","jetpack-related-posts":[],"jetpack_sharing_enabled":true,"_links":{"self":[{"href":"https:\/\/fabstore.ma\/index.php\/wp-json\/wp\/v2\/product\/9376","targetHints":{"allow":["GET"]}}],"collection":[{"href":"https:\/\/fabstore.ma\/index.php\/wp-json\/wp\/v2\/product"}],"about":[{"href":"https:\/\/fabstore.ma\/index.php\/wp-json\/wp\/v2\/types\/product"}],"replies":[{"embeddable":true,"href":"https:\/\/fabstore.ma\/index.php\/wp-json\/wp\/v2\/comments?post=9376"}],"wp:featuredmedia":[{"embeddable":true,"href":"https:\/\/fabstore.ma\/index.php\/wp-json\/wp\/v2\/media\/9377"}],"wp:attachment":[{"href":"https:\/\/fabstore.ma\/index.php\/wp-json\/wp\/v2\/media?parent=9376"}],"wp:term":[{"taxonomy":"product_brand","embeddable":true,"href":"https:\/\/fabstore.ma\/index.php\/wp-json\/wp\/v2\/product_brand?post=9376"},{"taxonomy":"product_cat","embeddable":true,"href":"https:\/\/fabstore.ma\/index.php\/wp-json\/wp\/v2\/product_cat?post=9376"},{"taxonomy":"product_tag","embeddable":true,"href":"https:\/\/fabstore.ma\/index.php\/wp-json\/wp\/v2\/product_tag?post=9376"}],"curies":[{"name":"wp","href":"https:\/\/api.w.org\/{rel}","templated":true}]}}