{"id":9285,"date":"2024-11-01T22:24:59","date_gmt":"2024-11-01T22:24:59","guid":{"rendered":"https:\/\/fabstore.ma\/?post_type=product&#038;p=9285"},"modified":"2026-03-13T16:07:06","modified_gmt":"2026-03-13T16:07:06","slug":"mac-macximal-satin","status":"publish","type":"product","link":"https:\/\/fabstore.ma\/index.php\/produit\/mac-macximal-satin\/","title":{"rendered":"MAC &#8211; M\u00b7A\u00b7CXIMAL SATIN"},"content":{"rendered":"<p>Fini Satin\u00e9, Couleur Intense, Hydrate les L\u00e8vres<br \/>\nPLUS de couleur, PLUS de confort, PLUS luxueux !<br \/>\nD\u00e9couvrez notre rouge \u00e0 l\u00e8vres iconique dans une nouvelle formule satin\u00e9e pour offrir encore PLUS \u00e0 vos l\u00e8vres : un fini satin\u00e9 ultra soyeux, une formule cr\u00e9meuse et pigment\u00e9e, et une application incroyablement confortable.<\/p>\n<p>PLUS DE COULEUR et une haute couvrance gr\u00e2ce \u00e0 une couleur intense et ultra pigment\u00e9e, disponible dans 34 teintes s\u00e9lectionn\u00e9es par nos Make-up Artists.<\/p>\n<p>PLUS DE CONFORT gr\u00e2ce \u00e0 sa formule ultra soyeuse, enrichie en huiles de graine de cam\u00e9lia et d\u2019\u00e9glantier, et d\u2019extrait de fleur de grenade qui nourrissent et hydratent les l\u00e8vres.<\/p>\n<p>PLUS LUXUEUX avec son nouvel \u00e9tui orn\u00e9 du logo M\u00b7A\u00b7C et contenant du plastique recycl\u00e9.<\/p>\n<p>MACximal Satin sublime vos l\u00e8vres avec une couleur intense, et il se transforme aussi en blush pour un teint \u00e9clatant. Sa texture onctueuse s\u2019applique facilement sur les joues, offrant une touche de fra\u00eecheur naturelle \u00e0 votre teint. Un seul produit pour un look complet et impeccable !<br \/>\nChaque teinte offre une sensation de fra\u00eecheur avec cette senteur signature de vanille que vous aimez tant (ou que vous aimerez bient\u00f4t\u2026).<\/p>\n","protected":false},"excerpt":{"rendered":"<p>Fini Satin\u00e9, Couleur Intense, Hydrate les L\u00e8vres PLUS de couleur, PLUS de confort, PLUS luxueux ! D\u00e9couvrez notre rouge \u00e0 l\u00e8vres iconique dans une nouvelle formule satin\u00e9e pour offrir encore PLUS \u00e0 vos l\u00e8vres : un fini satin\u00e9 ultra soyeux, une formule cr\u00e9meuse et pigment\u00e9e, et une application incroyablement confortable. PLUS DE COULEUR et une [&hellip;]<\/p>\n","protected":false},"featured_media":9290,"comment_status":"open","ping_status":"closed","template":"","meta":{"om_disable_all_campaigns":false,"_uag_custom_page_level_css":"","_monsterinsights_skip_tracking":false,"_monsterinsights_sitenote_active":false,"_monsterinsights_sitenote_note":"","_monsterinsights_sitenote_category":0,"_uf_show_specific_survey":0,"_uf_disable_surveys":false,"site-sidebar-layout":"default","site-content-layout":"","ast-site-content-layout":"default","site-content-style":"default","site-sidebar-style":"default","ast-global-header-display":"","ast-banner-title-visibility":"","ast-main-header-display":"","ast-hfb-above-header-display":"","ast-hfb-below-header-display":"","ast-hfb-mobile-header-display":"","site-post-title":"","ast-breadcrumbs-content":"","ast-featured-img":"","footer-sml-layout":"","ast-disable-related-posts":"","theme-transparent-header-meta":"default","adv-header-id-meta":"","stick-header-meta":"","header-above-stick-meta":"","header-main-stick-meta":"","header-below-stick-meta":"","astra-migrate-meta-layouts":"set","ast-page-background-enabled":"default","ast-page-background-meta":{"desktop":{"background-color":"var(--ast-global-color-4)","background-image":"","background-repeat":"repeat","background-position":"center center","background-size":"auto","background-attachment":"scroll","background-type":"","background-media":"","overlay-type":"","overlay-color":"","overlay-opacity":"","overlay-gradient":""},"tablet":{"background-color":"","background-image":"","background-repeat":"repeat","background-position":"center center","background-size":"auto","background-attachment":"scroll","background-type":"","background-media":"","overlay-type":"","overlay-color":"","overlay-opacity":"","overlay-gradient":""},"mobile":{"background-color":"","background-image":"","background-repeat":"repeat","background-position":"center center","background-size":"auto","background-attachment":"scroll","background-type":"","background-media":"","overlay-type":"","overlay-color":"","overlay-opacity":"","overlay-gradient":""}},"ast-content-background-meta":{"desktop":{"background-color":"var(--ast-global-color-5)","background-image":"","background-repeat":"repeat","background-position":"center center","background-size":"auto","background-attachment":"scroll","background-type":"","background-media":"","overlay-type":"","overlay-color":"","overlay-opacity":"","overlay-gradient":""},"tablet":{"background-color":"var(--ast-global-color-5)","background-image":"","background-repeat":"repeat","background-position":"center center","background-size":"auto","background-attachment":"scroll","background-type":"","background-media":"","overlay-type":"","overlay-color":"","overlay-opacity":"","overlay-gradient":""},"mobile":{"background-color":"var(--ast-global-color-5)","background-image":"","background-repeat":"repeat","background-position":"center center","background-size":"auto","background-attachment":"scroll","background-type":"","background-media":"","overlay-type":"","overlay-color":"","overlay-opacity":"","overlay-gradient":""}},"_joinchat":[]},"product_brand":[],"product_cat":[60,172,35],"product_tag":[],"class_list":{"0":"post-9285","1":"product","2":"type-product","3":"status-publish","4":"has-post-thumbnail","6":"product_cat-levres","7":"product_cat-mac","8":"product_cat-maquillage","9":"desktop-align-center","10":"tablet-align-left","11":"mobile-align-center","13":"first","14":"instock","15":"taxable","16":"shipping-taxable","17":"purchasable","18":"product-type-variable"},"uagb_featured_image_src":{"full":["https:\/\/i0.wp.com\/fabstore.ma\/wp-content\/uploads\/2024\/11\/mac_sku_NW9M34_1x1_0.png?fit=2880%2C2880&ssl=1",2880,2880,false],"thumbnail":["https:\/\/i0.wp.com\/fabstore.ma\/wp-content\/uploads\/2024\/11\/mac_sku_NW9M34_1x1_0.png?resize=150%2C150&ssl=1",150,150,true],"medium":["https:\/\/i0.wp.com\/fabstore.ma\/wp-content\/uploads\/2024\/11\/mac_sku_NW9M34_1x1_0.png?fit=300%2C300&ssl=1",300,300,true],"medium_large":["https:\/\/i0.wp.com\/fabstore.ma\/wp-content\/uploads\/2024\/11\/mac_sku_NW9M34_1x1_0.png?fit=768%2C768&ssl=1",768,768,true],"large":["https:\/\/i0.wp.com\/fabstore.ma\/wp-content\/uploads\/2024\/11\/mac_sku_NW9M34_1x1_0.png?fit=1024%2C1024&ssl=1",1024,1024,true],"1536x1536":["https:\/\/i0.wp.com\/fabstore.ma\/wp-content\/uploads\/2024\/11\/mac_sku_NW9M34_1x1_0.png?fit=1536%2C1536&ssl=1",1536,1536,true],"2048x2048":["https:\/\/i0.wp.com\/fabstore.ma\/wp-content\/uploads\/2024\/11\/mac_sku_NW9M34_1x1_0.png?fit=2048%2C2048&ssl=1",2048,2048,true],"woocommerce_thumbnail":["https:\/\/i0.wp.com\/fabstore.ma\/wp-content\/uploads\/2024\/11\/mac_sku_NW9M34_1x1_0.png?fit=300%2C300&ssl=1",300,300,true],"woocommerce_single":["https:\/\/i0.wp.com\/fabstore.ma\/wp-content\/uploads\/2024\/11\/mac_sku_NW9M34_1x1_0.png?fit=600%2C600&ssl=1",600,600,true],"woocommerce_gallery_thumbnail":["https:\/\/i0.wp.com\/fabstore.ma\/wp-content\/uploads\/2024\/11\/mac_sku_NW9M34_1x1_0.png?resize=100%2C100&ssl=1",100,100,true]},"uagb_author_info":{"display_name":"admin","author_link":"https:\/\/fabstore.ma\/index.php\/author\/"},"uagb_comment_info":0,"uagb_excerpt":"Fini Satin\u00e9, Couleur Intense, Hydrate les L\u00e8vres PLUS de couleur, PLUS de confort, PLUS luxueux ! D\u00e9couvrez notre rouge \u00e0 l\u00e8vres iconique dans une nouvelle formule satin\u00e9e pour offrir encore PLUS \u00e0 vos l\u00e8vres : un fini satin\u00e9 ultra soyeux, une formule cr\u00e9meuse et pigment\u00e9e, et une application incroyablement confortable. PLUS DE COULEUR et une\u2026","jetpack-related-posts":[],"jetpack_sharing_enabled":true,"_links":{"self":[{"href":"https:\/\/fabstore.ma\/index.php\/wp-json\/wp\/v2\/product\/9285","targetHints":{"allow":["GET"]}}],"collection":[{"href":"https:\/\/fabstore.ma\/index.php\/wp-json\/wp\/v2\/product"}],"about":[{"href":"https:\/\/fabstore.ma\/index.php\/wp-json\/wp\/v2\/types\/product"}],"replies":[{"embeddable":true,"href":"https:\/\/fabstore.ma\/index.php\/wp-json\/wp\/v2\/comments?post=9285"}],"wp:featuredmedia":[{"embeddable":true,"href":"https:\/\/fabstore.ma\/index.php\/wp-json\/wp\/v2\/media\/9290"}],"wp:attachment":[{"href":"https:\/\/fabstore.ma\/index.php\/wp-json\/wp\/v2\/media?parent=9285"}],"wp:term":[{"taxonomy":"product_brand","embeddable":true,"href":"https:\/\/fabstore.ma\/index.php\/wp-json\/wp\/v2\/product_brand?post=9285"},{"taxonomy":"product_cat","embeddable":true,"href":"https:\/\/fabstore.ma\/index.php\/wp-json\/wp\/v2\/product_cat?post=9285"},{"taxonomy":"product_tag","embeddable":true,"href":"https:\/\/fabstore.ma\/index.php\/wp-json\/wp\/v2\/product_tag?post=9285"}],"curies":[{"name":"wp","href":"https:\/\/api.w.org\/{rel}","templated":true}]}}