{"id":9251,"date":"2024-10-30T06:26:41","date_gmt":"2024-10-30T06:26:41","guid":{"rendered":"https:\/\/fabstore.ma\/?post_type=product&#038;p=9251"},"modified":"2025-07-02T02:34:51","modified_gmt":"2025-07-02T02:34:51","slug":"kojie-san-soap-lot-de-3","status":"publish","type":"product","link":"https:\/\/fabstore.ma\/index.php\/produit\/kojie-san-soap-lot-de-3\/","title":{"rendered":"Kojie San Soap &#8211; Lot de 3"},"content":{"rendered":"<p>Savon Eclaircissant \u00ab\u00a0Skin Lightening Soap\u00a0\u00bb. Le pack contient 3 savons de 100g par unit\u00e9s.<\/p>\n<p>Les savons Kojie San aident \u00e0 pr\u00e9venir la production de m\u00e9lanine, rendant la peau plus claire et plus l\u00e9g\u00e8re. Ils sont particuli\u00e8rement efficaces pour att\u00e9nuer les taches brunes, les taches de rousseur, l&rsquo;acn\u00e9, les vergetures, les teintes de peaux in\u00e9gales et d&rsquo;autres probl\u00e8mes cutan\u00e9s.<\/p>\n<p>Parfait pour ceux qui recherchent une peau \u00e9clatante et une apparence uniforme, gr\u00e2ce \u00e0 l\u2019efficacit\u00e9 exceptionnelle de l\u2019acide kojique pr\u00e9sent dans nos produits, dans un format pratique. Offrez \u00e0 votre peau le soin qu&rsquo;elle m\u00e9rite !<\/p>\n<p>UTILISATION:<br \/>\nAdapt\u00e9 \u00e0 tous les types de peaux, le savon \u00e9claircissant efficace Kojie San est un puissant r\u00e9gulateur de pigmentation qui va agir en profondeur sur les m\u00e9lanocycles pour que la peau retrouve son \u00e9quilibre. Appliqu\u00e9 quotidiennement, il aide l\u2019\u00e9piderme \u00e0 lutter contre les taches brunes et les probl\u00e8mes d\u2019hyperpigmentation. pour bien l\u2019 utiliser il faut :<\/p>\n<p>Utiliser quotidiennement comme un savon ordinaire pour le visage et le corps.<br \/>\nHydrater votre peau avec soin,gr\u00e2ce \u00e0 une lotion hydratante (voir nos cr\u00e8mes et lotions).<\/p>\n","protected":false},"excerpt":{"rendered":"<p>Savon Eclaircissant \u00ab\u00a0Skin Lightening Soap\u00a0\u00bb. Le pack contient 3 savons de 100g par unit\u00e9s. Les savons Kojie San aident \u00e0 pr\u00e9venir la production de m\u00e9lanine, rendant la peau plus claire et plus l\u00e9g\u00e8re. Ils sont particuli\u00e8rement efficaces pour att\u00e9nuer les taches brunes, les taches de rousseur, l&rsquo;acn\u00e9, les vergetures, les teintes de peaux in\u00e9gales et [&hellip;]<\/p>\n","protected":false},"featured_media":9252,"comment_status":"open","ping_status":"closed","template":"","meta":{"om_disable_all_campaigns":false,"_uag_custom_page_level_css":"","_monsterinsights_skip_tracking":false,"_monsterinsights_sitenote_active":false,"_monsterinsights_sitenote_note":"","_monsterinsights_sitenote_category":0,"_uf_show_specific_survey":0,"_uf_disable_surveys":false,"site-sidebar-layout":"default","site-content-layout":"","ast-site-content-layout":"default","site-content-style":"default","site-sidebar-style":"default","ast-global-header-display":"","ast-banner-title-visibility":"","ast-main-header-display":"","ast-hfb-above-header-display":"","ast-hfb-below-header-display":"","ast-hfb-mobile-header-display":"","site-post-title":"","ast-breadcrumbs-content":"","ast-featured-img":"","footer-sml-layout":"","ast-disable-related-posts":"","theme-transparent-header-meta":"default","adv-header-id-meta":"","stick-header-meta":"","header-above-stick-meta":"","header-main-stick-meta":"","header-below-stick-meta":"","astra-migrate-meta-layouts":"set","ast-page-background-enabled":"default","ast-page-background-meta":{"desktop":{"background-color":"var(--ast-global-color-4)","background-image":"","background-repeat":"repeat","background-position":"center center","background-size":"auto","background-attachment":"scroll","background-type":"","background-media":"","overlay-type":"","overlay-color":"","overlay-opacity":"","overlay-gradient":""},"tablet":{"background-color":"","background-image":"","background-repeat":"repeat","background-position":"center center","background-size":"auto","background-attachment":"scroll","background-type":"","background-media":"","overlay-type":"","overlay-color":"","overlay-opacity":"","overlay-gradient":""},"mobile":{"background-color":"","background-image":"","background-repeat":"repeat","background-position":"center center","background-size":"auto","background-attachment":"scroll","background-type":"","background-media":"","overlay-type":"","overlay-color":"","overlay-opacity":"","overlay-gradient":""}},"ast-content-background-meta":{"desktop":{"background-color":"var(--ast-global-color-5)","background-image":"","background-repeat":"repeat","background-position":"center center","background-size":"auto","background-attachment":"scroll","background-type":"","background-media":"","overlay-type":"","overlay-color":"","overlay-opacity":"","overlay-gradient":""},"tablet":{"background-color":"var(--ast-global-color-5)","background-image":"","background-repeat":"repeat","background-position":"center center","background-size":"auto","background-attachment":"scroll","background-type":"","background-media":"","overlay-type":"","overlay-color":"","overlay-opacity":"","overlay-gradient":""},"mobile":{"background-color":"var(--ast-global-color-5)","background-image":"","background-repeat":"repeat","background-position":"center center","background-size":"auto","background-attachment":"scroll","background-type":"","background-media":"","overlay-type":"","overlay-color":"","overlay-opacity":"","overlay-gradient":""}},"_joinchat":[]},"product_brand":[],"product_cat":[74,171,130,73],"product_tag":[],"class_list":{"0":"post-9251","1":"product","2":"type-product","3":"status-publish","4":"has-post-thumbnail","6":"product_cat-corps-bain","7":"product_cat-kojie-san","8":"product_cat-marques","9":"product_cat-soins-visage","10":"desktop-align-center","11":"tablet-align-left","12":"mobile-align-center","14":"first","15":"instock","16":"taxable","17":"shipping-taxable","18":"purchasable","19":"product-type-variable"},"uagb_featured_image_src":{"full":["https:\/\/i0.wp.com\/fabstore.ma\/wp-content\/uploads\/2024\/10\/2.jpg?fit=500%2C500&ssl=1",500,500,false],"thumbnail":["https:\/\/i0.wp.com\/fabstore.ma\/wp-content\/uploads\/2024\/10\/2.jpg?resize=150%2C150&ssl=1",150,150,true],"medium":["https:\/\/i0.wp.com\/fabstore.ma\/wp-content\/uploads\/2024\/10\/2.jpg?fit=300%2C300&ssl=1",300,300,true],"medium_large":["https:\/\/i0.wp.com\/fabstore.ma\/wp-content\/uploads\/2024\/10\/2.jpg?fit=500%2C500&ssl=1",500,500,true],"large":["https:\/\/i0.wp.com\/fabstore.ma\/wp-content\/uploads\/2024\/10\/2.jpg?fit=500%2C500&ssl=1",500,500,true],"1536x1536":["https:\/\/i0.wp.com\/fabstore.ma\/wp-content\/uploads\/2024\/10\/2.jpg?fit=500%2C500&ssl=1",500,500,true],"2048x2048":["https:\/\/i0.wp.com\/fabstore.ma\/wp-content\/uploads\/2024\/10\/2.jpg?fit=500%2C500&ssl=1",500,500,true],"woocommerce_thumbnail":["https:\/\/i0.wp.com\/fabstore.ma\/wp-content\/uploads\/2024\/10\/2.jpg?fit=300%2C300&ssl=1",300,300,true],"woocommerce_single":["https:\/\/i0.wp.com\/fabstore.ma\/wp-content\/uploads\/2024\/10\/2.jpg?fit=500%2C500&ssl=1",500,500,true],"woocommerce_gallery_thumbnail":["https:\/\/i0.wp.com\/fabstore.ma\/wp-content\/uploads\/2024\/10\/2.jpg?resize=100%2C100&ssl=1",100,100,true]},"uagb_author_info":{"display_name":"admin","author_link":"https:\/\/fabstore.ma\/index.php\/author\/"},"uagb_comment_info":0,"uagb_excerpt":"Savon Eclaircissant \u00ab\u00a0Skin Lightening Soap\u00a0\u00bb. Le pack contient 3 savons de 100g par unit\u00e9s. Les savons Kojie San aident \u00e0 pr\u00e9venir la production de m\u00e9lanine, rendant la peau plus claire et plus l\u00e9g\u00e8re. Ils sont particuli\u00e8rement efficaces pour att\u00e9nuer les taches brunes, les taches de rousseur, l&rsquo;acn\u00e9, les vergetures, les teintes de peaux in\u00e9gales et\u2026","jetpack-related-posts":[],"jetpack_sharing_enabled":true,"_links":{"self":[{"href":"https:\/\/fabstore.ma\/index.php\/wp-json\/wp\/v2\/product\/9251","targetHints":{"allow":["GET"]}}],"collection":[{"href":"https:\/\/fabstore.ma\/index.php\/wp-json\/wp\/v2\/product"}],"about":[{"href":"https:\/\/fabstore.ma\/index.php\/wp-json\/wp\/v2\/types\/product"}],"replies":[{"embeddable":true,"href":"https:\/\/fabstore.ma\/index.php\/wp-json\/wp\/v2\/comments?post=9251"}],"wp:featuredmedia":[{"embeddable":true,"href":"https:\/\/fabstore.ma\/index.php\/wp-json\/wp\/v2\/media\/9252"}],"wp:attachment":[{"href":"https:\/\/fabstore.ma\/index.php\/wp-json\/wp\/v2\/media?parent=9251"}],"wp:term":[{"taxonomy":"product_brand","embeddable":true,"href":"https:\/\/fabstore.ma\/index.php\/wp-json\/wp\/v2\/product_brand?post=9251"},{"taxonomy":"product_cat","embeddable":true,"href":"https:\/\/fabstore.ma\/index.php\/wp-json\/wp\/v2\/product_cat?post=9251"},{"taxonomy":"product_tag","embeddable":true,"href":"https:\/\/fabstore.ma\/index.php\/wp-json\/wp\/v2\/product_tag?post=9251"}],"curies":[{"name":"wp","href":"https:\/\/api.w.org\/{rel}","templated":true}]}}