{"id":9180,"date":"2024-10-27T21:11:11","date_gmt":"2024-10-27T21:11:11","guid":{"rendered":"https:\/\/fabstore.ma\/?post_type=product&#038;p=9180"},"modified":"2026-02-12T22:56:05","modified_gmt":"2026-02-12T22:56:05","slug":"smashbox-halo-face-palette","status":"publish","type":"product","link":"https:\/\/fabstore.ma\/index.php\/produit\/smashbox-halo-face-palette\/","title":{"rendered":"SMASHBOX &#8211; Halo face Palette"},"content":{"rendered":"<p>SMASHBOX &#8211; Halo Sculpt + Glow Contour, Blush + Highlighter Palette With Vitamin E<\/p>\n<p>R\u00e9f\u00e9rences: Black To Cali<\/p>\n<div style=\"width: 576px;\" class=\"wp-video\"><video class=\"wp-video-shortcode\" id=\"video-9180-1\" width=\"576\" height=\"1024\" preload=\"metadata\" controls=\"controls\"><source type=\"video\/mp4\" src=\"https:\/\/fabstore.ma\/wp-content\/uploads\/2024\/10\/c1d2420bc3c163cbe47420306fbd4498.mp4?_=1\" \/><a href=\"https:\/\/fabstore.ma\/wp-content\/uploads\/2024\/10\/c1d2420bc3c163cbe47420306fbd4498.mp4\">https:\/\/fabstore.ma\/wp-content\/uploads\/2024\/10\/c1d2420bc3c163cbe47420306fbd4498.mp4<\/a><\/video><\/div>\n<p>Une palette de contouring, de fard \u00e0 joues et d&rsquo;enlumineurs tout-en-un facile \u00e0 utiliser avec quatre teintes moelleuses et longue tenue. Infus\u00e9es de vitamine E et d&rsquo;huile de fruit de la passion, les formules v\u00e9g\u00e9taliennes et sans cruaut\u00e9 se m\u00e9langent uniform\u00e9ment et cr\u00e9ent une intensit\u00e9 d&rsquo;apparence naturelle, lissent et estompent la texture et nourrissent la peau.<\/p>\n","protected":false},"excerpt":{"rendered":"<p>SMASHBOX &#8211; Halo Sculpt + Glow Contour, Blush + Highlighter Palette With Vitamin E R\u00e9f\u00e9rences: Black To Cali Une palette de contouring, de fard \u00e0 joues et d&rsquo;enlumineurs tout-en-un facile \u00e0 utiliser avec quatre teintes moelleuses et longue tenue. Infus\u00e9es de vitamine E et d&rsquo;huile de fruit de la passion, les formules v\u00e9g\u00e9taliennes et sans [&hellip;]<\/p>\n","protected":false},"featured_media":9193,"comment_status":"open","ping_status":"closed","template":"","meta":{"om_disable_all_campaigns":false,"_uag_custom_page_level_css":"","_monsterinsights_skip_tracking":false,"_monsterinsights_sitenote_active":false,"_monsterinsights_sitenote_note":"","_monsterinsights_sitenote_category":0,"_uf_show_specific_survey":0,"_uf_disable_surveys":false,"site-sidebar-layout":"default","site-content-layout":"","ast-site-content-layout":"default","site-content-style":"default","site-sidebar-style":"default","ast-global-header-display":"","ast-banner-title-visibility":"","ast-main-header-display":"","ast-hfb-above-header-display":"","ast-hfb-below-header-display":"","ast-hfb-mobile-header-display":"","site-post-title":"","ast-breadcrumbs-content":"","ast-featured-img":"","footer-sml-layout":"","ast-disable-related-posts":"","theme-transparent-header-meta":"default","adv-header-id-meta":"","stick-header-meta":"","header-above-stick-meta":"","header-main-stick-meta":"","header-below-stick-meta":"","astra-migrate-meta-layouts":"set","ast-page-background-enabled":"default","ast-page-background-meta":{"desktop":{"background-color":"var(--ast-global-color-4)","background-image":"","background-repeat":"repeat","background-position":"center center","background-size":"auto","background-attachment":"scroll","background-type":"","background-media":"","overlay-type":"","overlay-color":"","overlay-opacity":"","overlay-gradient":""},"tablet":{"background-color":"","background-image":"","background-repeat":"repeat","background-position":"center center","background-size":"auto","background-attachment":"scroll","background-type":"","background-media":"","overlay-type":"","overlay-color":"","overlay-opacity":"","overlay-gradient":""},"mobile":{"background-color":"","background-image":"","background-repeat":"repeat","background-position":"center center","background-size":"auto","background-attachment":"scroll","background-type":"","background-media":"","overlay-type":"","overlay-color":"","overlay-opacity":"","overlay-gradient":""}},"ast-content-background-meta":{"desktop":{"background-color":"var(--ast-global-color-5)","background-image":"","background-repeat":"repeat","background-position":"center center","background-size":"auto","background-attachment":"scroll","background-type":"","background-media":"","overlay-type":"","overlay-color":"","overlay-opacity":"","overlay-gradient":""},"tablet":{"background-color":"var(--ast-global-color-5)","background-image":"","background-repeat":"repeat","background-position":"center center","background-size":"auto","background-attachment":"scroll","background-type":"","background-media":"","overlay-type":"","overlay-color":"","overlay-opacity":"","overlay-gradient":""},"mobile":{"background-color":"var(--ast-global-color-5)","background-image":"","background-repeat":"repeat","background-position":"center center","background-size":"auto","background-attachment":"scroll","background-type":"","background-media":"","overlay-type":"","overlay-color":"","overlay-opacity":"","overlay-gradient":""}},"_joinchat":[]},"product_brand":[],"product_cat":[71,72,70,35,194,168,58],"product_tag":[],"class_list":{"0":"post-9180","1":"product","2":"type-product","3":"status-publish","4":"has-post-thumbnail","6":"product_cat-blush-bronzer","7":"product_cat-bronzeur","8":"product_cat-highlighter","9":"product_cat-maquillage","10":"product_cat-palette-visage","11":"product_cat-smashbox","12":"product_cat-teint","13":"desktop-align-center","14":"tablet-align-left","15":"mobile-align-center","17":"first","18":"instock","19":"sale","20":"taxable","21":"shipping-taxable","22":"purchasable","23":"product-type-variable"},"uagb_featured_image_src":{"full":["https:\/\/i0.wp.com\/fabstore.ma\/wp-content\/uploads\/2024\/10\/IMG_20241027_222532.jpg?fit=1079%2C1058&ssl=1",1079,1058,false],"thumbnail":["https:\/\/i0.wp.com\/fabstore.ma\/wp-content\/uploads\/2024\/10\/IMG_20241027_222532.jpg?resize=150%2C150&ssl=1",150,150,true],"medium":["https:\/\/i0.wp.com\/fabstore.ma\/wp-content\/uploads\/2024\/10\/IMG_20241027_222532.jpg?fit=300%2C294&ssl=1",300,294,true],"medium_large":["https:\/\/i0.wp.com\/fabstore.ma\/wp-content\/uploads\/2024\/10\/IMG_20241027_222532.jpg?fit=768%2C753&ssl=1",768,753,true],"large":["https:\/\/i0.wp.com\/fabstore.ma\/wp-content\/uploads\/2024\/10\/IMG_20241027_222532.jpg?fit=1024%2C1004&ssl=1",1024,1004,true],"1536x1536":["https:\/\/i0.wp.com\/fabstore.ma\/wp-content\/uploads\/2024\/10\/IMG_20241027_222532.jpg?fit=1079%2C1058&ssl=1",1079,1058,true],"2048x2048":["https:\/\/i0.wp.com\/fabstore.ma\/wp-content\/uploads\/2024\/10\/IMG_20241027_222532.jpg?fit=1079%2C1058&ssl=1",1079,1058,true],"woocommerce_thumbnail":["https:\/\/i0.wp.com\/fabstore.ma\/wp-content\/uploads\/2024\/10\/IMG_20241027_222532.jpg?fit=300%2C294&ssl=1",300,294,true],"woocommerce_single":["https:\/\/i0.wp.com\/fabstore.ma\/wp-content\/uploads\/2024\/10\/IMG_20241027_222532.jpg?fit=600%2C588&ssl=1",600,588,true],"woocommerce_gallery_thumbnail":["https:\/\/i0.wp.com\/fabstore.ma\/wp-content\/uploads\/2024\/10\/IMG_20241027_222532.jpg?resize=100%2C100&ssl=1",100,100,true]},"uagb_author_info":{"display_name":"admin","author_link":"https:\/\/fabstore.ma\/index.php\/author\/"},"uagb_comment_info":0,"uagb_excerpt":"SMASHBOX &#8211; Halo Sculpt + Glow Contour, Blush + Highlighter Palette With Vitamin E R\u00e9f\u00e9rences: Black To Cali Une palette de contouring, de fard \u00e0 joues et d&rsquo;enlumineurs tout-en-un facile \u00e0 utiliser avec quatre teintes moelleuses et longue tenue. Infus\u00e9es de vitamine E et d&rsquo;huile de fruit de la passion, les formules v\u00e9g\u00e9taliennes et sans\u2026","jetpack-related-posts":[],"jetpack_sharing_enabled":true,"_links":{"self":[{"href":"https:\/\/fabstore.ma\/index.php\/wp-json\/wp\/v2\/product\/9180","targetHints":{"allow":["GET"]}}],"collection":[{"href":"https:\/\/fabstore.ma\/index.php\/wp-json\/wp\/v2\/product"}],"about":[{"href":"https:\/\/fabstore.ma\/index.php\/wp-json\/wp\/v2\/types\/product"}],"replies":[{"embeddable":true,"href":"https:\/\/fabstore.ma\/index.php\/wp-json\/wp\/v2\/comments?post=9180"}],"wp:featuredmedia":[{"embeddable":true,"href":"https:\/\/fabstore.ma\/index.php\/wp-json\/wp\/v2\/media\/9193"}],"wp:attachment":[{"href":"https:\/\/fabstore.ma\/index.php\/wp-json\/wp\/v2\/media?parent=9180"}],"wp:term":[{"taxonomy":"product_brand","embeddable":true,"href":"https:\/\/fabstore.ma\/index.php\/wp-json\/wp\/v2\/product_brand?post=9180"},{"taxonomy":"product_cat","embeddable":true,"href":"https:\/\/fabstore.ma\/index.php\/wp-json\/wp\/v2\/product_cat?post=9180"},{"taxonomy":"product_tag","embeddable":true,"href":"https:\/\/fabstore.ma\/index.php\/wp-json\/wp\/v2\/product_tag?post=9180"}],"curies":[{"name":"wp","href":"https:\/\/api.w.org\/{rel}","templated":true}]}}