{"id":8827,"date":"2024-08-19T20:12:39","date_gmt":"2024-08-19T20:12:39","guid":{"rendered":"https:\/\/fabstore.ma\/?post_type=product&#038;p=8827"},"modified":"2026-02-08T22:56:35","modified_gmt":"2026-02-08T22:56:35","slug":"revolution-pro-miracle-cream","status":"publish","type":"product","link":"https:\/\/fabstore.ma\/index.php\/produit\/revolution-pro-miracle-cream\/","title":{"rendered":"Revolution Pro &#8211; Miracle Cream"},"content":{"rendered":"<p>D\u00e9couvrez la cr\u00e8me hydratante Revolution Pro Miracle Cream, une cr\u00e8me miracle pour le visage qui revitalise les peaux fatigu\u00e9es et ternes en seulement 4 semaines !<\/p>\n<p>Ce soin pour le visage hydrate INSTANTAN\u00c9MENT la peau d\u00e8s la premi\u00e8re utilisation pour une peau plus lisse, plus rebondie et d&rsquo;apparence plus jeune. Convenant \u00e0 tous les types de peau, cette formule l\u00e9g\u00e8re, nourrissante et hydratante p\u00e9n\u00e8tre rapidement dans la peau, pour un maquillage z\u00e9ro d\u00e9faut.<\/p>\n<p>La science derri\u00e8re le miracle<br \/>\nTest\u00e9e et \u00e9prouv\u00e9e sur nos consommateurs, les r\u00e9sultats de cette incroyable cr\u00e8me hydratante parlent d&rsquo;eux-m\u00eames :<\/p>\n<p>96 %* ont d\u00e9clar\u00e9 que leur peau semblait HYDRAT\u00c9E<br \/>\n85 %* ont d\u00e9clar\u00e9 que leurs RIDES semblaient MOINS VISIBLES<br \/>\n82 %* ont d\u00e9clar\u00e9 que leur peau semblait RAJEUNIE<br \/>\n86 %* ont d\u00e9clar\u00e9 que leur peau semblait PLUS REBONDIE<br \/>\n88 %* ont d\u00e9clar\u00e9 que leur peau semblait PLUS RADIEUSE<br \/>\n90 %* ont d\u00e9clar\u00e9 que leur grain de peau semblait AFFIN\u00c9<br \/>\n84 %* ont d\u00e9clar\u00e9 que leur peau semblait PROT\u00c9G\u00c9E des agressions ext\u00e9rieures<br \/>\n74 %* ont d\u00e9clar\u00e9 que leur peau semblait PLUS FERME<\/p>\n<p>Bourr\u00e9e d&rsquo;ingr\u00e9dients reconnus pour leurs bienfaits, pour une peau saine et sans d\u00e9faut, avec ou sans maquillage :<br \/>\nNiacinamide \u2013 Aide \u00e0 r\u00e9veiller les teints ternes et \u00e0 affiner le grain de peau<br \/>\nVitamine C \u2013 Aide \u00e0 illuminer le teint pour un \u00e9clat naturel<br \/>\nAcide hyaluronique \u2013 Aide \u00e0 hydrater la peau<br \/>\nPeptides \u2013 Aident \u00e0 raffermir et \u00e0 repulper la peau<br \/>\nHuile de cameline \u2013 Aide \u00e0 retenir l&rsquo;humidit\u00e9<br \/>\nBeurre de karit\u00e9 \u2013 Aide \u00e0 adoucir et lisser la peau<\/p>\n<p>Pour des r\u00e9sultats optimaux, appliquez tous les jours sur le visage et le cou.<\/p>\n<p>D\u00e9couvrez le produit ESSENTIEL \u00e0 ajouter \u00e0 votre routine beaut\u00e9 !<\/p>\n<p>Cruelty-free et vegan.<\/p>\n<p>*Tests r\u00e9alis\u00e9s aupr\u00e8s de 50 consommateurs sur une p\u00e9riode de 4 semaines.<\/p>\n","protected":false},"excerpt":{"rendered":"<p>D\u00e9couvrez la cr\u00e8me hydratante Revolution Pro Miracle Cream, une cr\u00e8me miracle pour le visage qui revitalise les peaux fatigu\u00e9es et ternes en seulement 4 semaines ! Ce soin pour le visage hydrate INSTANTAN\u00c9MENT la peau d\u00e8s la premi\u00e8re utilisation pour une peau plus lisse, plus rebondie et d&rsquo;apparence plus jeune. Convenant \u00e0 tous les types [&hellip;]<\/p>\n","protected":false},"featured_media":8828,"comment_status":"open","ping_status":"closed","template":"","meta":{"om_disable_all_campaigns":false,"_uag_custom_page_level_css":"","_monsterinsights_skip_tracking":false,"_monsterinsights_sitenote_active":false,"_monsterinsights_sitenote_note":"","_monsterinsights_sitenote_category":0,"_uf_show_specific_survey":0,"_uf_disable_surveys":false,"site-sidebar-layout":"default","site-content-layout":"","ast-site-content-layout":"default","site-content-style":"default","site-sidebar-style":"default","ast-global-header-display":"","ast-banner-title-visibility":"","ast-main-header-display":"","ast-hfb-above-header-display":"","ast-hfb-below-header-display":"","ast-hfb-mobile-header-display":"","site-post-title":"","ast-breadcrumbs-content":"","ast-featured-img":"","footer-sml-layout":"","ast-disable-related-posts":"","theme-transparent-header-meta":"default","adv-header-id-meta":"","stick-header-meta":"","header-above-stick-meta":"","header-main-stick-meta":"","header-below-stick-meta":"","astra-migrate-meta-layouts":"set","ast-page-background-enabled":"default","ast-page-background-meta":{"desktop":{"background-color":"var(--ast-global-color-4)","background-image":"","background-repeat":"repeat","background-position":"center center","background-size":"auto","background-attachment":"scroll","background-type":"","background-media":"","overlay-type":"","overlay-color":"","overlay-opacity":"","overlay-gradient":""},"tablet":{"background-color":"","background-image":"","background-repeat":"repeat","background-position":"center center","background-size":"auto","background-attachment":"scroll","background-type":"","background-media":"","overlay-type":"","overlay-color":"","overlay-opacity":"","overlay-gradient":""},"mobile":{"background-color":"","background-image":"","background-repeat":"repeat","background-position":"center center","background-size":"auto","background-attachment":"scroll","background-type":"","background-media":"","overlay-type":"","overlay-color":"","overlay-opacity":"","overlay-gradient":""}},"ast-content-background-meta":{"desktop":{"background-color":"var(--ast-global-color-5)","background-image":"","background-repeat":"repeat","background-position":"center center","background-size":"auto","background-attachment":"scroll","background-type":"","background-media":"","overlay-type":"","overlay-color":"","overlay-opacity":"","overlay-gradient":""},"tablet":{"background-color":"var(--ast-global-color-5)","background-image":"","background-repeat":"repeat","background-position":"center center","background-size":"auto","background-attachment":"scroll","background-type":"","background-media":"","overlay-type":"","overlay-color":"","overlay-opacity":"","overlay-gradient":""},"mobile":{"background-color":"var(--ast-global-color-5)","background-image":"","background-repeat":"repeat","background-position":"center center","background-size":"auto","background-attachment":"scroll","background-type":"","background-media":"","overlay-type":"","overlay-color":"","overlay-opacity":"","overlay-gradient":""}},"_joinchat":[]},"product_brand":[],"product_cat":[65,132,73,58],"product_tag":[],"class_list":{"0":"post-8827","1":"product","2":"type-product","3":"status-publish","4":"has-post-thumbnail","6":"product_cat-base-de-teint-fixateur","7":"product_cat-revolution","8":"product_cat-soins-visage","9":"product_cat-teint","10":"desktop-align-center","11":"tablet-align-left","12":"mobile-align-center","14":"first","15":"outofstock","16":"featured","17":"taxable","18":"shipping-taxable","19":"purchasable","20":"product-type-simple"},"uagb_featured_image_src":{"full":["https:\/\/i0.wp.com\/fabstore.ma\/wp-content\/uploads\/2024\/08\/1454728_2_press.jpg?fit=2000%2C2000&ssl=1",2000,2000,false],"thumbnail":["https:\/\/i0.wp.com\/fabstore.ma\/wp-content\/uploads\/2024\/08\/1454728_2_press.jpg?resize=150%2C150&ssl=1",150,150,true],"medium":["https:\/\/i0.wp.com\/fabstore.ma\/wp-content\/uploads\/2024\/08\/1454728_2_press.jpg?fit=300%2C300&ssl=1",300,300,true],"medium_large":["https:\/\/i0.wp.com\/fabstore.ma\/wp-content\/uploads\/2024\/08\/1454728_2_press.jpg?fit=768%2C768&ssl=1",768,768,true],"large":["https:\/\/i0.wp.com\/fabstore.ma\/wp-content\/uploads\/2024\/08\/1454728_2_press.jpg?fit=1024%2C1024&ssl=1",1024,1024,true],"1536x1536":["https:\/\/i0.wp.com\/fabstore.ma\/wp-content\/uploads\/2024\/08\/1454728_2_press.jpg?fit=1536%2C1536&ssl=1",1536,1536,true],"2048x2048":["https:\/\/i0.wp.com\/fabstore.ma\/wp-content\/uploads\/2024\/08\/1454728_2_press.jpg?fit=2000%2C2000&ssl=1",2000,2000,true],"woocommerce_thumbnail":["https:\/\/i0.wp.com\/fabstore.ma\/wp-content\/uploads\/2024\/08\/1454728_2_press.jpg?fit=300%2C300&ssl=1",300,300,true],"woocommerce_single":["https:\/\/i0.wp.com\/fabstore.ma\/wp-content\/uploads\/2024\/08\/1454728_2_press.jpg?fit=600%2C600&ssl=1",600,600,true],"woocommerce_gallery_thumbnail":["https:\/\/i0.wp.com\/fabstore.ma\/wp-content\/uploads\/2024\/08\/1454728_2_press.jpg?resize=100%2C100&ssl=1",100,100,true]},"uagb_author_info":{"display_name":"admin","author_link":"https:\/\/fabstore.ma\/index.php\/author\/"},"uagb_comment_info":0,"uagb_excerpt":"D\u00e9couvrez la cr\u00e8me hydratante Revolution Pro Miracle Cream, une cr\u00e8me miracle pour le visage qui revitalise les peaux fatigu\u00e9es et ternes en seulement 4 semaines ! Ce soin pour le visage hydrate INSTANTAN\u00c9MENT la peau d\u00e8s la premi\u00e8re utilisation pour une peau plus lisse, plus rebondie et d&rsquo;apparence plus jeune. Convenant \u00e0 tous les types\u2026","jetpack-related-posts":[],"jetpack_sharing_enabled":true,"_links":{"self":[{"href":"https:\/\/fabstore.ma\/index.php\/wp-json\/wp\/v2\/product\/8827","targetHints":{"allow":["GET"]}}],"collection":[{"href":"https:\/\/fabstore.ma\/index.php\/wp-json\/wp\/v2\/product"}],"about":[{"href":"https:\/\/fabstore.ma\/index.php\/wp-json\/wp\/v2\/types\/product"}],"replies":[{"embeddable":true,"href":"https:\/\/fabstore.ma\/index.php\/wp-json\/wp\/v2\/comments?post=8827"}],"wp:featuredmedia":[{"embeddable":true,"href":"https:\/\/fabstore.ma\/index.php\/wp-json\/wp\/v2\/media\/8828"}],"wp:attachment":[{"href":"https:\/\/fabstore.ma\/index.php\/wp-json\/wp\/v2\/media?parent=8827"}],"wp:term":[{"taxonomy":"product_brand","embeddable":true,"href":"https:\/\/fabstore.ma\/index.php\/wp-json\/wp\/v2\/product_brand?post=8827"},{"taxonomy":"product_cat","embeddable":true,"href":"https:\/\/fabstore.ma\/index.php\/wp-json\/wp\/v2\/product_cat?post=8827"},{"taxonomy":"product_tag","embeddable":true,"href":"https:\/\/fabstore.ma\/index.php\/wp-json\/wp\/v2\/product_tag?post=8827"}],"curies":[{"name":"wp","href":"https:\/\/api.w.org\/{rel}","templated":true}]}}