{"id":8769,"date":"2024-08-05T10:21:35","date_gmt":"2024-08-05T10:21:35","guid":{"rendered":"https:\/\/fabstore.ma\/?post_type=product&#038;p=8769"},"modified":"2024-10-15T12:31:03","modified_gmt":"2024-10-15T12:31:03","slug":"the-ordinary-baume-a-levres-au-squalane-acides-amines-baume-a-levres-hydratant","status":"publish","type":"product","link":"https:\/\/fabstore.ma\/index.php\/produit\/the-ordinary-baume-a-levres-au-squalane-acides-amines-baume-a-levres-hydratant\/","title":{"rendered":"THE ORDINARY &#8211; Baume \u00e0 L\u00e8vres au Squalane + Acides Amin\u00e9s"},"content":{"rendered":"<p>Un baume instantan\u00e9ment hydratant pour apporter confort et douceur aux l\u00e8vres s\u00e8ches. Baume \u00e0 l\u00e8vres au Squalane + Acides Amin\u00e9s hydrate et r\u00e9pare instantan\u00e9ment les l\u00e8vres s\u00e8ches. La formule baume procure imm\u00e9diatement une sensation d&rsquo;hydratation, de confort et de douceur, et tout au long de la journ\u00e9e, elle maintient les l\u00e8vres hydrat\u00e9es. Formul\u00e9 avec du Squalane, le baume hydrate et renfor\u00e7e la barri\u00e8re d&rsquo;hydratation. Compos\u00e9 \u00e9galement d&rsquo;acides amin\u00e9s, identiques \u00e0 ceux naturellement pr\u00e9sents dans la peau, il permet une hydratation longue dur\u00e9e. Le conseil de O. : Baume \u00e0 L\u00e8vres au Squalane + Acides Amin\u00e9s peut \u00e9galement \u00eatre utilis\u00e9 pour r\u00e9parer les zones s\u00e8ches du corps, telles que les coudes et les cuticules. Les tests montrent que Baume \u00e0 l\u00e8vres Squalane + Acides Amin\u00e9s : Hydrate instantan\u00e9ment les l\u00e8vres s\u00e8ches et apporte confort Adoucit et nourrit instantan\u00e9ment les l\u00e8vres s\u00e8ches Contribue \u00e0 r\u00e9hydrater les zones s\u00e8ches du corps, y compris les coudes et les cuticules.<\/p>\n","protected":false},"excerpt":{"rendered":"<p>Baume \u00e0 L\u00e8vres hydratant 15ml<\/p>\n","protected":false},"featured_media":8771,"comment_status":"open","ping_status":"closed","template":"","meta":{"om_disable_all_campaigns":false,"_uag_custom_page_level_css":"","_monsterinsights_skip_tracking":false,"_monsterinsights_sitenote_active":false,"_monsterinsights_sitenote_note":"","_monsterinsights_sitenote_category":0,"_uf_show_specific_survey":0,"_uf_disable_surveys":false,"site-sidebar-layout":"default","site-content-layout":"","ast-site-content-layout":"default","site-content-style":"default","site-sidebar-style":"default","ast-global-header-display":"","ast-banner-title-visibility":"","ast-main-header-display":"","ast-hfb-above-header-display":"","ast-hfb-below-header-display":"","ast-hfb-mobile-header-display":"","site-post-title":"","ast-breadcrumbs-content":"","ast-featured-img":"","footer-sml-layout":"","ast-disable-related-posts":"","theme-transparent-header-meta":"default","adv-header-id-meta":"","stick-header-meta":"","header-above-stick-meta":"","header-main-stick-meta":"","header-below-stick-meta":"","astra-migrate-meta-layouts":"set","ast-page-background-enabled":"default","ast-page-background-meta":{"desktop":{"background-color":"var(--ast-global-color-4)","background-image":"","background-repeat":"repeat","background-position":"center center","background-size":"auto","background-attachment":"scroll","background-type":"","background-media":"","overlay-type":"","overlay-color":"","overlay-opacity":"","overlay-gradient":""},"tablet":{"background-color":"","background-image":"","background-repeat":"repeat","background-position":"center center","background-size":"auto","background-attachment":"scroll","background-type":"","background-media":"","overlay-type":"","overlay-color":"","overlay-opacity":"","overlay-gradient":""},"mobile":{"background-color":"","background-image":"","background-repeat":"repeat","background-position":"center center","background-size":"auto","background-attachment":"scroll","background-type":"","background-media":"","overlay-type":"","overlay-color":"","overlay-opacity":"","overlay-gradient":""}},"ast-content-background-meta":{"desktop":{"background-color":"var(--ast-global-color-5)","background-image":"","background-repeat":"repeat","background-position":"center center","background-size":"auto","background-attachment":"scroll","background-type":"","background-media":"","overlay-type":"","overlay-color":"","overlay-opacity":"","overlay-gradient":""},"tablet":{"background-color":"var(--ast-global-color-5)","background-image":"","background-repeat":"repeat","background-position":"center center","background-size":"auto","background-attachment":"scroll","background-type":"","background-media":"","overlay-type":"","overlay-color":"","overlay-opacity":"","overlay-gradient":""},"mobile":{"background-color":"var(--ast-global-color-5)","background-image":"","background-repeat":"repeat","background-position":"center center","background-size":"auto","background-attachment":"scroll","background-type":"","background-media":"","overlay-type":"","overlay-color":"","overlay-opacity":"","overlay-gradient":""}},"_joinchat":[]},"product_brand":[],"product_cat":[60,35,73],"product_tag":[],"class_list":{"0":"post-8769","1":"product","2":"type-product","3":"status-publish","4":"has-post-thumbnail","6":"product_cat-levres","7":"product_cat-maquillage","8":"product_cat-soins-visage","9":"desktop-align-center","10":"tablet-align-left","11":"mobile-align-center","13":"first","14":"instock","15":"taxable","16":"shipping-taxable","17":"purchasable","18":"product-type-simple"},"uagb_featured_image_src":{"full":["https:\/\/i0.wp.com\/fabstore.ma\/wp-content\/uploads\/2024\/08\/IMG_20240804_103346_831.webp?fit=585%2C585&ssl=1",585,585,false],"thumbnail":["https:\/\/i0.wp.com\/fabstore.ma\/wp-content\/uploads\/2024\/08\/IMG_20240804_103346_831.webp?resize=150%2C150&ssl=1",150,150,true],"medium":["https:\/\/i0.wp.com\/fabstore.ma\/wp-content\/uploads\/2024\/08\/IMG_20240804_103346_831.webp?fit=300%2C300&ssl=1",300,300,true],"medium_large":["https:\/\/i0.wp.com\/fabstore.ma\/wp-content\/uploads\/2024\/08\/IMG_20240804_103346_831.webp?fit=585%2C585&ssl=1",585,585,true],"large":["https:\/\/i0.wp.com\/fabstore.ma\/wp-content\/uploads\/2024\/08\/IMG_20240804_103346_831.webp?fit=585%2C585&ssl=1",585,585,true],"1536x1536":["https:\/\/i0.wp.com\/fabstore.ma\/wp-content\/uploads\/2024\/08\/IMG_20240804_103346_831.webp?fit=585%2C585&ssl=1",585,585,true],"2048x2048":["https:\/\/i0.wp.com\/fabstore.ma\/wp-content\/uploads\/2024\/08\/IMG_20240804_103346_831.webp?fit=585%2C585&ssl=1",585,585,true],"woocommerce_thumbnail":["https:\/\/i0.wp.com\/fabstore.ma\/wp-content\/uploads\/2024\/08\/IMG_20240804_103346_831.webp?fit=300%2C300&ssl=1",300,300,true],"woocommerce_single":["https:\/\/i0.wp.com\/fabstore.ma\/wp-content\/uploads\/2024\/08\/IMG_20240804_103346_831.webp?fit=585%2C585&ssl=1",585,585,true],"woocommerce_gallery_thumbnail":["https:\/\/i0.wp.com\/fabstore.ma\/wp-content\/uploads\/2024\/08\/IMG_20240804_103346_831.webp?resize=100%2C100&ssl=1",100,100,true]},"uagb_author_info":{"display_name":"admin","author_link":"https:\/\/fabstore.ma\/index.php\/author\/"},"uagb_comment_info":0,"uagb_excerpt":"Baume \u00e0 L\u00e8vres hydratant 15ml","jetpack-related-posts":[],"jetpack_sharing_enabled":true,"_links":{"self":[{"href":"https:\/\/fabstore.ma\/index.php\/wp-json\/wp\/v2\/product\/8769","targetHints":{"allow":["GET"]}}],"collection":[{"href":"https:\/\/fabstore.ma\/index.php\/wp-json\/wp\/v2\/product"}],"about":[{"href":"https:\/\/fabstore.ma\/index.php\/wp-json\/wp\/v2\/types\/product"}],"replies":[{"embeddable":true,"href":"https:\/\/fabstore.ma\/index.php\/wp-json\/wp\/v2\/comments?post=8769"}],"wp:featuredmedia":[{"embeddable":true,"href":"https:\/\/fabstore.ma\/index.php\/wp-json\/wp\/v2\/media\/8771"}],"wp:attachment":[{"href":"https:\/\/fabstore.ma\/index.php\/wp-json\/wp\/v2\/media?parent=8769"}],"wp:term":[{"taxonomy":"product_brand","embeddable":true,"href":"https:\/\/fabstore.ma\/index.php\/wp-json\/wp\/v2\/product_brand?post=8769"},{"taxonomy":"product_cat","embeddable":true,"href":"https:\/\/fabstore.ma\/index.php\/wp-json\/wp\/v2\/product_cat?post=8769"},{"taxonomy":"product_tag","embeddable":true,"href":"https:\/\/fabstore.ma\/index.php\/wp-json\/wp\/v2\/product_tag?post=8769"}],"curies":[{"name":"wp","href":"https:\/\/api.w.org\/{rel}","templated":true}]}}