{"id":8391,"date":"2024-05-28T15:55:35","date_gmt":"2024-05-28T15:55:35","guid":{"rendered":"https:\/\/fabstore.ma\/?post_type=product&#038;p=8391"},"modified":"2026-03-17T14:10:56","modified_gmt":"2026-03-17T14:10:56","slug":"mac-powder-kiss-lipstick-316-devoted-to-chili","status":"publish","type":"product","link":"https:\/\/fabstore.ma\/index.php\/produit\/mac-powder-kiss-lipstick-316-devoted-to-chili\/","title":{"rendered":"MAC &#8211; Powder Kiss Lipstick"},"content":{"rendered":"<p>Une formule luxueuse de rouge \u00e0 l\u00e8vres hydratant et mat. Une couleur riche avec un fini mat doux comme du velours et une tenue hydratante pendant 12 heures.<\/p>\n<p>TOUS LES B\u00c9N\u00c9FICES:<\/p>\n<p>* Fini doux et mat<br \/>\n* Couvrance moyenne et durable<br \/>\n* Procure une hydratation imm\u00e9diate et longue-dur\u00e9e<br \/>\n* Formul\u00e9 avec une texture confortable<br \/>\n* Floute les contours et lisse les l\u00e8vres<br \/>\n* Effet z\u00e9ro mati\u00e8re<\/p>\n","protected":false},"excerpt":{"rendered":"<p>Une formule luxueuse de rouge \u00e0 l\u00e8vres hydratant et mat. Une couleur riche avec un fini mat doux comme du velours et une tenue hydratante pendant 12 heures. TOUS LES B\u00c9N\u00c9FICES: * Fini doux et mat * Couvrance moyenne et durable * Procure une hydratation imm\u00e9diate et longue-dur\u00e9e * Formul\u00e9 avec une texture confortable * [&hellip;]<\/p>\n","protected":false},"featured_media":11141,"comment_status":"open","ping_status":"closed","template":"","meta":{"om_disable_all_campaigns":false,"_uag_custom_page_level_css":"","_monsterinsights_skip_tracking":false,"_monsterinsights_sitenote_active":false,"_monsterinsights_sitenote_note":"","_monsterinsights_sitenote_category":0,"_uf_show_specific_survey":0,"_uf_disable_surveys":false,"site-sidebar-layout":"default","site-content-layout":"","ast-site-content-layout":"default","site-content-style":"default","site-sidebar-style":"default","ast-global-header-display":"","ast-banner-title-visibility":"","ast-main-header-display":"","ast-hfb-above-header-display":"","ast-hfb-below-header-display":"","ast-hfb-mobile-header-display":"","site-post-title":"","ast-breadcrumbs-content":"","ast-featured-img":"","footer-sml-layout":"","ast-disable-related-posts":"","theme-transparent-header-meta":"default","adv-header-id-meta":"","stick-header-meta":"","header-above-stick-meta":"","header-main-stick-meta":"","header-below-stick-meta":"","astra-migrate-meta-layouts":"set","ast-page-background-enabled":"default","ast-page-background-meta":{"desktop":{"background-color":"var(--ast-global-color-4)","background-image":"","background-repeat":"repeat","background-position":"center center","background-size":"auto","background-attachment":"scroll","background-type":"","background-media":"","overlay-type":"","overlay-color":"","overlay-opacity":"","overlay-gradient":""},"tablet":{"background-color":"","background-image":"","background-repeat":"repeat","background-position":"center center","background-size":"auto","background-attachment":"scroll","background-type":"","background-media":"","overlay-type":"","overlay-color":"","overlay-opacity":"","overlay-gradient":""},"mobile":{"background-color":"","background-image":"","background-repeat":"repeat","background-position":"center center","background-size":"auto","background-attachment":"scroll","background-type":"","background-media":"","overlay-type":"","overlay-color":"","overlay-opacity":"","overlay-gradient":""}},"ast-content-background-meta":{"desktop":{"background-color":"var(--ast-global-color-5)","background-image":"","background-repeat":"repeat","background-position":"center center","background-size":"auto","background-attachment":"scroll","background-type":"","background-media":"","overlay-type":"","overlay-color":"","overlay-opacity":"","overlay-gradient":""},"tablet":{"background-color":"var(--ast-global-color-5)","background-image":"","background-repeat":"repeat","background-position":"center center","background-size":"auto","background-attachment":"scroll","background-type":"","background-media":"","overlay-type":"","overlay-color":"","overlay-opacity":"","overlay-gradient":""},"mobile":{"background-color":"var(--ast-global-color-5)","background-image":"","background-repeat":"repeat","background-position":"center center","background-size":"auto","background-attachment":"scroll","background-type":"","background-media":"","overlay-type":"","overlay-color":"","overlay-opacity":"","overlay-gradient":""}},"_joinchat":[]},"product_brand":[],"product_cat":[75,60,172,35],"product_tag":[],"class_list":{"0":"post-8391","1":"product","2":"type-product","3":"status-publish","4":"has-post-thumbnail","6":"product_cat-en-promo","7":"product_cat-levres","8":"product_cat-mac","9":"product_cat-maquillage","10":"desktop-align-center","11":"tablet-align-left","12":"mobile-align-center","14":"first","15":"instock","16":"sale","17":"taxable","18":"shipping-taxable","19":"purchasable","20":"product-type-variable"},"uagb_featured_image_src":{"full":["https:\/\/i0.wp.com\/fabstore.ma\/wp-content\/uploads\/2024\/05\/mac_sku_S4K046_1x1_0.png?fit=1440%2C1440&ssl=1",1440,1440,false],"thumbnail":["https:\/\/i0.wp.com\/fabstore.ma\/wp-content\/uploads\/2024\/05\/mac_sku_S4K046_1x1_0.png?resize=150%2C150&ssl=1",150,150,true],"medium":["https:\/\/i0.wp.com\/fabstore.ma\/wp-content\/uploads\/2024\/05\/mac_sku_S4K046_1x1_0.png?fit=300%2C300&ssl=1",300,300,true],"medium_large":["https:\/\/i0.wp.com\/fabstore.ma\/wp-content\/uploads\/2024\/05\/mac_sku_S4K046_1x1_0.png?fit=768%2C768&ssl=1",768,768,true],"large":["https:\/\/i0.wp.com\/fabstore.ma\/wp-content\/uploads\/2024\/05\/mac_sku_S4K046_1x1_0.png?fit=1024%2C1024&ssl=1",1024,1024,true],"1536x1536":["https:\/\/i0.wp.com\/fabstore.ma\/wp-content\/uploads\/2024\/05\/mac_sku_S4K046_1x1_0.png?fit=1440%2C1440&ssl=1",1440,1440,true],"2048x2048":["https:\/\/i0.wp.com\/fabstore.ma\/wp-content\/uploads\/2024\/05\/mac_sku_S4K046_1x1_0.png?fit=1440%2C1440&ssl=1",1440,1440,true],"woocommerce_thumbnail":["https:\/\/i0.wp.com\/fabstore.ma\/wp-content\/uploads\/2024\/05\/mac_sku_S4K046_1x1_0.png?fit=300%2C300&ssl=1",300,300,true],"woocommerce_single":["https:\/\/i0.wp.com\/fabstore.ma\/wp-content\/uploads\/2024\/05\/mac_sku_S4K046_1x1_0.png?fit=600%2C600&ssl=1",600,600,true],"woocommerce_gallery_thumbnail":["https:\/\/i0.wp.com\/fabstore.ma\/wp-content\/uploads\/2024\/05\/mac_sku_S4K046_1x1_0.png?resize=100%2C100&ssl=1",100,100,true]},"uagb_author_info":{"display_name":"admin","author_link":"https:\/\/fabstore.ma\/index.php\/author\/"},"uagb_comment_info":0,"uagb_excerpt":"Une formule luxueuse de rouge \u00e0 l\u00e8vres hydratant et mat. Une couleur riche avec un fini mat doux comme du velours et une tenue hydratante pendant 12 heures. TOUS LES B\u00c9N\u00c9FICES: * Fini doux et mat * Couvrance moyenne et durable * Procure une hydratation imm\u00e9diate et longue-dur\u00e9e * Formul\u00e9 avec une texture confortable *\u2026","jetpack-related-posts":[],"jetpack_sharing_enabled":true,"_links":{"self":[{"href":"https:\/\/fabstore.ma\/index.php\/wp-json\/wp\/v2\/product\/8391","targetHints":{"allow":["GET"]}}],"collection":[{"href":"https:\/\/fabstore.ma\/index.php\/wp-json\/wp\/v2\/product"}],"about":[{"href":"https:\/\/fabstore.ma\/index.php\/wp-json\/wp\/v2\/types\/product"}],"replies":[{"embeddable":true,"href":"https:\/\/fabstore.ma\/index.php\/wp-json\/wp\/v2\/comments?post=8391"}],"wp:featuredmedia":[{"embeddable":true,"href":"https:\/\/fabstore.ma\/index.php\/wp-json\/wp\/v2\/media\/11141"}],"wp:attachment":[{"href":"https:\/\/fabstore.ma\/index.php\/wp-json\/wp\/v2\/media?parent=8391"}],"wp:term":[{"taxonomy":"product_brand","embeddable":true,"href":"https:\/\/fabstore.ma\/index.php\/wp-json\/wp\/v2\/product_brand?post=8391"},{"taxonomy":"product_cat","embeddable":true,"href":"https:\/\/fabstore.ma\/index.php\/wp-json\/wp\/v2\/product_cat?post=8391"},{"taxonomy":"product_tag","embeddable":true,"href":"https:\/\/fabstore.ma\/index.php\/wp-json\/wp\/v2\/product_tag?post=8391"}],"curies":[{"name":"wp","href":"https:\/\/api.w.org\/{rel}","templated":true}]}}