{"id":8345,"date":"2024-05-04T21:58:25","date_gmt":"2024-05-04T21:58:25","guid":{"rendered":"https:\/\/fabstore.ma\/?post_type=product&#038;p=8345"},"modified":"2026-04-15T02:05:47","modified_gmt":"2026-04-15T02:05:47","slug":"nyx-serum-correcteur-bare-with-me","status":"publish","type":"product","link":"https:\/\/fabstore.ma\/index.php\/produit\/nyx-serum-correcteur-bare-with-me\/","title":{"rendered":"NYX &#8211; S\u00c9RUM CORRECTEUR BARE WITH ME"},"content":{"rendered":"<p>Stress cutan\u00e9 ? Couvrance et hydratation ! Voici notre premier s\u00e9rum correcteur soin pour le visage et le corps. Formule vegan* et jusqu\u2019\u00e0 24 heures d\u2019hydratation pour une peau hydrat\u00e9e toute la journ\u00e9e.<br \/>\nUn soin id\u00e9al pour votre peau ! Les cernes ? Disparus ! Les imperfections ? Masqu\u00e9es ! Les rougeurs ? C\u2019est fini ! La peau s\u00e8che ? De l\u2019histoire ancienne ! Infus\u00e9e de champignon de tr\u00e9melle, d&rsquo;extraits de cica et de th\u00e9 vert. Disponible en 17 teintes. Couvrez et dissimulez vos probl\u00e8mes de peau tout en hydratant votre peau ! Une peau nette et un effet naturel en un clin d&rsquo;\u0153il. Un fini sans effet pl\u00e2tre et une sensation de l\u00e9g\u00e8ret\u00e9. Les rougeurs ? Les irritations ? Texture de la peau ? C\u2019est termin\u00e9 ! Dites au revoir au stress cutan\u00e9 et bonjour \u00e0 une peau unifi\u00e9e et hydrat\u00e9e ! Une couvrance parfaite avec un fini naturel et homog\u00e8ne. <\/p>\n<p>Prenez soin de votre peau en une seule pression ! Application pr\u00e9cise et facile, avec une couvrance discr\u00e8te pour une hydratation jusqu\u2019\u00e0 24 heures.<\/p>\n","protected":false},"excerpt":{"rendered":"<p>Stress cutan\u00e9 ? Couvrance et hydratation ! Voici notre premier s\u00e9rum correcteur soin pour le visage et le corps. Formule vegan* et jusqu\u2019\u00e0 24 heures d\u2019hydratation pour une peau hydrat\u00e9e toute la journ\u00e9e. Un soin id\u00e9al pour votre peau ! Les cernes ? Disparus ! Les imperfections ? Masqu\u00e9es ! Les rougeurs ? C\u2019est fini [&hellip;]<\/p>\n","protected":false},"featured_media":8346,"comment_status":"open","ping_status":"closed","template":"","meta":{"om_disable_all_campaigns":false,"_uag_custom_page_level_css":"","_monsterinsights_skip_tracking":false,"_monsterinsights_sitenote_active":false,"_monsterinsights_sitenote_note":"","_monsterinsights_sitenote_category":0,"_uf_show_specific_survey":0,"_uf_disable_surveys":false,"site-sidebar-layout":"default","site-content-layout":"","ast-site-content-layout":"default","site-content-style":"default","site-sidebar-style":"default","ast-global-header-display":"","ast-banner-title-visibility":"","ast-main-header-display":"","ast-hfb-above-header-display":"","ast-hfb-below-header-display":"","ast-hfb-mobile-header-display":"","site-post-title":"","ast-breadcrumbs-content":"","ast-featured-img":"","footer-sml-layout":"","ast-disable-related-posts":"","theme-transparent-header-meta":"default","adv-header-id-meta":"","stick-header-meta":"","header-above-stick-meta":"","header-main-stick-meta":"","header-below-stick-meta":"","astra-migrate-meta-layouts":"set","ast-page-background-enabled":"default","ast-page-background-meta":{"desktop":{"background-color":"var(--ast-global-color-4)","background-image":"","background-repeat":"repeat","background-position":"center center","background-size":"auto","background-attachment":"scroll","background-type":"","background-media":"","overlay-type":"","overlay-color":"","overlay-opacity":"","overlay-gradient":""},"tablet":{"background-color":"","background-image":"","background-repeat":"repeat","background-position":"center center","background-size":"auto","background-attachment":"scroll","background-type":"","background-media":"","overlay-type":"","overlay-color":"","overlay-opacity":"","overlay-gradient":""},"mobile":{"background-color":"","background-image":"","background-repeat":"repeat","background-position":"center center","background-size":"auto","background-attachment":"scroll","background-type":"","background-media":"","overlay-type":"","overlay-color":"","overlay-opacity":"","overlay-gradient":""}},"ast-content-background-meta":{"desktop":{"background-color":"var(--ast-global-color-5)","background-image":"","background-repeat":"repeat","background-position":"center center","background-size":"auto","background-attachment":"scroll","background-type":"","background-media":"","overlay-type":"","overlay-color":"","overlay-opacity":"","overlay-gradient":""},"tablet":{"background-color":"var(--ast-global-color-5)","background-image":"","background-repeat":"repeat","background-position":"center center","background-size":"auto","background-attachment":"scroll","background-type":"","background-media":"","overlay-type":"","overlay-color":"","overlay-opacity":"","overlay-gradient":""},"mobile":{"background-color":"var(--ast-global-color-5)","background-image":"","background-repeat":"repeat","background-position":"center center","background-size":"auto","background-attachment":"scroll","background-type":"","background-media":"","overlay-type":"","overlay-color":"","overlay-opacity":"","overlay-gradient":""}},"_joinchat":[]},"product_brand":[],"product_cat":[68,35,154,58],"product_tag":[],"class_list":{"0":"post-8345","1":"product","2":"type-product","3":"status-publish","4":"has-post-thumbnail","6":"product_cat-anti-cerne-correcteur","7":"product_cat-maquillage","8":"product_cat-nyx","9":"product_cat-teint","10":"desktop-align-center","11":"tablet-align-left","12":"mobile-align-center","14":"first","15":"instock","16":"taxable","17":"shipping-taxable","18":"purchasable","19":"product-type-variable"},"uagb_featured_image_src":{"full":["https:\/\/i0.wp.com\/fabstore.ma\/wp-content\/uploads\/2024\/05\/NYX-PMU-Makeup-Face-Concealer-BARE-WITH-ME-CONCEALER-SERUM-BWMCCS03-VANILLA-0800897129781-OpenSwatch.jpeg?fit=1000%2C1000&ssl=1",1000,1000,false],"thumbnail":["https:\/\/i0.wp.com\/fabstore.ma\/wp-content\/uploads\/2024\/05\/NYX-PMU-Makeup-Face-Concealer-BARE-WITH-ME-CONCEALER-SERUM-BWMCCS03-VANILLA-0800897129781-OpenSwatch.jpeg?resize=150%2C150&ssl=1",150,150,true],"medium":["https:\/\/i0.wp.com\/fabstore.ma\/wp-content\/uploads\/2024\/05\/NYX-PMU-Makeup-Face-Concealer-BARE-WITH-ME-CONCEALER-SERUM-BWMCCS03-VANILLA-0800897129781-OpenSwatch.jpeg?fit=300%2C300&ssl=1",300,300,true],"medium_large":["https:\/\/i0.wp.com\/fabstore.ma\/wp-content\/uploads\/2024\/05\/NYX-PMU-Makeup-Face-Concealer-BARE-WITH-ME-CONCEALER-SERUM-BWMCCS03-VANILLA-0800897129781-OpenSwatch.jpeg?fit=768%2C768&ssl=1",768,768,true],"large":["https:\/\/i0.wp.com\/fabstore.ma\/wp-content\/uploads\/2024\/05\/NYX-PMU-Makeup-Face-Concealer-BARE-WITH-ME-CONCEALER-SERUM-BWMCCS03-VANILLA-0800897129781-OpenSwatch.jpeg?fit=1000%2C1000&ssl=1",1000,1000,true],"1536x1536":["https:\/\/i0.wp.com\/fabstore.ma\/wp-content\/uploads\/2024\/05\/NYX-PMU-Makeup-Face-Concealer-BARE-WITH-ME-CONCEALER-SERUM-BWMCCS03-VANILLA-0800897129781-OpenSwatch.jpeg?fit=1000%2C1000&ssl=1",1000,1000,true],"2048x2048":["https:\/\/i0.wp.com\/fabstore.ma\/wp-content\/uploads\/2024\/05\/NYX-PMU-Makeup-Face-Concealer-BARE-WITH-ME-CONCEALER-SERUM-BWMCCS03-VANILLA-0800897129781-OpenSwatch.jpeg?fit=1000%2C1000&ssl=1",1000,1000,true],"woocommerce_thumbnail":["https:\/\/i0.wp.com\/fabstore.ma\/wp-content\/uploads\/2024\/05\/NYX-PMU-Makeup-Face-Concealer-BARE-WITH-ME-CONCEALER-SERUM-BWMCCS03-VANILLA-0800897129781-OpenSwatch.jpeg?fit=300%2C300&ssl=1",300,300,true],"woocommerce_single":["https:\/\/i0.wp.com\/fabstore.ma\/wp-content\/uploads\/2024\/05\/NYX-PMU-Makeup-Face-Concealer-BARE-WITH-ME-CONCEALER-SERUM-BWMCCS03-VANILLA-0800897129781-OpenSwatch.jpeg?fit=600%2C600&ssl=1",600,600,true],"woocommerce_gallery_thumbnail":["https:\/\/i0.wp.com\/fabstore.ma\/wp-content\/uploads\/2024\/05\/NYX-PMU-Makeup-Face-Concealer-BARE-WITH-ME-CONCEALER-SERUM-BWMCCS03-VANILLA-0800897129781-OpenSwatch.jpeg?resize=100%2C100&ssl=1",100,100,true]},"uagb_author_info":{"display_name":"admin","author_link":"https:\/\/fabstore.ma\/index.php\/author\/"},"uagb_comment_info":0,"uagb_excerpt":"Stress cutan\u00e9 ? Couvrance et hydratation ! Voici notre premier s\u00e9rum correcteur soin pour le visage et le corps. Formule vegan* et jusqu\u2019\u00e0 24 heures d\u2019hydratation pour une peau hydrat\u00e9e toute la journ\u00e9e. Un soin id\u00e9al pour votre peau ! Les cernes ? Disparus ! Les imperfections ? Masqu\u00e9es ! Les rougeurs ? C\u2019est fini\u2026","jetpack-related-posts":[],"jetpack_sharing_enabled":true,"_links":{"self":[{"href":"https:\/\/fabstore.ma\/index.php\/wp-json\/wp\/v2\/product\/8345","targetHints":{"allow":["GET"]}}],"collection":[{"href":"https:\/\/fabstore.ma\/index.php\/wp-json\/wp\/v2\/product"}],"about":[{"href":"https:\/\/fabstore.ma\/index.php\/wp-json\/wp\/v2\/types\/product"}],"replies":[{"embeddable":true,"href":"https:\/\/fabstore.ma\/index.php\/wp-json\/wp\/v2\/comments?post=8345"}],"wp:featuredmedia":[{"embeddable":true,"href":"https:\/\/fabstore.ma\/index.php\/wp-json\/wp\/v2\/media\/8346"}],"wp:attachment":[{"href":"https:\/\/fabstore.ma\/index.php\/wp-json\/wp\/v2\/media?parent=8345"}],"wp:term":[{"taxonomy":"product_brand","embeddable":true,"href":"https:\/\/fabstore.ma\/index.php\/wp-json\/wp\/v2\/product_brand?post=8345"},{"taxonomy":"product_cat","embeddable":true,"href":"https:\/\/fabstore.ma\/index.php\/wp-json\/wp\/v2\/product_cat?post=8345"},{"taxonomy":"product_tag","embeddable":true,"href":"https:\/\/fabstore.ma\/index.php\/wp-json\/wp\/v2\/product_tag?post=8345"}],"curies":[{"name":"wp","href":"https:\/\/api.w.org\/{rel}","templated":true}]}}