{"id":8174,"date":"2024-04-06T22:18:47","date_gmt":"2024-04-06T22:18:47","guid":{"rendered":"https:\/\/fabstore.ma\/?post_type=product&#038;p=8174"},"modified":"2025-05-27T11:23:30","modified_gmt":"2025-05-27T11:23:30","slug":"kiko-holiday-premiere-volume-curl-mascara","status":"publish","type":"product","link":"https:\/\/fabstore.ma\/index.php\/produit\/kiko-holiday-premiere-volume-curl-mascara\/","title":{"rendered":"KIKO &#8211; Holiday Premi\u00e8re Volume &#038; Curl Mascara"},"content":{"rendered":"<p>Mascara longue tenue jusqu&rsquo;\u00e0 12 heures \u00e0 l&rsquo;huile de jojoba<\/p>\n<div style=\"width: 720px;\" class=\"wp-video\"><video class=\"wp-video-shortcode\" id=\"video-8174-1\" width=\"720\" height=\"1280\" preload=\"metadata\" controls=\"controls\"><source type=\"video\/mp4\" src=\"https:\/\/fabstore.ma\/wp-content\/uploads\/2024\/04\/VID_28011112_142701_859.mp4?_=1\" \/><a href=\"https:\/\/fabstore.ma\/wp-content\/uploads\/2024\/04\/VID_28011112_142701_859.mp4\">https:\/\/fabstore.ma\/wp-content\/uploads\/2024\/04\/VID_28011112_142701_859.mp4<\/a><\/video><\/div>\n<p>Parfait pour :<br \/>\napporter de la profondeur au regard et sublimer les cils gr\u00e2ce \u00e0 une d\u00e9finition extr\u00eame.<\/p>\n<p>Ses particularit\u00e9s :<br \/>\n-Sa formule est enrichie en huile de jojoba.<br \/>\n-Ce produit multifonction permet d\u2019obtenir deux effets en utilisant simplement les diff\u00e9rents c\u00f4t\u00e9s de l\u2019applicateur.<br \/>\n-Sa formule noire intense recouvre les cils sans faire de paquets.<br \/>\n-Sa brosse en \u00e9lastom\u00e8re pr\u00e9sente une forme particuli\u00e8re pour donner aux cils un effet volumateur en utilisant le c\u00f4t\u00e9 droit, et pour donner un effet haute d\u00e9finition en utilisant le c\u00f4t\u00e9 l\u00e9g\u00e8rement incurv\u00e9.<br \/>\n-Son design \u00e9l\u00e9gant au motif matelass\u00e9 le rend iconique et pr\u00e9cieux, \u00e9galement parfait comme id\u00e9e cadeau.<\/p>\n","protected":false},"excerpt":{"rendered":"<p>Full size<\/p>\n","protected":false},"featured_media":8176,"comment_status":"open","ping_status":"closed","template":"","meta":{"om_disable_all_campaigns":false,"_uag_custom_page_level_css":"","_monsterinsights_skip_tracking":false,"_monsterinsights_sitenote_active":false,"_monsterinsights_sitenote_note":"","_monsterinsights_sitenote_category":0,"_uf_show_specific_survey":0,"_uf_disable_surveys":false,"site-sidebar-layout":"default","site-content-layout":"","ast-site-content-layout":"default","site-content-style":"default","site-sidebar-style":"default","ast-global-header-display":"","ast-banner-title-visibility":"","ast-main-header-display":"","ast-hfb-above-header-display":"","ast-hfb-below-header-display":"","ast-hfb-mobile-header-display":"","site-post-title":"","ast-breadcrumbs-content":"","ast-featured-img":"","footer-sml-layout":"","ast-disable-related-posts":"","theme-transparent-header-meta":"default","adv-header-id-meta":"","stick-header-meta":"","header-above-stick-meta":"","header-main-stick-meta":"","header-below-stick-meta":"","astra-migrate-meta-layouts":"set","ast-page-background-enabled":"default","ast-page-background-meta":{"desktop":{"background-color":"var(--ast-global-color-4)","background-image":"","background-repeat":"repeat","background-position":"center center","background-size":"auto","background-attachment":"scroll","background-type":"","background-media":"","overlay-type":"","overlay-color":"","overlay-opacity":"","overlay-gradient":""},"tablet":{"background-color":"","background-image":"","background-repeat":"repeat","background-position":"center center","background-size":"auto","background-attachment":"scroll","background-type":"","background-media":"","overlay-type":"","overlay-color":"","overlay-opacity":"","overlay-gradient":""},"mobile":{"background-color":"","background-image":"","background-repeat":"repeat","background-position":"center center","background-size":"auto","background-attachment":"scroll","background-type":"","background-media":"","overlay-type":"","overlay-color":"","overlay-opacity":"","overlay-gradient":""}},"ast-content-background-meta":{"desktop":{"background-color":"var(--ast-global-color-5)","background-image":"","background-repeat":"repeat","background-position":"center center","background-size":"auto","background-attachment":"scroll","background-type":"","background-media":"","overlay-type":"","overlay-color":"","overlay-opacity":"","overlay-gradient":""},"tablet":{"background-color":"var(--ast-global-color-5)","background-image":"","background-repeat":"repeat","background-position":"center center","background-size":"auto","background-attachment":"scroll","background-type":"","background-media":"","overlay-type":"","overlay-color":"","overlay-opacity":"","overlay-gradient":""},"mobile":{"background-color":"var(--ast-global-color-5)","background-image":"","background-repeat":"repeat","background-position":"center center","background-size":"auto","background-attachment":"scroll","background-type":"","background-media":"","overlay-type":"","overlay-color":"","overlay-opacity":"","overlay-gradient":""}},"_joinchat":[]},"product_brand":[],"product_cat":[75,131,35,191,59],"product_tag":[],"class_list":{"0":"post-8174","1":"product","2":"type-product","3":"status-publish","4":"has-post-thumbnail","6":"product_cat-en-promo","7":"product_cat-kiko","8":"product_cat-maquillage","9":"product_cat-mascara","10":"product_cat-yeux","11":"desktop-align-center","12":"tablet-align-left","13":"mobile-align-center","15":"first","16":"instock","17":"sale","18":"taxable","19":"shipping-taxable","20":"purchasable","21":"product-type-simple"},"uagb_featured_image_src":{"full":["https:\/\/i0.wp.com\/fabstore.ma\/wp-content\/uploads\/2024\/04\/KC000000797001Bprincipale_608Wx608H.webp?fit=608%2C608&ssl=1",608,608,false],"thumbnail":["https:\/\/i0.wp.com\/fabstore.ma\/wp-content\/uploads\/2024\/04\/KC000000797001Bprincipale_608Wx608H.webp?resize=150%2C150&ssl=1",150,150,true],"medium":["https:\/\/i0.wp.com\/fabstore.ma\/wp-content\/uploads\/2024\/04\/KC000000797001Bprincipale_608Wx608H.webp?fit=300%2C300&ssl=1",300,300,true],"medium_large":["https:\/\/i0.wp.com\/fabstore.ma\/wp-content\/uploads\/2024\/04\/KC000000797001Bprincipale_608Wx608H.webp?fit=608%2C608&ssl=1",608,608,true],"large":["https:\/\/i0.wp.com\/fabstore.ma\/wp-content\/uploads\/2024\/04\/KC000000797001Bprincipale_608Wx608H.webp?fit=608%2C608&ssl=1",608,608,true],"1536x1536":["https:\/\/i0.wp.com\/fabstore.ma\/wp-content\/uploads\/2024\/04\/KC000000797001Bprincipale_608Wx608H.webp?fit=608%2C608&ssl=1",608,608,true],"2048x2048":["https:\/\/i0.wp.com\/fabstore.ma\/wp-content\/uploads\/2024\/04\/KC000000797001Bprincipale_608Wx608H.webp?fit=608%2C608&ssl=1",608,608,true],"woocommerce_thumbnail":["https:\/\/i0.wp.com\/fabstore.ma\/wp-content\/uploads\/2024\/04\/KC000000797001Bprincipale_608Wx608H.webp?fit=300%2C300&ssl=1",300,300,true],"woocommerce_single":["https:\/\/i0.wp.com\/fabstore.ma\/wp-content\/uploads\/2024\/04\/KC000000797001Bprincipale_608Wx608H.webp?fit=600%2C600&ssl=1",600,600,true],"woocommerce_gallery_thumbnail":["https:\/\/i0.wp.com\/fabstore.ma\/wp-content\/uploads\/2024\/04\/KC000000797001Bprincipale_608Wx608H.webp?resize=100%2C100&ssl=1",100,100,true]},"uagb_author_info":{"display_name":"admin","author_link":"https:\/\/fabstore.ma\/index.php\/author\/"},"uagb_comment_info":0,"uagb_excerpt":"Full size","jetpack-related-posts":[],"jetpack_sharing_enabled":true,"_links":{"self":[{"href":"https:\/\/fabstore.ma\/index.php\/wp-json\/wp\/v2\/product\/8174","targetHints":{"allow":["GET"]}}],"collection":[{"href":"https:\/\/fabstore.ma\/index.php\/wp-json\/wp\/v2\/product"}],"about":[{"href":"https:\/\/fabstore.ma\/index.php\/wp-json\/wp\/v2\/types\/product"}],"replies":[{"embeddable":true,"href":"https:\/\/fabstore.ma\/index.php\/wp-json\/wp\/v2\/comments?post=8174"}],"wp:featuredmedia":[{"embeddable":true,"href":"https:\/\/fabstore.ma\/index.php\/wp-json\/wp\/v2\/media\/8176"}],"wp:attachment":[{"href":"https:\/\/fabstore.ma\/index.php\/wp-json\/wp\/v2\/media?parent=8174"}],"wp:term":[{"taxonomy":"product_brand","embeddable":true,"href":"https:\/\/fabstore.ma\/index.php\/wp-json\/wp\/v2\/product_brand?post=8174"},{"taxonomy":"product_cat","embeddable":true,"href":"https:\/\/fabstore.ma\/index.php\/wp-json\/wp\/v2\/product_cat?post=8174"},{"taxonomy":"product_tag","embeddable":true,"href":"https:\/\/fabstore.ma\/index.php\/wp-json\/wp\/v2\/product_tag?post=8174"}],"curies":[{"name":"wp","href":"https:\/\/api.w.org\/{rel}","templated":true}]}}