{"id":8095,"date":"2024-03-01T11:18:33","date_gmt":"2024-03-01T11:18:33","guid":{"rendered":"https:\/\/fabstore.ma\/?post_type=product&#038;p=8095"},"modified":"2026-04-10T18:09:25","modified_gmt":"2026-04-10T18:09:25","slug":"benefit-boi-ing-bright-on-concealer","status":"publish","type":"product","link":"https:\/\/fabstore.ma\/index.php\/produit\/benefit-boi-ing-bright-on-concealer\/","title":{"rendered":"BENEFIT &#8211; BOI-ING BRIGHT ON CONCEALER"},"content":{"rendered":"<p>C\u2019est lumineux &#8211; Le correcteur Boi-ing Bright On Brightening Undereye de Benefit illumine visiblement les yeux avec de l\u2019extrait d\u2019algue rouge et du d\u00e9riv\u00e9 de vitamine C, aide \u00e0 cacher les cernes avec des pigments correcteurs de couleur et aide \u00e0 sceller l\u2019hydratation avec une formule semblable \u00e0 un s\u00e9rum pour une lueur sous les yeux.<\/p>\n<div style=\"width: 576px;\" class=\"wp-video\"><video class=\"wp-video-shortcode\" id=\"video-8095-1\" width=\"576\" height=\"1024\" preload=\"metadata\" controls=\"controls\"><source type=\"video\/mp4\" src=\"https:\/\/fabstore.ma\/wp-content\/uploads\/2024\/03\/VID_31030112_163933_361.mp4?_=1\" \/><a href=\"https:\/\/fabstore.ma\/wp-content\/uploads\/2024\/03\/VID_31030112_163933_361.mp4\">https:\/\/fabstore.ma\/wp-content\/uploads\/2024\/03\/VID_31030112_163933_361.mp4<\/a><\/video><\/div>\n","protected":false},"excerpt":{"rendered":"<p>C\u2019est lumineux &#8211; Le correcteur Boi-ing Bright On Brightening Undereye de Benefit illumine visiblement les yeux avec de l\u2019extrait d\u2019algue rouge et du d\u00e9riv\u00e9 de vitamine C, aide \u00e0 cacher les cernes avec des pigments correcteurs de couleur et aide \u00e0 sceller l\u2019hydratation avec une formule semblable \u00e0 un s\u00e9rum pour une lueur sous les [&hellip;]<\/p>\n","protected":false},"featured_media":8096,"comment_status":"open","ping_status":"closed","template":"","meta":{"om_disable_all_campaigns":false,"_uag_custom_page_level_css":"","_monsterinsights_skip_tracking":false,"_monsterinsights_sitenote_active":false,"_monsterinsights_sitenote_note":"","_monsterinsights_sitenote_category":0,"_uf_show_specific_survey":0,"_uf_disable_surveys":false,"site-sidebar-layout":"default","site-content-layout":"","ast-site-content-layout":"default","site-content-style":"default","site-sidebar-style":"default","ast-global-header-display":"","ast-banner-title-visibility":"","ast-main-header-display":"","ast-hfb-above-header-display":"","ast-hfb-below-header-display":"","ast-hfb-mobile-header-display":"","site-post-title":"","ast-breadcrumbs-content":"","ast-featured-img":"","footer-sml-layout":"","ast-disable-related-posts":"","theme-transparent-header-meta":"default","adv-header-id-meta":"","stick-header-meta":"","header-above-stick-meta":"","header-main-stick-meta":"","header-below-stick-meta":"","astra-migrate-meta-layouts":"set","ast-page-background-enabled":"default","ast-page-background-meta":{"desktop":{"background-color":"var(--ast-global-color-4)","background-image":"","background-repeat":"repeat","background-position":"center center","background-size":"auto","background-attachment":"scroll","background-type":"","background-media":"","overlay-type":"","overlay-color":"","overlay-opacity":"","overlay-gradient":""},"tablet":{"background-color":"","background-image":"","background-repeat":"repeat","background-position":"center center","background-size":"auto","background-attachment":"scroll","background-type":"","background-media":"","overlay-type":"","overlay-color":"","overlay-opacity":"","overlay-gradient":""},"mobile":{"background-color":"","background-image":"","background-repeat":"repeat","background-position":"center center","background-size":"auto","background-attachment":"scroll","background-type":"","background-media":"","overlay-type":"","overlay-color":"","overlay-opacity":"","overlay-gradient":""}},"ast-content-background-meta":{"desktop":{"background-color":"var(--ast-global-color-5)","background-image":"","background-repeat":"repeat","background-position":"center center","background-size":"auto","background-attachment":"scroll","background-type":"","background-media":"","overlay-type":"","overlay-color":"","overlay-opacity":"","overlay-gradient":""},"tablet":{"background-color":"var(--ast-global-color-5)","background-image":"","background-repeat":"repeat","background-position":"center center","background-size":"auto","background-attachment":"scroll","background-type":"","background-media":"","overlay-type":"","overlay-color":"","overlay-opacity":"","overlay-gradient":""},"mobile":{"background-color":"var(--ast-global-color-5)","background-image":"","background-repeat":"repeat","background-position":"center center","background-size":"auto","background-attachment":"scroll","background-type":"","background-media":"","overlay-type":"","overlay-color":"","overlay-opacity":"","overlay-gradient":""}},"_joinchat":[]},"product_brand":[],"product_cat":[68,186,170,58,59],"product_tag":[],"class_list":{"0":"post-8095","1":"product","2":"type-product","3":"status-publish","4":"has-post-thumbnail","6":"product_cat-anti-cerne-correcteur","7":"product_cat-benefit","8":"product_cat-black-friday","9":"product_cat-teint","10":"product_cat-yeux","11":"desktop-align-center","12":"tablet-align-left","13":"mobile-align-center","15":"first","16":"instock","17":"sale","18":"taxable","19":"shipping-taxable","20":"purchasable","21":"product-type-simple"},"uagb_featured_image_src":{"full":["https:\/\/i0.wp.com\/fabstore.ma\/wp-content\/uploads\/2024\/03\/2591457.png?fit=664%2C664&ssl=1",664,664,false],"thumbnail":["https:\/\/i0.wp.com\/fabstore.ma\/wp-content\/uploads\/2024\/03\/2591457.png?resize=150%2C150&ssl=1",150,150,true],"medium":["https:\/\/i0.wp.com\/fabstore.ma\/wp-content\/uploads\/2024\/03\/2591457.png?fit=300%2C300&ssl=1",300,300,true],"medium_large":["https:\/\/i0.wp.com\/fabstore.ma\/wp-content\/uploads\/2024\/03\/2591457.png?fit=664%2C664&ssl=1",664,664,true],"large":["https:\/\/i0.wp.com\/fabstore.ma\/wp-content\/uploads\/2024\/03\/2591457.png?fit=664%2C664&ssl=1",664,664,true],"1536x1536":["https:\/\/i0.wp.com\/fabstore.ma\/wp-content\/uploads\/2024\/03\/2591457.png?fit=664%2C664&ssl=1",664,664,true],"2048x2048":["https:\/\/i0.wp.com\/fabstore.ma\/wp-content\/uploads\/2024\/03\/2591457.png?fit=664%2C664&ssl=1",664,664,true],"woocommerce_thumbnail":["https:\/\/i0.wp.com\/fabstore.ma\/wp-content\/uploads\/2024\/03\/2591457.png?fit=300%2C300&ssl=1",300,300,true],"woocommerce_single":["https:\/\/i0.wp.com\/fabstore.ma\/wp-content\/uploads\/2024\/03\/2591457.png?fit=600%2C600&ssl=1",600,600,true],"woocommerce_gallery_thumbnail":["https:\/\/i0.wp.com\/fabstore.ma\/wp-content\/uploads\/2024\/03\/2591457.png?resize=100%2C100&ssl=1",100,100,true]},"uagb_author_info":{"display_name":"admin","author_link":"https:\/\/fabstore.ma\/index.php\/author\/"},"uagb_comment_info":0,"uagb_excerpt":"C\u2019est lumineux &#8211; Le correcteur Boi-ing Bright On Brightening Undereye de Benefit illumine visiblement les yeux avec de l\u2019extrait d\u2019algue rouge et du d\u00e9riv\u00e9 de vitamine C, aide \u00e0 cacher les cernes avec des pigments correcteurs de couleur et aide \u00e0 sceller l\u2019hydratation avec une formule semblable \u00e0 un s\u00e9rum pour une lueur sous les\u2026","jetpack-related-posts":[],"jetpack_sharing_enabled":true,"_links":{"self":[{"href":"https:\/\/fabstore.ma\/index.php\/wp-json\/wp\/v2\/product\/8095","targetHints":{"allow":["GET"]}}],"collection":[{"href":"https:\/\/fabstore.ma\/index.php\/wp-json\/wp\/v2\/product"}],"about":[{"href":"https:\/\/fabstore.ma\/index.php\/wp-json\/wp\/v2\/types\/product"}],"replies":[{"embeddable":true,"href":"https:\/\/fabstore.ma\/index.php\/wp-json\/wp\/v2\/comments?post=8095"}],"wp:featuredmedia":[{"embeddable":true,"href":"https:\/\/fabstore.ma\/index.php\/wp-json\/wp\/v2\/media\/8096"}],"wp:attachment":[{"href":"https:\/\/fabstore.ma\/index.php\/wp-json\/wp\/v2\/media?parent=8095"}],"wp:term":[{"taxonomy":"product_brand","embeddable":true,"href":"https:\/\/fabstore.ma\/index.php\/wp-json\/wp\/v2\/product_brand?post=8095"},{"taxonomy":"product_cat","embeddable":true,"href":"https:\/\/fabstore.ma\/index.php\/wp-json\/wp\/v2\/product_cat?post=8095"},{"taxonomy":"product_tag","embeddable":true,"href":"https:\/\/fabstore.ma\/index.php\/wp-json\/wp\/v2\/product_tag?post=8095"}],"curies":[{"name":"wp","href":"https:\/\/api.w.org\/{rel}","templated":true}]}}