{"id":8072,"date":"2024-02-27T14:21:25","date_gmt":"2024-02-27T14:21:25","guid":{"rendered":"https:\/\/fabstore.ma\/?post_type=product&#038;p=8072"},"modified":"2025-04-16T16:36:20","modified_gmt":"2025-04-16T16:36:20","slug":"kiko-milano-skin-tone-powder-foundation-compact","status":"publish","type":"product","link":"https:\/\/fabstore.ma\/index.php\/produit\/kiko-milano-skin-tone-powder-foundation-compact\/","title":{"rendered":"KIKO &#8211; Skin Tone Powder Foundation Compact"},"content":{"rendered":"<p>Fond de teint en poudre Skin Tone<\/p>\n<p>Fond de teint compact en poudre min\u00e9rale, fini mat et r\u00e9sultats durables.<\/p>\n<p>Texture de poudre innovante qui est cr\u00e9meuse, confortable et enrichie en huiles, qui ne s\u00e8che pas et s\u2019applique parfaitement sur la peau. <\/p>\n<p>Le compact dispose d\u2019une fermeture magn\u00e9tique et miroir et comprend un applicateur con\u00e7u pour une application optimale.<\/p>\n<p>Produit adapt\u00e9 aux peaux normales \u00e0 mixtes.<\/p>\n","protected":false},"excerpt":{"rendered":"<p>Fond de teint en poudre Skin Tone Fond de teint compact en poudre min\u00e9rale, fini mat et r\u00e9sultats durables. Texture de poudre innovante qui est cr\u00e9meuse, confortable et enrichie en huiles, qui ne s\u00e8che pas et s\u2019applique parfaitement sur la peau. Le compact dispose d\u2019une fermeture magn\u00e9tique et miroir et comprend un applicateur con\u00e7u pour [&hellip;]<\/p>\n","protected":false},"featured_media":8073,"comment_status":"open","ping_status":"closed","template":"","meta":{"om_disable_all_campaigns":false,"_uag_custom_page_level_css":"","_monsterinsights_skip_tracking":false,"_monsterinsights_sitenote_active":false,"_monsterinsights_sitenote_note":"","_monsterinsights_sitenote_category":0,"_uf_show_specific_survey":0,"_uf_disable_surveys":false,"site-sidebar-layout":"default","site-content-layout":"","ast-site-content-layout":"default","site-content-style":"default","site-sidebar-style":"default","ast-global-header-display":"","ast-banner-title-visibility":"","ast-main-header-display":"","ast-hfb-above-header-display":"","ast-hfb-below-header-display":"","ast-hfb-mobile-header-display":"","site-post-title":"","ast-breadcrumbs-content":"","ast-featured-img":"","footer-sml-layout":"","ast-disable-related-posts":"","theme-transparent-header-meta":"default","adv-header-id-meta":"","stick-header-meta":"","header-above-stick-meta":"","header-main-stick-meta":"","header-below-stick-meta":"","astra-migrate-meta-layouts":"set","ast-page-background-enabled":"default","ast-page-background-meta":{"desktop":{"background-color":"var(--ast-global-color-4)","background-image":"","background-repeat":"repeat","background-position":"center center","background-size":"auto","background-attachment":"scroll","background-type":"","background-media":"","overlay-type":"","overlay-color":"","overlay-opacity":"","overlay-gradient":""},"tablet":{"background-color":"","background-image":"","background-repeat":"repeat","background-position":"center center","background-size":"auto","background-attachment":"scroll","background-type":"","background-media":"","overlay-type":"","overlay-color":"","overlay-opacity":"","overlay-gradient":""},"mobile":{"background-color":"","background-image":"","background-repeat":"repeat","background-position":"center center","background-size":"auto","background-attachment":"scroll","background-type":"","background-media":"","overlay-type":"","overlay-color":"","overlay-opacity":"","overlay-gradient":""}},"ast-content-background-meta":{"desktop":{"background-color":"var(--ast-global-color-5)","background-image":"","background-repeat":"repeat","background-position":"center center","background-size":"auto","background-attachment":"scroll","background-type":"","background-media":"","overlay-type":"","overlay-color":"","overlay-opacity":"","overlay-gradient":""},"tablet":{"background-color":"var(--ast-global-color-5)","background-image":"","background-repeat":"repeat","background-position":"center center","background-size":"auto","background-attachment":"scroll","background-type":"","background-media":"","overlay-type":"","overlay-color":"","overlay-opacity":"","overlay-gradient":""},"mobile":{"background-color":"var(--ast-global-color-5)","background-image":"","background-repeat":"repeat","background-position":"center center","background-size":"auto","background-attachment":"scroll","background-type":"","background-media":"","overlay-type":"","overlay-color":"","overlay-opacity":"","overlay-gradient":""}},"_joinchat":[]},"product_brand":[],"product_cat":[66,131,35,58],"product_tag":[],"class_list":{"0":"post-8072","1":"product","2":"type-product","3":"status-publish","4":"has-post-thumbnail","6":"product_cat-fond-de-teint","7":"product_cat-kiko","8":"product_cat-maquillage","9":"product_cat-teint","10":"desktop-align-center","11":"tablet-align-left","12":"mobile-align-center","14":"first","15":"instock","16":"taxable","17":"shipping-taxable","18":"purchasable","19":"product-type-variable"},"uagb_featured_image_src":{"full":["https:\/\/i0.wp.com\/fabstore.ma\/wp-content\/uploads\/2024\/02\/415es9MPKkL._AC_.jpg?fit=461%2C432&ssl=1",461,432,false],"thumbnail":["https:\/\/i0.wp.com\/fabstore.ma\/wp-content\/uploads\/2024\/02\/415es9MPKkL._AC_.jpg?resize=150%2C150&ssl=1",150,150,true],"medium":["https:\/\/i0.wp.com\/fabstore.ma\/wp-content\/uploads\/2024\/02\/415es9MPKkL._AC_.jpg?fit=300%2C281&ssl=1",300,281,true],"medium_large":["https:\/\/i0.wp.com\/fabstore.ma\/wp-content\/uploads\/2024\/02\/415es9MPKkL._AC_.jpg?fit=461%2C432&ssl=1",461,432,true],"large":["https:\/\/i0.wp.com\/fabstore.ma\/wp-content\/uploads\/2024\/02\/415es9MPKkL._AC_.jpg?fit=461%2C432&ssl=1",461,432,true],"1536x1536":["https:\/\/i0.wp.com\/fabstore.ma\/wp-content\/uploads\/2024\/02\/415es9MPKkL._AC_.jpg?fit=461%2C432&ssl=1",461,432,true],"2048x2048":["https:\/\/i0.wp.com\/fabstore.ma\/wp-content\/uploads\/2024\/02\/415es9MPKkL._AC_.jpg?fit=461%2C432&ssl=1",461,432,true],"woocommerce_thumbnail":["https:\/\/i0.wp.com\/fabstore.ma\/wp-content\/uploads\/2024\/02\/415es9MPKkL._AC_.jpg?fit=300%2C281&ssl=1",300,281,true],"woocommerce_single":["https:\/\/i0.wp.com\/fabstore.ma\/wp-content\/uploads\/2024\/02\/415es9MPKkL._AC_.jpg?fit=461%2C432&ssl=1",461,432,true],"woocommerce_gallery_thumbnail":["https:\/\/i0.wp.com\/fabstore.ma\/wp-content\/uploads\/2024\/02\/415es9MPKkL._AC_.jpg?resize=100%2C100&ssl=1",100,100,true]},"uagb_author_info":{"display_name":"admin","author_link":"https:\/\/fabstore.ma\/index.php\/author\/"},"uagb_comment_info":0,"uagb_excerpt":"Fond de teint en poudre Skin Tone Fond de teint compact en poudre min\u00e9rale, fini mat et r\u00e9sultats durables. Texture de poudre innovante qui est cr\u00e9meuse, confortable et enrichie en huiles, qui ne s\u00e8che pas et s\u2019applique parfaitement sur la peau. Le compact dispose d\u2019une fermeture magn\u00e9tique et miroir et comprend un applicateur con\u00e7u pour\u2026","jetpack-related-posts":[],"jetpack_sharing_enabled":true,"_links":{"self":[{"href":"https:\/\/fabstore.ma\/index.php\/wp-json\/wp\/v2\/product\/8072","targetHints":{"allow":["GET"]}}],"collection":[{"href":"https:\/\/fabstore.ma\/index.php\/wp-json\/wp\/v2\/product"}],"about":[{"href":"https:\/\/fabstore.ma\/index.php\/wp-json\/wp\/v2\/types\/product"}],"replies":[{"embeddable":true,"href":"https:\/\/fabstore.ma\/index.php\/wp-json\/wp\/v2\/comments?post=8072"}],"wp:featuredmedia":[{"embeddable":true,"href":"https:\/\/fabstore.ma\/index.php\/wp-json\/wp\/v2\/media\/8073"}],"wp:attachment":[{"href":"https:\/\/fabstore.ma\/index.php\/wp-json\/wp\/v2\/media?parent=8072"}],"wp:term":[{"taxonomy":"product_brand","embeddable":true,"href":"https:\/\/fabstore.ma\/index.php\/wp-json\/wp\/v2\/product_brand?post=8072"},{"taxonomy":"product_cat","embeddable":true,"href":"https:\/\/fabstore.ma\/index.php\/wp-json\/wp\/v2\/product_cat?post=8072"},{"taxonomy":"product_tag","embeddable":true,"href":"https:\/\/fabstore.ma\/index.php\/wp-json\/wp\/v2\/product_tag?post=8072"}],"curies":[{"name":"wp","href":"https:\/\/api.w.org\/{rel}","templated":true}]}}