{"id":7854,"date":"2024-01-13T23:30:58","date_gmt":"2024-01-13T23:30:58","guid":{"rendered":"https:\/\/fabstore.ma\/?post_type=product&#038;p=7854"},"modified":"2026-02-12T22:40:34","modified_gmt":"2026-02-12T22:40:34","slug":"sephora-collection-size-up","status":"publish","type":"product","link":"https:\/\/fabstore.ma\/index.php\/produit\/sephora-collection-size-up\/","title":{"rendered":"SEPHORA &#8211; Size Up &#8211; Mascara Volume Extra Large Imm\u00e9diat"},"content":{"rendered":"<p>Un mascara SEPHORA COLLECTION qui offre un volume extra large imm\u00e9diat coupl\u00e9 \u00e0 un effet allongeant et recourbant, pour des cils surdimensionn\u00e9s d\u00e8s le premier passage.<\/p>\n<p>       \u2022    R\u00e9sultat : Volume<\/p>\n<div style=\"width: 576px;\" class=\"wp-video\"><video class=\"wp-video-shortcode\" id=\"video-7854-1\" width=\"576\" height=\"1024\" preload=\"metadata\" controls=\"controls\"><source type=\"video\/mp4\" src=\"https:\/\/fabstore.ma\/wp-content\/uploads\/2024\/01\/ssstik.io_@sephoracollection_1730285715743.mp4?_=1\" \/><a href=\"https:\/\/fabstore.ma\/wp-content\/uploads\/2024\/01\/ssstik.io_@sephoracollection_1730285715743.mp4\">https:\/\/fabstore.ma\/wp-content\/uploads\/2024\/01\/ssstik.io_@sephoracollection_1730285715743.mp4<\/a><\/video><\/div>\n<p>Le mascara pour des cils au volume extr\u00eame<br \/>\nMake Every Day Big(1) : le volume de vos cils ne sera jamais trop extr\u00eame, passez \u00e0 la taille sup\u00e9rieure ! Avec ce mascara volume, voyez les choses en grand et obtenez une frange de cils surdimensionn\u00e9e en un clin d&rsquo;oeil : +180% de volume en quelques passages(2), pour des cils \u00e9toff\u00e9s qui viennent sublimer votre maquillage des yeux, et agrandir votre regard. Passez vos cils d&rsquo;une taille L \u00e0 XXL en un instant.<br \/>\nUn mascara qui mise sur le volume jusque dans son packaging : Size Up poss\u00e8de une contenance de 14 ml. Un mascara qui envoie le volume \u00e0 plein tube !<\/p>\n<p>Mascara volume = formule longue-tenue + brosse \u00e0 toute \u00e9preuve<br \/>\nEnrichi en micro-perles volumatrices, ce mascara volume poss\u00e8de une formule longue-tenue, qui r\u00e9siste tout au long de la journ\u00e9e. L\u2019autre atout de Size Up ? Sa brosse sablier pour un effet volume imm\u00e9diat : au centre, les fibres courtes chargent les cils pour un effet volume intense, ultra-noir. Aux extr\u00e9mit\u00e9s, les fibres longues diffusent la formule le long des cils pour une frange allong\u00e9e, recourb\u00e9e et d\u00e9ploy\u00e9e.<br \/>\nOn aime la formule vegan de ce mascara volume, con\u00e7ue sans ingr\u00e9dients d&rsquo;origine animale.<\/p>\n<p>(1) voyez la vie en grand<br \/>\n(2) r\u00e9sultat moyen obtenu apr\u00e8s 20 passages de la brosse. Test r\u00e9alis\u00e9 sur 24 faux cils.<\/p>\n","protected":false},"excerpt":{"rendered":"<p>Full size<\/p>\n","protected":false},"featured_media":7855,"comment_status":"open","ping_status":"closed","template":"","meta":{"om_disable_all_campaigns":false,"_uag_custom_page_level_css":"","_monsterinsights_skip_tracking":false,"_monsterinsights_sitenote_active":false,"_monsterinsights_sitenote_note":"","_monsterinsights_sitenote_category":0,"_uf_show_specific_survey":0,"_uf_disable_surveys":false,"site-sidebar-layout":"default","site-content-layout":"","ast-site-content-layout":"default","site-content-style":"default","site-sidebar-style":"default","ast-global-header-display":"","ast-banner-title-visibility":"","ast-main-header-display":"","ast-hfb-above-header-display":"","ast-hfb-below-header-display":"","ast-hfb-mobile-header-display":"","site-post-title":"","ast-breadcrumbs-content":"","ast-featured-img":"","footer-sml-layout":"","ast-disable-related-posts":"","theme-transparent-header-meta":"default","adv-header-id-meta":"","stick-header-meta":"","header-above-stick-meta":"","header-main-stick-meta":"","header-below-stick-meta":"","astra-migrate-meta-layouts":"set","ast-page-background-enabled":"default","ast-page-background-meta":{"desktop":{"background-color":"var(--ast-global-color-4)","background-image":"","background-repeat":"repeat","background-position":"center center","background-size":"auto","background-attachment":"scroll","background-type":"","background-media":"","overlay-type":"","overlay-color":"","overlay-opacity":"","overlay-gradient":""},"tablet":{"background-color":"","background-image":"","background-repeat":"repeat","background-position":"center center","background-size":"auto","background-attachment":"scroll","background-type":"","background-media":"","overlay-type":"","overlay-color":"","overlay-opacity":"","overlay-gradient":""},"mobile":{"background-color":"","background-image":"","background-repeat":"repeat","background-position":"center center","background-size":"auto","background-attachment":"scroll","background-type":"","background-media":"","overlay-type":"","overlay-color":"","overlay-opacity":"","overlay-gradient":""}},"ast-content-background-meta":{"desktop":{"background-color":"var(--ast-global-color-5)","background-image":"","background-repeat":"repeat","background-position":"center center","background-size":"auto","background-attachment":"scroll","background-type":"","background-media":"","overlay-type":"","overlay-color":"","overlay-opacity":"","overlay-gradient":""},"tablet":{"background-color":"var(--ast-global-color-5)","background-image":"","background-repeat":"repeat","background-position":"center center","background-size":"auto","background-attachment":"scroll","background-type":"","background-media":"","overlay-type":"","overlay-color":"","overlay-opacity":"","overlay-gradient":""},"mobile":{"background-color":"var(--ast-global-color-5)","background-image":"","background-repeat":"repeat","background-position":"center center","background-size":"auto","background-attachment":"scroll","background-type":"","background-media":"","overlay-type":"","overlay-color":"","overlay-opacity":"","overlay-gradient":""}},"_joinchat":[]},"product_brand":[],"product_cat":[35,191,152,59],"product_tag":[],"class_list":{"0":"post-7854","1":"product","2":"type-product","3":"status-publish","4":"has-post-thumbnail","6":"product_cat-maquillage","7":"product_cat-mascara","8":"product_cat-sephora","9":"product_cat-yeux","10":"desktop-align-center","11":"tablet-align-left","12":"mobile-align-center","14":"first","15":"outofstock","16":"taxable","17":"shipping-taxable","18":"purchasable","19":"product-type-simple"},"uagb_featured_image_src":{"full":["https:\/\/i0.wp.com\/fabstore.ma\/wp-content\/uploads\/2024\/01\/P3940111_2.webp?fit=1080%2C1080&ssl=1",1080,1080,false],"thumbnail":["https:\/\/i0.wp.com\/fabstore.ma\/wp-content\/uploads\/2024\/01\/P3940111_2.webp?resize=150%2C150&ssl=1",150,150,true],"medium":["https:\/\/i0.wp.com\/fabstore.ma\/wp-content\/uploads\/2024\/01\/P3940111_2.webp?fit=300%2C300&ssl=1",300,300,true],"medium_large":["https:\/\/i0.wp.com\/fabstore.ma\/wp-content\/uploads\/2024\/01\/P3940111_2.webp?fit=768%2C768&ssl=1",768,768,true],"large":["https:\/\/i0.wp.com\/fabstore.ma\/wp-content\/uploads\/2024\/01\/P3940111_2.webp?fit=1024%2C1024&ssl=1",1024,1024,true],"1536x1536":["https:\/\/i0.wp.com\/fabstore.ma\/wp-content\/uploads\/2024\/01\/P3940111_2.webp?fit=1080%2C1080&ssl=1",1080,1080,true],"2048x2048":["https:\/\/i0.wp.com\/fabstore.ma\/wp-content\/uploads\/2024\/01\/P3940111_2.webp?fit=1080%2C1080&ssl=1",1080,1080,true],"woocommerce_thumbnail":["https:\/\/i0.wp.com\/fabstore.ma\/wp-content\/uploads\/2024\/01\/P3940111_2.webp?fit=300%2C300&ssl=1",300,300,true],"woocommerce_single":["https:\/\/i0.wp.com\/fabstore.ma\/wp-content\/uploads\/2024\/01\/P3940111_2.webp?fit=600%2C600&ssl=1",600,600,true],"woocommerce_gallery_thumbnail":["https:\/\/i0.wp.com\/fabstore.ma\/wp-content\/uploads\/2024\/01\/P3940111_2.webp?resize=100%2C100&ssl=1",100,100,true]},"uagb_author_info":{"display_name":"admin","author_link":"https:\/\/fabstore.ma\/index.php\/author\/"},"uagb_comment_info":0,"uagb_excerpt":"Full size","jetpack-related-posts":[],"jetpack_sharing_enabled":true,"_links":{"self":[{"href":"https:\/\/fabstore.ma\/index.php\/wp-json\/wp\/v2\/product\/7854","targetHints":{"allow":["GET"]}}],"collection":[{"href":"https:\/\/fabstore.ma\/index.php\/wp-json\/wp\/v2\/product"}],"about":[{"href":"https:\/\/fabstore.ma\/index.php\/wp-json\/wp\/v2\/types\/product"}],"replies":[{"embeddable":true,"href":"https:\/\/fabstore.ma\/index.php\/wp-json\/wp\/v2\/comments?post=7854"}],"wp:featuredmedia":[{"embeddable":true,"href":"https:\/\/fabstore.ma\/index.php\/wp-json\/wp\/v2\/media\/7855"}],"wp:attachment":[{"href":"https:\/\/fabstore.ma\/index.php\/wp-json\/wp\/v2\/media?parent=7854"}],"wp:term":[{"taxonomy":"product_brand","embeddable":true,"href":"https:\/\/fabstore.ma\/index.php\/wp-json\/wp\/v2\/product_brand?post=7854"},{"taxonomy":"product_cat","embeddable":true,"href":"https:\/\/fabstore.ma\/index.php\/wp-json\/wp\/v2\/product_cat?post=7854"},{"taxonomy":"product_tag","embeddable":true,"href":"https:\/\/fabstore.ma\/index.php\/wp-json\/wp\/v2\/product_tag?post=7854"}],"curies":[{"name":"wp","href":"https:\/\/api.w.org\/{rel}","templated":true}]}}