{"id":7845,"date":"2024-01-13T17:39:06","date_gmt":"2024-01-13T17:39:06","guid":{"rendered":"https:\/\/fabstore.ma\/?post_type=product&#038;p=7845"},"modified":"2024-09-21T17:25:47","modified_gmt":"2024-09-21T17:25:47","slug":"ff-iconic-lipstick","status":"publish","type":"product","link":"https:\/\/fabstore.ma\/index.php\/produit\/ff-iconic-lipstick\/","title":{"rendered":"Fashion Fair &#8211; Iconic Lipstick"},"content":{"rendered":"<p>NOS MEILLEURES VENTES EMBL\u00c9MATIQUES, R\u00c9INVENT\u00c9ES POUR LA PROCHAINE G\u00c9N\u00c9RATION. LES TEINTES RICHEMENT PIGMENT\u00c9ES \u2013 DES NUDES \u00c9CLATANTS AUX ROUGES ET AUX BAIES F\u00c9ROCES \u2013 SE D\u00c9TACHENT SUR LES TONS DE PEAU PLUS PROFONDS, ENVELOPPANT LES L\u00c8VRES D\u2019UNE COULEUR D\u00c9CADENTE QUI FAIT TOURNER LA T\u00caTE.<\/p>\n<p>Et, comme tous les nouveaux produits du salon de la mode, nos rouges \u00e0 l\u00e8vres embl\u00e9matiques sont v\u00e9g\u00e9taliens. <\/p>\n","protected":false},"excerpt":{"rendered":"<p>NOS MEILLEURES VENTES EMBL\u00c9MATIQUES, R\u00c9INVENT\u00c9ES POUR LA PROCHAINE G\u00c9N\u00c9RATION. LES TEINTES RICHEMENT PIGMENT\u00c9ES \u2013 DES NUDES \u00c9CLATANTS AUX ROUGES ET AUX BAIES F\u00c9ROCES \u2013 SE D\u00c9TACHENT SUR LES TONS DE PEAU PLUS PROFONDS, ENVELOPPANT LES L\u00c8VRES D\u2019UNE COULEUR D\u00c9CADENTE QUI FAIT TOURNER LA T\u00caTE. Et, comme tous les nouveaux produits du salon de la mode, [&hellip;]<\/p>\n","protected":false},"featured_media":7847,"comment_status":"open","ping_status":"closed","template":"","meta":{"om_disable_all_campaigns":false,"_uag_custom_page_level_css":"","_monsterinsights_skip_tracking":false,"_monsterinsights_sitenote_active":false,"_monsterinsights_sitenote_note":"","_monsterinsights_sitenote_category":0,"_uf_show_specific_survey":0,"_uf_disable_surveys":false,"site-sidebar-layout":"default","site-content-layout":"","ast-site-content-layout":"default","site-content-style":"default","site-sidebar-style":"default","ast-global-header-display":"","ast-banner-title-visibility":"","ast-main-header-display":"","ast-hfb-above-header-display":"","ast-hfb-below-header-display":"","ast-hfb-mobile-header-display":"","site-post-title":"","ast-breadcrumbs-content":"","ast-featured-img":"","footer-sml-layout":"","ast-disable-related-posts":"","theme-transparent-header-meta":"default","adv-header-id-meta":"","stick-header-meta":"","header-above-stick-meta":"","header-main-stick-meta":"","header-below-stick-meta":"","astra-migrate-meta-layouts":"set","ast-page-background-enabled":"default","ast-page-background-meta":{"desktop":{"background-color":"var(--ast-global-color-4)","background-image":"","background-repeat":"repeat","background-position":"center center","background-size":"auto","background-attachment":"scroll","background-type":"","background-media":"","overlay-type":"","overlay-color":"","overlay-opacity":"","overlay-gradient":""},"tablet":{"background-color":"","background-image":"","background-repeat":"repeat","background-position":"center center","background-size":"auto","background-attachment":"scroll","background-type":"","background-media":"","overlay-type":"","overlay-color":"","overlay-opacity":"","overlay-gradient":""},"mobile":{"background-color":"","background-image":"","background-repeat":"repeat","background-position":"center center","background-size":"auto","background-attachment":"scroll","background-type":"","background-media":"","overlay-type":"","overlay-color":"","overlay-opacity":"","overlay-gradient":""}},"ast-content-background-meta":{"desktop":{"background-color":"var(--ast-global-color-5)","background-image":"","background-repeat":"repeat","background-position":"center center","background-size":"auto","background-attachment":"scroll","background-type":"","background-media":"","overlay-type":"","overlay-color":"","overlay-opacity":"","overlay-gradient":""},"tablet":{"background-color":"var(--ast-global-color-5)","background-image":"","background-repeat":"repeat","background-position":"center center","background-size":"auto","background-attachment":"scroll","background-type":"","background-media":"","overlay-type":"","overlay-color":"","overlay-opacity":"","overlay-gradient":""},"mobile":{"background-color":"var(--ast-global-color-5)","background-image":"","background-repeat":"repeat","background-position":"center center","background-size":"auto","background-attachment":"scroll","background-type":"","background-media":"","overlay-type":"","overlay-color":"","overlay-opacity":"","overlay-gradient":""}},"_joinchat":[]},"product_brand":[],"product_cat":[60,35],"product_tag":[],"class_list":{"0":"post-7845","1":"product","2":"type-product","3":"status-publish","4":"has-post-thumbnail","6":"product_cat-levres","7":"product_cat-maquillage","8":"desktop-align-center","9":"tablet-align-left","10":"mobile-align-center","12":"first","13":"instock","14":"taxable","15":"shipping-taxable","16":"purchasable","17":"product-type-variable"},"uagb_featured_image_src":{"full":["https:\/\/i0.wp.com\/fabstore.ma\/wp-content\/uploads\/2024\/01\/FF_LIPSTICK_Ganache_1200x.jpg?fit=1000%2C1000&ssl=1",1000,1000,false],"thumbnail":["https:\/\/i0.wp.com\/fabstore.ma\/wp-content\/uploads\/2024\/01\/FF_LIPSTICK_Ganache_1200x.jpg?resize=150%2C150&ssl=1",150,150,true],"medium":["https:\/\/i0.wp.com\/fabstore.ma\/wp-content\/uploads\/2024\/01\/FF_LIPSTICK_Ganache_1200x.jpg?fit=300%2C300&ssl=1",300,300,true],"medium_large":["https:\/\/i0.wp.com\/fabstore.ma\/wp-content\/uploads\/2024\/01\/FF_LIPSTICK_Ganache_1200x.jpg?fit=768%2C768&ssl=1",768,768,true],"large":["https:\/\/i0.wp.com\/fabstore.ma\/wp-content\/uploads\/2024\/01\/FF_LIPSTICK_Ganache_1200x.jpg?fit=1000%2C1000&ssl=1",1000,1000,true],"1536x1536":["https:\/\/i0.wp.com\/fabstore.ma\/wp-content\/uploads\/2024\/01\/FF_LIPSTICK_Ganache_1200x.jpg?fit=1000%2C1000&ssl=1",1000,1000,true],"2048x2048":["https:\/\/i0.wp.com\/fabstore.ma\/wp-content\/uploads\/2024\/01\/FF_LIPSTICK_Ganache_1200x.jpg?fit=1000%2C1000&ssl=1",1000,1000,true],"woocommerce_thumbnail":["https:\/\/i0.wp.com\/fabstore.ma\/wp-content\/uploads\/2024\/01\/FF_LIPSTICK_Ganache_1200x.jpg?fit=300%2C300&ssl=1",300,300,true],"woocommerce_single":["https:\/\/i0.wp.com\/fabstore.ma\/wp-content\/uploads\/2024\/01\/FF_LIPSTICK_Ganache_1200x.jpg?fit=600%2C600&ssl=1",600,600,true],"woocommerce_gallery_thumbnail":["https:\/\/i0.wp.com\/fabstore.ma\/wp-content\/uploads\/2024\/01\/FF_LIPSTICK_Ganache_1200x.jpg?resize=100%2C100&ssl=1",100,100,true]},"uagb_author_info":{"display_name":"admin","author_link":"https:\/\/fabstore.ma\/index.php\/author\/"},"uagb_comment_info":0,"uagb_excerpt":"NOS MEILLEURES VENTES EMBL\u00c9MATIQUES, R\u00c9INVENT\u00c9ES POUR LA PROCHAINE G\u00c9N\u00c9RATION. LES TEINTES RICHEMENT PIGMENT\u00c9ES \u2013 DES NUDES \u00c9CLATANTS AUX ROUGES ET AUX BAIES F\u00c9ROCES \u2013 SE D\u00c9TACHENT SUR LES TONS DE PEAU PLUS PROFONDS, ENVELOPPANT LES L\u00c8VRES D\u2019UNE COULEUR D\u00c9CADENTE QUI FAIT TOURNER LA T\u00caTE. Et, comme tous les nouveaux produits du salon de la mode,\u2026","jetpack-related-posts":[],"jetpack_sharing_enabled":true,"_links":{"self":[{"href":"https:\/\/fabstore.ma\/index.php\/wp-json\/wp\/v2\/product\/7845","targetHints":{"allow":["GET"]}}],"collection":[{"href":"https:\/\/fabstore.ma\/index.php\/wp-json\/wp\/v2\/product"}],"about":[{"href":"https:\/\/fabstore.ma\/index.php\/wp-json\/wp\/v2\/types\/product"}],"replies":[{"embeddable":true,"href":"https:\/\/fabstore.ma\/index.php\/wp-json\/wp\/v2\/comments?post=7845"}],"wp:featuredmedia":[{"embeddable":true,"href":"https:\/\/fabstore.ma\/index.php\/wp-json\/wp\/v2\/media\/7847"}],"wp:attachment":[{"href":"https:\/\/fabstore.ma\/index.php\/wp-json\/wp\/v2\/media?parent=7845"}],"wp:term":[{"taxonomy":"product_brand","embeddable":true,"href":"https:\/\/fabstore.ma\/index.php\/wp-json\/wp\/v2\/product_brand?post=7845"},{"taxonomy":"product_cat","embeddable":true,"href":"https:\/\/fabstore.ma\/index.php\/wp-json\/wp\/v2\/product_cat?post=7845"},{"taxonomy":"product_tag","embeddable":true,"href":"https:\/\/fabstore.ma\/index.php\/wp-json\/wp\/v2\/product_tag?post=7845"}],"curies":[{"name":"wp","href":"https:\/\/api.w.org\/{rel}","templated":true}]}}