{"id":7640,"date":"2023-11-02T13:35:43","date_gmt":"2023-11-02T13:35:43","guid":{"rendered":"https:\/\/fabstore.ma\/?post_type=product&#038;p=7640"},"modified":"2024-05-17T18:06:24","modified_gmt":"2024-05-17T18:06:24","slug":"essence-brow-powder-set","status":"publish","type":"product","link":"https:\/\/fabstore.ma\/index.php\/produit\/essence-brow-powder-set\/","title":{"rendered":"essence &#8211; Brow Powder Set"},"content":{"rendered":"<p>Obtenez des sourcils parfaits en un rien de temps avec la palette de poudres \u00e0 sourcils Essence Brow Powder Set qui met les sourcils en valeur et permet de combler et modeler les sourcils en un clin d\u2019\u0153il.<\/p>\n<p>Pourquoi la palette Essence Brow Powder Set m\u00e9rite-t-elle toute votre attention ?<br \/>\ncontient 2 poudres \u00e0 sourcils color\u00e9es et un pinceau applicateur<br \/>\ndonne aux sourcils un aspect soign\u00e9<br \/>\ncruelty free<br \/>\nvegan<br \/>\nsans huiles ni parab\u00e8nes<br \/>\nMode d&#8217;emploi et conseils d&rsquo;utilisation :<br \/>\nAppliquez la poudre s\u00e9lectionn\u00e9e de la palette Brow Powder Set sur les sourcils \u00e0 l&rsquo;aide de l&rsquo;applicateur. Utilisez une seule teinte ou m\u00e9langez les deux.<\/p>\n<p>Selon les param\u00e8tres d&rsquo;affichage de votre \u00e9cran, la couleur des photos peut varier par rapport \u00e0 la couleur r\u00e9elle des produits.<\/p>\n","protected":false},"excerpt":{"rendered":"<p>Obtenez des sourcils parfaits en un rien de temps avec la palette de poudres \u00e0 sourcils Essence Brow Powder Set qui met les sourcils en valeur et permet de combler et modeler les sourcils en un clin d\u2019\u0153il. Pourquoi la palette Essence Brow Powder Set m\u00e9rite-t-elle toute votre attention ? contient 2 poudres \u00e0 sourcils [&hellip;]<\/p>\n","protected":false},"featured_media":7641,"comment_status":"open","ping_status":"closed","template":"","meta":{"om_disable_all_campaigns":false,"_uag_custom_page_level_css":"","_monsterinsights_skip_tracking":false,"_monsterinsights_sitenote_active":false,"_monsterinsights_sitenote_note":"","_monsterinsights_sitenote_category":0,"_uf_show_specific_survey":0,"_uf_disable_surveys":false,"site-sidebar-layout":"default","site-content-layout":"default","ast-site-content-layout":"default","site-content-style":"default","site-sidebar-style":"default","ast-global-header-display":"","ast-banner-title-visibility":"","ast-main-header-display":"","ast-hfb-above-header-display":"","ast-hfb-below-header-display":"","ast-hfb-mobile-header-display":"","site-post-title":"","ast-breadcrumbs-content":"","ast-featured-img":"","footer-sml-layout":"","ast-disable-related-posts":"","theme-transparent-header-meta":"default","adv-header-id-meta":"","stick-header-meta":"","header-above-stick-meta":"","header-main-stick-meta":"","header-below-stick-meta":"","astra-migrate-meta-layouts":"set","ast-page-background-enabled":"default","ast-page-background-meta":{"desktop":{"background-color":"var(--ast-global-color-4)","background-image":"","background-repeat":"repeat","background-position":"center center","background-size":"auto","background-attachment":"scroll","background-type":"","background-media":"","overlay-type":"","overlay-color":"","overlay-opacity":"","overlay-gradient":""},"tablet":{"background-color":"","background-image":"","background-repeat":"repeat","background-position":"center center","background-size":"auto","background-attachment":"scroll","background-type":"","background-media":"","overlay-type":"","overlay-color":"","overlay-opacity":"","overlay-gradient":""},"mobile":{"background-color":"","background-image":"","background-repeat":"repeat","background-position":"center center","background-size":"auto","background-attachment":"scroll","background-type":"","background-media":"","overlay-type":"","overlay-color":"","overlay-opacity":"","overlay-gradient":""}},"ast-content-background-meta":{"desktop":{"background-color":"var(--ast-global-color-5)","background-image":"","background-repeat":"repeat","background-position":"center center","background-size":"auto","background-attachment":"scroll","background-type":"","background-media":"","overlay-type":"","overlay-color":"","overlay-opacity":"","overlay-gradient":""},"tablet":{"background-color":"var(--ast-global-color-5)","background-image":"","background-repeat":"repeat","background-position":"center center","background-size":"auto","background-attachment":"scroll","background-type":"","background-media":"","overlay-type":"","overlay-color":"","overlay-opacity":"","overlay-gradient":""},"mobile":{"background-color":"var(--ast-global-color-5)","background-image":"","background-repeat":"repeat","background-position":"center center","background-size":"auto","background-attachment":"scroll","background-type":"","background-media":"","overlay-type":"","overlay-color":"","overlay-opacity":"","overlay-gradient":""}},"_joinchat":[]},"product_brand":[],"product_cat":[35,62],"product_tag":[],"class_list":{"0":"post-7640","1":"product","2":"type-product","3":"status-publish","4":"has-post-thumbnail","6":"product_cat-maquillage","7":"product_cat-sourcils","8":"desktop-align-center","9":"tablet-align-left","10":"mobile-align-center","12":"first","13":"instock","14":"taxable","15":"shipping-taxable","16":"purchasable","17":"product-type-simple"},"uagb_featured_image_src":{"full":["https:\/\/i0.wp.com\/fabstore.ma\/wp-content\/uploads\/2023\/11\/ESSENCE-Brow-Powder.jpg?fit=1024%2C768&ssl=1",1024,768,false],"thumbnail":["https:\/\/i0.wp.com\/fabstore.ma\/wp-content\/uploads\/2023\/11\/ESSENCE-Brow-Powder.jpg?resize=150%2C150&ssl=1",150,150,true],"medium":["https:\/\/i0.wp.com\/fabstore.ma\/wp-content\/uploads\/2023\/11\/ESSENCE-Brow-Powder.jpg?fit=300%2C225&ssl=1",300,225,true],"medium_large":["https:\/\/i0.wp.com\/fabstore.ma\/wp-content\/uploads\/2023\/11\/ESSENCE-Brow-Powder.jpg?fit=768%2C576&ssl=1",768,576,true],"large":["https:\/\/i0.wp.com\/fabstore.ma\/wp-content\/uploads\/2023\/11\/ESSENCE-Brow-Powder.jpg?fit=1024%2C768&ssl=1",1024,768,true],"1536x1536":["https:\/\/i0.wp.com\/fabstore.ma\/wp-content\/uploads\/2023\/11\/ESSENCE-Brow-Powder.jpg?fit=1024%2C768&ssl=1",1024,768,true],"2048x2048":["https:\/\/i0.wp.com\/fabstore.ma\/wp-content\/uploads\/2023\/11\/ESSENCE-Brow-Powder.jpg?fit=1024%2C768&ssl=1",1024,768,true],"woocommerce_thumbnail":["https:\/\/i0.wp.com\/fabstore.ma\/wp-content\/uploads\/2023\/11\/ESSENCE-Brow-Powder.jpg?fit=300%2C225&ssl=1",300,225,true],"woocommerce_single":["https:\/\/i0.wp.com\/fabstore.ma\/wp-content\/uploads\/2023\/11\/ESSENCE-Brow-Powder.jpg?fit=600%2C450&ssl=1",600,450,true],"woocommerce_gallery_thumbnail":["https:\/\/i0.wp.com\/fabstore.ma\/wp-content\/uploads\/2023\/11\/ESSENCE-Brow-Powder.jpg?resize=100%2C100&ssl=1",100,100,true]},"uagb_author_info":{"display_name":"admin","author_link":"https:\/\/fabstore.ma\/index.php\/author\/"},"uagb_comment_info":0,"uagb_excerpt":"Obtenez des sourcils parfaits en un rien de temps avec la palette de poudres \u00e0 sourcils Essence Brow Powder Set qui met les sourcils en valeur et permet de combler et modeler les sourcils en un clin d\u2019\u0153il. Pourquoi la palette Essence Brow Powder Set m\u00e9rite-t-elle toute votre attention ? contient 2 poudres \u00e0 sourcils\u2026","jetpack-related-posts":[],"jetpack_sharing_enabled":true,"_links":{"self":[{"href":"https:\/\/fabstore.ma\/index.php\/wp-json\/wp\/v2\/product\/7640","targetHints":{"allow":["GET"]}}],"collection":[{"href":"https:\/\/fabstore.ma\/index.php\/wp-json\/wp\/v2\/product"}],"about":[{"href":"https:\/\/fabstore.ma\/index.php\/wp-json\/wp\/v2\/types\/product"}],"replies":[{"embeddable":true,"href":"https:\/\/fabstore.ma\/index.php\/wp-json\/wp\/v2\/comments?post=7640"}],"wp:featuredmedia":[{"embeddable":true,"href":"https:\/\/fabstore.ma\/index.php\/wp-json\/wp\/v2\/media\/7641"}],"wp:attachment":[{"href":"https:\/\/fabstore.ma\/index.php\/wp-json\/wp\/v2\/media?parent=7640"}],"wp:term":[{"taxonomy":"product_brand","embeddable":true,"href":"https:\/\/fabstore.ma\/index.php\/wp-json\/wp\/v2\/product_brand?post=7640"},{"taxonomy":"product_cat","embeddable":true,"href":"https:\/\/fabstore.ma\/index.php\/wp-json\/wp\/v2\/product_cat?post=7640"},{"taxonomy":"product_tag","embeddable":true,"href":"https:\/\/fabstore.ma\/index.php\/wp-json\/wp\/v2\/product_tag?post=7640"}],"curies":[{"name":"wp","href":"https:\/\/api.w.org\/{rel}","templated":true}]}}