{"id":7534,"date":"2023-10-07T11:31:13","date_gmt":"2023-10-07T11:31:13","guid":{"rendered":"https:\/\/fabstore.ma\/?post_type=product&#038;p=7534"},"modified":"2026-03-19T06:39:13","modified_gmt":"2026-03-19T06:39:13","slug":"bigoudis-wavy","status":"publish","type":"product","link":"https:\/\/fabstore.ma\/index.php\/produit\/bigoudis-wavy\/","title":{"rendered":"Bigoudis pour des boucles sans chaleur"},"content":{"rendered":"<p>&#8211; Ce bandeau pour cheveux sans chaleur vous donnera une nouvelle fa\u00e7on de boucler vos beaux cheveux. Il vous donnera de belles boucles sans mettre de chaleur dans vos cheveux.<\/p>\n<p>&#8211; Ces tiges de forme de vague de cheveux peuvent \u00eatre utilis\u00e9es sans \u00e9lectricit\u00e9 ni chaleur, vous pouvez bricoler votre coiffure facilement, sans aucun dommage \u00e0 vos cheveux.<\/p>\n<p>&#8211; Avant d&rsquo;aller au lit, utilisez le peigne \u00e0 queue de pilon pour s\u00e9parer une petite m\u00e8che de cheveux l\u00e9g\u00e8rement, enroulez-la sur les tiges, puis utilisez l&rsquo;\u00e9lastique pour le fixer, pas besoin de chauffage. Vous obtiendrez de belles boucles le lendemain matin et ne ressentirez pas d&rsquo;inconfort pendant votre sommeil.<\/p>\n<p>&#8211; Facile \u00e0 utiliser \u00e0 la maison ou \u00e0 transporter lorsque vous sortez. Convient pour une utilisation sur cheveux secs ou mouill\u00e9s. Donnez-vous une belle coiffure tous les jours, pas besoin de prendre votre journ\u00e9e.<\/p>\n<p>&#8211; Ce bigoudi sans chaleur a une belle apparence et il est facile \u00e0 utiliser et confortable. Aussi tr\u00e8s appropri\u00e9 comme cadeau pour vos amis et coll\u00e8gues de la famille.<\/p>\n","protected":false},"excerpt":{"rendered":"<p>&#8211; Ce bandeau pour cheveux sans chaleur vous donnera une nouvelle fa\u00e7on de boucler vos beaux cheveux. Il vous donnera de belles boucles sans mettre de chaleur dans vos cheveux. &#8211; Ces tiges de forme de vague de cheveux peuvent \u00eatre utilis\u00e9es sans \u00e9lectricit\u00e9 ni chaleur, vous pouvez bricoler votre coiffure facilement, sans aucun dommage [&hellip;]<\/p>\n","protected":false},"featured_media":7538,"comment_status":"open","ping_status":"closed","template":"","meta":{"om_disable_all_campaigns":false,"_uag_custom_page_level_css":"","_monsterinsights_skip_tracking":false,"_monsterinsights_sitenote_active":false,"_monsterinsights_sitenote_note":"","_monsterinsights_sitenote_category":0,"_uf_show_specific_survey":0,"_uf_disable_surveys":false,"site-sidebar-layout":"default","site-content-layout":"default","ast-site-content-layout":"default","site-content-style":"default","site-sidebar-style":"default","ast-global-header-display":"","ast-banner-title-visibility":"","ast-main-header-display":"","ast-hfb-above-header-display":"","ast-hfb-below-header-display":"","ast-hfb-mobile-header-display":"","site-post-title":"","ast-breadcrumbs-content":"","ast-featured-img":"","footer-sml-layout":"","ast-disable-related-posts":"","theme-transparent-header-meta":"default","adv-header-id-meta":"","stick-header-meta":"","header-above-stick-meta":"","header-main-stick-meta":"","header-below-stick-meta":"","astra-migrate-meta-layouts":"set","ast-page-background-enabled":"default","ast-page-background-meta":{"desktop":{"background-color":"var(--ast-global-color-4)","background-image":"","background-repeat":"repeat","background-position":"center center","background-size":"auto","background-attachment":"scroll","background-type":"","background-media":"","overlay-type":"","overlay-color":"","overlay-opacity":"","overlay-gradient":""},"tablet":{"background-color":"","background-image":"","background-repeat":"repeat","background-position":"center center","background-size":"auto","background-attachment":"scroll","background-type":"","background-media":"","overlay-type":"","overlay-color":"","overlay-opacity":"","overlay-gradient":""},"mobile":{"background-color":"","background-image":"","background-repeat":"repeat","background-position":"center center","background-size":"auto","background-attachment":"scroll","background-type":"","background-media":"","overlay-type":"","overlay-color":"","overlay-opacity":"","overlay-gradient":""}},"ast-content-background-meta":{"desktop":{"background-color":"var(--ast-global-color-5)","background-image":"","background-repeat":"repeat","background-position":"center center","background-size":"auto","background-attachment":"scroll","background-type":"","background-media":"","overlay-type":"","overlay-color":"","overlay-opacity":"","overlay-gradient":""},"tablet":{"background-color":"var(--ast-global-color-5)","background-image":"","background-repeat":"repeat","background-position":"center center","background-size":"auto","background-attachment":"scroll","background-type":"","background-media":"","overlay-type":"","overlay-color":"","overlay-opacity":"","overlay-gradient":""},"mobile":{"background-color":"var(--ast-global-color-5)","background-image":"","background-repeat":"repeat","background-position":"center center","background-size":"auto","background-attachment":"scroll","background-type":"","background-media":"","overlay-type":"","overlay-color":"","overlay-opacity":"","overlay-gradient":""}},"_joinchat":[]},"product_brand":[],"product_cat":[64,35],"product_tag":[],"class_list":{"0":"post-7534","1":"product","2":"type-product","3":"status-publish","4":"has-post-thumbnail","6":"product_cat-pinceau-accessoires","7":"product_cat-maquillage","8":"desktop-align-center","9":"tablet-align-left","10":"mobile-align-center","12":"first","13":"outofstock","14":"taxable","15":"shipping-taxable","16":"purchasable","17":"product-type-variable"},"uagb_featured_image_src":{"full":["https:\/\/i0.wp.com\/fabstore.ma\/wp-content\/uploads\/2023\/10\/Bandeau-de-Tige-de-Curling-Sans-Chaleur.jpg?fit=1500%2C1449&ssl=1",1500,1449,false],"thumbnail":["https:\/\/i0.wp.com\/fabstore.ma\/wp-content\/uploads\/2023\/10\/Bandeau-de-Tige-de-Curling-Sans-Chaleur.jpg?resize=150%2C150&ssl=1",150,150,true],"medium":["https:\/\/i0.wp.com\/fabstore.ma\/wp-content\/uploads\/2023\/10\/Bandeau-de-Tige-de-Curling-Sans-Chaleur.jpg?fit=300%2C290&ssl=1",300,290,true],"medium_large":["https:\/\/i0.wp.com\/fabstore.ma\/wp-content\/uploads\/2023\/10\/Bandeau-de-Tige-de-Curling-Sans-Chaleur.jpg?fit=768%2C742&ssl=1",768,742,true],"large":["https:\/\/i0.wp.com\/fabstore.ma\/wp-content\/uploads\/2023\/10\/Bandeau-de-Tige-de-Curling-Sans-Chaleur.jpg?fit=1024%2C989&ssl=1",1024,989,true],"1536x1536":["https:\/\/i0.wp.com\/fabstore.ma\/wp-content\/uploads\/2023\/10\/Bandeau-de-Tige-de-Curling-Sans-Chaleur.jpg?fit=1500%2C1449&ssl=1",1500,1449,true],"2048x2048":["https:\/\/i0.wp.com\/fabstore.ma\/wp-content\/uploads\/2023\/10\/Bandeau-de-Tige-de-Curling-Sans-Chaleur.jpg?fit=1500%2C1449&ssl=1",1500,1449,true],"woocommerce_thumbnail":["https:\/\/i0.wp.com\/fabstore.ma\/wp-content\/uploads\/2023\/10\/Bandeau-de-Tige-de-Curling-Sans-Chaleur.jpg?fit=300%2C290&ssl=1",300,290,true],"woocommerce_single":["https:\/\/i0.wp.com\/fabstore.ma\/wp-content\/uploads\/2023\/10\/Bandeau-de-Tige-de-Curling-Sans-Chaleur.jpg?fit=600%2C580&ssl=1",600,580,true],"woocommerce_gallery_thumbnail":["https:\/\/i0.wp.com\/fabstore.ma\/wp-content\/uploads\/2023\/10\/Bandeau-de-Tige-de-Curling-Sans-Chaleur.jpg?resize=100%2C100&ssl=1",100,100,true]},"uagb_author_info":{"display_name":"admin","author_link":"https:\/\/fabstore.ma\/index.php\/author\/"},"uagb_comment_info":0,"uagb_excerpt":"&#8211; Ce bandeau pour cheveux sans chaleur vous donnera une nouvelle fa\u00e7on de boucler vos beaux cheveux. Il vous donnera de belles boucles sans mettre de chaleur dans vos cheveux. &#8211; Ces tiges de forme de vague de cheveux peuvent \u00eatre utilis\u00e9es sans \u00e9lectricit\u00e9 ni chaleur, vous pouvez bricoler votre coiffure facilement, sans aucun dommage\u2026","jetpack-related-posts":[],"jetpack_sharing_enabled":true,"_links":{"self":[{"href":"https:\/\/fabstore.ma\/index.php\/wp-json\/wp\/v2\/product\/7534","targetHints":{"allow":["GET"]}}],"collection":[{"href":"https:\/\/fabstore.ma\/index.php\/wp-json\/wp\/v2\/product"}],"about":[{"href":"https:\/\/fabstore.ma\/index.php\/wp-json\/wp\/v2\/types\/product"}],"replies":[{"embeddable":true,"href":"https:\/\/fabstore.ma\/index.php\/wp-json\/wp\/v2\/comments?post=7534"}],"wp:featuredmedia":[{"embeddable":true,"href":"https:\/\/fabstore.ma\/index.php\/wp-json\/wp\/v2\/media\/7538"}],"wp:attachment":[{"href":"https:\/\/fabstore.ma\/index.php\/wp-json\/wp\/v2\/media?parent=7534"}],"wp:term":[{"taxonomy":"product_brand","embeddable":true,"href":"https:\/\/fabstore.ma\/index.php\/wp-json\/wp\/v2\/product_brand?post=7534"},{"taxonomy":"product_cat","embeddable":true,"href":"https:\/\/fabstore.ma\/index.php\/wp-json\/wp\/v2\/product_cat?post=7534"},{"taxonomy":"product_tag","embeddable":true,"href":"https:\/\/fabstore.ma\/index.php\/wp-json\/wp\/v2\/product_tag?post=7534"}],"curies":[{"name":"wp","href":"https:\/\/api.w.org\/{rel}","templated":true}]}}