{"id":7453,"date":"2023-09-16T00:27:32","date_gmt":"2023-09-16T00:27:32","guid":{"rendered":"https:\/\/fabstore.ma\/?post_type=product&#038;p=7453"},"modified":"2025-01-14T01:29:15","modified_gmt":"2025-01-14T01:29:15","slug":"kiko-high-pigment-eyeshadow","status":"publish","type":"product","link":"https:\/\/fabstore.ma\/index.php\/produit\/kiko-high-pigment-eyeshadow\/","title":{"rendered":"KIKO &#8211; High Pigment Eyeshadow"},"content":{"rendered":"<p>Ombre \u00e0 paupi\u00e8res fortement concentr\u00e9e en pigments au rendu couleur imm\u00e9diat, intense et modulable. Tenue longue dur\u00e9e. Disponible en 54 r\u00e9f\u00e9rences de couleurs, et en 5 finis diff\u00e9rents : mat, nacr\u00e9, m\u00e9tallis\u00e9, satin\u00e9 et scintillant.<\/p>\n<p>Le processus d\u2019incorporation particulier des poudres lui conf\u00e8re une texture cr\u00e9meuse, homog\u00e8ne et imm\u00e9diatement adh\u00e9rente sur les paupi\u00e8res. Agr\u00e9able et soyeux au toucher.<\/p>\n<p>Parfait pour :<br \/>\nsublimer le regard de reflets enchanteurs, pour un maquillage des yeux irr\u00e9sistible<\/p>\n<p>Ses particularit\u00e9s :<br \/>\n &#8211; sa formule fortement concentr\u00e9e en pigments offrant un rendu color\u00e9 intense et imm\u00e9diat<br \/>\n &#8211; sa vaste palette compos\u00e9e de 54 r\u00e9f\u00e9rences de couleurs et en 5 finis diff\u00e9rents, pour un r\u00e9sultat impeccable<br \/>\n &#8211; sa formule longue tenue garantissant un maquillage impeccable en toute occasion<br \/>\n &#8211; sa texture innovante au toucher soyeux offrant une application fluide et un estompage parfait<\/p>\n","protected":false},"excerpt":{"rendered":"<p>Ombre \u00e0 paupi\u00e8res fortement concentr\u00e9e en pigments au rendu couleur imm\u00e9diat, intense et modulable. Tenue longue dur\u00e9e. Disponible en 54 r\u00e9f\u00e9rences de couleurs, et en 5 finis diff\u00e9rents : mat, nacr\u00e9, m\u00e9tallis\u00e9, satin\u00e9 et scintillant. Le processus d\u2019incorporation particulier des poudres lui conf\u00e8re une texture cr\u00e9meuse, homog\u00e8ne et imm\u00e9diatement adh\u00e9rente sur les paupi\u00e8res. Agr\u00e9able et [&hellip;]<\/p>\n","protected":false},"featured_media":7456,"comment_status":"open","ping_status":"closed","template":"","meta":{"om_disable_all_campaigns":false,"_uag_custom_page_level_css":"","_monsterinsights_skip_tracking":false,"_monsterinsights_sitenote_active":false,"_monsterinsights_sitenote_note":"","_monsterinsights_sitenote_category":0,"_uf_show_specific_survey":0,"_uf_disable_surveys":false,"site-sidebar-layout":"default","site-content-layout":"default","ast-site-content-layout":"default","site-content-style":"default","site-sidebar-style":"default","ast-global-header-display":"","ast-banner-title-visibility":"","ast-main-header-display":"","ast-hfb-above-header-display":"","ast-hfb-below-header-display":"","ast-hfb-mobile-header-display":"","site-post-title":"","ast-breadcrumbs-content":"","ast-featured-img":"","footer-sml-layout":"","ast-disable-related-posts":"","theme-transparent-header-meta":"default","adv-header-id-meta":"","stick-header-meta":"","header-above-stick-meta":"","header-main-stick-meta":"","header-below-stick-meta":"","astra-migrate-meta-layouts":"set","ast-page-background-enabled":"default","ast-page-background-meta":{"desktop":{"background-color":"var(--ast-global-color-4)","background-image":"","background-repeat":"repeat","background-position":"center center","background-size":"auto","background-attachment":"scroll","background-type":"","background-media":"","overlay-type":"","overlay-color":"","overlay-opacity":"","overlay-gradient":""},"tablet":{"background-color":"","background-image":"","background-repeat":"repeat","background-position":"center center","background-size":"auto","background-attachment":"scroll","background-type":"","background-media":"","overlay-type":"","overlay-color":"","overlay-opacity":"","overlay-gradient":""},"mobile":{"background-color":"","background-image":"","background-repeat":"repeat","background-position":"center center","background-size":"auto","background-attachment":"scroll","background-type":"","background-media":"","overlay-type":"","overlay-color":"","overlay-opacity":"","overlay-gradient":""}},"ast-content-background-meta":{"desktop":{"background-color":"var(--ast-global-color-5)","background-image":"","background-repeat":"repeat","background-position":"center center","background-size":"auto","background-attachment":"scroll","background-type":"","background-media":"","overlay-type":"","overlay-color":"","overlay-opacity":"","overlay-gradient":""},"tablet":{"background-color":"var(--ast-global-color-5)","background-image":"","background-repeat":"repeat","background-position":"center center","background-size":"auto","background-attachment":"scroll","background-type":"","background-media":"","overlay-type":"","overlay-color":"","overlay-opacity":"","overlay-gradient":""},"mobile":{"background-color":"var(--ast-global-color-5)","background-image":"","background-repeat":"repeat","background-position":"center center","background-size":"auto","background-attachment":"scroll","background-type":"","background-media":"","overlay-type":"","overlay-color":"","overlay-opacity":"","overlay-gradient":""}},"_joinchat":[]},"product_brand":[],"product_cat":[72,131,35,193,59],"product_tag":[],"class_list":{"0":"post-7453","1":"product","2":"type-product","3":"status-publish","4":"has-post-thumbnail","6":"product_cat-bronzeur","7":"product_cat-kiko","8":"product_cat-maquillage","9":"product_cat-palette-yeux","10":"product_cat-yeux","11":"desktop-align-center","12":"tablet-align-left","13":"mobile-align-center","15":"first","16":"instock","17":"taxable","18":"shipping-taxable","19":"purchasable","20":"product-type-variable"},"uagb_featured_image_src":{"full":["https:\/\/i0.wp.com\/fabstore.ma\/wp-content\/uploads\/2023\/09\/High-Pigment-Eyeshadow-11.jpg?fit=900%2C900&ssl=1",900,900,false],"thumbnail":["https:\/\/i0.wp.com\/fabstore.ma\/wp-content\/uploads\/2023\/09\/High-Pigment-Eyeshadow-11.jpg?resize=150%2C150&ssl=1",150,150,true],"medium":["https:\/\/i0.wp.com\/fabstore.ma\/wp-content\/uploads\/2023\/09\/High-Pigment-Eyeshadow-11.jpg?fit=300%2C300&ssl=1",300,300,true],"medium_large":["https:\/\/i0.wp.com\/fabstore.ma\/wp-content\/uploads\/2023\/09\/High-Pigment-Eyeshadow-11.jpg?fit=768%2C768&ssl=1",768,768,true],"large":["https:\/\/i0.wp.com\/fabstore.ma\/wp-content\/uploads\/2023\/09\/High-Pigment-Eyeshadow-11.jpg?fit=900%2C900&ssl=1",900,900,true],"1536x1536":["https:\/\/i0.wp.com\/fabstore.ma\/wp-content\/uploads\/2023\/09\/High-Pigment-Eyeshadow-11.jpg?fit=900%2C900&ssl=1",900,900,true],"2048x2048":["https:\/\/i0.wp.com\/fabstore.ma\/wp-content\/uploads\/2023\/09\/High-Pigment-Eyeshadow-11.jpg?fit=900%2C900&ssl=1",900,900,true],"woocommerce_thumbnail":["https:\/\/i0.wp.com\/fabstore.ma\/wp-content\/uploads\/2023\/09\/High-Pigment-Eyeshadow-11.jpg?fit=300%2C300&ssl=1",300,300,true],"woocommerce_single":["https:\/\/i0.wp.com\/fabstore.ma\/wp-content\/uploads\/2023\/09\/High-Pigment-Eyeshadow-11.jpg?fit=600%2C600&ssl=1",600,600,true],"woocommerce_gallery_thumbnail":["https:\/\/i0.wp.com\/fabstore.ma\/wp-content\/uploads\/2023\/09\/High-Pigment-Eyeshadow-11.jpg?resize=100%2C100&ssl=1",100,100,true]},"uagb_author_info":{"display_name":"admin","author_link":"https:\/\/fabstore.ma\/index.php\/author\/"},"uagb_comment_info":0,"uagb_excerpt":"Ombre \u00e0 paupi\u00e8res fortement concentr\u00e9e en pigments au rendu couleur imm\u00e9diat, intense et modulable. Tenue longue dur\u00e9e. Disponible en 54 r\u00e9f\u00e9rences de couleurs, et en 5 finis diff\u00e9rents : mat, nacr\u00e9, m\u00e9tallis\u00e9, satin\u00e9 et scintillant. Le processus d\u2019incorporation particulier des poudres lui conf\u00e8re une texture cr\u00e9meuse, homog\u00e8ne et imm\u00e9diatement adh\u00e9rente sur les paupi\u00e8res. Agr\u00e9able et\u2026","jetpack-related-posts":[],"jetpack_sharing_enabled":true,"_links":{"self":[{"href":"https:\/\/fabstore.ma\/index.php\/wp-json\/wp\/v2\/product\/7453","targetHints":{"allow":["GET"]}}],"collection":[{"href":"https:\/\/fabstore.ma\/index.php\/wp-json\/wp\/v2\/product"}],"about":[{"href":"https:\/\/fabstore.ma\/index.php\/wp-json\/wp\/v2\/types\/product"}],"replies":[{"embeddable":true,"href":"https:\/\/fabstore.ma\/index.php\/wp-json\/wp\/v2\/comments?post=7453"}],"wp:featuredmedia":[{"embeddable":true,"href":"https:\/\/fabstore.ma\/index.php\/wp-json\/wp\/v2\/media\/7456"}],"wp:attachment":[{"href":"https:\/\/fabstore.ma\/index.php\/wp-json\/wp\/v2\/media?parent=7453"}],"wp:term":[{"taxonomy":"product_brand","embeddable":true,"href":"https:\/\/fabstore.ma\/index.php\/wp-json\/wp\/v2\/product_brand?post=7453"},{"taxonomy":"product_cat","embeddable":true,"href":"https:\/\/fabstore.ma\/index.php\/wp-json\/wp\/v2\/product_cat?post=7453"},{"taxonomy":"product_tag","embeddable":true,"href":"https:\/\/fabstore.ma\/index.php\/wp-json\/wp\/v2\/product_tag?post=7453"}],"curies":[{"name":"wp","href":"https:\/\/api.w.org\/{rel}","templated":true}]}}