{"id":6928,"date":"2023-08-29T10:21:22","date_gmt":"2023-08-29T10:21:22","guid":{"rendered":"https:\/\/fabstore.ma\/?post_type=product&#038;p=6928"},"modified":"2026-01-26T19:11:44","modified_gmt":"2026-01-26T19:11:44","slug":"maybelline-superstay-vinyl-ink","status":"publish","type":"product","link":"https:\/\/fabstore.ma\/index.php\/produit\/maybelline-superstay-vinyl-ink\/","title":{"rendered":"MAYBELLINE &#8211; SUPERSTAY VINYL INK"},"content":{"rendered":"<p>Avec le rouge \u00e0 l\u00e8vres liquide Super Stay Vinyl Ink de Maybelline New York, il n&rsquo;est plus n\u00e9cessaire d&rsquo;appliquer du gloss par-dessus le rouge \u00e0 l\u00e8vres pour obtenir un fini parfaitement brillant! L&rsquo;encre vinylique Super Stay de Maybelline New York est un game changer absolu! Le rouge \u00e0 l\u00e8vres liquide assure une couleur intense et un fini vinyle sur les l\u00e8vres. <\/p>\n<p>La formule v\u00e9g\u00e9talienne*, longue tenue, tient jusqu&rsquo;\u00e0 16 heures et emp\u00eache les bavures et la d\u00e9coloration. Des couleurs hautement pigment\u00e9es tout au long de la journ\u00e9e \u2013 devenez le cr\u00e9ateur de tendances absolu avec le look l\u00e8vres en vinyle.<\/p>\n","protected":false},"excerpt":{"rendered":"<p>Avec le rouge \u00e0 l\u00e8vres liquide Super Stay Vinyl Ink de Maybelline New York, il n&rsquo;est plus n\u00e9cessaire d&rsquo;appliquer du gloss par-dessus le rouge \u00e0 l\u00e8vres pour obtenir un fini parfaitement brillant! L&rsquo;encre vinylique Super Stay de Maybelline New York est un game changer absolu! Le rouge \u00e0 l\u00e8vres liquide assure une couleur intense et [&hellip;]<\/p>\n","protected":false},"featured_media":6948,"comment_status":"open","ping_status":"closed","template":"","meta":{"om_disable_all_campaigns":false,"_uag_custom_page_level_css":"","_monsterinsights_skip_tracking":false,"_monsterinsights_sitenote_active":false,"_monsterinsights_sitenote_note":"","_monsterinsights_sitenote_category":0,"_uf_show_specific_survey":0,"_uf_disable_surveys":false,"site-sidebar-layout":"default","site-content-layout":"default","ast-site-content-layout":"default","site-content-style":"default","site-sidebar-style":"default","ast-global-header-display":"","ast-banner-title-visibility":"","ast-main-header-display":"","ast-hfb-above-header-display":"","ast-hfb-below-header-display":"","ast-hfb-mobile-header-display":"","site-post-title":"","ast-breadcrumbs-content":"","ast-featured-img":"","footer-sml-layout":"","ast-disable-related-posts":"","theme-transparent-header-meta":"default","adv-header-id-meta":"","stick-header-meta":"","header-above-stick-meta":"","header-main-stick-meta":"","header-below-stick-meta":"","astra-migrate-meta-layouts":"set","ast-page-background-enabled":"default","ast-page-background-meta":{"desktop":{"background-color":"var(--ast-global-color-4)","background-image":"","background-repeat":"repeat","background-position":"center center","background-size":"auto","background-attachment":"scroll","background-type":"","background-media":"","overlay-type":"","overlay-color":"","overlay-opacity":"","overlay-gradient":""},"tablet":{"background-color":"","background-image":"","background-repeat":"repeat","background-position":"center center","background-size":"auto","background-attachment":"scroll","background-type":"","background-media":"","overlay-type":"","overlay-color":"","overlay-opacity":"","overlay-gradient":""},"mobile":{"background-color":"","background-image":"","background-repeat":"repeat","background-position":"center center","background-size":"auto","background-attachment":"scroll","background-type":"","background-media":"","overlay-type":"","overlay-color":"","overlay-opacity":"","overlay-gradient":""}},"ast-content-background-meta":{"desktop":{"background-color":"var(--ast-global-color-5)","background-image":"","background-repeat":"repeat","background-position":"center center","background-size":"auto","background-attachment":"scroll","background-type":"","background-media":"","overlay-type":"","overlay-color":"","overlay-opacity":"","overlay-gradient":""},"tablet":{"background-color":"var(--ast-global-color-5)","background-image":"","background-repeat":"repeat","background-position":"center center","background-size":"auto","background-attachment":"scroll","background-type":"","background-media":"","overlay-type":"","overlay-color":"","overlay-opacity":"","overlay-gradient":""},"mobile":{"background-color":"var(--ast-global-color-5)","background-image":"","background-repeat":"repeat","background-position":"center center","background-size":"auto","background-attachment":"scroll","background-type":"","background-media":"","overlay-type":"","overlay-color":"","overlay-opacity":"","overlay-gradient":""}},"_joinchat":[]},"product_brand":[],"product_cat":[60,35,158],"product_tag":[],"class_list":{"0":"post-6928","1":"product","2":"type-product","3":"status-publish","4":"has-post-thumbnail","6":"product_cat-levres","7":"product_cat-maquillage","8":"product_cat-maybelline","9":"desktop-align-center","10":"tablet-align-left","11":"mobile-align-center","13":"first","14":"instock","15":"taxable","16":"shipping-taxable","17":"purchasable","18":"product-type-variable"},"uagb_featured_image_src":{"full":["https:\/\/i0.wp.com\/fabstore.ma\/wp-content\/uploads\/2023\/08\/MAYBELLINE.png?fit=1080%2C1080&ssl=1",1080,1080,false],"thumbnail":["https:\/\/i0.wp.com\/fabstore.ma\/wp-content\/uploads\/2023\/08\/MAYBELLINE.png?resize=150%2C150&ssl=1",150,150,true],"medium":["https:\/\/i0.wp.com\/fabstore.ma\/wp-content\/uploads\/2023\/08\/MAYBELLINE.png?fit=300%2C300&ssl=1",300,300,true],"medium_large":["https:\/\/i0.wp.com\/fabstore.ma\/wp-content\/uploads\/2023\/08\/MAYBELLINE.png?fit=768%2C768&ssl=1",768,768,true],"large":["https:\/\/i0.wp.com\/fabstore.ma\/wp-content\/uploads\/2023\/08\/MAYBELLINE.png?fit=1024%2C1024&ssl=1",1024,1024,true],"1536x1536":["https:\/\/i0.wp.com\/fabstore.ma\/wp-content\/uploads\/2023\/08\/MAYBELLINE.png?fit=1080%2C1080&ssl=1",1080,1080,true],"2048x2048":["https:\/\/i0.wp.com\/fabstore.ma\/wp-content\/uploads\/2023\/08\/MAYBELLINE.png?fit=1080%2C1080&ssl=1",1080,1080,true],"woocommerce_thumbnail":["https:\/\/i0.wp.com\/fabstore.ma\/wp-content\/uploads\/2023\/08\/MAYBELLINE.png?fit=300%2C300&ssl=1",300,300,true],"woocommerce_single":["https:\/\/i0.wp.com\/fabstore.ma\/wp-content\/uploads\/2023\/08\/MAYBELLINE.png?fit=600%2C600&ssl=1",600,600,true],"woocommerce_gallery_thumbnail":["https:\/\/i0.wp.com\/fabstore.ma\/wp-content\/uploads\/2023\/08\/MAYBELLINE.png?resize=100%2C100&ssl=1",100,100,true]},"uagb_author_info":{"display_name":"admin","author_link":"https:\/\/fabstore.ma\/index.php\/author\/"},"uagb_comment_info":0,"uagb_excerpt":"Avec le rouge \u00e0 l\u00e8vres liquide Super Stay Vinyl Ink de Maybelline New York, il n&rsquo;est plus n\u00e9cessaire d&rsquo;appliquer du gloss par-dessus le rouge \u00e0 l\u00e8vres pour obtenir un fini parfaitement brillant! L&rsquo;encre vinylique Super Stay de Maybelline New York est un game changer absolu! Le rouge \u00e0 l\u00e8vres liquide assure une couleur intense et\u2026","jetpack-related-posts":[],"jetpack_sharing_enabled":true,"_links":{"self":[{"href":"https:\/\/fabstore.ma\/index.php\/wp-json\/wp\/v2\/product\/6928","targetHints":{"allow":["GET"]}}],"collection":[{"href":"https:\/\/fabstore.ma\/index.php\/wp-json\/wp\/v2\/product"}],"about":[{"href":"https:\/\/fabstore.ma\/index.php\/wp-json\/wp\/v2\/types\/product"}],"replies":[{"embeddable":true,"href":"https:\/\/fabstore.ma\/index.php\/wp-json\/wp\/v2\/comments?post=6928"}],"wp:featuredmedia":[{"embeddable":true,"href":"https:\/\/fabstore.ma\/index.php\/wp-json\/wp\/v2\/media\/6948"}],"wp:attachment":[{"href":"https:\/\/fabstore.ma\/index.php\/wp-json\/wp\/v2\/media?parent=6928"}],"wp:term":[{"taxonomy":"product_brand","embeddable":true,"href":"https:\/\/fabstore.ma\/index.php\/wp-json\/wp\/v2\/product_brand?post=6928"},{"taxonomy":"product_cat","embeddable":true,"href":"https:\/\/fabstore.ma\/index.php\/wp-json\/wp\/v2\/product_cat?post=6928"},{"taxonomy":"product_tag","embeddable":true,"href":"https:\/\/fabstore.ma\/index.php\/wp-json\/wp\/v2\/product_tag?post=6928"}],"curies":[{"name":"wp","href":"https:\/\/api.w.org\/{rel}","templated":true}]}}