{"id":6368,"date":"2023-07-28T15:40:53","date_gmt":"2023-07-28T15:40:53","guid":{"rendered":"https:\/\/fabstore.ma\/?post_type=product&#038;p=6368"},"modified":"2025-11-14T13:44:50","modified_gmt":"2025-11-14T13:44:50","slug":"crayon-rouge-a-levres-velvet-the-pencil-16","status":"publish","type":"product","link":"https:\/\/fabstore.ma\/index.php\/produit\/crayon-rouge-a-levres-velvet-the-pencil-16\/","title":{"rendered":"BOURJOIS &#8211; VELVET THE PENCIL"},"content":{"rendered":"<p><strong>HABILLEZ VOS LEVRES EN DEUX COUPS DE CRAYON !<br \/>\nBourjois innove avec son crayon rouge \u00e0 l\u00e8vres 2-en-1 VELVET THE PENCIL.<br \/>\nSa formule l\u00e9g\u00e8re et extr\u00eamement confortable glisse sur vos l\u00e8vres pour vous offrir un fini mat et intense.<br \/>\nGr\u00e2ce \u00e0 l&rsquo;application simple et ultra pr\u00e9cise du crayon \u00e0 l\u00e8vres mat Bourjois, vos l\u00e8vres sont parfaitement d\u00e9finies et ce tout au long de la journ\u00e9e !<br \/>\nDes teintes les plus nudes plus intenses, r\u00e9sultat impeccable et longue tenue du premier coup !<\/p>\n","protected":false},"excerpt":{"rendered":"<p>HABILLEZ VOS LEVRES EN DEUX COUPS DE CRAYON ! Bourjois innove avec son crayon rouge \u00e0 l\u00e8vres 2-en-1 VELVET THE PENCIL. Sa formule l\u00e9g\u00e8re et extr\u00eamement confortable glisse sur vos l\u00e8vres pour vous offrir un fini mat et intense. Gr\u00e2ce \u00e0 l&rsquo;application simple et ultra pr\u00e9cise du crayon \u00e0 l\u00e8vres mat Bourjois, vos l\u00e8vres sont [&hellip;]<\/p>\n","protected":false},"featured_media":6515,"comment_status":"open","ping_status":"closed","template":"","meta":{"om_disable_all_campaigns":false,"_uag_custom_page_level_css":"","_monsterinsights_skip_tracking":false,"_monsterinsights_sitenote_active":false,"_monsterinsights_sitenote_note":"","_monsterinsights_sitenote_category":0,"_uf_show_specific_survey":0,"_uf_disable_surveys":false,"site-sidebar-layout":"default","site-content-layout":"default","ast-site-content-layout":"default","site-content-style":"default","site-sidebar-style":"default","ast-global-header-display":"","ast-banner-title-visibility":"","ast-main-header-display":"","ast-hfb-above-header-display":"","ast-hfb-below-header-display":"","ast-hfb-mobile-header-display":"","site-post-title":"","ast-breadcrumbs-content":"","ast-featured-img":"","footer-sml-layout":"","ast-disable-related-posts":"","theme-transparent-header-meta":"default","adv-header-id-meta":"","stick-header-meta":"","header-above-stick-meta":"","header-main-stick-meta":"","header-below-stick-meta":"","astra-migrate-meta-layouts":"set","ast-page-background-enabled":"default","ast-page-background-meta":{"desktop":{"background-color":"var(--ast-global-color-4)","background-image":"","background-repeat":"repeat","background-position":"center center","background-size":"auto","background-attachment":"scroll","background-type":"","background-media":"","overlay-type":"","overlay-color":"","overlay-opacity":"","overlay-gradient":""},"tablet":{"background-color":"","background-image":"","background-repeat":"repeat","background-position":"center center","background-size":"auto","background-attachment":"scroll","background-type":"","background-media":"","overlay-type":"","overlay-color":"","overlay-opacity":"","overlay-gradient":""},"mobile":{"background-color":"","background-image":"","background-repeat":"repeat","background-position":"center center","background-size":"auto","background-attachment":"scroll","background-type":"","background-media":"","overlay-type":"","overlay-color":"","overlay-opacity":"","overlay-gradient":""}},"ast-content-background-meta":{"desktop":{"background-color":"var(--ast-global-color-5)","background-image":"","background-repeat":"repeat","background-position":"center center","background-size":"auto","background-attachment":"scroll","background-type":"","background-media":"","overlay-type":"","overlay-color":"","overlay-opacity":"","overlay-gradient":""},"tablet":{"background-color":"var(--ast-global-color-5)","background-image":"","background-repeat":"repeat","background-position":"center center","background-size":"auto","background-attachment":"scroll","background-type":"","background-media":"","overlay-type":"","overlay-color":"","overlay-opacity":"","overlay-gradient":""},"mobile":{"background-color":"var(--ast-global-color-5)","background-image":"","background-repeat":"repeat","background-position":"center center","background-size":"auto","background-attachment":"scroll","background-type":"","background-media":"","overlay-type":"","overlay-color":"","overlay-opacity":"","overlay-gradient":""}},"_joinchat":[]},"product_brand":[],"product_cat":[201,60,35],"product_tag":[],"class_list":{"0":"post-6368","1":"product","2":"type-product","3":"status-publish","4":"has-post-thumbnail","6":"product_cat-bourjois","7":"product_cat-levres","8":"product_cat-maquillage","9":"desktop-align-center","10":"tablet-align-left","11":"mobile-align-center","13":"first","14":"instock","15":"taxable","16":"shipping-taxable","17":"purchasable","18":"product-type-variable"},"uagb_featured_image_src":{"full":["https:\/\/i0.wp.com\/fabstore.ma\/wp-content\/uploads\/2023\/07\/velvett.webp?fit=1000%2C1000&ssl=1",1000,1000,false],"thumbnail":["https:\/\/i0.wp.com\/fabstore.ma\/wp-content\/uploads\/2023\/07\/velvett.webp?resize=150%2C150&ssl=1",150,150,true],"medium":["https:\/\/i0.wp.com\/fabstore.ma\/wp-content\/uploads\/2023\/07\/velvett.webp?fit=300%2C300&ssl=1",300,300,true],"medium_large":["https:\/\/i0.wp.com\/fabstore.ma\/wp-content\/uploads\/2023\/07\/velvett.webp?fit=768%2C768&ssl=1",768,768,true],"large":["https:\/\/i0.wp.com\/fabstore.ma\/wp-content\/uploads\/2023\/07\/velvett.webp?fit=1000%2C1000&ssl=1",1000,1000,true],"1536x1536":["https:\/\/i0.wp.com\/fabstore.ma\/wp-content\/uploads\/2023\/07\/velvett.webp?fit=1000%2C1000&ssl=1",1000,1000,true],"2048x2048":["https:\/\/i0.wp.com\/fabstore.ma\/wp-content\/uploads\/2023\/07\/velvett.webp?fit=1000%2C1000&ssl=1",1000,1000,true],"woocommerce_thumbnail":["https:\/\/i0.wp.com\/fabstore.ma\/wp-content\/uploads\/2023\/07\/velvett.webp?fit=300%2C300&ssl=1",300,300,true],"woocommerce_single":["https:\/\/i0.wp.com\/fabstore.ma\/wp-content\/uploads\/2023\/07\/velvett.webp?fit=600%2C600&ssl=1",600,600,true],"woocommerce_gallery_thumbnail":["https:\/\/i0.wp.com\/fabstore.ma\/wp-content\/uploads\/2023\/07\/velvett.webp?resize=100%2C100&ssl=1",100,100,true]},"uagb_author_info":{"display_name":"admin","author_link":"https:\/\/fabstore.ma\/index.php\/author\/"},"uagb_comment_info":0,"uagb_excerpt":"HABILLEZ VOS LEVRES EN DEUX COUPS DE CRAYON ! Bourjois innove avec son crayon rouge \u00e0 l\u00e8vres 2-en-1 VELVET THE PENCIL. Sa formule l\u00e9g\u00e8re et extr\u00eamement confortable glisse sur vos l\u00e8vres pour vous offrir un fini mat et intense. Gr\u00e2ce \u00e0 l&rsquo;application simple et ultra pr\u00e9cise du crayon \u00e0 l\u00e8vres mat Bourjois, vos l\u00e8vres sont\u2026","jetpack-related-posts":[],"jetpack_sharing_enabled":true,"_links":{"self":[{"href":"https:\/\/fabstore.ma\/index.php\/wp-json\/wp\/v2\/product\/6368","targetHints":{"allow":["GET"]}}],"collection":[{"href":"https:\/\/fabstore.ma\/index.php\/wp-json\/wp\/v2\/product"}],"about":[{"href":"https:\/\/fabstore.ma\/index.php\/wp-json\/wp\/v2\/types\/product"}],"replies":[{"embeddable":true,"href":"https:\/\/fabstore.ma\/index.php\/wp-json\/wp\/v2\/comments?post=6368"}],"wp:featuredmedia":[{"embeddable":true,"href":"https:\/\/fabstore.ma\/index.php\/wp-json\/wp\/v2\/media\/6515"}],"wp:attachment":[{"href":"https:\/\/fabstore.ma\/index.php\/wp-json\/wp\/v2\/media?parent=6368"}],"wp:term":[{"taxonomy":"product_brand","embeddable":true,"href":"https:\/\/fabstore.ma\/index.php\/wp-json\/wp\/v2\/product_brand?post=6368"},{"taxonomy":"product_cat","embeddable":true,"href":"https:\/\/fabstore.ma\/index.php\/wp-json\/wp\/v2\/product_cat?post=6368"},{"taxonomy":"product_tag","embeddable":true,"href":"https:\/\/fabstore.ma\/index.php\/wp-json\/wp\/v2\/product_tag?post=6368"}],"curies":[{"name":"wp","href":"https:\/\/api.w.org\/{rel}","templated":true}]}}