{"id":6242,"date":"2023-07-27T00:04:16","date_gmt":"2023-07-27T00:04:16","guid":{"rendered":"https:\/\/fabstore.ma\/?post_type=product&#038;p=6242"},"modified":"2024-11-04T14:47:10","modified_gmt":"2024-11-04T14:47:10","slug":"soft-matte-cream-blush-blissful","status":"publish","type":"product","link":"https:\/\/fabstore.ma\/index.php\/produit\/soft-matte-cream-blush-blissful\/","title":{"rendered":"L.A. GIRL &#8211; SOFT MATTE CREAM BLUSH"},"content":{"rendered":"<p>Le blush cr\u00e8me au fini mat Soft Matte Cream Blush colore vos joues avec une texture cr\u00e8me ultra agr\u00e9able.<\/p>\n<p>Facile \u00e0 estomper et ultra-pigment\u00e9, le Blush Cr\u00e8me est un produit 2-en-1 pour les l\u00e8vres et les joues !<br \/>\nIl s\u2019estompe et se module sans effort sur les pommettes pour les parer d\u2019un d\u00e9licat voile de couleur naturel et frais.<br \/>\nIl peut \u00eatre aussi utilis\u00e9 sur les l\u00e8vres pour apporter une couleur vibrante et longue-tenue sans ass\u00e9cher les l\u00e8vres.<\/p>\n<p>Sa formule enrichie en Huile de Jojoba et en Vitamines E permet de prot\u00e9ger la peau.<\/p>\n","protected":false},"excerpt":{"rendered":"<p>Le blush cr\u00e8me au fini mat Soft Matte Cream Blush colore vos joues avec une texture cr\u00e8me ultra agr\u00e9able. Facile \u00e0 estomper et ultra-pigment\u00e9, le Blush Cr\u00e8me est un produit 2-en-1 pour les l\u00e8vres et les joues ! Il s\u2019estompe et se module sans effort sur les pommettes pour les parer d\u2019un d\u00e9licat voile de [&hellip;]<\/p>\n","protected":false},"featured_media":7244,"comment_status":"open","ping_status":"closed","template":"","meta":{"om_disable_all_campaigns":false,"_uag_custom_page_level_css":"","_monsterinsights_skip_tracking":false,"_monsterinsights_sitenote_active":false,"_monsterinsights_sitenote_note":"","_monsterinsights_sitenote_category":0,"_uf_show_specific_survey":0,"_uf_disable_surveys":false,"site-sidebar-layout":"default","site-content-layout":"default","ast-site-content-layout":"default","site-content-style":"default","site-sidebar-style":"default","ast-global-header-display":"","ast-banner-title-visibility":"","ast-main-header-display":"","ast-hfb-above-header-display":"","ast-hfb-below-header-display":"","ast-hfb-mobile-header-display":"","site-post-title":"","ast-breadcrumbs-content":"","ast-featured-img":"","footer-sml-layout":"","ast-disable-related-posts":"","theme-transparent-header-meta":"default","adv-header-id-meta":"","stick-header-meta":"","header-above-stick-meta":"","header-main-stick-meta":"","header-below-stick-meta":"","astra-migrate-meta-layouts":"set","ast-page-background-enabled":"default","ast-page-background-meta":{"desktop":{"background-color":"var(--ast-global-color-4)","background-image":"","background-repeat":"repeat","background-position":"center center","background-size":"auto","background-attachment":"scroll","background-type":"","background-media":"","overlay-type":"","overlay-color":"","overlay-opacity":"","overlay-gradient":""},"tablet":{"background-color":"","background-image":"","background-repeat":"repeat","background-position":"center center","background-size":"auto","background-attachment":"scroll","background-type":"","background-media":"","overlay-type":"","overlay-color":"","overlay-opacity":"","overlay-gradient":""},"mobile":{"background-color":"","background-image":"","background-repeat":"repeat","background-position":"center center","background-size":"auto","background-attachment":"scroll","background-type":"","background-media":"","overlay-type":"","overlay-color":"","overlay-opacity":"","overlay-gradient":""}},"ast-content-background-meta":{"desktop":{"background-color":"var(--ast-global-color-5)","background-image":"","background-repeat":"repeat","background-position":"center center","background-size":"auto","background-attachment":"scroll","background-type":"","background-media":"","overlay-type":"","overlay-color":"","overlay-opacity":"","overlay-gradient":""},"tablet":{"background-color":"var(--ast-global-color-5)","background-image":"","background-repeat":"repeat","background-position":"center center","background-size":"auto","background-attachment":"scroll","background-type":"","background-media":"","overlay-type":"","overlay-color":"","overlay-opacity":"","overlay-gradient":""},"mobile":{"background-color":"var(--ast-global-color-5)","background-image":"","background-repeat":"repeat","background-position":"center center","background-size":"auto","background-attachment":"scroll","background-type":"","background-media":"","overlay-type":"","overlay-color":"","overlay-opacity":"","overlay-gradient":""}},"_joinchat":[]},"product_brand":[],"product_cat":[170,71,35,58],"product_tag":[],"class_list":{"0":"post-6242","1":"product","2":"type-product","3":"status-publish","4":"has-post-thumbnail","6":"product_cat-black-friday","7":"product_cat-blush-bronzer","8":"product_cat-maquillage","9":"product_cat-teint","10":"desktop-align-center","11":"tablet-align-left","12":"mobile-align-center","14":"first","15":"instock","16":"sale","17":"taxable","18":"shipping-taxable","19":"purchasable","20":"product-type-variable"},"uagb_featured_image_src":{"full":["https:\/\/i0.wp.com\/fabstore.ma\/wp-content\/uploads\/2023\/07\/LA-GIRL-BLUSH.jpg?fit=850%2C850&ssl=1",850,850,false],"thumbnail":["https:\/\/i0.wp.com\/fabstore.ma\/wp-content\/uploads\/2023\/07\/LA-GIRL-BLUSH.jpg?resize=150%2C150&ssl=1",150,150,true],"medium":["https:\/\/i0.wp.com\/fabstore.ma\/wp-content\/uploads\/2023\/07\/LA-GIRL-BLUSH.jpg?fit=300%2C300&ssl=1",300,300,true],"medium_large":["https:\/\/i0.wp.com\/fabstore.ma\/wp-content\/uploads\/2023\/07\/LA-GIRL-BLUSH.jpg?fit=768%2C768&ssl=1",768,768,true],"large":["https:\/\/i0.wp.com\/fabstore.ma\/wp-content\/uploads\/2023\/07\/LA-GIRL-BLUSH.jpg?fit=850%2C850&ssl=1",850,850,true],"1536x1536":["https:\/\/i0.wp.com\/fabstore.ma\/wp-content\/uploads\/2023\/07\/LA-GIRL-BLUSH.jpg?fit=850%2C850&ssl=1",850,850,true],"2048x2048":["https:\/\/i0.wp.com\/fabstore.ma\/wp-content\/uploads\/2023\/07\/LA-GIRL-BLUSH.jpg?fit=850%2C850&ssl=1",850,850,true],"woocommerce_thumbnail":["https:\/\/i0.wp.com\/fabstore.ma\/wp-content\/uploads\/2023\/07\/LA-GIRL-BLUSH.jpg?fit=300%2C300&ssl=1",300,300,true],"woocommerce_single":["https:\/\/i0.wp.com\/fabstore.ma\/wp-content\/uploads\/2023\/07\/LA-GIRL-BLUSH.jpg?fit=600%2C600&ssl=1",600,600,true],"woocommerce_gallery_thumbnail":["https:\/\/i0.wp.com\/fabstore.ma\/wp-content\/uploads\/2023\/07\/LA-GIRL-BLUSH.jpg?resize=100%2C100&ssl=1",100,100,true]},"uagb_author_info":{"display_name":"admin","author_link":"https:\/\/fabstore.ma\/index.php\/author\/"},"uagb_comment_info":0,"uagb_excerpt":"Le blush cr\u00e8me au fini mat Soft Matte Cream Blush colore vos joues avec une texture cr\u00e8me ultra agr\u00e9able. Facile \u00e0 estomper et ultra-pigment\u00e9, le Blush Cr\u00e8me est un produit 2-en-1 pour les l\u00e8vres et les joues ! Il s\u2019estompe et se module sans effort sur les pommettes pour les parer d\u2019un d\u00e9licat voile de\u2026","jetpack-related-posts":[],"jetpack_sharing_enabled":true,"_links":{"self":[{"href":"https:\/\/fabstore.ma\/index.php\/wp-json\/wp\/v2\/product\/6242","targetHints":{"allow":["GET"]}}],"collection":[{"href":"https:\/\/fabstore.ma\/index.php\/wp-json\/wp\/v2\/product"}],"about":[{"href":"https:\/\/fabstore.ma\/index.php\/wp-json\/wp\/v2\/types\/product"}],"replies":[{"embeddable":true,"href":"https:\/\/fabstore.ma\/index.php\/wp-json\/wp\/v2\/comments?post=6242"}],"wp:featuredmedia":[{"embeddable":true,"href":"https:\/\/fabstore.ma\/index.php\/wp-json\/wp\/v2\/media\/7244"}],"wp:attachment":[{"href":"https:\/\/fabstore.ma\/index.php\/wp-json\/wp\/v2\/media?parent=6242"}],"wp:term":[{"taxonomy":"product_brand","embeddable":true,"href":"https:\/\/fabstore.ma\/index.php\/wp-json\/wp\/v2\/product_brand?post=6242"},{"taxonomy":"product_cat","embeddable":true,"href":"https:\/\/fabstore.ma\/index.php\/wp-json\/wp\/v2\/product_cat?post=6242"},{"taxonomy":"product_tag","embeddable":true,"href":"https:\/\/fabstore.ma\/index.php\/wp-json\/wp\/v2\/product_tag?post=6242"}],"curies":[{"name":"wp","href":"https:\/\/api.w.org\/{rel}","templated":true}]}}