{"id":6164,"date":"2023-07-25T15:58:11","date_gmt":"2023-07-25T15:58:11","guid":{"rendered":"https:\/\/fabstore.ma\/?post_type=product&#038;p=6164"},"modified":"2026-03-27T20:17:57","modified_gmt":"2026-03-27T20:17:57","slug":"kiko-skin-tone-foundation-warm-beige-50","status":"publish","type":"product","link":"https:\/\/fabstore.ma\/index.php\/produit\/kiko-skin-tone-foundation-warm-beige-50\/","title":{"rendered":"KIKO &#8211; SKIN TONE FOUNDATION"},"content":{"rendered":"<p>Fond de teint fluide enlumineur au fini lisse et naturellement radieux. Sa formule innovante contient de l\u2019acide hyaluronique et a \u00e9t\u00e9 test\u00e9e pour hydrater** la peau jusqu\u2019\u00e0 8 heures*.<\/p>\n<p>Sa texture, confortable et ultra-l\u00e9g\u00e8re, garantit un r\u00e9sultat \u00ab make up no make up \u00bb. La couvrance est interm\u00e9diaire et facilement modulable, l\u2019application est fra\u00eeche et fluide. La pr\u00e9sence de filtres solaires aide \u00e0 prot\u00e9ger votre \u00e9piderme.<\/p>\n<p>Disponible en 39 nuances d\u00e9clin\u00e9es en 6 sous-tons diff\u00e9rents, pour convenir parfaitement \u00e0 toutes les carnations.<\/p>\n<p>Skin Tone Foundation se pr\u00e9sente dans un flacon pompe moderne et pratique qui d\u00e9livre la quantit\u00e9 optimale de produit.<\/p>\n<p>Adapt\u00e9 \u00e0 chaque type de peau.<\/p>\n<p>Test\u00e9 sous contr\u00f4le dermatologique.<\/p>\n<p>Non com\u00e9dog\u00e8ne.<\/p>\n<p>&nbsp;<\/p>\n<p>*R\u00e9sultats de tests cliniques instrumentaux r\u00e9alis\u00e9s sur 20 femmes<\/p>\n<p>**hydratation des couches sup\u00e9rieures de l&rsquo;\u00e9piderme<\/p>\n<p>&nbsp;<\/p>\n<p>En France, les r\u00e9f\u00e9rences en exclusivit\u00e9 en ligne sont : Warm Beige05, Warm Beige10, Warm Beige90, Natural10, Natural 100, Natural 170.<\/p>\n<p>En Belgique, les r\u00e9f\u00e9rences en exclusivit\u00e9 en ligne sont : Warm Beige30, Warm Rose 30, Natural 20, Natural50, Natural80, Natural130.<\/p>\n","protected":false},"excerpt":{"rendered":"<p>WARM BEIGE 50<\/p>\n","protected":false},"featured_media":6165,"comment_status":"open","ping_status":"closed","template":"","meta":{"om_disable_all_campaigns":false,"_uag_custom_page_level_css":"","_monsterinsights_skip_tracking":false,"_monsterinsights_sitenote_active":false,"_monsterinsights_sitenote_note":"","_monsterinsights_sitenote_category":0,"_uf_show_specific_survey":0,"_uf_disable_surveys":false,"site-sidebar-layout":"default","site-content-layout":"default","ast-site-content-layout":"default","site-content-style":"default","site-sidebar-style":"default","ast-global-header-display":"","ast-banner-title-visibility":"","ast-main-header-display":"","ast-hfb-above-header-display":"","ast-hfb-below-header-display":"","ast-hfb-mobile-header-display":"","site-post-title":"","ast-breadcrumbs-content":"","ast-featured-img":"","footer-sml-layout":"","ast-disable-related-posts":"","theme-transparent-header-meta":"default","adv-header-id-meta":"","stick-header-meta":"","header-above-stick-meta":"","header-main-stick-meta":"","header-below-stick-meta":"","astra-migrate-meta-layouts":"set","ast-page-background-enabled":"default","ast-page-background-meta":{"desktop":{"background-color":"var(--ast-global-color-4)","background-image":"","background-repeat":"repeat","background-position":"center center","background-size":"auto","background-attachment":"scroll","background-type":"","background-media":"","overlay-type":"","overlay-color":"","overlay-opacity":"","overlay-gradient":""},"tablet":{"background-color":"","background-image":"","background-repeat":"repeat","background-position":"center center","background-size":"auto","background-attachment":"scroll","background-type":"","background-media":"","overlay-type":"","overlay-color":"","overlay-opacity":"","overlay-gradient":""},"mobile":{"background-color":"","background-image":"","background-repeat":"repeat","background-position":"center center","background-size":"auto","background-attachment":"scroll","background-type":"","background-media":"","overlay-type":"","overlay-color":"","overlay-opacity":"","overlay-gradient":""}},"ast-content-background-meta":{"desktop":{"background-color":"var(--ast-global-color-5)","background-image":"","background-repeat":"repeat","background-position":"center center","background-size":"auto","background-attachment":"scroll","background-type":"","background-media":"","overlay-type":"","overlay-color":"","overlay-opacity":"","overlay-gradient":""},"tablet":{"background-color":"var(--ast-global-color-5)","background-image":"","background-repeat":"repeat","background-position":"center center","background-size":"auto","background-attachment":"scroll","background-type":"","background-media":"","overlay-type":"","overlay-color":"","overlay-opacity":"","overlay-gradient":""},"mobile":{"background-color":"var(--ast-global-color-5)","background-image":"","background-repeat":"repeat","background-position":"center center","background-size":"auto","background-attachment":"scroll","background-type":"","background-media":"","overlay-type":"","overlay-color":"","overlay-opacity":"","overlay-gradient":""}},"_joinchat":[]},"product_brand":[],"product_cat":[170,75,66,131,35,58],"product_tag":[],"class_list":{"0":"post-6164","1":"product","2":"type-product","3":"status-publish","4":"has-post-thumbnail","6":"product_cat-black-friday","7":"product_cat-en-promo","8":"product_cat-fond-de-teint","9":"product_cat-kiko","10":"product_cat-maquillage","11":"product_cat-teint","12":"desktop-align-center","13":"tablet-align-left","14":"mobile-align-center","16":"first","17":"instock","18":"sale","19":"taxable","20":"shipping-taxable","21":"purchasable","22":"product-type-simple"},"uagb_featured_image_src":{"full":["https:\/\/i0.wp.com\/fabstore.ma\/wp-content\/uploads\/2023\/07\/skin.jpg?fit=898%2C900&ssl=1",898,900,false],"thumbnail":["https:\/\/i0.wp.com\/fabstore.ma\/wp-content\/uploads\/2023\/07\/skin.jpg?resize=150%2C150&ssl=1",150,150,true],"medium":["https:\/\/i0.wp.com\/fabstore.ma\/wp-content\/uploads\/2023\/07\/skin.jpg?fit=300%2C300&ssl=1",300,300,true],"medium_large":["https:\/\/i0.wp.com\/fabstore.ma\/wp-content\/uploads\/2023\/07\/skin.jpg?fit=768%2C770&ssl=1",768,770,true],"large":["https:\/\/i0.wp.com\/fabstore.ma\/wp-content\/uploads\/2023\/07\/skin.jpg?fit=898%2C900&ssl=1",898,900,true],"1536x1536":["https:\/\/i0.wp.com\/fabstore.ma\/wp-content\/uploads\/2023\/07\/skin.jpg?fit=898%2C900&ssl=1",898,900,true],"2048x2048":["https:\/\/i0.wp.com\/fabstore.ma\/wp-content\/uploads\/2023\/07\/skin.jpg?fit=898%2C900&ssl=1",898,900,true],"woocommerce_thumbnail":["https:\/\/i0.wp.com\/fabstore.ma\/wp-content\/uploads\/2023\/07\/skin.jpg?fit=300%2C301&ssl=1",300,301,true],"woocommerce_single":["https:\/\/i0.wp.com\/fabstore.ma\/wp-content\/uploads\/2023\/07\/skin.jpg?fit=600%2C601&ssl=1",600,601,true],"woocommerce_gallery_thumbnail":["https:\/\/i0.wp.com\/fabstore.ma\/wp-content\/uploads\/2023\/07\/skin.jpg?resize=100%2C100&ssl=1",100,100,true]},"uagb_author_info":{"display_name":"admin","author_link":"https:\/\/fabstore.ma\/index.php\/author\/"},"uagb_comment_info":0,"uagb_excerpt":"WARM BEIGE 50","jetpack-related-posts":[],"jetpack_sharing_enabled":true,"_links":{"self":[{"href":"https:\/\/fabstore.ma\/index.php\/wp-json\/wp\/v2\/product\/6164","targetHints":{"allow":["GET"]}}],"collection":[{"href":"https:\/\/fabstore.ma\/index.php\/wp-json\/wp\/v2\/product"}],"about":[{"href":"https:\/\/fabstore.ma\/index.php\/wp-json\/wp\/v2\/types\/product"}],"replies":[{"embeddable":true,"href":"https:\/\/fabstore.ma\/index.php\/wp-json\/wp\/v2\/comments?post=6164"}],"wp:featuredmedia":[{"embeddable":true,"href":"https:\/\/fabstore.ma\/index.php\/wp-json\/wp\/v2\/media\/6165"}],"wp:attachment":[{"href":"https:\/\/fabstore.ma\/index.php\/wp-json\/wp\/v2\/media?parent=6164"}],"wp:term":[{"taxonomy":"product_brand","embeddable":true,"href":"https:\/\/fabstore.ma\/index.php\/wp-json\/wp\/v2\/product_brand?post=6164"},{"taxonomy":"product_cat","embeddable":true,"href":"https:\/\/fabstore.ma\/index.php\/wp-json\/wp\/v2\/product_cat?post=6164"},{"taxonomy":"product_tag","embeddable":true,"href":"https:\/\/fabstore.ma\/index.php\/wp-json\/wp\/v2\/product_tag?post=6164"}],"curies":[{"name":"wp","href":"https:\/\/api.w.org\/{rel}","templated":true}]}}