{"id":11597,"date":"2026-04-21T11:25:11","date_gmt":"2026-04-21T11:25:11","guid":{"rendered":"https:\/\/fabstore.ma\/?post_type=product&#038;p=11597"},"modified":"2026-04-21T11:25:11","modified_gmt":"2026-04-21T11:25:11","slug":"thebalm-meet-matte-hughes-special-delivery","status":"publish","type":"product","link":"https:\/\/fabstore.ma\/index.php\/produit\/thebalm-meet-matte-hughes-special-delivery\/","title":{"rendered":"theBalm &#8211; Meet Matt(e) Hughes &#8211; Special Delivery"},"content":{"rendered":"<p>theBalm &#8211; Meet Matt(e) Hughes Special Delivery Kit<\/p>\n<p>Matt(e) Hughes\u00ae est  de retour avec une nouveaut\u00e9 exclusive ! Ce coffret nomade de 6 mini rouges \u00e0 l\u00e8vres liquides se compose de 3 teintes exclusives. Format de poche id\u00e9al et sans bavure\u2026 la garantie d\u2019une tenue impeccable. Avec sa couleur longue tenue et son fini mat velout\u00e9, ce rouge \u00e0 l\u00e8vres vous accompagnera partout o\u00f9 l\u2019aventure vous m\u00e8nera.<\/p>\n","protected":false},"excerpt":{"rendered":"<p>theBalm &#8211; Meet Matt(e) Hughes Special Delivery Kit Matt(e) Hughes\u00ae est de retour avec une nouveaut\u00e9 exclusive ! Ce coffret nomade de 6 mini rouges \u00e0 l\u00e8vres liquides se compose de 3 teintes exclusives. Format de poche id\u00e9al et sans bavure\u2026 la garantie d\u2019une tenue impeccable. Avec sa couleur longue tenue et son fini mat [&hellip;]<\/p>\n","protected":false},"featured_media":11598,"comment_status":"open","ping_status":"closed","template":"","meta":{"om_disable_all_campaigns":false,"_uag_custom_page_level_css":"","_monsterinsights_skip_tracking":false,"_monsterinsights_sitenote_active":false,"_monsterinsights_sitenote_note":"","_monsterinsights_sitenote_category":0,"_uf_show_specific_survey":0,"_uf_disable_surveys":false,"site-sidebar-layout":"default","site-content-layout":"","ast-site-content-layout":"default","site-content-style":"default","site-sidebar-style":"default","ast-global-header-display":"","ast-banner-title-visibility":"","ast-main-header-display":"","ast-hfb-above-header-display":"","ast-hfb-below-header-display":"","ast-hfb-mobile-header-display":"","site-post-title":"","ast-breadcrumbs-content":"","ast-featured-img":"","footer-sml-layout":"","ast-disable-related-posts":"","theme-transparent-header-meta":"default","adv-header-id-meta":"","stick-header-meta":"","header-above-stick-meta":"","header-main-stick-meta":"","header-below-stick-meta":"","astra-migrate-meta-layouts":"set","ast-page-background-enabled":"default","ast-page-background-meta":{"desktop":{"background-color":"var(--ast-global-color-4)","background-image":"","background-repeat":"repeat","background-position":"center center","background-size":"auto","background-attachment":"scroll","background-type":"","background-media":"","overlay-type":"","overlay-color":"","overlay-opacity":"","overlay-gradient":""},"tablet":{"background-color":"","background-image":"","background-repeat":"repeat","background-position":"center center","background-size":"auto","background-attachment":"scroll","background-type":"","background-media":"","overlay-type":"","overlay-color":"","overlay-opacity":"","overlay-gradient":""},"mobile":{"background-color":"","background-image":"","background-repeat":"repeat","background-position":"center center","background-size":"auto","background-attachment":"scroll","background-type":"","background-media":"","overlay-type":"","overlay-color":"","overlay-opacity":"","overlay-gradient":""}},"ast-content-background-meta":{"desktop":{"background-color":"var(--ast-global-color-5)","background-image":"","background-repeat":"repeat","background-position":"center center","background-size":"auto","background-attachment":"scroll","background-type":"","background-media":"","overlay-type":"","overlay-color":"","overlay-opacity":"","overlay-gradient":""},"tablet":{"background-color":"var(--ast-global-color-5)","background-image":"","background-repeat":"repeat","background-position":"center center","background-size":"auto","background-attachment":"scroll","background-type":"","background-media":"","overlay-type":"","overlay-color":"","overlay-opacity":"","overlay-gradient":""},"mobile":{"background-color":"var(--ast-global-color-5)","background-image":"","background-repeat":"repeat","background-position":"center center","background-size":"auto","background-attachment":"scroll","background-type":"","background-media":"","overlay-type":"","overlay-color":"","overlay-opacity":"","overlay-gradient":""}},"_joinchat":[]},"product_brand":[],"product_cat":[60,35,226],"product_tag":[],"class_list":{"0":"post-11597","1":"product","2":"type-product","3":"status-publish","4":"has-post-thumbnail","6":"product_cat-levres","7":"product_cat-maquillage","8":"product_cat-thebalm","9":"desktop-align-center","10":"tablet-align-left","11":"mobile-align-center","13":"first","14":"instock","15":"taxable","16":"shipping-taxable","17":"purchasable","18":"product-type-simple"},"uagb_featured_image_src":{"full":["https:\/\/i0.wp.com\/fabstore.ma\/wp-content\/uploads\/2026\/04\/MMH-mini-SD.jpg?fit=1200%2C1200&ssl=1",1200,1200,false],"thumbnail":["https:\/\/i0.wp.com\/fabstore.ma\/wp-content\/uploads\/2026\/04\/MMH-mini-SD.jpg?resize=150%2C150&ssl=1",150,150,true],"medium":["https:\/\/i0.wp.com\/fabstore.ma\/wp-content\/uploads\/2026\/04\/MMH-mini-SD.jpg?fit=300%2C300&ssl=1",300,300,true],"medium_large":["https:\/\/i0.wp.com\/fabstore.ma\/wp-content\/uploads\/2026\/04\/MMH-mini-SD.jpg?fit=768%2C768&ssl=1",768,768,true],"large":["https:\/\/i0.wp.com\/fabstore.ma\/wp-content\/uploads\/2026\/04\/MMH-mini-SD.jpg?fit=1024%2C1024&ssl=1",1024,1024,true],"1536x1536":["https:\/\/i0.wp.com\/fabstore.ma\/wp-content\/uploads\/2026\/04\/MMH-mini-SD.jpg?fit=1200%2C1200&ssl=1",1200,1200,true],"2048x2048":["https:\/\/i0.wp.com\/fabstore.ma\/wp-content\/uploads\/2026\/04\/MMH-mini-SD.jpg?fit=1200%2C1200&ssl=1",1200,1200,true],"woocommerce_thumbnail":["https:\/\/i0.wp.com\/fabstore.ma\/wp-content\/uploads\/2026\/04\/MMH-mini-SD.jpg?fit=300%2C300&ssl=1",300,300,true],"woocommerce_single":["https:\/\/i0.wp.com\/fabstore.ma\/wp-content\/uploads\/2026\/04\/MMH-mini-SD.jpg?fit=600%2C600&ssl=1",600,600,true],"woocommerce_gallery_thumbnail":["https:\/\/i0.wp.com\/fabstore.ma\/wp-content\/uploads\/2026\/04\/MMH-mini-SD.jpg?resize=100%2C100&ssl=1",100,100,true]},"uagb_author_info":{"display_name":"admin","author_link":"https:\/\/fabstore.ma\/index.php\/author\/"},"uagb_comment_info":0,"uagb_excerpt":"theBalm &#8211; Meet Matt(e) Hughes Special Delivery Kit Matt(e) Hughes\u00ae est de retour avec une nouveaut\u00e9 exclusive ! Ce coffret nomade de 6 mini rouges \u00e0 l\u00e8vres liquides se compose de 3 teintes exclusives. Format de poche id\u00e9al et sans bavure\u2026 la garantie d\u2019une tenue impeccable. Avec sa couleur longue tenue et son fini mat\u2026","jetpack-related-posts":[],"jetpack_sharing_enabled":true,"_links":{"self":[{"href":"https:\/\/fabstore.ma\/index.php\/wp-json\/wp\/v2\/product\/11597","targetHints":{"allow":["GET"]}}],"collection":[{"href":"https:\/\/fabstore.ma\/index.php\/wp-json\/wp\/v2\/product"}],"about":[{"href":"https:\/\/fabstore.ma\/index.php\/wp-json\/wp\/v2\/types\/product"}],"replies":[{"embeddable":true,"href":"https:\/\/fabstore.ma\/index.php\/wp-json\/wp\/v2\/comments?post=11597"}],"wp:featuredmedia":[{"embeddable":true,"href":"https:\/\/fabstore.ma\/index.php\/wp-json\/wp\/v2\/media\/11598"}],"wp:attachment":[{"href":"https:\/\/fabstore.ma\/index.php\/wp-json\/wp\/v2\/media?parent=11597"}],"wp:term":[{"taxonomy":"product_brand","embeddable":true,"href":"https:\/\/fabstore.ma\/index.php\/wp-json\/wp\/v2\/product_brand?post=11597"},{"taxonomy":"product_cat","embeddable":true,"href":"https:\/\/fabstore.ma\/index.php\/wp-json\/wp\/v2\/product_cat?post=11597"},{"taxonomy":"product_tag","embeddable":true,"href":"https:\/\/fabstore.ma\/index.php\/wp-json\/wp\/v2\/product_tag?post=11597"}],"curies":[{"name":"wp","href":"https:\/\/api.w.org\/{rel}","templated":true}]}}