{"id":11592,"date":"2026-04-21T11:18:32","date_gmt":"2026-04-21T11:18:32","guid":{"rendered":"https:\/\/fabstore.ma\/?post_type=product&#038;p=11592"},"modified":"2026-04-21T11:39:24","modified_gmt":"2026-04-21T11:39:24","slug":"thebalm-meet-matte-hughes-ms-nude-york","status":"publish","type":"product","link":"https:\/\/fabstore.ma\/index.php\/produit\/thebalm-meet-matte-hughes-ms-nude-york\/","title":{"rendered":"theBalm &#8211; Meet Matt(e) Hughes &#8211;  Ms. Nude York"},"content":{"rendered":"<p>theBalm Meet Matte Hughes Ms. Nude York<\/p>\n<p>Pr\u00eate pour une relation durable ? D\u00e9couvrez Matte Hughes\u2026 \u00e0 New York ! Cette collection exclusive de 6 mini rouges \u00e0 l\u00e8vres liquides nude est id\u00e9ale \u00e0 glisser dans sa poche et sans bavure. Trouvez la teinte Matt&rsquo;ch parfaite pour chaque occasion, d&rsquo;un pique-nique \u00e0 Central Park \u00e0 une journ\u00e9e au Met. Croquez dans la Grosse Pomme sans ab\u00eemer votre rouge \u00e0 l\u00e8vres : ces petits bijoux tiennent toutes leurs promesses.<\/p>\n","protected":false},"excerpt":{"rendered":"<p>theBalm Meet Matte Hughes Ms. Nude York Pr\u00eate pour une relation durable ? D\u00e9couvrez Matte Hughes\u2026 \u00e0 New York ! Cette collection exclusive de 6 mini rouges \u00e0 l\u00e8vres liquides nude est id\u00e9ale \u00e0 glisser dans sa poche et sans bavure. Trouvez la teinte Matt&rsquo;ch parfaite pour chaque occasion, d&rsquo;un pique-nique \u00e0 Central Park \u00e0 [&hellip;]<\/p>\n","protected":false},"featured_media":11593,"comment_status":"open","ping_status":"closed","template":"","meta":{"om_disable_all_campaigns":false,"_uag_custom_page_level_css":"","_monsterinsights_skip_tracking":false,"_monsterinsights_sitenote_active":false,"_monsterinsights_sitenote_note":"","_monsterinsights_sitenote_category":0,"_uf_show_specific_survey":0,"_uf_disable_surveys":false,"site-sidebar-layout":"default","site-content-layout":"","ast-site-content-layout":"default","site-content-style":"default","site-sidebar-style":"default","ast-global-header-display":"","ast-banner-title-visibility":"","ast-main-header-display":"","ast-hfb-above-header-display":"","ast-hfb-below-header-display":"","ast-hfb-mobile-header-display":"","site-post-title":"","ast-breadcrumbs-content":"","ast-featured-img":"","footer-sml-layout":"","ast-disable-related-posts":"","theme-transparent-header-meta":"default","adv-header-id-meta":"","stick-header-meta":"","header-above-stick-meta":"","header-main-stick-meta":"","header-below-stick-meta":"","astra-migrate-meta-layouts":"set","ast-page-background-enabled":"default","ast-page-background-meta":{"desktop":{"background-color":"var(--ast-global-color-4)","background-image":"","background-repeat":"repeat","background-position":"center center","background-size":"auto","background-attachment":"scroll","background-type":"","background-media":"","overlay-type":"","overlay-color":"","overlay-opacity":"","overlay-gradient":""},"tablet":{"background-color":"","background-image":"","background-repeat":"repeat","background-position":"center center","background-size":"auto","background-attachment":"scroll","background-type":"","background-media":"","overlay-type":"","overlay-color":"","overlay-opacity":"","overlay-gradient":""},"mobile":{"background-color":"","background-image":"","background-repeat":"repeat","background-position":"center center","background-size":"auto","background-attachment":"scroll","background-type":"","background-media":"","overlay-type":"","overlay-color":"","overlay-opacity":"","overlay-gradient":""}},"ast-content-background-meta":{"desktop":{"background-color":"var(--ast-global-color-5)","background-image":"","background-repeat":"repeat","background-position":"center center","background-size":"auto","background-attachment":"scroll","background-type":"","background-media":"","overlay-type":"","overlay-color":"","overlay-opacity":"","overlay-gradient":""},"tablet":{"background-color":"var(--ast-global-color-5)","background-image":"","background-repeat":"repeat","background-position":"center center","background-size":"auto","background-attachment":"scroll","background-type":"","background-media":"","overlay-type":"","overlay-color":"","overlay-opacity":"","overlay-gradient":""},"mobile":{"background-color":"var(--ast-global-color-5)","background-image":"","background-repeat":"repeat","background-position":"center center","background-size":"auto","background-attachment":"scroll","background-type":"","background-media":"","overlay-type":"","overlay-color":"","overlay-opacity":"","overlay-gradient":""}},"_joinchat":[]},"product_brand":[],"product_cat":[60,35,226],"product_tag":[],"class_list":{"0":"post-11592","1":"product","2":"type-product","3":"status-publish","4":"has-post-thumbnail","6":"product_cat-levres","7":"product_cat-maquillage","8":"product_cat-thebalm","9":"desktop-align-center","10":"tablet-align-left","11":"mobile-align-center","13":"first","14":"instock","15":"taxable","16":"shipping-taxable","17":"purchasable","18":"product-type-simple"},"uagb_featured_image_src":{"full":["https:\/\/i0.wp.com\/fabstore.ma\/wp-content\/uploads\/2026\/04\/Ms_Nude_York_x_Meet_Matte_Hughes_Mini_Kit_681619820564-edit.jpg?fit=900%2C900&ssl=1",900,900,false],"thumbnail":["https:\/\/i0.wp.com\/fabstore.ma\/wp-content\/uploads\/2026\/04\/Ms_Nude_York_x_Meet_Matte_Hughes_Mini_Kit_681619820564-edit.jpg?resize=150%2C150&ssl=1",150,150,true],"medium":["https:\/\/i0.wp.com\/fabstore.ma\/wp-content\/uploads\/2026\/04\/Ms_Nude_York_x_Meet_Matte_Hughes_Mini_Kit_681619820564-edit.jpg?fit=300%2C300&ssl=1",300,300,true],"medium_large":["https:\/\/i0.wp.com\/fabstore.ma\/wp-content\/uploads\/2026\/04\/Ms_Nude_York_x_Meet_Matte_Hughes_Mini_Kit_681619820564-edit.jpg?fit=768%2C768&ssl=1",768,768,true],"large":["https:\/\/i0.wp.com\/fabstore.ma\/wp-content\/uploads\/2026\/04\/Ms_Nude_York_x_Meet_Matte_Hughes_Mini_Kit_681619820564-edit.jpg?fit=900%2C900&ssl=1",900,900,true],"1536x1536":["https:\/\/i0.wp.com\/fabstore.ma\/wp-content\/uploads\/2026\/04\/Ms_Nude_York_x_Meet_Matte_Hughes_Mini_Kit_681619820564-edit.jpg?fit=900%2C900&ssl=1",900,900,true],"2048x2048":["https:\/\/i0.wp.com\/fabstore.ma\/wp-content\/uploads\/2026\/04\/Ms_Nude_York_x_Meet_Matte_Hughes_Mini_Kit_681619820564-edit.jpg?fit=900%2C900&ssl=1",900,900,true],"woocommerce_thumbnail":["https:\/\/i0.wp.com\/fabstore.ma\/wp-content\/uploads\/2026\/04\/Ms_Nude_York_x_Meet_Matte_Hughes_Mini_Kit_681619820564-edit.jpg?fit=300%2C300&ssl=1",300,300,true],"woocommerce_single":["https:\/\/i0.wp.com\/fabstore.ma\/wp-content\/uploads\/2026\/04\/Ms_Nude_York_x_Meet_Matte_Hughes_Mini_Kit_681619820564-edit.jpg?fit=600%2C600&ssl=1",600,600,true],"woocommerce_gallery_thumbnail":["https:\/\/i0.wp.com\/fabstore.ma\/wp-content\/uploads\/2026\/04\/Ms_Nude_York_x_Meet_Matte_Hughes_Mini_Kit_681619820564-edit.jpg?resize=100%2C100&ssl=1",100,100,true]},"uagb_author_info":{"display_name":"admin","author_link":"https:\/\/fabstore.ma\/index.php\/author\/"},"uagb_comment_info":0,"uagb_excerpt":"theBalm Meet Matte Hughes Ms. Nude York Pr\u00eate pour une relation durable ? D\u00e9couvrez Matte Hughes\u2026 \u00e0 New York ! Cette collection exclusive de 6 mini rouges \u00e0 l\u00e8vres liquides nude est id\u00e9ale \u00e0 glisser dans sa poche et sans bavure. Trouvez la teinte Matt&rsquo;ch parfaite pour chaque occasion, d&rsquo;un pique-nique \u00e0 Central Park \u00e0\u2026","jetpack-related-posts":[],"jetpack_sharing_enabled":true,"_links":{"self":[{"href":"https:\/\/fabstore.ma\/index.php\/wp-json\/wp\/v2\/product\/11592","targetHints":{"allow":["GET"]}}],"collection":[{"href":"https:\/\/fabstore.ma\/index.php\/wp-json\/wp\/v2\/product"}],"about":[{"href":"https:\/\/fabstore.ma\/index.php\/wp-json\/wp\/v2\/types\/product"}],"replies":[{"embeddable":true,"href":"https:\/\/fabstore.ma\/index.php\/wp-json\/wp\/v2\/comments?post=11592"}],"wp:featuredmedia":[{"embeddable":true,"href":"https:\/\/fabstore.ma\/index.php\/wp-json\/wp\/v2\/media\/11593"}],"wp:attachment":[{"href":"https:\/\/fabstore.ma\/index.php\/wp-json\/wp\/v2\/media?parent=11592"}],"wp:term":[{"taxonomy":"product_brand","embeddable":true,"href":"https:\/\/fabstore.ma\/index.php\/wp-json\/wp\/v2\/product_brand?post=11592"},{"taxonomy":"product_cat","embeddable":true,"href":"https:\/\/fabstore.ma\/index.php\/wp-json\/wp\/v2\/product_cat?post=11592"},{"taxonomy":"product_tag","embeddable":true,"href":"https:\/\/fabstore.ma\/index.php\/wp-json\/wp\/v2\/product_tag?post=11592"}],"curies":[{"name":"wp","href":"https:\/\/api.w.org\/{rel}","templated":true}]}}