{"id":11589,"date":"2026-04-21T10:46:55","date_gmt":"2026-04-21T10:46:55","guid":{"rendered":"https:\/\/fabstore.ma\/?post_type=product&#038;p=11589"},"modified":"2026-04-21T10:48:38","modified_gmt":"2026-04-21T10:48:38","slug":"deborah-extraordinary-5-in-1","status":"publish","type":"product","link":"https:\/\/fabstore.ma\/index.php\/produit\/deborah-extraordinary-5-in-1\/","title":{"rendered":"Deborah &#8211; EXTRAORDINARY 5-IN-1"},"content":{"rendered":"<p>Deborah &#8211; EXTRAORDINARY 5-IN-1 MASCARA<\/p>\n<p>La formule 5 en 1 r\u00e9volutionnaire de cet \u00e9tonnant mascara volumise, allonge et recourbe les cils. Elle offre une tenue in\u00e9gal\u00e9e et cr\u00e9e un effet haute d\u00e9finition spectaculaire.<br \/>\nL\u2019applicateur conique est parfait pour d\u00e9finir, s\u00e9parer les cils longs ou courts et pour soulever les cils vers le haut et vers l\u2019ext\u00e9rieur pour un maximum d\u2019efficacit\u00e9.<br \/>\nTest\u00e9 sous contr\u00f4le ophtalmologique et sans parfum.<\/p>\n","protected":false},"excerpt":{"rendered":"<p>Deborah &#8211; EXTRAORDINARY 5-IN-1 MASCARA La formule 5 en 1 r\u00e9volutionnaire de cet \u00e9tonnant mascara volumise, allonge et recourbe les cils. Elle offre une tenue in\u00e9gal\u00e9e et cr\u00e9e un effet haute d\u00e9finition spectaculaire. L\u2019applicateur conique est parfait pour d\u00e9finir, s\u00e9parer les cils longs ou courts et pour soulever les cils vers le haut et vers [&hellip;]<\/p>\n","protected":false},"featured_media":11590,"comment_status":"open","ping_status":"closed","template":"","meta":{"om_disable_all_campaigns":false,"_uag_custom_page_level_css":"","_monsterinsights_skip_tracking":false,"_monsterinsights_sitenote_active":false,"_monsterinsights_sitenote_note":"","_monsterinsights_sitenote_category":0,"_uf_show_specific_survey":0,"_uf_disable_surveys":false,"site-sidebar-layout":"default","site-content-layout":"","ast-site-content-layout":"default","site-content-style":"default","site-sidebar-style":"default","ast-global-header-display":"","ast-banner-title-visibility":"","ast-main-header-display":"","ast-hfb-above-header-display":"","ast-hfb-below-header-display":"","ast-hfb-mobile-header-display":"","site-post-title":"","ast-breadcrumbs-content":"","ast-featured-img":"","footer-sml-layout":"","ast-disable-related-posts":"","theme-transparent-header-meta":"default","adv-header-id-meta":"","stick-header-meta":"","header-above-stick-meta":"","header-main-stick-meta":"","header-below-stick-meta":"","astra-migrate-meta-layouts":"set","ast-page-background-enabled":"default","ast-page-background-meta":{"desktop":{"background-color":"var(--ast-global-color-4)","background-image":"","background-repeat":"repeat","background-position":"center center","background-size":"auto","background-attachment":"scroll","background-type":"","background-media":"","overlay-type":"","overlay-color":"","overlay-opacity":"","overlay-gradient":""},"tablet":{"background-color":"","background-image":"","background-repeat":"repeat","background-position":"center center","background-size":"auto","background-attachment":"scroll","background-type":"","background-media":"","overlay-type":"","overlay-color":"","overlay-opacity":"","overlay-gradient":""},"mobile":{"background-color":"","background-image":"","background-repeat":"repeat","background-position":"center center","background-size":"auto","background-attachment":"scroll","background-type":"","background-media":"","overlay-type":"","overlay-color":"","overlay-opacity":"","overlay-gradient":""}},"ast-content-background-meta":{"desktop":{"background-color":"var(--ast-global-color-5)","background-image":"","background-repeat":"repeat","background-position":"center center","background-size":"auto","background-attachment":"scroll","background-type":"","background-media":"","overlay-type":"","overlay-color":"","overlay-opacity":"","overlay-gradient":""},"tablet":{"background-color":"var(--ast-global-color-5)","background-image":"","background-repeat":"repeat","background-position":"center center","background-size":"auto","background-attachment":"scroll","background-type":"","background-media":"","overlay-type":"","overlay-color":"","overlay-opacity":"","overlay-gradient":""},"mobile":{"background-color":"var(--ast-global-color-5)","background-image":"","background-repeat":"repeat","background-position":"center center","background-size":"auto","background-attachment":"scroll","background-type":"","background-media":"","overlay-type":"","overlay-color":"","overlay-opacity":"","overlay-gradient":""}},"_joinchat":[]},"product_brand":[],"product_cat":[148,191,59],"product_tag":[],"class_list":{"0":"post-11589","1":"product","2":"type-product","3":"status-publish","4":"has-post-thumbnail","6":"product_cat-deborah-milano","7":"product_cat-mascara","8":"product_cat-yeux","9":"desktop-align-center","10":"tablet-align-left","11":"mobile-align-center","13":"first","14":"instock","15":"taxable","16":"shipping-taxable","17":"purchasable","18":"product-type-simple"},"uagb_featured_image_src":{"full":["https:\/\/i0.wp.com\/fabstore.ma\/wp-content\/uploads\/2026\/04\/004194-Mascara-Extraordinary-5in1.jpg?fit=1000%2C1000&ssl=1",1000,1000,false],"thumbnail":["https:\/\/i0.wp.com\/fabstore.ma\/wp-content\/uploads\/2026\/04\/004194-Mascara-Extraordinary-5in1.jpg?resize=150%2C150&ssl=1",150,150,true],"medium":["https:\/\/i0.wp.com\/fabstore.ma\/wp-content\/uploads\/2026\/04\/004194-Mascara-Extraordinary-5in1.jpg?fit=300%2C300&ssl=1",300,300,true],"medium_large":["https:\/\/i0.wp.com\/fabstore.ma\/wp-content\/uploads\/2026\/04\/004194-Mascara-Extraordinary-5in1.jpg?fit=768%2C768&ssl=1",768,768,true],"large":["https:\/\/i0.wp.com\/fabstore.ma\/wp-content\/uploads\/2026\/04\/004194-Mascara-Extraordinary-5in1.jpg?fit=1000%2C1000&ssl=1",1000,1000,true],"1536x1536":["https:\/\/i0.wp.com\/fabstore.ma\/wp-content\/uploads\/2026\/04\/004194-Mascara-Extraordinary-5in1.jpg?fit=1000%2C1000&ssl=1",1000,1000,true],"2048x2048":["https:\/\/i0.wp.com\/fabstore.ma\/wp-content\/uploads\/2026\/04\/004194-Mascara-Extraordinary-5in1.jpg?fit=1000%2C1000&ssl=1",1000,1000,true],"woocommerce_thumbnail":["https:\/\/i0.wp.com\/fabstore.ma\/wp-content\/uploads\/2026\/04\/004194-Mascara-Extraordinary-5in1.jpg?fit=300%2C300&ssl=1",300,300,true],"woocommerce_single":["https:\/\/i0.wp.com\/fabstore.ma\/wp-content\/uploads\/2026\/04\/004194-Mascara-Extraordinary-5in1.jpg?fit=600%2C600&ssl=1",600,600,true],"woocommerce_gallery_thumbnail":["https:\/\/i0.wp.com\/fabstore.ma\/wp-content\/uploads\/2026\/04\/004194-Mascara-Extraordinary-5in1.jpg?resize=100%2C100&ssl=1",100,100,true]},"uagb_author_info":{"display_name":"admin","author_link":"https:\/\/fabstore.ma\/index.php\/author\/"},"uagb_comment_info":0,"uagb_excerpt":"Deborah &#8211; EXTRAORDINARY 5-IN-1 MASCARA La formule 5 en 1 r\u00e9volutionnaire de cet \u00e9tonnant mascara volumise, allonge et recourbe les cils. Elle offre une tenue in\u00e9gal\u00e9e et cr\u00e9e un effet haute d\u00e9finition spectaculaire. L\u2019applicateur conique est parfait pour d\u00e9finir, s\u00e9parer les cils longs ou courts et pour soulever les cils vers le haut et vers\u2026","jetpack-related-posts":[],"jetpack_sharing_enabled":true,"_links":{"self":[{"href":"https:\/\/fabstore.ma\/index.php\/wp-json\/wp\/v2\/product\/11589","targetHints":{"allow":["GET"]}}],"collection":[{"href":"https:\/\/fabstore.ma\/index.php\/wp-json\/wp\/v2\/product"}],"about":[{"href":"https:\/\/fabstore.ma\/index.php\/wp-json\/wp\/v2\/types\/product"}],"replies":[{"embeddable":true,"href":"https:\/\/fabstore.ma\/index.php\/wp-json\/wp\/v2\/comments?post=11589"}],"wp:featuredmedia":[{"embeddable":true,"href":"https:\/\/fabstore.ma\/index.php\/wp-json\/wp\/v2\/media\/11590"}],"wp:attachment":[{"href":"https:\/\/fabstore.ma\/index.php\/wp-json\/wp\/v2\/media?parent=11589"}],"wp:term":[{"taxonomy":"product_brand","embeddable":true,"href":"https:\/\/fabstore.ma\/index.php\/wp-json\/wp\/v2\/product_brand?post=11589"},{"taxonomy":"product_cat","embeddable":true,"href":"https:\/\/fabstore.ma\/index.php\/wp-json\/wp\/v2\/product_cat?post=11589"},{"taxonomy":"product_tag","embeddable":true,"href":"https:\/\/fabstore.ma\/index.php\/wp-json\/wp\/v2\/product_tag?post=11589"}],"curies":[{"name":"wp","href":"https:\/\/api.w.org\/{rel}","templated":true}]}}