{"id":11563,"date":"2026-04-17T01:22:47","date_gmt":"2026-04-17T01:22:47","guid":{"rendered":"https:\/\/fabstore.ma\/?post_type=product&#038;p=11563"},"modified":"2026-04-20T20:51:40","modified_gmt":"2026-04-20T20:51:40","slug":"vanity-makeup-the-signature-eyeshadow-palette","status":"publish","type":"product","link":"https:\/\/fabstore.ma\/index.php\/produit\/vanity-makeup-the-signature-eyeshadow-palette\/","title":{"rendered":"VANITY MAKEUP &#8211; The Signature Eyeshadow Palette"},"content":{"rendered":"<p>VANITY MAKEUP &#8211; The Signature Eyeshadow Palette<\/p>\n<p>D\u00e9couvrez la Palette Signature, le kit de fards \u00e0 paupi\u00e8res id\u00e9al pour les passionn\u00e9es de beaut\u00e9 moderne. Con\u00e7ue pour les femmes actives, cette palette polyvalente permet de r\u00e9aliser des looks naturels ou ultra-glamour. Que vous soyez maquilleuse professionnelle ou que vous aimiez exp\u00e9rimenter, la Palette Signature a tout ce qu&rsquo;il vous faut.<\/p>\n<p>Elle contient 12 fards \u00e0 paupi\u00e8res hautement pigment\u00e9s, d\u00e9clin\u00e9s en trois textures diff\u00e9rentes : six mats cr\u00e9meux, trois nacr\u00e9s m\u00e9talliques intenses et trois paillet\u00e9s. Gr\u00e2ce \u00e0 cette gamme vari\u00e9e de teintes, cr\u00e9ez tous les looks dont vous r\u00eavez. Du maquillage naturel de tous les jours au look audacieux d&rsquo;une soir\u00e9e, la Palette Signature a tout ce qu&rsquo;il vous faut pour un r\u00e9sultat parfait.<\/p>\n<p>Nous sommes conscients de l&rsquo;importance d&rsquo;utiliser des ingr\u00e9dients s\u00fbrs et de haute qualit\u00e9. C&rsquo;est pourquoi la Palette Signature est compos\u00e9e uniquement d&rsquo;ingr\u00e9dients d&rsquo;exception et est non test\u00e9e sur les animaux. Achetez en toute s\u00e9r\u00e9nit\u00e9 !<\/p>\n","protected":false},"excerpt":{"rendered":"<p>VANITY MAKEUP &#8211; The Signature Eyeshadow Palette D\u00e9couvrez la Palette Signature, le kit de fards \u00e0 paupi\u00e8res id\u00e9al pour les passionn\u00e9es de beaut\u00e9 moderne. Con\u00e7ue pour les femmes actives, cette palette polyvalente permet de r\u00e9aliser des looks naturels ou ultra-glamour. Que vous soyez maquilleuse professionnelle ou que vous aimiez exp\u00e9rimenter, la Palette Signature a tout [&hellip;]<\/p>\n","protected":false},"featured_media":11569,"comment_status":"open","ping_status":"closed","template":"","meta":{"om_disable_all_campaigns":false,"_uag_custom_page_level_css":"","_monsterinsights_skip_tracking":false,"_monsterinsights_sitenote_active":false,"_monsterinsights_sitenote_note":"","_monsterinsights_sitenote_category":0,"_uf_show_specific_survey":0,"_uf_disable_surveys":false,"site-sidebar-layout":"default","site-content-layout":"","ast-site-content-layout":"default","site-content-style":"default","site-sidebar-style":"default","ast-global-header-display":"","ast-banner-title-visibility":"","ast-main-header-display":"","ast-hfb-above-header-display":"","ast-hfb-below-header-display":"","ast-hfb-mobile-header-display":"","site-post-title":"","ast-breadcrumbs-content":"","ast-featured-img":"","footer-sml-layout":"","ast-disable-related-posts":"","theme-transparent-header-meta":"default","adv-header-id-meta":"","stick-header-meta":"","header-above-stick-meta":"","header-main-stick-meta":"","header-below-stick-meta":"","astra-migrate-meta-layouts":"set","ast-page-background-enabled":"default","ast-page-background-meta":{"desktop":{"background-color":"var(--ast-global-color-4)","background-image":"","background-repeat":"repeat","background-position":"center center","background-size":"auto","background-attachment":"scroll","background-type":"","background-media":"","overlay-type":"","overlay-color":"","overlay-opacity":"","overlay-gradient":""},"tablet":{"background-color":"","background-image":"","background-repeat":"repeat","background-position":"center center","background-size":"auto","background-attachment":"scroll","background-type":"","background-media":"","overlay-type":"","overlay-color":"","overlay-opacity":"","overlay-gradient":""},"mobile":{"background-color":"","background-image":"","background-repeat":"repeat","background-position":"center center","background-size":"auto","background-attachment":"scroll","background-type":"","background-media":"","overlay-type":"","overlay-color":"","overlay-opacity":"","overlay-gradient":""}},"ast-content-background-meta":{"desktop":{"background-color":"var(--ast-global-color-5)","background-image":"","background-repeat":"repeat","background-position":"center center","background-size":"auto","background-attachment":"scroll","background-type":"","background-media":"","overlay-type":"","overlay-color":"","overlay-opacity":"","overlay-gradient":""},"tablet":{"background-color":"var(--ast-global-color-5)","background-image":"","background-repeat":"repeat","background-position":"center center","background-size":"auto","background-attachment":"scroll","background-type":"","background-media":"","overlay-type":"","overlay-color":"","overlay-opacity":"","overlay-gradient":""},"mobile":{"background-color":"var(--ast-global-color-5)","background-image":"","background-repeat":"repeat","background-position":"center center","background-size":"auto","background-attachment":"scroll","background-type":"","background-media":"","overlay-type":"","overlay-color":"","overlay-opacity":"","overlay-gradient":""}},"_joinchat":[]},"product_brand":[],"product_cat":[35,193,222,59],"product_tag":[],"class_list":{"0":"post-11563","1":"product","2":"type-product","3":"status-publish","4":"has-post-thumbnail","6":"product_cat-maquillage","7":"product_cat-palette-yeux","8":"product_cat-vanity-makeup","9":"product_cat-yeux","10":"desktop-align-center","11":"tablet-align-left","12":"mobile-align-center","14":"first","15":"instock","16":"taxable","17":"shipping-taxable","18":"purchasable","19":"product-type-simple"},"uagb_featured_image_src":{"full":["https:\/\/i0.wp.com\/fabstore.ma\/wp-content\/uploads\/2026\/04\/the-signature-eyeshadow-palette-209077.jpg?fit=990%2C990&ssl=1",990,990,false],"thumbnail":["https:\/\/i0.wp.com\/fabstore.ma\/wp-content\/uploads\/2026\/04\/the-signature-eyeshadow-palette-209077.jpg?resize=150%2C150&ssl=1",150,150,true],"medium":["https:\/\/i0.wp.com\/fabstore.ma\/wp-content\/uploads\/2026\/04\/the-signature-eyeshadow-palette-209077.jpg?fit=300%2C300&ssl=1",300,300,true],"medium_large":["https:\/\/i0.wp.com\/fabstore.ma\/wp-content\/uploads\/2026\/04\/the-signature-eyeshadow-palette-209077.jpg?fit=768%2C768&ssl=1",768,768,true],"large":["https:\/\/i0.wp.com\/fabstore.ma\/wp-content\/uploads\/2026\/04\/the-signature-eyeshadow-palette-209077.jpg?fit=990%2C990&ssl=1",990,990,true],"1536x1536":["https:\/\/i0.wp.com\/fabstore.ma\/wp-content\/uploads\/2026\/04\/the-signature-eyeshadow-palette-209077.jpg?fit=990%2C990&ssl=1",990,990,true],"2048x2048":["https:\/\/i0.wp.com\/fabstore.ma\/wp-content\/uploads\/2026\/04\/the-signature-eyeshadow-palette-209077.jpg?fit=990%2C990&ssl=1",990,990,true],"woocommerce_thumbnail":["https:\/\/i0.wp.com\/fabstore.ma\/wp-content\/uploads\/2026\/04\/the-signature-eyeshadow-palette-209077.jpg?fit=300%2C300&ssl=1",300,300,true],"woocommerce_single":["https:\/\/i0.wp.com\/fabstore.ma\/wp-content\/uploads\/2026\/04\/the-signature-eyeshadow-palette-209077.jpg?fit=600%2C600&ssl=1",600,600,true],"woocommerce_gallery_thumbnail":["https:\/\/i0.wp.com\/fabstore.ma\/wp-content\/uploads\/2026\/04\/the-signature-eyeshadow-palette-209077.jpg?resize=100%2C100&ssl=1",100,100,true]},"uagb_author_info":{"display_name":"admin","author_link":"https:\/\/fabstore.ma\/index.php\/author\/"},"uagb_comment_info":0,"uagb_excerpt":"VANITY MAKEUP &#8211; The Signature Eyeshadow Palette D\u00e9couvrez la Palette Signature, le kit de fards \u00e0 paupi\u00e8res id\u00e9al pour les passionn\u00e9es de beaut\u00e9 moderne. Con\u00e7ue pour les femmes actives, cette palette polyvalente permet de r\u00e9aliser des looks naturels ou ultra-glamour. Que vous soyez maquilleuse professionnelle ou que vous aimiez exp\u00e9rimenter, la Palette Signature a tout\u2026","jetpack-related-posts":[],"jetpack_sharing_enabled":true,"_links":{"self":[{"href":"https:\/\/fabstore.ma\/index.php\/wp-json\/wp\/v2\/product\/11563","targetHints":{"allow":["GET"]}}],"collection":[{"href":"https:\/\/fabstore.ma\/index.php\/wp-json\/wp\/v2\/product"}],"about":[{"href":"https:\/\/fabstore.ma\/index.php\/wp-json\/wp\/v2\/types\/product"}],"replies":[{"embeddable":true,"href":"https:\/\/fabstore.ma\/index.php\/wp-json\/wp\/v2\/comments?post=11563"}],"wp:featuredmedia":[{"embeddable":true,"href":"https:\/\/fabstore.ma\/index.php\/wp-json\/wp\/v2\/media\/11569"}],"wp:attachment":[{"href":"https:\/\/fabstore.ma\/index.php\/wp-json\/wp\/v2\/media?parent=11563"}],"wp:term":[{"taxonomy":"product_brand","embeddable":true,"href":"https:\/\/fabstore.ma\/index.php\/wp-json\/wp\/v2\/product_brand?post=11563"},{"taxonomy":"product_cat","embeddable":true,"href":"https:\/\/fabstore.ma\/index.php\/wp-json\/wp\/v2\/product_cat?post=11563"},{"taxonomy":"product_tag","embeddable":true,"href":"https:\/\/fabstore.ma\/index.php\/wp-json\/wp\/v2\/product_tag?post=11563"}],"curies":[{"name":"wp","href":"https:\/\/api.w.org\/{rel}","templated":true}]}}