{"id":11556,"date":"2026-04-17T01:16:44","date_gmt":"2026-04-17T01:16:44","guid":{"rendered":"https:\/\/fabstore.ma\/?post_type=product&#038;p=11556"},"modified":"2026-04-17T17:03:11","modified_gmt":"2026-04-17T17:03:11","slug":"ilia-soft-focus-blurring-blush","status":"publish","type":"product","link":"https:\/\/fabstore.ma\/index.php\/produit\/ilia-soft-focus-blurring-blush\/","title":{"rendered":"ILIA &#8211; Soft Focus Blurring Blush"},"content":{"rendered":"<p>Une couleur ultra-l\u00e9g\u00e8re associ\u00e9e \u00e0 un effet flout\u00e9. Inspir\u00e9 par le flou d&rsquo;un objectif d&rsquo;appareil photo, ce blush poudre sans talc se fond et se module \u00e0 la perfection pour un teint frais et lumineux qui tient 12 heures. <\/p>\n<p>Le complexe Soft Focus floute les pores et lisse le grain de peau gr\u00e2ce \u00e0 un dosage id\u00e9al de poudres filtrant la lumi\u00e8re, tandis que l&rsquo;edelweiss, le varech ail\u00e9 et le squalane, actifs soin, hydratent, lissent et raffermissent la peau jour apr\u00e8s jour. Appliquez le blush floutant Soft Focus avec le pinceau poudre de pr\u00e9cision pour un voile de couleur diffus, exactement l\u00e0 o\u00f9 vous le souhaitez.<\/p>\n","protected":false},"excerpt":{"rendered":"<p>Une couleur ultra-l\u00e9g\u00e8re associ\u00e9e \u00e0 un effet flout\u00e9. Inspir\u00e9 par le flou d&rsquo;un objectif d&rsquo;appareil photo, ce blush poudre sans talc se fond et se module \u00e0 la perfection pour un teint frais et lumineux qui tient 12 heures. Le complexe Soft Focus floute les pores et lisse le grain de peau gr\u00e2ce \u00e0 un [&hellip;]<\/p>\n","protected":false},"featured_media":11576,"comment_status":"open","ping_status":"closed","template":"","meta":{"om_disable_all_campaigns":false,"_uag_custom_page_level_css":"","_monsterinsights_skip_tracking":false,"_monsterinsights_sitenote_active":false,"_monsterinsights_sitenote_note":"","_monsterinsights_sitenote_category":0,"_uf_show_specific_survey":0,"_uf_disable_surveys":false,"site-sidebar-layout":"default","site-content-layout":"","ast-site-content-layout":"default","site-content-style":"default","site-sidebar-style":"default","ast-global-header-display":"","ast-banner-title-visibility":"","ast-main-header-display":"","ast-hfb-above-header-display":"","ast-hfb-below-header-display":"","ast-hfb-mobile-header-display":"","site-post-title":"","ast-breadcrumbs-content":"","ast-featured-img":"","footer-sml-layout":"","ast-disable-related-posts":"","theme-transparent-header-meta":"default","adv-header-id-meta":"","stick-header-meta":"","header-above-stick-meta":"","header-main-stick-meta":"","header-below-stick-meta":"","astra-migrate-meta-layouts":"set","ast-page-background-enabled":"default","ast-page-background-meta":{"desktop":{"background-color":"var(--ast-global-color-4)","background-image":"","background-repeat":"repeat","background-position":"center center","background-size":"auto","background-attachment":"scroll","background-type":"","background-media":"","overlay-type":"","overlay-color":"","overlay-opacity":"","overlay-gradient":""},"tablet":{"background-color":"","background-image":"","background-repeat":"repeat","background-position":"center center","background-size":"auto","background-attachment":"scroll","background-type":"","background-media":"","overlay-type":"","overlay-color":"","overlay-opacity":"","overlay-gradient":""},"mobile":{"background-color":"","background-image":"","background-repeat":"repeat","background-position":"center center","background-size":"auto","background-attachment":"scroll","background-type":"","background-media":"","overlay-type":"","overlay-color":"","overlay-opacity":"","overlay-gradient":""}},"ast-content-background-meta":{"desktop":{"background-color":"var(--ast-global-color-5)","background-image":"","background-repeat":"repeat","background-position":"center center","background-size":"auto","background-attachment":"scroll","background-type":"","background-media":"","overlay-type":"","overlay-color":"","overlay-opacity":"","overlay-gradient":""},"tablet":{"background-color":"var(--ast-global-color-5)","background-image":"","background-repeat":"repeat","background-position":"center center","background-size":"auto","background-attachment":"scroll","background-type":"","background-media":"","overlay-type":"","overlay-color":"","overlay-opacity":"","overlay-gradient":""},"mobile":{"background-color":"var(--ast-global-color-5)","background-image":"","background-repeat":"repeat","background-position":"center center","background-size":"auto","background-attachment":"scroll","background-type":"","background-media":"","overlay-type":"","overlay-color":"","overlay-opacity":"","overlay-gradient":""}},"_joinchat":[]},"product_brand":[],"product_cat":[71,221,58],"product_tag":[],"class_list":{"0":"post-11556","1":"product","2":"type-product","3":"status-publish","4":"has-post-thumbnail","6":"product_cat-blush-bronzer","7":"product_cat-ilia","8":"product_cat-teint","9":"desktop-align-center","10":"tablet-align-left","11":"mobile-align-center","13":"first","14":"instock","15":"taxable","16":"shipping-taxable","17":"purchasable","18":"product-type-variable"},"uagb_featured_image_src":{"full":["https:\/\/i0.wp.com\/fabstore.ma\/wp-content\/uploads\/2026\/04\/ILIA_SFBB_Sensation_Open.jpg?fit=640%2C853&ssl=1",640,853,false],"thumbnail":["https:\/\/i0.wp.com\/fabstore.ma\/wp-content\/uploads\/2026\/04\/ILIA_SFBB_Sensation_Open.jpg?resize=150%2C150&ssl=1",150,150,true],"medium":["https:\/\/i0.wp.com\/fabstore.ma\/wp-content\/uploads\/2026\/04\/ILIA_SFBB_Sensation_Open.jpg?fit=225%2C300&ssl=1",225,300,true],"medium_large":["https:\/\/i0.wp.com\/fabstore.ma\/wp-content\/uploads\/2026\/04\/ILIA_SFBB_Sensation_Open.jpg?fit=640%2C853&ssl=1",640,853,true],"large":["https:\/\/i0.wp.com\/fabstore.ma\/wp-content\/uploads\/2026\/04\/ILIA_SFBB_Sensation_Open.jpg?fit=640%2C853&ssl=1",640,853,true],"1536x1536":["https:\/\/i0.wp.com\/fabstore.ma\/wp-content\/uploads\/2026\/04\/ILIA_SFBB_Sensation_Open.jpg?fit=640%2C853&ssl=1",640,853,true],"2048x2048":["https:\/\/i0.wp.com\/fabstore.ma\/wp-content\/uploads\/2026\/04\/ILIA_SFBB_Sensation_Open.jpg?fit=640%2C853&ssl=1",640,853,true],"woocommerce_thumbnail":["https:\/\/i0.wp.com\/fabstore.ma\/wp-content\/uploads\/2026\/04\/ILIA_SFBB_Sensation_Open.jpg?fit=300%2C400&ssl=1",300,400,true],"woocommerce_single":["https:\/\/i0.wp.com\/fabstore.ma\/wp-content\/uploads\/2026\/04\/ILIA_SFBB_Sensation_Open.jpg?fit=600%2C800&ssl=1",600,800,true],"woocommerce_gallery_thumbnail":["https:\/\/i0.wp.com\/fabstore.ma\/wp-content\/uploads\/2026\/04\/ILIA_SFBB_Sensation_Open.jpg?resize=100%2C100&ssl=1",100,100,true]},"uagb_author_info":{"display_name":"admin","author_link":"https:\/\/fabstore.ma\/index.php\/author\/"},"uagb_comment_info":0,"uagb_excerpt":"Une couleur ultra-l\u00e9g\u00e8re associ\u00e9e \u00e0 un effet flout\u00e9. Inspir\u00e9 par le flou d&rsquo;un objectif d&rsquo;appareil photo, ce blush poudre sans talc se fond et se module \u00e0 la perfection pour un teint frais et lumineux qui tient 12 heures. Le complexe Soft Focus floute les pores et lisse le grain de peau gr\u00e2ce \u00e0 un\u2026","jetpack-related-posts":[],"jetpack_sharing_enabled":true,"_links":{"self":[{"href":"https:\/\/fabstore.ma\/index.php\/wp-json\/wp\/v2\/product\/11556","targetHints":{"allow":["GET"]}}],"collection":[{"href":"https:\/\/fabstore.ma\/index.php\/wp-json\/wp\/v2\/product"}],"about":[{"href":"https:\/\/fabstore.ma\/index.php\/wp-json\/wp\/v2\/types\/product"}],"replies":[{"embeddable":true,"href":"https:\/\/fabstore.ma\/index.php\/wp-json\/wp\/v2\/comments?post=11556"}],"wp:featuredmedia":[{"embeddable":true,"href":"https:\/\/fabstore.ma\/index.php\/wp-json\/wp\/v2\/media\/11576"}],"wp:attachment":[{"href":"https:\/\/fabstore.ma\/index.php\/wp-json\/wp\/v2\/media?parent=11556"}],"wp:term":[{"taxonomy":"product_brand","embeddable":true,"href":"https:\/\/fabstore.ma\/index.php\/wp-json\/wp\/v2\/product_brand?post=11556"},{"taxonomy":"product_cat","embeddable":true,"href":"https:\/\/fabstore.ma\/index.php\/wp-json\/wp\/v2\/product_cat?post=11556"},{"taxonomy":"product_tag","embeddable":true,"href":"https:\/\/fabstore.ma\/index.php\/wp-json\/wp\/v2\/product_tag?post=11556"}],"curies":[{"name":"wp","href":"https:\/\/api.w.org\/{rel}","templated":true}]}}