{"id":11535,"date":"2026-04-16T00:48:39","date_gmt":"2026-04-16T00:48:39","guid":{"rendered":"https:\/\/fabstore.ma\/?post_type=product&#038;p=11535"},"modified":"2026-04-16T01:06:27","modified_gmt":"2026-04-16T01:06:27","slug":"kit-de-soin-des-ongles-professionnel-10-pieces","status":"publish","type":"product","link":"https:\/\/fabstore.ma\/index.php\/produit\/kit-de-soin-des-ongles-professionnel-10-pieces\/","title":{"rendered":"Kit de soin des ongles professionnel 10 pi\u00e8ces"},"content":{"rendered":"<p>Kit de soin des ongles professionnel 10 pi\u00e8ces | Coupe-ongles + Lime nano + -oreilles | \u00c9tui de voyage portable. Une solution de toilettage compl\u00e8te pour la maison et les voyages. Outils durables dans un \u00e9tui \u00e9l\u00e9gant, id\u00e9al comme cadeau pratique pour hommes et femmes.<\/p>\n","protected":false},"excerpt":{"rendered":"<p>Kit de soin des ongles professionnel 10 pi\u00e8ces | Coupe-ongles + Lime nano + -oreilles | \u00c9tui de voyage portable. Une solution de toilettage compl\u00e8te pour la maison et les voyages. Outils durables dans un \u00e9tui \u00e9l\u00e9gant, id\u00e9al comme cadeau pratique pour hommes et femmes.<\/p>\n","protected":false},"featured_media":11537,"comment_status":"open","ping_status":"closed","template":"","meta":{"om_disable_all_campaigns":false,"_uag_custom_page_level_css":"","_monsterinsights_skip_tracking":false,"_monsterinsights_sitenote_active":false,"_monsterinsights_sitenote_note":"","_monsterinsights_sitenote_category":0,"_uf_show_specific_survey":0,"_uf_disable_surveys":false,"site-sidebar-layout":"default","site-content-layout":"","ast-site-content-layout":"default","site-content-style":"default","site-sidebar-style":"default","ast-global-header-display":"","ast-banner-title-visibility":"","ast-main-header-display":"","ast-hfb-above-header-display":"","ast-hfb-below-header-display":"","ast-hfb-mobile-header-display":"","site-post-title":"","ast-breadcrumbs-content":"","ast-featured-img":"","footer-sml-layout":"","ast-disable-related-posts":"","theme-transparent-header-meta":"default","adv-header-id-meta":"","stick-header-meta":"","header-above-stick-meta":"","header-main-stick-meta":"","header-below-stick-meta":"","astra-migrate-meta-layouts":"set","ast-page-background-enabled":"default","ast-page-background-meta":{"desktop":{"background-color":"var(--ast-global-color-4)","background-image":"","background-repeat":"repeat","background-position":"center center","background-size":"auto","background-attachment":"scroll","background-type":"","background-media":"","overlay-type":"","overlay-color":"","overlay-opacity":"","overlay-gradient":""},"tablet":{"background-color":"","background-image":"","background-repeat":"repeat","background-position":"center center","background-size":"auto","background-attachment":"scroll","background-type":"","background-media":"","overlay-type":"","overlay-color":"","overlay-opacity":"","overlay-gradient":""},"mobile":{"background-color":"","background-image":"","background-repeat":"repeat","background-position":"center center","background-size":"auto","background-attachment":"scroll","background-type":"","background-media":"","overlay-type":"","overlay-color":"","overlay-opacity":"","overlay-gradient":""}},"ast-content-background-meta":{"desktop":{"background-color":"var(--ast-global-color-5)","background-image":"","background-repeat":"repeat","background-position":"center center","background-size":"auto","background-attachment":"scroll","background-type":"","background-media":"","overlay-type":"","overlay-color":"","overlay-opacity":"","overlay-gradient":""},"tablet":{"background-color":"var(--ast-global-color-5)","background-image":"","background-repeat":"repeat","background-position":"center center","background-size":"auto","background-attachment":"scroll","background-type":"","background-media":"","overlay-type":"","overlay-color":"","overlay-opacity":"","overlay-gradient":""},"mobile":{"background-color":"var(--ast-global-color-5)","background-image":"","background-repeat":"repeat","background-position":"center center","background-size":"auto","background-attachment":"scroll","background-type":"","background-media":"","overlay-type":"","overlay-color":"","overlay-opacity":"","overlay-gradient":""}},"_joinchat":[]},"product_brand":[],"product_cat":[64,35],"product_tag":[],"class_list":{"0":"post-11535","1":"product","2":"type-product","3":"status-publish","4":"has-post-thumbnail","6":"product_cat-pinceau-accessoires","7":"product_cat-maquillage","8":"desktop-align-center","9":"tablet-align-left","10":"mobile-align-center","12":"first","13":"instock","14":"taxable","15":"shipping-taxable","16":"purchasable","17":"product-type-variable"},"uagb_featured_image_src":{"full":["https:\/\/i0.wp.com\/fabstore.ma\/wp-content\/uploads\/2026\/04\/IMG_20260416_015237.jpg?fit=768%2C796&ssl=1",768,796,false],"thumbnail":["https:\/\/i0.wp.com\/fabstore.ma\/wp-content\/uploads\/2026\/04\/IMG_20260416_015237.jpg?resize=150%2C150&ssl=1",150,150,true],"medium":["https:\/\/i0.wp.com\/fabstore.ma\/wp-content\/uploads\/2026\/04\/IMG_20260416_015237.jpg?fit=289%2C300&ssl=1",289,300,true],"medium_large":["https:\/\/i0.wp.com\/fabstore.ma\/wp-content\/uploads\/2026\/04\/IMG_20260416_015237.jpg?fit=768%2C796&ssl=1",768,796,true],"large":["https:\/\/i0.wp.com\/fabstore.ma\/wp-content\/uploads\/2026\/04\/IMG_20260416_015237.jpg?fit=768%2C796&ssl=1",768,796,true],"1536x1536":["https:\/\/i0.wp.com\/fabstore.ma\/wp-content\/uploads\/2026\/04\/IMG_20260416_015237.jpg?fit=768%2C796&ssl=1",768,796,true],"2048x2048":["https:\/\/i0.wp.com\/fabstore.ma\/wp-content\/uploads\/2026\/04\/IMG_20260416_015237.jpg?fit=768%2C796&ssl=1",768,796,true],"woocommerce_thumbnail":["https:\/\/i0.wp.com\/fabstore.ma\/wp-content\/uploads\/2026\/04\/IMG_20260416_015237.jpg?fit=300%2C311&ssl=1",300,311,true],"woocommerce_single":["https:\/\/i0.wp.com\/fabstore.ma\/wp-content\/uploads\/2026\/04\/IMG_20260416_015237.jpg?fit=600%2C622&ssl=1",600,622,true],"woocommerce_gallery_thumbnail":["https:\/\/i0.wp.com\/fabstore.ma\/wp-content\/uploads\/2026\/04\/IMG_20260416_015237.jpg?resize=100%2C100&ssl=1",100,100,true]},"uagb_author_info":{"display_name":"admin","author_link":"https:\/\/fabstore.ma\/index.php\/author\/"},"uagb_comment_info":0,"uagb_excerpt":"Kit de soin des ongles professionnel 10 pi\u00e8ces | Coupe-ongles + Lime nano + -oreilles | \u00c9tui de voyage portable. Une solution de toilettage compl\u00e8te pour la maison et les voyages. Outils durables dans un \u00e9tui \u00e9l\u00e9gant, id\u00e9al comme cadeau pratique pour hommes et femmes.","jetpack-related-posts":[],"jetpack_sharing_enabled":true,"_links":{"self":[{"href":"https:\/\/fabstore.ma\/index.php\/wp-json\/wp\/v2\/product\/11535","targetHints":{"allow":["GET"]}}],"collection":[{"href":"https:\/\/fabstore.ma\/index.php\/wp-json\/wp\/v2\/product"}],"about":[{"href":"https:\/\/fabstore.ma\/index.php\/wp-json\/wp\/v2\/types\/product"}],"replies":[{"embeddable":true,"href":"https:\/\/fabstore.ma\/index.php\/wp-json\/wp\/v2\/comments?post=11535"}],"wp:featuredmedia":[{"embeddable":true,"href":"https:\/\/fabstore.ma\/index.php\/wp-json\/wp\/v2\/media\/11537"}],"wp:attachment":[{"href":"https:\/\/fabstore.ma\/index.php\/wp-json\/wp\/v2\/media?parent=11535"}],"wp:term":[{"taxonomy":"product_brand","embeddable":true,"href":"https:\/\/fabstore.ma\/index.php\/wp-json\/wp\/v2\/product_brand?post=11535"},{"taxonomy":"product_cat","embeddable":true,"href":"https:\/\/fabstore.ma\/index.php\/wp-json\/wp\/v2\/product_cat?post=11535"},{"taxonomy":"product_tag","embeddable":true,"href":"https:\/\/fabstore.ma\/index.php\/wp-json\/wp\/v2\/product_tag?post=11535"}],"curies":[{"name":"wp","href":"https:\/\/api.w.org\/{rel}","templated":true}]}}