{"id":11438,"date":"2026-03-25T16:05:02","date_gmt":"2026-03-25T16:05:02","guid":{"rendered":"https:\/\/fabstore.ma\/?post_type=product&#038;p=11438"},"modified":"2026-03-25T16:18:43","modified_gmt":"2026-03-25T16:18:43","slug":"fenty-beauty-diamond-bomb","status":"publish","type":"product","link":"https:\/\/fabstore.ma\/index.php\/produit\/fenty-beauty-diamond-bomb\/","title":{"rendered":"Fenty BEAUTY &#8211; Diamond Bomb"},"content":{"rendered":"<p>\u00c9clat 3D ultra-fin pour le visage et le corps.<br \/>\nEffet diamant intense.<\/p>\n<p>Donnez-le-moi vite :<br \/>\nUn enlumineur unique en son genre, saupoudr\u00e9 de poudre de diamant, qui s&rsquo;applique comme un voile scintillant 3D, offrant un \u00e9clat pur et spectaculaire sur le visage et le corps.<\/p>\n<p>Dites-m&rsquo;en plus :<br \/>\nFormule 3D scintillante qui laissera votre visage et votre corps recouverts de cristaux<br \/>\nPoudre unique \u00e0 la texture g\u00e9latineuse, rebondissante, fra\u00eeche au toucher et qui fond sur la peau.<br \/>\nUn fini ultra-brillant et sans asp\u00e9rit\u00e9s qui sublime toutes les carnations.<br \/>\nUn bo\u00eetier compact \u00e0 facettes, tel un bijou, que vous ne voudrez plus l\u00e2cher.<br \/>\nTout comme un v\u00e9ritable diamant, les bulles ou les irr\u00e9gularit\u00e9s pr\u00e9sentes dans une Diamond Bomb fra\u00eechement ouverte sont parfaitement normales et dispara\u00eetront apr\u00e8s utilisation, pour une exp\u00e9rience \u00e9tincelante optimale.<\/p>\n","protected":false},"excerpt":{"rendered":"<p>\u00c9clat 3D ultra-fin pour le visage et le corps. Effet diamant intense. Donnez-le-moi vite : Un enlumineur unique en son genre, saupoudr\u00e9 de poudre de diamant, qui s&rsquo;applique comme un voile scintillant 3D, offrant un \u00e9clat pur et spectaculaire sur le visage et le corps. Dites-m&rsquo;en plus : Formule 3D scintillante qui laissera votre visage [&hellip;]<\/p>\n","protected":false},"featured_media":9886,"comment_status":"open","ping_status":"closed","template":"","meta":{"om_disable_all_campaigns":false,"_uag_custom_page_level_css":"","_monsterinsights_skip_tracking":false,"_monsterinsights_sitenote_active":false,"_monsterinsights_sitenote_note":"","_monsterinsights_sitenote_category":0,"_uf_show_specific_survey":0,"_uf_disable_surveys":false,"site-sidebar-layout":"default","site-content-layout":"","ast-site-content-layout":"default","site-content-style":"default","site-sidebar-style":"default","ast-global-header-display":"","ast-banner-title-visibility":"","ast-main-header-display":"","ast-hfb-above-header-display":"","ast-hfb-below-header-display":"","ast-hfb-mobile-header-display":"","site-post-title":"","ast-breadcrumbs-content":"","ast-featured-img":"","footer-sml-layout":"","ast-disable-related-posts":"","theme-transparent-header-meta":"default","adv-header-id-meta":"","stick-header-meta":"","header-above-stick-meta":"","header-main-stick-meta":"","header-below-stick-meta":"","astra-migrate-meta-layouts":"set","ast-page-background-enabled":"default","ast-page-background-meta":{"desktop":{"background-color":"var(--ast-global-color-4)","background-image":"","background-repeat":"repeat","background-position":"center center","background-size":"auto","background-attachment":"scroll","background-type":"","background-media":"","overlay-type":"","overlay-color":"","overlay-opacity":"","overlay-gradient":""},"tablet":{"background-color":"","background-image":"","background-repeat":"repeat","background-position":"center center","background-size":"auto","background-attachment":"scroll","background-type":"","background-media":"","overlay-type":"","overlay-color":"","overlay-opacity":"","overlay-gradient":""},"mobile":{"background-color":"","background-image":"","background-repeat":"repeat","background-position":"center center","background-size":"auto","background-attachment":"scroll","background-type":"","background-media":"","overlay-type":"","overlay-color":"","overlay-opacity":"","overlay-gradient":""}},"ast-content-background-meta":{"desktop":{"background-color":"var(--ast-global-color-5)","background-image":"","background-repeat":"repeat","background-position":"center center","background-size":"auto","background-attachment":"scroll","background-type":"","background-media":"","overlay-type":"","overlay-color":"","overlay-opacity":"","overlay-gradient":""},"tablet":{"background-color":"var(--ast-global-color-5)","background-image":"","background-repeat":"repeat","background-position":"center center","background-size":"auto","background-attachment":"scroll","background-type":"","background-media":"","overlay-type":"","overlay-color":"","overlay-opacity":"","overlay-gradient":""},"mobile":{"background-color":"var(--ast-global-color-5)","background-image":"","background-repeat":"repeat","background-position":"center center","background-size":"auto","background-attachment":"scroll","background-type":"","background-media":"","overlay-type":"","overlay-color":"","overlay-opacity":"","overlay-gradient":""}},"_joinchat":[]},"product_brand":[],"product_cat":[142,70],"product_tag":[],"class_list":{"0":"post-11438","1":"product","2":"type-product","3":"status-publish","4":"has-post-thumbnail","6":"product_cat-fenty","7":"product_cat-highlighter","8":"desktop-align-center","9":"tablet-align-left","10":"mobile-align-center","12":"first","13":"instock","14":"taxable","15":"shipping-taxable","16":"purchasable","17":"product-type-variable"},"uagb_featured_image_src":{"full":["https:\/\/i0.wp.com\/fabstore.ma\/wp-content\/uploads\/2025\/03\/FB40013_FB8003_600x.jpg?fit=600%2C750&ssl=1",600,750,false],"thumbnail":["https:\/\/i0.wp.com\/fabstore.ma\/wp-content\/uploads\/2025\/03\/FB40013_FB8003_600x.jpg?resize=150%2C150&ssl=1",150,150,true],"medium":["https:\/\/i0.wp.com\/fabstore.ma\/wp-content\/uploads\/2025\/03\/FB40013_FB8003_600x.jpg?fit=240%2C300&ssl=1",240,300,true],"medium_large":["https:\/\/i0.wp.com\/fabstore.ma\/wp-content\/uploads\/2025\/03\/FB40013_FB8003_600x.jpg?fit=600%2C750&ssl=1",600,750,true],"large":["https:\/\/i0.wp.com\/fabstore.ma\/wp-content\/uploads\/2025\/03\/FB40013_FB8003_600x.jpg?fit=600%2C750&ssl=1",600,750,true],"1536x1536":["https:\/\/i0.wp.com\/fabstore.ma\/wp-content\/uploads\/2025\/03\/FB40013_FB8003_600x.jpg?fit=600%2C750&ssl=1",600,750,true],"2048x2048":["https:\/\/i0.wp.com\/fabstore.ma\/wp-content\/uploads\/2025\/03\/FB40013_FB8003_600x.jpg?fit=600%2C750&ssl=1",600,750,true],"woocommerce_thumbnail":["https:\/\/i0.wp.com\/fabstore.ma\/wp-content\/uploads\/2025\/03\/FB40013_FB8003_600x.jpg?fit=300%2C375&ssl=1",300,375,true],"woocommerce_single":["https:\/\/i0.wp.com\/fabstore.ma\/wp-content\/uploads\/2025\/03\/FB40013_FB8003_600x.jpg?fit=600%2C750&ssl=1",600,750,true],"woocommerce_gallery_thumbnail":["https:\/\/i0.wp.com\/fabstore.ma\/wp-content\/uploads\/2025\/03\/FB40013_FB8003_600x.jpg?resize=100%2C100&ssl=1",100,100,true]},"uagb_author_info":{"display_name":"admin","author_link":"https:\/\/fabstore.ma\/index.php\/author\/"},"uagb_comment_info":0,"uagb_excerpt":"\u00c9clat 3D ultra-fin pour le visage et le corps. Effet diamant intense. Donnez-le-moi vite : Un enlumineur unique en son genre, saupoudr\u00e9 de poudre de diamant, qui s&rsquo;applique comme un voile scintillant 3D, offrant un \u00e9clat pur et spectaculaire sur le visage et le corps. Dites-m&rsquo;en plus : Formule 3D scintillante qui laissera votre visage\u2026","jetpack-related-posts":[],"jetpack_sharing_enabled":true,"_links":{"self":[{"href":"https:\/\/fabstore.ma\/index.php\/wp-json\/wp\/v2\/product\/11438","targetHints":{"allow":["GET"]}}],"collection":[{"href":"https:\/\/fabstore.ma\/index.php\/wp-json\/wp\/v2\/product"}],"about":[{"href":"https:\/\/fabstore.ma\/index.php\/wp-json\/wp\/v2\/types\/product"}],"replies":[{"embeddable":true,"href":"https:\/\/fabstore.ma\/index.php\/wp-json\/wp\/v2\/comments?post=11438"}],"wp:featuredmedia":[{"embeddable":true,"href":"https:\/\/fabstore.ma\/index.php\/wp-json\/wp\/v2\/media\/9886"}],"wp:attachment":[{"href":"https:\/\/fabstore.ma\/index.php\/wp-json\/wp\/v2\/media?parent=11438"}],"wp:term":[{"taxonomy":"product_brand","embeddable":true,"href":"https:\/\/fabstore.ma\/index.php\/wp-json\/wp\/v2\/product_brand?post=11438"},{"taxonomy":"product_cat","embeddable":true,"href":"https:\/\/fabstore.ma\/index.php\/wp-json\/wp\/v2\/product_cat?post=11438"},{"taxonomy":"product_tag","embeddable":true,"href":"https:\/\/fabstore.ma\/index.php\/wp-json\/wp\/v2\/product_tag?post=11438"}],"curies":[{"name":"wp","href":"https:\/\/api.w.org\/{rel}","templated":true}]}}