{"id":11317,"date":"2026-02-03T11:43:42","date_gmt":"2026-02-03T11:43:42","guid":{"rendered":"https:\/\/fabstore.ma\/?post_type=product&#038;p=11317"},"modified":"2026-02-03T11:56:47","modified_gmt":"2026-02-03T11:56:47","slug":"rimmel-london-kind-free-fondation","status":"publish","type":"product","link":"https:\/\/fabstore.ma\/index.php\/produit\/rimmel-london-kind-free-fondation\/","title":{"rendered":"Rimmel London &#8211; Kind &#038; Free &#8211; Fondation"},"content":{"rendered":"<p>Fond de teint Rimmel Kind &#038; Free, notre premier maquillage propre et efficace, sans compromis. Sans parfum, sans huiles min\u00e9rales, sans ingr\u00e9dients d&rsquo;origine animale. Notre NOUVEAU soin teint\u00e9 hydratant KIND &#038; FREE\u2122 est compos\u00e9 d&rsquo;ingr\u00e9dients 100 % vegan et respectueux des animaux \u2013 tout simplement bons pour vous et pour la plan\u00e8te.<\/p>\n<p>* Avantages:<\/p>\n<p>&#8211; Hydrate et sublime la peau pour un teint frais et \u00e9clatant de sant\u00e9.<br \/>\n&#8211; Sa formule saine apporte \u00e0 la peau l&rsquo;hydratation dont elle a besoin.<br \/>\n&#8211; Enrichi d&rsquo;un complexe antioxydant \u00e0 base de vitamine E, de provitamine B5 et d&rsquo;aloe vera.<br \/>\nCompos\u00e9 \u00e0 77 % d&rsquo;ingr\u00e9dients d&rsquo;origine naturelle.<br \/>\n&#8211; Sa texture l\u00e9g\u00e8re et son fini frais et lumineux donnent instantan\u00e9ment un teint \u00e9clatant de sant\u00e9 et une hydratation tout au long de la journ\u00e9e.<br \/>\n&#8211; Non com\u00e9dog\u00e8ne, test\u00e9e dermatologiquement, convient aux peaux sensibles.<br \/>\n&#8211; Emballage fabriqu\u00e9 \u00e0 partir de mat\u00e9riaux recycl\u00e9s.<\/p>\n","protected":false},"excerpt":{"rendered":"<p>Fond de teint Rimmel Kind &#038; Free, notre premier maquillage propre et efficace, sans compromis. Sans parfum, sans huiles min\u00e9rales, sans ingr\u00e9dients d&rsquo;origine animale. Notre NOUVEAU soin teint\u00e9 hydratant KIND &#038; FREE\u2122 est compos\u00e9 d&rsquo;ingr\u00e9dients 100 % vegan et respectueux des animaux \u2013 tout simplement bons pour vous et pour la plan\u00e8te. * Avantages: &#8211; [&hellip;]<\/p>\n","protected":false},"featured_media":11326,"comment_status":"open","ping_status":"closed","template":"","meta":{"om_disable_all_campaigns":false,"_uag_custom_page_level_css":"","_monsterinsights_skip_tracking":false,"_monsterinsights_sitenote_active":false,"_monsterinsights_sitenote_note":"","_monsterinsights_sitenote_category":0,"_uf_show_specific_survey":0,"_uf_disable_surveys":false,"site-sidebar-layout":"default","site-content-layout":"","ast-site-content-layout":"default","site-content-style":"default","site-sidebar-style":"default","ast-global-header-display":"","ast-banner-title-visibility":"","ast-main-header-display":"","ast-hfb-above-header-display":"","ast-hfb-below-header-display":"","ast-hfb-mobile-header-display":"","site-post-title":"","ast-breadcrumbs-content":"","ast-featured-img":"","footer-sml-layout":"","ast-disable-related-posts":"","theme-transparent-header-meta":"default","adv-header-id-meta":"","stick-header-meta":"","header-above-stick-meta":"","header-main-stick-meta":"","header-below-stick-meta":"","astra-migrate-meta-layouts":"set","ast-page-background-enabled":"default","ast-page-background-meta":{"desktop":{"background-color":"var(--ast-global-color-4)","background-image":"","background-repeat":"repeat","background-position":"center center","background-size":"auto","background-attachment":"scroll","background-type":"","background-media":"","overlay-type":"","overlay-color":"","overlay-opacity":"","overlay-gradient":""},"tablet":{"background-color":"","background-image":"","background-repeat":"repeat","background-position":"center center","background-size":"auto","background-attachment":"scroll","background-type":"","background-media":"","overlay-type":"","overlay-color":"","overlay-opacity":"","overlay-gradient":""},"mobile":{"background-color":"","background-image":"","background-repeat":"repeat","background-position":"center center","background-size":"auto","background-attachment":"scroll","background-type":"","background-media":"","overlay-type":"","overlay-color":"","overlay-opacity":"","overlay-gradient":""}},"ast-content-background-meta":{"desktop":{"background-color":"var(--ast-global-color-5)","background-image":"","background-repeat":"repeat","background-position":"center center","background-size":"auto","background-attachment":"scroll","background-type":"","background-media":"","overlay-type":"","overlay-color":"","overlay-opacity":"","overlay-gradient":""},"tablet":{"background-color":"var(--ast-global-color-5)","background-image":"","background-repeat":"repeat","background-position":"center center","background-size":"auto","background-attachment":"scroll","background-type":"","background-media":"","overlay-type":"","overlay-color":"","overlay-opacity":"","overlay-gradient":""},"mobile":{"background-color":"var(--ast-global-color-5)","background-image":"","background-repeat":"repeat","background-position":"center center","background-size":"auto","background-attachment":"scroll","background-type":"","background-media":"","overlay-type":"","overlay-color":"","overlay-opacity":"","overlay-gradient":""}},"_joinchat":[]},"product_brand":[],"product_cat":[66,159,58],"product_tag":[],"class_list":{"0":"post-11317","1":"product","2":"type-product","3":"status-publish","4":"has-post-thumbnail","6":"product_cat-fond-de-teint","7":"product_cat-rimmel","8":"product_cat-teint","9":"desktop-align-center","10":"tablet-align-left","11":"mobile-align-center","13":"first","14":"instock","15":"taxable","16":"shipping-taxable","17":"purchasable","18":"product-type-variable"},"uagb_featured_image_src":{"full":["https:\/\/i0.wp.com\/fabstore.ma\/wp-content\/uploads\/2026\/02\/e0b9516RIMME00000486_1.jpg?fit=800%2C800&ssl=1",800,800,false],"thumbnail":["https:\/\/i0.wp.com\/fabstore.ma\/wp-content\/uploads\/2026\/02\/e0b9516RIMME00000486_1.jpg?resize=150%2C150&ssl=1",150,150,true],"medium":["https:\/\/i0.wp.com\/fabstore.ma\/wp-content\/uploads\/2026\/02\/e0b9516RIMME00000486_1.jpg?fit=300%2C300&ssl=1",300,300,true],"medium_large":["https:\/\/i0.wp.com\/fabstore.ma\/wp-content\/uploads\/2026\/02\/e0b9516RIMME00000486_1.jpg?fit=768%2C768&ssl=1",768,768,true],"large":["https:\/\/i0.wp.com\/fabstore.ma\/wp-content\/uploads\/2026\/02\/e0b9516RIMME00000486_1.jpg?fit=800%2C800&ssl=1",800,800,true],"1536x1536":["https:\/\/i0.wp.com\/fabstore.ma\/wp-content\/uploads\/2026\/02\/e0b9516RIMME00000486_1.jpg?fit=800%2C800&ssl=1",800,800,true],"2048x2048":["https:\/\/i0.wp.com\/fabstore.ma\/wp-content\/uploads\/2026\/02\/e0b9516RIMME00000486_1.jpg?fit=800%2C800&ssl=1",800,800,true],"woocommerce_thumbnail":["https:\/\/i0.wp.com\/fabstore.ma\/wp-content\/uploads\/2026\/02\/e0b9516RIMME00000486_1.jpg?fit=300%2C300&ssl=1",300,300,true],"woocommerce_single":["https:\/\/i0.wp.com\/fabstore.ma\/wp-content\/uploads\/2026\/02\/e0b9516RIMME00000486_1.jpg?fit=600%2C600&ssl=1",600,600,true],"woocommerce_gallery_thumbnail":["https:\/\/i0.wp.com\/fabstore.ma\/wp-content\/uploads\/2026\/02\/e0b9516RIMME00000486_1.jpg?resize=100%2C100&ssl=1",100,100,true]},"uagb_author_info":{"display_name":"admin","author_link":"https:\/\/fabstore.ma\/index.php\/author\/"},"uagb_comment_info":0,"uagb_excerpt":"Fond de teint Rimmel Kind &#038; Free, notre premier maquillage propre et efficace, sans compromis. Sans parfum, sans huiles min\u00e9rales, sans ingr\u00e9dients d&rsquo;origine animale. Notre NOUVEAU soin teint\u00e9 hydratant KIND &#038; FREE\u2122 est compos\u00e9 d&rsquo;ingr\u00e9dients 100 % vegan et respectueux des animaux \u2013 tout simplement bons pour vous et pour la plan\u00e8te. * Avantages: &#8211;\u2026","jetpack-related-posts":[],"jetpack_sharing_enabled":true,"_links":{"self":[{"href":"https:\/\/fabstore.ma\/index.php\/wp-json\/wp\/v2\/product\/11317","targetHints":{"allow":["GET"]}}],"collection":[{"href":"https:\/\/fabstore.ma\/index.php\/wp-json\/wp\/v2\/product"}],"about":[{"href":"https:\/\/fabstore.ma\/index.php\/wp-json\/wp\/v2\/types\/product"}],"replies":[{"embeddable":true,"href":"https:\/\/fabstore.ma\/index.php\/wp-json\/wp\/v2\/comments?post=11317"}],"wp:featuredmedia":[{"embeddable":true,"href":"https:\/\/fabstore.ma\/index.php\/wp-json\/wp\/v2\/media\/11326"}],"wp:attachment":[{"href":"https:\/\/fabstore.ma\/index.php\/wp-json\/wp\/v2\/media?parent=11317"}],"wp:term":[{"taxonomy":"product_brand","embeddable":true,"href":"https:\/\/fabstore.ma\/index.php\/wp-json\/wp\/v2\/product_brand?post=11317"},{"taxonomy":"product_cat","embeddable":true,"href":"https:\/\/fabstore.ma\/index.php\/wp-json\/wp\/v2\/product_cat?post=11317"},{"taxonomy":"product_tag","embeddable":true,"href":"https:\/\/fabstore.ma\/index.php\/wp-json\/wp\/v2\/product_tag?post=11317"}],"curies":[{"name":"wp","href":"https:\/\/api.w.org\/{rel}","templated":true}]}}