{"id":11248,"date":"2026-01-06T14:33:50","date_gmt":"2026-01-06T14:33:50","guid":{"rendered":"https:\/\/fabstore.ma\/?post_type=product&#038;p=11248"},"modified":"2026-01-06T14:39:37","modified_gmt":"2026-01-06T14:39:37","slug":"versace-eros-pour-femme","status":"publish","type":"product","link":"https:\/\/fabstore.ma\/index.php\/produit\/versace-eros-pour-femme\/","title":{"rendered":"Versace &#8211; Eros"},"content":{"rendered":"<p>Eros Pour Femme de Versace est un parfum Floral Bois\u00e9 Musqu\u00e9 pour femme. Eros Pour Femme a \u00e9t\u00e9 lanc\u00e9 en 2014. Eros Pour Femme a \u00e9t\u00e9 cr\u00e9\u00e9 par Alberto Morillas, Olivier Cresp et Nathalie Lorson. <\/p>\n<p>Les notes de t\u00eate sont Citron de Sicile, Grenade et Bergamote de Calabre; les notes de coeur sont Fleur de citronnier, Jasmin Sambac, Jasmin et Pivoine; les notes de fond sont Musc, Ambroxan, Notes bois\u00e9es et Bois de santal<\/p>\n","protected":false},"excerpt":{"rendered":"<p>Eros Pour Femme de Versace est un parfum Floral Bois\u00e9 Musqu\u00e9 pour femme. Eros Pour Femme a \u00e9t\u00e9 lanc\u00e9 en 2014. Eros Pour Femme a \u00e9t\u00e9 cr\u00e9\u00e9 par Alberto Morillas, Olivier Cresp et Nathalie Lorson. Les notes de t\u00eate sont Citron de Sicile, Grenade et Bergamote de Calabre; les notes de coeur sont Fleur de [&hellip;]<\/p>\n","protected":false},"featured_media":11249,"comment_status":"open","ping_status":"closed","template":"","meta":{"om_disable_all_campaigns":false,"_uag_custom_page_level_css":"","_monsterinsights_skip_tracking":false,"_monsterinsights_sitenote_active":false,"_monsterinsights_sitenote_note":"","_monsterinsights_sitenote_category":0,"_uf_show_specific_survey":0,"_uf_disable_surveys":false,"site-sidebar-layout":"default","site-content-layout":"","ast-site-content-layout":"default","site-content-style":"default","site-sidebar-style":"default","ast-global-header-display":"","ast-banner-title-visibility":"","ast-main-header-display":"","ast-hfb-above-header-display":"","ast-hfb-below-header-display":"","ast-hfb-mobile-header-display":"","site-post-title":"","ast-breadcrumbs-content":"","ast-featured-img":"","footer-sml-layout":"","ast-disable-related-posts":"","theme-transparent-header-meta":"default","adv-header-id-meta":"","stick-header-meta":"","header-above-stick-meta":"","header-main-stick-meta":"","header-below-stick-meta":"","astra-migrate-meta-layouts":"set","ast-page-background-enabled":"default","ast-page-background-meta":{"desktop":{"background-color":"var(--ast-global-color-4)","background-image":"","background-repeat":"repeat","background-position":"center center","background-size":"auto","background-attachment":"scroll","background-type":"","background-media":"","overlay-type":"","overlay-color":"","overlay-opacity":"","overlay-gradient":""},"tablet":{"background-color":"","background-image":"","background-repeat":"repeat","background-position":"center center","background-size":"auto","background-attachment":"scroll","background-type":"","background-media":"","overlay-type":"","overlay-color":"","overlay-opacity":"","overlay-gradient":""},"mobile":{"background-color":"","background-image":"","background-repeat":"repeat","background-position":"center center","background-size":"auto","background-attachment":"scroll","background-type":"","background-media":"","overlay-type":"","overlay-color":"","overlay-opacity":"","overlay-gradient":""}},"ast-content-background-meta":{"desktop":{"background-color":"var(--ast-global-color-5)","background-image":"","background-repeat":"repeat","background-position":"center center","background-size":"auto","background-attachment":"scroll","background-type":"","background-media":"","overlay-type":"","overlay-color":"","overlay-opacity":"","overlay-gradient":""},"tablet":{"background-color":"var(--ast-global-color-5)","background-image":"","background-repeat":"repeat","background-position":"center center","background-size":"auto","background-attachment":"scroll","background-type":"","background-media":"","overlay-type":"","overlay-color":"","overlay-opacity":"","overlay-gradient":""},"mobile":{"background-color":"var(--ast-global-color-5)","background-image":"","background-repeat":"repeat","background-position":"center center","background-size":"auto","background-attachment":"scroll","background-type":"","background-media":"","overlay-type":"","overlay-color":"","overlay-opacity":"","overlay-gradient":""}},"_joinchat":[]},"product_brand":[],"product_cat":[37],"product_tag":[],"class_list":{"0":"post-11248","1":"product","2":"type-product","3":"status-publish","4":"has-post-thumbnail","6":"product_cat-parfums","7":"desktop-align-center","8":"tablet-align-left","9":"mobile-align-center","11":"first","12":"instock","13":"taxable","14":"shipping-taxable","15":"purchasable","16":"product-type-variable"},"uagb_featured_image_src":{"full":["https:\/\/i0.wp.com\/fabstore.ma\/wp-content\/uploads\/2026\/01\/375x500.28958.jpg?fit=375%2C500&ssl=1",375,500,false],"thumbnail":["https:\/\/i0.wp.com\/fabstore.ma\/wp-content\/uploads\/2026\/01\/375x500.28958.jpg?resize=150%2C150&ssl=1",150,150,true],"medium":["https:\/\/i0.wp.com\/fabstore.ma\/wp-content\/uploads\/2026\/01\/375x500.28958.jpg?fit=225%2C300&ssl=1",225,300,true],"medium_large":["https:\/\/i0.wp.com\/fabstore.ma\/wp-content\/uploads\/2026\/01\/375x500.28958.jpg?fit=375%2C500&ssl=1",375,500,true],"large":["https:\/\/i0.wp.com\/fabstore.ma\/wp-content\/uploads\/2026\/01\/375x500.28958.jpg?fit=375%2C500&ssl=1",375,500,true],"1536x1536":["https:\/\/i0.wp.com\/fabstore.ma\/wp-content\/uploads\/2026\/01\/375x500.28958.jpg?fit=375%2C500&ssl=1",375,500,true],"2048x2048":["https:\/\/i0.wp.com\/fabstore.ma\/wp-content\/uploads\/2026\/01\/375x500.28958.jpg?fit=375%2C500&ssl=1",375,500,true],"woocommerce_thumbnail":["https:\/\/i0.wp.com\/fabstore.ma\/wp-content\/uploads\/2026\/01\/375x500.28958.jpg?fit=300%2C400&ssl=1",300,400,true],"woocommerce_single":["https:\/\/i0.wp.com\/fabstore.ma\/wp-content\/uploads\/2026\/01\/375x500.28958.jpg?fit=375%2C500&ssl=1",375,500,true],"woocommerce_gallery_thumbnail":["https:\/\/i0.wp.com\/fabstore.ma\/wp-content\/uploads\/2026\/01\/375x500.28958.jpg?resize=100%2C100&ssl=1",100,100,true]},"uagb_author_info":{"display_name":"admin","author_link":"https:\/\/fabstore.ma\/index.php\/author\/"},"uagb_comment_info":0,"uagb_excerpt":"Eros Pour Femme de Versace est un parfum Floral Bois\u00e9 Musqu\u00e9 pour femme. Eros Pour Femme a \u00e9t\u00e9 lanc\u00e9 en 2014. Eros Pour Femme a \u00e9t\u00e9 cr\u00e9\u00e9 par Alberto Morillas, Olivier Cresp et Nathalie Lorson. Les notes de t\u00eate sont Citron de Sicile, Grenade et Bergamote de Calabre; les notes de coeur sont Fleur de\u2026","jetpack-related-posts":[],"jetpack_sharing_enabled":true,"_links":{"self":[{"href":"https:\/\/fabstore.ma\/index.php\/wp-json\/wp\/v2\/product\/11248","targetHints":{"allow":["GET"]}}],"collection":[{"href":"https:\/\/fabstore.ma\/index.php\/wp-json\/wp\/v2\/product"}],"about":[{"href":"https:\/\/fabstore.ma\/index.php\/wp-json\/wp\/v2\/types\/product"}],"replies":[{"embeddable":true,"href":"https:\/\/fabstore.ma\/index.php\/wp-json\/wp\/v2\/comments?post=11248"}],"wp:featuredmedia":[{"embeddable":true,"href":"https:\/\/fabstore.ma\/index.php\/wp-json\/wp\/v2\/media\/11249"}],"wp:attachment":[{"href":"https:\/\/fabstore.ma\/index.php\/wp-json\/wp\/v2\/media?parent=11248"}],"wp:term":[{"taxonomy":"product_brand","embeddable":true,"href":"https:\/\/fabstore.ma\/index.php\/wp-json\/wp\/v2\/product_brand?post=11248"},{"taxonomy":"product_cat","embeddable":true,"href":"https:\/\/fabstore.ma\/index.php\/wp-json\/wp\/v2\/product_cat?post=11248"},{"taxonomy":"product_tag","embeddable":true,"href":"https:\/\/fabstore.ma\/index.php\/wp-json\/wp\/v2\/product_tag?post=11248"}],"curies":[{"name":"wp","href":"https:\/\/api.w.org\/{rel}","templated":true}]}}