{"id":11196,"date":"2025-12-21T22:55:57","date_gmt":"2025-12-21T22:55:57","guid":{"rendered":"https:\/\/fabstore.ma\/?post_type=product&#038;p=11196"},"modified":"2025-12-21T23:05:08","modified_gmt":"2025-12-21T23:05:08","slug":"amazon-basics-dermaplaning","status":"publish","type":"product","link":"https:\/\/fabstore.ma\/index.php\/produit\/amazon-basics-dermaplaning\/","title":{"rendered":"Amazon Basics &#8211; Dermaplaning"},"content":{"rendered":"<p>Outil de dermaplaning exfoliant multi-usages pour femmes Amazon Basics, rasoir pour sourcils et visage, avec prot\u00e8ge-lame, multicolore, lot de 9<\/p>\n<p>* Comprend neuf rasoirs de dermaplaning<br \/>\n* \u00c9limine les poils du visage en toute s\u00e9curit\u00e9<br \/>\n* Exfolie en douceur, \u00e9limine les peaux mortes et le duvet ind\u00e9sirable.<br \/>\n* Lame Microguard pour prot\u00e9ger la peau<\/p>\n","protected":false},"excerpt":{"rendered":"<p>Lot de 9<\/p>\n","protected":false},"featured_media":11197,"comment_status":"open","ping_status":"closed","template":"","meta":{"om_disable_all_campaigns":false,"_uag_custom_page_level_css":"","_monsterinsights_skip_tracking":false,"_monsterinsights_sitenote_active":false,"_monsterinsights_sitenote_note":"","_monsterinsights_sitenote_category":0,"_uf_show_specific_survey":0,"_uf_disable_surveys":false,"site-sidebar-layout":"default","site-content-layout":"","ast-site-content-layout":"default","site-content-style":"default","site-sidebar-style":"default","ast-global-header-display":"","ast-banner-title-visibility":"","ast-main-header-display":"","ast-hfb-above-header-display":"","ast-hfb-below-header-display":"","ast-hfb-mobile-header-display":"","site-post-title":"","ast-breadcrumbs-content":"","ast-featured-img":"","footer-sml-layout":"","ast-disable-related-posts":"","theme-transparent-header-meta":"default","adv-header-id-meta":"","stick-header-meta":"","header-above-stick-meta":"","header-main-stick-meta":"","header-below-stick-meta":"","astra-migrate-meta-layouts":"set","ast-page-background-enabled":"default","ast-page-background-meta":{"desktop":{"background-color":"var(--ast-global-color-4)","background-image":"","background-repeat":"repeat","background-position":"center center","background-size":"auto","background-attachment":"scroll","background-type":"","background-media":"","overlay-type":"","overlay-color":"","overlay-opacity":"","overlay-gradient":""},"tablet":{"background-color":"","background-image":"","background-repeat":"repeat","background-position":"center center","background-size":"auto","background-attachment":"scroll","background-type":"","background-media":"","overlay-type":"","overlay-color":"","overlay-opacity":"","overlay-gradient":""},"mobile":{"background-color":"","background-image":"","background-repeat":"repeat","background-position":"center center","background-size":"auto","background-attachment":"scroll","background-type":"","background-media":"","overlay-type":"","overlay-color":"","overlay-opacity":"","overlay-gradient":""}},"ast-content-background-meta":{"desktop":{"background-color":"var(--ast-global-color-5)","background-image":"","background-repeat":"repeat","background-position":"center center","background-size":"auto","background-attachment":"scroll","background-type":"","background-media":"","overlay-type":"","overlay-color":"","overlay-opacity":"","overlay-gradient":""},"tablet":{"background-color":"var(--ast-global-color-5)","background-image":"","background-repeat":"repeat","background-position":"center center","background-size":"auto","background-attachment":"scroll","background-type":"","background-media":"","overlay-type":"","overlay-color":"","overlay-opacity":"","overlay-gradient":""},"mobile":{"background-color":"var(--ast-global-color-5)","background-image":"","background-repeat":"repeat","background-position":"center center","background-size":"auto","background-attachment":"scroll","background-type":"","background-media":"","overlay-type":"","overlay-color":"","overlay-opacity":"","overlay-gradient":""}},"_joinchat":[]},"product_brand":[],"product_cat":[217,74,73],"product_tag":[],"class_list":{"0":"post-11196","1":"product","2":"type-product","3":"status-publish","4":"has-post-thumbnail","6":"product_cat-amazon-basics","7":"product_cat-corps-bain","8":"product_cat-soins-visage","9":"desktop-align-center","10":"tablet-align-left","11":"mobile-align-center","13":"first","14":"instock","15":"taxable","16":"shipping-taxable","17":"purchasable","18":"product-type-simple"},"uagb_featured_image_src":{"full":["https:\/\/i0.wp.com\/fabstore.ma\/wp-content\/uploads\/2025\/12\/s-l1200-2.webp?fit=1200%2C1200&ssl=1",1200,1200,false],"thumbnail":["https:\/\/i0.wp.com\/fabstore.ma\/wp-content\/uploads\/2025\/12\/s-l1200-2.webp?resize=150%2C150&ssl=1",150,150,true],"medium":["https:\/\/i0.wp.com\/fabstore.ma\/wp-content\/uploads\/2025\/12\/s-l1200-2.webp?fit=300%2C300&ssl=1",300,300,true],"medium_large":["https:\/\/i0.wp.com\/fabstore.ma\/wp-content\/uploads\/2025\/12\/s-l1200-2.webp?fit=768%2C768&ssl=1",768,768,true],"large":["https:\/\/i0.wp.com\/fabstore.ma\/wp-content\/uploads\/2025\/12\/s-l1200-2.webp?fit=1024%2C1024&ssl=1",1024,1024,true],"1536x1536":["https:\/\/i0.wp.com\/fabstore.ma\/wp-content\/uploads\/2025\/12\/s-l1200-2.webp?fit=1200%2C1200&ssl=1",1200,1200,true],"2048x2048":["https:\/\/i0.wp.com\/fabstore.ma\/wp-content\/uploads\/2025\/12\/s-l1200-2.webp?fit=1200%2C1200&ssl=1",1200,1200,true],"woocommerce_thumbnail":["https:\/\/i0.wp.com\/fabstore.ma\/wp-content\/uploads\/2025\/12\/s-l1200-2.webp?fit=300%2C300&ssl=1",300,300,true],"woocommerce_single":["https:\/\/i0.wp.com\/fabstore.ma\/wp-content\/uploads\/2025\/12\/s-l1200-2.webp?fit=600%2C600&ssl=1",600,600,true],"woocommerce_gallery_thumbnail":["https:\/\/i0.wp.com\/fabstore.ma\/wp-content\/uploads\/2025\/12\/s-l1200-2.webp?resize=100%2C100&ssl=1",100,100,true]},"uagb_author_info":{"display_name":"admin","author_link":"https:\/\/fabstore.ma\/index.php\/author\/"},"uagb_comment_info":0,"uagb_excerpt":"Lot de 9","jetpack-related-posts":[],"jetpack_sharing_enabled":true,"_links":{"self":[{"href":"https:\/\/fabstore.ma\/index.php\/wp-json\/wp\/v2\/product\/11196","targetHints":{"allow":["GET"]}}],"collection":[{"href":"https:\/\/fabstore.ma\/index.php\/wp-json\/wp\/v2\/product"}],"about":[{"href":"https:\/\/fabstore.ma\/index.php\/wp-json\/wp\/v2\/types\/product"}],"replies":[{"embeddable":true,"href":"https:\/\/fabstore.ma\/index.php\/wp-json\/wp\/v2\/comments?post=11196"}],"wp:featuredmedia":[{"embeddable":true,"href":"https:\/\/fabstore.ma\/index.php\/wp-json\/wp\/v2\/media\/11197"}],"wp:attachment":[{"href":"https:\/\/fabstore.ma\/index.php\/wp-json\/wp\/v2\/media?parent=11196"}],"wp:term":[{"taxonomy":"product_brand","embeddable":true,"href":"https:\/\/fabstore.ma\/index.php\/wp-json\/wp\/v2\/product_brand?post=11196"},{"taxonomy":"product_cat","embeddable":true,"href":"https:\/\/fabstore.ma\/index.php\/wp-json\/wp\/v2\/product_cat?post=11196"},{"taxonomy":"product_tag","embeddable":true,"href":"https:\/\/fabstore.ma\/index.php\/wp-json\/wp\/v2\/product_tag?post=11196"}],"curies":[{"name":"wp","href":"https:\/\/api.w.org\/{rel}","templated":true}]}}