{"id":11124,"date":"2025-12-09T13:58:26","date_gmt":"2025-12-09T13:58:26","guid":{"rendered":"https:\/\/fabstore.ma\/?post_type=product&#038;p=11124"},"modified":"2025-12-09T14:03:31","modified_gmt":"2025-12-09T14:03:31","slug":"footsteps-exfoliating-socks","status":"publish","type":"product","link":"https:\/\/fabstore.ma\/index.php\/produit\/footsteps-exfoliating-socks\/","title":{"rendered":"Footsteps &#8211; Exfoliating Socks \ud83e\udde6"},"content":{"rendered":"<p>Une paire de chaussettes exfoliantes redonne aux pieds une peau lisse R\u00e9duit la peau dure et les talons fissur\u00e9s avec une seule application. Supprimez la peau morte ind\u00e9sirable de votre sensation. Pas de coupure ni de frottement et de douleur. Utilise un proc\u00e9d\u00e9 d&rsquo;\u00e9pluchage naturel des peaux pour r\u00e9v\u00e9ler une peau douce pour b\u00e9b\u00e9.Facile \u00e0 utiliser : enfiler la chaussette sur chaque pied + laisser agir 2 h + rincer \u00e0 l&rsquo;eau.<\/p>\n","protected":false},"excerpt":{"rendered":"<p>Une paire de chaussettes exfoliantes redonne aux pieds une peau lisse R\u00e9duit la peau dure et les talons fissur\u00e9s avec une seule application. Supprimez la peau morte ind\u00e9sirable de votre sensation. Pas de coupure ni de frottement et de douleur. Utilise un proc\u00e9d\u00e9 d&rsquo;\u00e9pluchage naturel des peaux pour r\u00e9v\u00e9ler une peau douce pour b\u00e9b\u00e9.Facile \u00e0 [&hellip;]<\/p>\n","protected":false},"featured_media":11126,"comment_status":"open","ping_status":"closed","template":"","meta":{"om_disable_all_campaigns":false,"_uag_custom_page_level_css":"","_monsterinsights_skip_tracking":false,"_monsterinsights_sitenote_active":false,"_monsterinsights_sitenote_note":"","_monsterinsights_sitenote_category":0,"_uf_show_specific_survey":0,"_uf_disable_surveys":false,"site-sidebar-layout":"default","site-content-layout":"","ast-site-content-layout":"default","site-content-style":"default","site-sidebar-style":"default","ast-global-header-display":"","ast-banner-title-visibility":"","ast-main-header-display":"","ast-hfb-above-header-display":"","ast-hfb-below-header-display":"","ast-hfb-mobile-header-display":"","site-post-title":"","ast-breadcrumbs-content":"","ast-featured-img":"","footer-sml-layout":"","ast-disable-related-posts":"","theme-transparent-header-meta":"default","adv-header-id-meta":"","stick-header-meta":"","header-above-stick-meta":"","header-main-stick-meta":"","header-below-stick-meta":"","astra-migrate-meta-layouts":"set","ast-page-background-enabled":"default","ast-page-background-meta":{"desktop":{"background-color":"var(--ast-global-color-4)","background-image":"","background-repeat":"repeat","background-position":"center center","background-size":"auto","background-attachment":"scroll","background-type":"","background-media":"","overlay-type":"","overlay-color":"","overlay-opacity":"","overlay-gradient":""},"tablet":{"background-color":"","background-image":"","background-repeat":"repeat","background-position":"center center","background-size":"auto","background-attachment":"scroll","background-type":"","background-media":"","overlay-type":"","overlay-color":"","overlay-opacity":"","overlay-gradient":""},"mobile":{"background-color":"","background-image":"","background-repeat":"repeat","background-position":"center center","background-size":"auto","background-attachment":"scroll","background-type":"","background-media":"","overlay-type":"","overlay-color":"","overlay-opacity":"","overlay-gradient":""}},"ast-content-background-meta":{"desktop":{"background-color":"var(--ast-global-color-5)","background-image":"","background-repeat":"repeat","background-position":"center center","background-size":"auto","background-attachment":"scroll","background-type":"","background-media":"","overlay-type":"","overlay-color":"","overlay-opacity":"","overlay-gradient":""},"tablet":{"background-color":"var(--ast-global-color-5)","background-image":"","background-repeat":"repeat","background-position":"center center","background-size":"auto","background-attachment":"scroll","background-type":"","background-media":"","overlay-type":"","overlay-color":"","overlay-opacity":"","overlay-gradient":""},"mobile":{"background-color":"var(--ast-global-color-5)","background-image":"","background-repeat":"repeat","background-position":"center center","background-size":"auto","background-attachment":"scroll","background-type":"","background-media":"","overlay-type":"","overlay-color":"","overlay-opacity":"","overlay-gradient":""}},"_joinchat":[]},"product_brand":[],"product_cat":[74,213],"product_tag":[],"class_list":{"0":"post-11124","1":"product","2":"type-product","3":"status-publish","4":"has-post-thumbnail","6":"product_cat-corps-bain","7":"product_cat-footsteps","8":"desktop-align-center","9":"tablet-align-left","10":"mobile-align-center","12":"first","13":"instock","14":"taxable","15":"shipping-taxable","16":"purchasable","17":"product-type-simple"},"uagb_featured_image_src":{"full":["https:\/\/i0.wp.com\/fabstore.ma\/wp-content\/uploads\/2025\/12\/footsteps-footsteps-chaussettes-exfoliantes-pieds.jpg?fit=700%2C869&ssl=1",700,869,false],"thumbnail":["https:\/\/i0.wp.com\/fabstore.ma\/wp-content\/uploads\/2025\/12\/footsteps-footsteps-chaussettes-exfoliantes-pieds.jpg?resize=150%2C150&ssl=1",150,150,true],"medium":["https:\/\/i0.wp.com\/fabstore.ma\/wp-content\/uploads\/2025\/12\/footsteps-footsteps-chaussettes-exfoliantes-pieds.jpg?fit=242%2C300&ssl=1",242,300,true],"medium_large":["https:\/\/i0.wp.com\/fabstore.ma\/wp-content\/uploads\/2025\/12\/footsteps-footsteps-chaussettes-exfoliantes-pieds.jpg?fit=700%2C869&ssl=1",700,869,true],"large":["https:\/\/i0.wp.com\/fabstore.ma\/wp-content\/uploads\/2025\/12\/footsteps-footsteps-chaussettes-exfoliantes-pieds.jpg?fit=700%2C869&ssl=1",700,869,true],"1536x1536":["https:\/\/i0.wp.com\/fabstore.ma\/wp-content\/uploads\/2025\/12\/footsteps-footsteps-chaussettes-exfoliantes-pieds.jpg?fit=700%2C869&ssl=1",700,869,true],"2048x2048":["https:\/\/i0.wp.com\/fabstore.ma\/wp-content\/uploads\/2025\/12\/footsteps-footsteps-chaussettes-exfoliantes-pieds.jpg?fit=700%2C869&ssl=1",700,869,true],"woocommerce_thumbnail":["https:\/\/i0.wp.com\/fabstore.ma\/wp-content\/uploads\/2025\/12\/footsteps-footsteps-chaussettes-exfoliantes-pieds.jpg?fit=300%2C372&ssl=1",300,372,true],"woocommerce_single":["https:\/\/i0.wp.com\/fabstore.ma\/wp-content\/uploads\/2025\/12\/footsteps-footsteps-chaussettes-exfoliantes-pieds.jpg?fit=600%2C745&ssl=1",600,745,true],"woocommerce_gallery_thumbnail":["https:\/\/i0.wp.com\/fabstore.ma\/wp-content\/uploads\/2025\/12\/footsteps-footsteps-chaussettes-exfoliantes-pieds.jpg?resize=100%2C100&ssl=1",100,100,true]},"uagb_author_info":{"display_name":"admin","author_link":"https:\/\/fabstore.ma\/index.php\/author\/"},"uagb_comment_info":0,"uagb_excerpt":"Une paire de chaussettes exfoliantes redonne aux pieds une peau lisse R\u00e9duit la peau dure et les talons fissur\u00e9s avec une seule application. Supprimez la peau morte ind\u00e9sirable de votre sensation. Pas de coupure ni de frottement et de douleur. Utilise un proc\u00e9d\u00e9 d&rsquo;\u00e9pluchage naturel des peaux pour r\u00e9v\u00e9ler une peau douce pour b\u00e9b\u00e9.Facile \u00e0\u2026","jetpack-related-posts":[],"jetpack_sharing_enabled":true,"_links":{"self":[{"href":"https:\/\/fabstore.ma\/index.php\/wp-json\/wp\/v2\/product\/11124","targetHints":{"allow":["GET"]}}],"collection":[{"href":"https:\/\/fabstore.ma\/index.php\/wp-json\/wp\/v2\/product"}],"about":[{"href":"https:\/\/fabstore.ma\/index.php\/wp-json\/wp\/v2\/types\/product"}],"replies":[{"embeddable":true,"href":"https:\/\/fabstore.ma\/index.php\/wp-json\/wp\/v2\/comments?post=11124"}],"wp:featuredmedia":[{"embeddable":true,"href":"https:\/\/fabstore.ma\/index.php\/wp-json\/wp\/v2\/media\/11126"}],"wp:attachment":[{"href":"https:\/\/fabstore.ma\/index.php\/wp-json\/wp\/v2\/media?parent=11124"}],"wp:term":[{"taxonomy":"product_brand","embeddable":true,"href":"https:\/\/fabstore.ma\/index.php\/wp-json\/wp\/v2\/product_brand?post=11124"},{"taxonomy":"product_cat","embeddable":true,"href":"https:\/\/fabstore.ma\/index.php\/wp-json\/wp\/v2\/product_cat?post=11124"},{"taxonomy":"product_tag","embeddable":true,"href":"https:\/\/fabstore.ma\/index.php\/wp-json\/wp\/v2\/product_tag?post=11124"}],"curies":[{"name":"wp","href":"https:\/\/api.w.org\/{rel}","templated":true}]}}