{"id":10992,"date":"2025-12-01T22:37:08","date_gmt":"2025-12-01T22:37:08","guid":{"rendered":"https:\/\/fabstore.ma\/?post_type=product&#038;p=10992"},"modified":"2025-12-09T14:17:43","modified_gmt":"2025-12-09T14:17:43","slug":"beauty-bay-nude","status":"publish","type":"product","link":"https:\/\/fabstore.ma\/index.php\/produit\/beauty-bay-nude\/","title":{"rendered":"BEAUTY BAY &#8211; Nude"},"content":{"rendered":"<p>By BEAUTY BAY &#8211; Nude &#8211; 42 Colour Palette<\/p>\n<p>Une collection de quarante-deux fards \u00e0 paupi\u00e8res neutres aux tons froids.<\/p>\n<p>Des finis mats onctueux et cr\u00e9meux aux reflets doux et press\u00e9s, la palette Nude 42 de By BEAUTY BAY offre une fusion parfaite des couleurs et une pigmentation intense. Contenant tout le n\u00e9cessaire pour cr\u00e9er des looks nude d\u00e9licats et multidimensionnels, cette palette incontournable ouvre un champ des possibles infini.<\/p>\n","protected":false},"excerpt":{"rendered":"<p>By BEAUTY BAY &#8211; Nude &#8211; 42 Colour Palette Une collection de quarante-deux fards \u00e0 paupi\u00e8res neutres aux tons froids. Des finis mats onctueux et cr\u00e9meux aux reflets doux et press\u00e9s, la palette Nude 42 de By BEAUTY BAY offre une fusion parfaite des couleurs et une pigmentation intense. Contenant tout le n\u00e9cessaire pour cr\u00e9er [&hellip;]<\/p>\n","protected":false},"featured_media":10999,"comment_status":"open","ping_status":"closed","template":"","meta":{"om_disable_all_campaigns":false,"_uag_custom_page_level_css":"","_monsterinsights_skip_tracking":false,"_monsterinsights_sitenote_active":false,"_monsterinsights_sitenote_note":"","_monsterinsights_sitenote_category":0,"_uf_show_specific_survey":0,"_uf_disable_surveys":false,"site-sidebar-layout":"default","site-content-layout":"","ast-site-content-layout":"default","site-content-style":"default","site-sidebar-style":"default","ast-global-header-display":"","ast-banner-title-visibility":"","ast-main-header-display":"","ast-hfb-above-header-display":"","ast-hfb-below-header-display":"","ast-hfb-mobile-header-display":"","site-post-title":"","ast-breadcrumbs-content":"","ast-featured-img":"","footer-sml-layout":"","ast-disable-related-posts":"","theme-transparent-header-meta":"default","adv-header-id-meta":"","stick-header-meta":"","header-above-stick-meta":"","header-main-stick-meta":"","header-below-stick-meta":"","astra-migrate-meta-layouts":"set","ast-page-background-enabled":"default","ast-page-background-meta":{"desktop":{"background-color":"var(--ast-global-color-4)","background-image":"","background-repeat":"repeat","background-position":"center center","background-size":"auto","background-attachment":"scroll","background-type":"","background-media":"","overlay-type":"","overlay-color":"","overlay-opacity":"","overlay-gradient":""},"tablet":{"background-color":"","background-image":"","background-repeat":"repeat","background-position":"center center","background-size":"auto","background-attachment":"scroll","background-type":"","background-media":"","overlay-type":"","overlay-color":"","overlay-opacity":"","overlay-gradient":""},"mobile":{"background-color":"","background-image":"","background-repeat":"repeat","background-position":"center center","background-size":"auto","background-attachment":"scroll","background-type":"","background-media":"","overlay-type":"","overlay-color":"","overlay-opacity":"","overlay-gradient":""}},"ast-content-background-meta":{"desktop":{"background-color":"var(--ast-global-color-5)","background-image":"","background-repeat":"repeat","background-position":"center center","background-size":"auto","background-attachment":"scroll","background-type":"","background-media":"","overlay-type":"","overlay-color":"","overlay-opacity":"","overlay-gradient":""},"tablet":{"background-color":"var(--ast-global-color-5)","background-image":"","background-repeat":"repeat","background-position":"center center","background-size":"auto","background-attachment":"scroll","background-type":"","background-media":"","overlay-type":"","overlay-color":"","overlay-opacity":"","overlay-gradient":""},"mobile":{"background-color":"var(--ast-global-color-5)","background-image":"","background-repeat":"repeat","background-position":"center center","background-size":"auto","background-attachment":"scroll","background-type":"","background-media":"","overlay-type":"","overlay-color":"","overlay-opacity":"","overlay-gradient":""}},"_joinchat":[]},"product_brand":[],"product_cat":[211,35,193],"product_tag":[],"class_list":{"0":"post-10992","1":"product","2":"type-product","3":"status-publish","4":"has-post-thumbnail","6":"product_cat-beauty-bay","7":"product_cat-maquillage","8":"product_cat-palette-yeux","9":"desktop-align-center","10":"tablet-align-left","11":"mobile-align-center","13":"first","14":"outofstock","15":"taxable","16":"shipping-taxable","17":"purchasable","18":"product-type-simple"},"uagb_featured_image_src":{"full":["https:\/\/i0.wp.com\/fabstore.ma\/wp-content\/uploads\/2025\/12\/BFBB0036F_1.webp?fit=1600%2C1920&ssl=1",1600,1920,false],"thumbnail":["https:\/\/i0.wp.com\/fabstore.ma\/wp-content\/uploads\/2025\/12\/BFBB0036F_1.webp?resize=150%2C150&ssl=1",150,150,true],"medium":["https:\/\/i0.wp.com\/fabstore.ma\/wp-content\/uploads\/2025\/12\/BFBB0036F_1.webp?fit=250%2C300&ssl=1",250,300,true],"medium_large":["https:\/\/i0.wp.com\/fabstore.ma\/wp-content\/uploads\/2025\/12\/BFBB0036F_1.webp?fit=768%2C922&ssl=1",768,922,true],"large":["https:\/\/i0.wp.com\/fabstore.ma\/wp-content\/uploads\/2025\/12\/BFBB0036F_1.webp?fit=853%2C1024&ssl=1",853,1024,true],"1536x1536":["https:\/\/i0.wp.com\/fabstore.ma\/wp-content\/uploads\/2025\/12\/BFBB0036F_1.webp?fit=1280%2C1536&ssl=1",1280,1536,true],"2048x2048":["https:\/\/i0.wp.com\/fabstore.ma\/wp-content\/uploads\/2025\/12\/BFBB0036F_1.webp?fit=1600%2C1920&ssl=1",1600,1920,true],"woocommerce_thumbnail":["https:\/\/i0.wp.com\/fabstore.ma\/wp-content\/uploads\/2025\/12\/BFBB0036F_1.webp?fit=300%2C360&ssl=1",300,360,true],"woocommerce_single":["https:\/\/i0.wp.com\/fabstore.ma\/wp-content\/uploads\/2025\/12\/BFBB0036F_1.webp?fit=600%2C720&ssl=1",600,720,true],"woocommerce_gallery_thumbnail":["https:\/\/i0.wp.com\/fabstore.ma\/wp-content\/uploads\/2025\/12\/BFBB0036F_1.webp?resize=100%2C100&ssl=1",100,100,true]},"uagb_author_info":{"display_name":"admin","author_link":"https:\/\/fabstore.ma\/index.php\/author\/"},"uagb_comment_info":0,"uagb_excerpt":"By BEAUTY BAY &#8211; Nude &#8211; 42 Colour Palette Une collection de quarante-deux fards \u00e0 paupi\u00e8res neutres aux tons froids. Des finis mats onctueux et cr\u00e9meux aux reflets doux et press\u00e9s, la palette Nude 42 de By BEAUTY BAY offre une fusion parfaite des couleurs et une pigmentation intense. Contenant tout le n\u00e9cessaire pour cr\u00e9er\u2026","jetpack-related-posts":[],"jetpack_sharing_enabled":true,"_links":{"self":[{"href":"https:\/\/fabstore.ma\/index.php\/wp-json\/wp\/v2\/product\/10992","targetHints":{"allow":["GET"]}}],"collection":[{"href":"https:\/\/fabstore.ma\/index.php\/wp-json\/wp\/v2\/product"}],"about":[{"href":"https:\/\/fabstore.ma\/index.php\/wp-json\/wp\/v2\/types\/product"}],"replies":[{"embeddable":true,"href":"https:\/\/fabstore.ma\/index.php\/wp-json\/wp\/v2\/comments?post=10992"}],"wp:featuredmedia":[{"embeddable":true,"href":"https:\/\/fabstore.ma\/index.php\/wp-json\/wp\/v2\/media\/10999"}],"wp:attachment":[{"href":"https:\/\/fabstore.ma\/index.php\/wp-json\/wp\/v2\/media?parent=10992"}],"wp:term":[{"taxonomy":"product_brand","embeddable":true,"href":"https:\/\/fabstore.ma\/index.php\/wp-json\/wp\/v2\/product_brand?post=10992"},{"taxonomy":"product_cat","embeddable":true,"href":"https:\/\/fabstore.ma\/index.php\/wp-json\/wp\/v2\/product_cat?post=10992"},{"taxonomy":"product_tag","embeddable":true,"href":"https:\/\/fabstore.ma\/index.php\/wp-json\/wp\/v2\/product_tag?post=10992"}],"curies":[{"name":"wp","href":"https:\/\/api.w.org\/{rel}","templated":true}]}}