{"id":10975,"date":"2025-11-29T23:18:03","date_gmt":"2025-11-29T23:18:03","guid":{"rendered":"https:\/\/fabstore.ma\/?post_type=product&#038;p=10975"},"modified":"2025-12-06T16:44:05","modified_gmt":"2025-12-06T16:44:05","slug":"beauty-bay-42-colour-palette","status":"publish","type":"product","link":"https:\/\/fabstore.ma\/index.php\/produit\/beauty-bay-42-colour-palette\/","title":{"rendered":"BEAUTY BAY &#8211; Neutral"},"content":{"rendered":"<p>By BEAUTY BAY &#8211; Neutral &#8211; 42 Colour Palette<\/p>\n<p>Une collection de quarante-deux fards \u00e0 paupi\u00e8res neutres aux tons froids.<\/p>\n<p>Adoptez un look neutre avec la palette de 42 fards \u00e0 paupi\u00e8res By BEAUTY BAY Neutral. Compos\u00e9e de bruns froids, de gris-beige et de roses tendres, elle saura sublimer vos pinceaux gr\u00e2ce \u00e0 des teintes douces, des tons froids et une pigmentation exceptionnelle. Faites-lui une place de choix dans votre collection ! <\/p>\n<p>Les 42 fards, mats et iris\u00e9s, b\u00e9n\u00e9ficient de la formule signature By BEAUTY BAY, offrant une application facile et une tenue longue dur\u00e9e. Cr\u00e9ez ainsi une infinit\u00e9 de looks glamour et subtils avec cette palette de neutres par excellence.<\/p>\n","protected":false},"excerpt":{"rendered":"<p>By BEAUTY BAY &#8211; Neutral &#8211; 42 Colour Palette Une collection de quarante-deux fards \u00e0 paupi\u00e8res neutres aux tons froids. Adoptez un look neutre avec la palette de 42 fards \u00e0 paupi\u00e8res By BEAUTY BAY Neutral. Compos\u00e9e de bruns froids, de gris-beige et de roses tendres, elle saura sublimer vos pinceaux gr\u00e2ce \u00e0 des teintes [&hellip;]<\/p>\n","protected":false},"featured_media":10991,"comment_status":"open","ping_status":"closed","template":"","meta":{"om_disable_all_campaigns":false,"_uag_custom_page_level_css":"","_monsterinsights_skip_tracking":false,"_monsterinsights_sitenote_active":false,"_monsterinsights_sitenote_note":"","_monsterinsights_sitenote_category":0,"_uf_show_specific_survey":0,"_uf_disable_surveys":false,"site-sidebar-layout":"default","site-content-layout":"","ast-site-content-layout":"default","site-content-style":"default","site-sidebar-style":"default","ast-global-header-display":"","ast-banner-title-visibility":"","ast-main-header-display":"","ast-hfb-above-header-display":"","ast-hfb-below-header-display":"","ast-hfb-mobile-header-display":"","site-post-title":"","ast-breadcrumbs-content":"","ast-featured-img":"","footer-sml-layout":"","ast-disable-related-posts":"","theme-transparent-header-meta":"default","adv-header-id-meta":"","stick-header-meta":"","header-above-stick-meta":"","header-main-stick-meta":"","header-below-stick-meta":"","astra-migrate-meta-layouts":"set","ast-page-background-enabled":"default","ast-page-background-meta":{"desktop":{"background-color":"var(--ast-global-color-4)","background-image":"","background-repeat":"repeat","background-position":"center center","background-size":"auto","background-attachment":"scroll","background-type":"","background-media":"","overlay-type":"","overlay-color":"","overlay-opacity":"","overlay-gradient":""},"tablet":{"background-color":"","background-image":"","background-repeat":"repeat","background-position":"center center","background-size":"auto","background-attachment":"scroll","background-type":"","background-media":"","overlay-type":"","overlay-color":"","overlay-opacity":"","overlay-gradient":""},"mobile":{"background-color":"","background-image":"","background-repeat":"repeat","background-position":"center center","background-size":"auto","background-attachment":"scroll","background-type":"","background-media":"","overlay-type":"","overlay-color":"","overlay-opacity":"","overlay-gradient":""}},"ast-content-background-meta":{"desktop":{"background-color":"var(--ast-global-color-5)","background-image":"","background-repeat":"repeat","background-position":"center center","background-size":"auto","background-attachment":"scroll","background-type":"","background-media":"","overlay-type":"","overlay-color":"","overlay-opacity":"","overlay-gradient":""},"tablet":{"background-color":"var(--ast-global-color-5)","background-image":"","background-repeat":"repeat","background-position":"center center","background-size":"auto","background-attachment":"scroll","background-type":"","background-media":"","overlay-type":"","overlay-color":"","overlay-opacity":"","overlay-gradient":""},"mobile":{"background-color":"var(--ast-global-color-5)","background-image":"","background-repeat":"repeat","background-position":"center center","background-size":"auto","background-attachment":"scroll","background-type":"","background-media":"","overlay-type":"","overlay-color":"","overlay-opacity":"","overlay-gradient":""}},"_joinchat":[]},"product_brand":[],"product_cat":[211,35,193,59],"product_tag":[],"class_list":{"0":"post-10975","1":"product","2":"type-product","3":"status-publish","4":"has-post-thumbnail","6":"product_cat-beauty-bay","7":"product_cat-maquillage","8":"product_cat-palette-yeux","9":"product_cat-yeux","10":"desktop-align-center","11":"tablet-align-left","12":"mobile-align-center","14":"first","15":"outofstock","16":"taxable","17":"shipping-taxable","18":"purchasable","19":"product-type-simple"},"uagb_featured_image_src":{"full":["https:\/\/i0.wp.com\/fabstore.ma\/wp-content\/uploads\/2025\/11\/BFBB0660F_1-1.webp?fit=1600%2C1920&ssl=1",1600,1920,false],"thumbnail":["https:\/\/i0.wp.com\/fabstore.ma\/wp-content\/uploads\/2025\/11\/BFBB0660F_1-1.webp?resize=150%2C150&ssl=1",150,150,true],"medium":["https:\/\/i0.wp.com\/fabstore.ma\/wp-content\/uploads\/2025\/11\/BFBB0660F_1-1.webp?fit=250%2C300&ssl=1",250,300,true],"medium_large":["https:\/\/i0.wp.com\/fabstore.ma\/wp-content\/uploads\/2025\/11\/BFBB0660F_1-1.webp?fit=768%2C922&ssl=1",768,922,true],"large":["https:\/\/i0.wp.com\/fabstore.ma\/wp-content\/uploads\/2025\/11\/BFBB0660F_1-1.webp?fit=853%2C1024&ssl=1",853,1024,true],"1536x1536":["https:\/\/i0.wp.com\/fabstore.ma\/wp-content\/uploads\/2025\/11\/BFBB0660F_1-1.webp?fit=1280%2C1536&ssl=1",1280,1536,true],"2048x2048":["https:\/\/i0.wp.com\/fabstore.ma\/wp-content\/uploads\/2025\/11\/BFBB0660F_1-1.webp?fit=1600%2C1920&ssl=1",1600,1920,true],"woocommerce_thumbnail":["https:\/\/i0.wp.com\/fabstore.ma\/wp-content\/uploads\/2025\/11\/BFBB0660F_1-1.webp?fit=300%2C360&ssl=1",300,360,true],"woocommerce_single":["https:\/\/i0.wp.com\/fabstore.ma\/wp-content\/uploads\/2025\/11\/BFBB0660F_1-1.webp?fit=600%2C720&ssl=1",600,720,true],"woocommerce_gallery_thumbnail":["https:\/\/i0.wp.com\/fabstore.ma\/wp-content\/uploads\/2025\/11\/BFBB0660F_1-1.webp?resize=100%2C100&ssl=1",100,100,true]},"uagb_author_info":{"display_name":"admin","author_link":"https:\/\/fabstore.ma\/index.php\/author\/"},"uagb_comment_info":0,"uagb_excerpt":"By BEAUTY BAY &#8211; Neutral &#8211; 42 Colour Palette Une collection de quarante-deux fards \u00e0 paupi\u00e8res neutres aux tons froids. Adoptez un look neutre avec la palette de 42 fards \u00e0 paupi\u00e8res By BEAUTY BAY Neutral. Compos\u00e9e de bruns froids, de gris-beige et de roses tendres, elle saura sublimer vos pinceaux gr\u00e2ce \u00e0 des teintes\u2026","jetpack-related-posts":[],"jetpack_sharing_enabled":true,"_links":{"self":[{"href":"https:\/\/fabstore.ma\/index.php\/wp-json\/wp\/v2\/product\/10975","targetHints":{"allow":["GET"]}}],"collection":[{"href":"https:\/\/fabstore.ma\/index.php\/wp-json\/wp\/v2\/product"}],"about":[{"href":"https:\/\/fabstore.ma\/index.php\/wp-json\/wp\/v2\/types\/product"}],"replies":[{"embeddable":true,"href":"https:\/\/fabstore.ma\/index.php\/wp-json\/wp\/v2\/comments?post=10975"}],"wp:featuredmedia":[{"embeddable":true,"href":"https:\/\/fabstore.ma\/index.php\/wp-json\/wp\/v2\/media\/10991"}],"wp:attachment":[{"href":"https:\/\/fabstore.ma\/index.php\/wp-json\/wp\/v2\/media?parent=10975"}],"wp:term":[{"taxonomy":"product_brand","embeddable":true,"href":"https:\/\/fabstore.ma\/index.php\/wp-json\/wp\/v2\/product_brand?post=10975"},{"taxonomy":"product_cat","embeddable":true,"href":"https:\/\/fabstore.ma\/index.php\/wp-json\/wp\/v2\/product_cat?post=10975"},{"taxonomy":"product_tag","embeddable":true,"href":"https:\/\/fabstore.ma\/index.php\/wp-json\/wp\/v2\/product_tag?post=10975"}],"curies":[{"name":"wp","href":"https:\/\/api.w.org\/{rel}","templated":true}]}}