{"id":10890,"date":"2025-11-28T17:38:15","date_gmt":"2025-11-28T17:38:15","guid":{"rendered":"https:\/\/fabstore.ma\/?post_type=product&#038;p=10890"},"modified":"2025-11-28T18:04:43","modified_gmt":"2025-11-28T18:04:43","slug":"rimmel-london-natural-bronzer-new","status":"publish","type":"product","link":"https:\/\/fabstore.ma\/index.php\/produit\/rimmel-london-natural-bronzer-new\/","title":{"rendered":"Rimmel London &#8211; NATURAL BRONZER !NEW!"},"content":{"rendered":"<p>Que vous recherchiez un effet bonne mine ou que vous souhaitiez sculpter vos traits, la poudre bronzante id\u00e9ale est onctueuse, velout\u00e9e et facile \u00e0 estomper. Appliquez la Poudre Bronzante Waterproof Natural Bronzer sur vos pommettes pour r\u00e9chauffer instantan\u00e9ment votre teint et sublimer vos traits. <\/p>\n<p>* \u00c9clat bronz\u00e9 naturel<br \/>\n* Port jusqu&rsquo;\u00e0 10 heures<br \/>\n* Texture douce et velout\u00e9e<br \/>\n* Poudre facile \u00e0 m\u00e9langer<\/p>\n","protected":false},"excerpt":{"rendered":"<p>Que vous recherchiez un effet bonne mine ou que vous souhaitiez sculpter vos traits, la poudre bronzante id\u00e9ale est onctueuse, velout\u00e9e et facile \u00e0 estomper. Appliquez la Poudre Bronzante Waterproof Natural Bronzer sur vos pommettes pour r\u00e9chauffer instantan\u00e9ment votre teint et sublimer vos traits. * \u00c9clat bronz\u00e9 naturel * Port jusqu&rsquo;\u00e0 10 heures * Texture [&hellip;]<\/p>\n","protected":false},"featured_media":10893,"comment_status":"open","ping_status":"closed","template":"","meta":{"om_disable_all_campaigns":false,"_uag_custom_page_level_css":"","_monsterinsights_skip_tracking":false,"_monsterinsights_sitenote_active":false,"_monsterinsights_sitenote_note":"","_monsterinsights_sitenote_category":0,"_uf_show_specific_survey":0,"_uf_disable_surveys":false,"site-sidebar-layout":"default","site-content-layout":"","ast-site-content-layout":"default","site-content-style":"default","site-sidebar-style":"default","ast-global-header-display":"","ast-banner-title-visibility":"","ast-main-header-display":"","ast-hfb-above-header-display":"","ast-hfb-below-header-display":"","ast-hfb-mobile-header-display":"","site-post-title":"","ast-breadcrumbs-content":"","ast-featured-img":"","footer-sml-layout":"","ast-disable-related-posts":"","theme-transparent-header-meta":"default","adv-header-id-meta":"","stick-header-meta":"","header-above-stick-meta":"","header-main-stick-meta":"","header-below-stick-meta":"","astra-migrate-meta-layouts":"set","ast-page-background-enabled":"default","ast-page-background-meta":{"desktop":{"background-color":"var(--ast-global-color-4)","background-image":"","background-repeat":"repeat","background-position":"center center","background-size":"auto","background-attachment":"scroll","background-type":"","background-media":"","overlay-type":"","overlay-color":"","overlay-opacity":"","overlay-gradient":""},"tablet":{"background-color":"","background-image":"","background-repeat":"repeat","background-position":"center center","background-size":"auto","background-attachment":"scroll","background-type":"","background-media":"","overlay-type":"","overlay-color":"","overlay-opacity":"","overlay-gradient":""},"mobile":{"background-color":"","background-image":"","background-repeat":"repeat","background-position":"center center","background-size":"auto","background-attachment":"scroll","background-type":"","background-media":"","overlay-type":"","overlay-color":"","overlay-opacity":"","overlay-gradient":""}},"ast-content-background-meta":{"desktop":{"background-color":"var(--ast-global-color-5)","background-image":"","background-repeat":"repeat","background-position":"center center","background-size":"auto","background-attachment":"scroll","background-type":"","background-media":"","overlay-type":"","overlay-color":"","overlay-opacity":"","overlay-gradient":""},"tablet":{"background-color":"var(--ast-global-color-5)","background-image":"","background-repeat":"repeat","background-position":"center center","background-size":"auto","background-attachment":"scroll","background-type":"","background-media":"","overlay-type":"","overlay-color":"","overlay-opacity":"","overlay-gradient":""},"mobile":{"background-color":"var(--ast-global-color-5)","background-image":"","background-repeat":"repeat","background-position":"center center","background-size":"auto","background-attachment":"scroll","background-type":"","background-media":"","overlay-type":"","overlay-color":"","overlay-opacity":"","overlay-gradient":""}},"_joinchat":[]},"product_brand":[],"product_cat":[72,35,159],"product_tag":[],"class_list":{"0":"post-10890","1":"product","2":"type-product","3":"status-publish","4":"has-post-thumbnail","6":"product_cat-bronzeur","7":"product_cat-maquillage","8":"product_cat-rimmel","9":"desktop-align-center","10":"tablet-align-left","11":"mobile-align-center","13":"first","14":"instock","15":"taxable","16":"shipping-taxable","17":"purchasable","18":"product-type-variable"},"uagb_featured_image_src":{"full":["https:\/\/i0.wp.com\/fabstore.ma\/wp-content\/uploads\/2025\/11\/RM_NaturalBronzer_Sunlight-001-xs.jpeg?fit=479%2C479&ssl=1",479,479,false],"thumbnail":["https:\/\/i0.wp.com\/fabstore.ma\/wp-content\/uploads\/2025\/11\/RM_NaturalBronzer_Sunlight-001-xs.jpeg?resize=150%2C150&ssl=1",150,150,true],"medium":["https:\/\/i0.wp.com\/fabstore.ma\/wp-content\/uploads\/2025\/11\/RM_NaturalBronzer_Sunlight-001-xs.jpeg?fit=300%2C300&ssl=1",300,300,true],"medium_large":["https:\/\/i0.wp.com\/fabstore.ma\/wp-content\/uploads\/2025\/11\/RM_NaturalBronzer_Sunlight-001-xs.jpeg?fit=479%2C479&ssl=1",479,479,true],"large":["https:\/\/i0.wp.com\/fabstore.ma\/wp-content\/uploads\/2025\/11\/RM_NaturalBronzer_Sunlight-001-xs.jpeg?fit=479%2C479&ssl=1",479,479,true],"1536x1536":["https:\/\/i0.wp.com\/fabstore.ma\/wp-content\/uploads\/2025\/11\/RM_NaturalBronzer_Sunlight-001-xs.jpeg?fit=479%2C479&ssl=1",479,479,true],"2048x2048":["https:\/\/i0.wp.com\/fabstore.ma\/wp-content\/uploads\/2025\/11\/RM_NaturalBronzer_Sunlight-001-xs.jpeg?fit=479%2C479&ssl=1",479,479,true],"woocommerce_thumbnail":["https:\/\/i0.wp.com\/fabstore.ma\/wp-content\/uploads\/2025\/11\/RM_NaturalBronzer_Sunlight-001-xs.jpeg?fit=300%2C300&ssl=1",300,300,true],"woocommerce_single":["https:\/\/i0.wp.com\/fabstore.ma\/wp-content\/uploads\/2025\/11\/RM_NaturalBronzer_Sunlight-001-xs.jpeg?fit=479%2C479&ssl=1",479,479,true],"woocommerce_gallery_thumbnail":["https:\/\/i0.wp.com\/fabstore.ma\/wp-content\/uploads\/2025\/11\/RM_NaturalBronzer_Sunlight-001-xs.jpeg?resize=100%2C100&ssl=1",100,100,true]},"uagb_author_info":{"display_name":"admin","author_link":"https:\/\/fabstore.ma\/index.php\/author\/"},"uagb_comment_info":0,"uagb_excerpt":"Que vous recherchiez un effet bonne mine ou que vous souhaitiez sculpter vos traits, la poudre bronzante id\u00e9ale est onctueuse, velout\u00e9e et facile \u00e0 estomper. Appliquez la Poudre Bronzante Waterproof Natural Bronzer sur vos pommettes pour r\u00e9chauffer instantan\u00e9ment votre teint et sublimer vos traits. * \u00c9clat bronz\u00e9 naturel * Port jusqu&rsquo;\u00e0 10 heures * Texture\u2026","jetpack-related-posts":[],"jetpack_sharing_enabled":true,"_links":{"self":[{"href":"https:\/\/fabstore.ma\/index.php\/wp-json\/wp\/v2\/product\/10890","targetHints":{"allow":["GET"]}}],"collection":[{"href":"https:\/\/fabstore.ma\/index.php\/wp-json\/wp\/v2\/product"}],"about":[{"href":"https:\/\/fabstore.ma\/index.php\/wp-json\/wp\/v2\/types\/product"}],"replies":[{"embeddable":true,"href":"https:\/\/fabstore.ma\/index.php\/wp-json\/wp\/v2\/comments?post=10890"}],"wp:featuredmedia":[{"embeddable":true,"href":"https:\/\/fabstore.ma\/index.php\/wp-json\/wp\/v2\/media\/10893"}],"wp:attachment":[{"href":"https:\/\/fabstore.ma\/index.php\/wp-json\/wp\/v2\/media?parent=10890"}],"wp:term":[{"taxonomy":"product_brand","embeddable":true,"href":"https:\/\/fabstore.ma\/index.php\/wp-json\/wp\/v2\/product_brand?post=10890"},{"taxonomy":"product_cat","embeddable":true,"href":"https:\/\/fabstore.ma\/index.php\/wp-json\/wp\/v2\/product_cat?post=10890"},{"taxonomy":"product_tag","embeddable":true,"href":"https:\/\/fabstore.ma\/index.php\/wp-json\/wp\/v2\/product_tag?post=10890"}],"curies":[{"name":"wp","href":"https:\/\/api.w.org\/{rel}","templated":true}]}}