{"id":10865,"date":"2025-11-26T23:11:29","date_gmt":"2025-11-26T23:11:29","guid":{"rendered":"https:\/\/fabstore.ma\/?post_type=product&#038;p=10865"},"modified":"2025-11-26T23:12:40","modified_gmt":"2025-11-26T23:12:40","slug":"alyssa-ashley-cocovanilla","status":"publish","type":"product","link":"https:\/\/fabstore.ma\/index.php\/produit\/alyssa-ashley-cocovanilla\/","title":{"rendered":"Alyssa Ashley &#8211; Cocovanilla"},"content":{"rendered":"<p>Coco Vanilla d&rsquo;Alyssa Ashley est un parfum floral fruit\u00e9 gourmand pour femme. <\/p>\n<p>Lanc\u00e9 en 2005, il s&rsquo;ouvre sur des notes de t\u00eate de noix de coco, vanille, citron d&rsquo;Amalfi et fruit de la passion. Son c\u0153ur r\u00e9v\u00e8le des notes de fleur de tiar\u00e9 et d&rsquo;h\u00e9liotrope, tandis que son fond se compose de caramel, de sable et d&rsquo;ambre.<\/p>\n","protected":false},"excerpt":{"rendered":"<p>Coco Vanilla d&rsquo;Alyssa Ashley est un parfum floral fruit\u00e9 gourmand pour femme. Lanc\u00e9 en 2005, il s&rsquo;ouvre sur des notes de t\u00eate de noix de coco, vanille, citron d&rsquo;Amalfi et fruit de la passion. Son c\u0153ur r\u00e9v\u00e8le des notes de fleur de tiar\u00e9 et d&rsquo;h\u00e9liotrope, tandis que son fond se compose de caramel, de sable [&hellip;]<\/p>\n","protected":false},"featured_media":10866,"comment_status":"open","ping_status":"closed","template":"","meta":{"om_disable_all_campaigns":false,"_uag_custom_page_level_css":"","_monsterinsights_skip_tracking":false,"_monsterinsights_sitenote_active":false,"_monsterinsights_sitenote_note":"","_monsterinsights_sitenote_category":0,"_uf_show_specific_survey":0,"_uf_disable_surveys":false,"site-sidebar-layout":"default","site-content-layout":"","ast-site-content-layout":"default","site-content-style":"default","site-sidebar-style":"default","ast-global-header-display":"","ast-banner-title-visibility":"","ast-main-header-display":"","ast-hfb-above-header-display":"","ast-hfb-below-header-display":"","ast-hfb-mobile-header-display":"","site-post-title":"","ast-breadcrumbs-content":"","ast-featured-img":"","footer-sml-layout":"","ast-disable-related-posts":"","theme-transparent-header-meta":"default","adv-header-id-meta":"","stick-header-meta":"","header-above-stick-meta":"","header-main-stick-meta":"","header-below-stick-meta":"","astra-migrate-meta-layouts":"set","ast-page-background-enabled":"default","ast-page-background-meta":{"desktop":{"background-color":"var(--ast-global-color-4)","background-image":"","background-repeat":"repeat","background-position":"center center","background-size":"auto","background-attachment":"scroll","background-type":"","background-media":"","overlay-type":"","overlay-color":"","overlay-opacity":"","overlay-gradient":""},"tablet":{"background-color":"","background-image":"","background-repeat":"repeat","background-position":"center center","background-size":"auto","background-attachment":"scroll","background-type":"","background-media":"","overlay-type":"","overlay-color":"","overlay-opacity":"","overlay-gradient":""},"mobile":{"background-color":"","background-image":"","background-repeat":"repeat","background-position":"center center","background-size":"auto","background-attachment":"scroll","background-type":"","background-media":"","overlay-type":"","overlay-color":"","overlay-opacity":"","overlay-gradient":""}},"ast-content-background-meta":{"desktop":{"background-color":"var(--ast-global-color-5)","background-image":"","background-repeat":"repeat","background-position":"center center","background-size":"auto","background-attachment":"scroll","background-type":"","background-media":"","overlay-type":"","overlay-color":"","overlay-opacity":"","overlay-gradient":""},"tablet":{"background-color":"var(--ast-global-color-5)","background-image":"","background-repeat":"repeat","background-position":"center center","background-size":"auto","background-attachment":"scroll","background-type":"","background-media":"","overlay-type":"","overlay-color":"","overlay-opacity":"","overlay-gradient":""},"mobile":{"background-color":"var(--ast-global-color-5)","background-image":"","background-repeat":"repeat","background-position":"center center","background-size":"auto","background-attachment":"scroll","background-type":"","background-media":"","overlay-type":"","overlay-color":"","overlay-opacity":"","overlay-gradient":""}},"_joinchat":[]},"product_brand":[],"product_cat":[37],"product_tag":[],"class_list":{"0":"post-10865","1":"product","2":"type-product","3":"status-publish","4":"has-post-thumbnail","6":"product_cat-parfums","7":"desktop-align-center","8":"tablet-align-left","9":"mobile-align-center","11":"first","12":"instock","13":"taxable","14":"shipping-taxable","15":"purchasable","16":"product-type-simple"},"uagb_featured_image_src":{"full":["https:\/\/i0.wp.com\/fabstore.ma\/wp-content\/uploads\/2025\/11\/71k0TGhTRjL.jpg?fit=1707%2C2560&ssl=1",1707,2560,false],"thumbnail":["https:\/\/i0.wp.com\/fabstore.ma\/wp-content\/uploads\/2025\/11\/71k0TGhTRjL.jpg?resize=150%2C150&ssl=1",150,150,true],"medium":["https:\/\/i0.wp.com\/fabstore.ma\/wp-content\/uploads\/2025\/11\/71k0TGhTRjL.jpg?fit=200%2C300&ssl=1",200,300,true],"medium_large":["https:\/\/i0.wp.com\/fabstore.ma\/wp-content\/uploads\/2025\/11\/71k0TGhTRjL.jpg?fit=768%2C1152&ssl=1",768,1152,true],"large":["https:\/\/i0.wp.com\/fabstore.ma\/wp-content\/uploads\/2025\/11\/71k0TGhTRjL.jpg?fit=683%2C1024&ssl=1",683,1024,true],"1536x1536":["https:\/\/i0.wp.com\/fabstore.ma\/wp-content\/uploads\/2025\/11\/71k0TGhTRjL.jpg?fit=1024%2C1536&ssl=1",1024,1536,true],"2048x2048":["https:\/\/i0.wp.com\/fabstore.ma\/wp-content\/uploads\/2025\/11\/71k0TGhTRjL.jpg?fit=1366%2C2048&ssl=1",1366,2048,true],"woocommerce_thumbnail":["https:\/\/i0.wp.com\/fabstore.ma\/wp-content\/uploads\/2025\/11\/71k0TGhTRjL.jpg?fit=300%2C450&ssl=1",300,450,true],"woocommerce_single":["https:\/\/i0.wp.com\/fabstore.ma\/wp-content\/uploads\/2025\/11\/71k0TGhTRjL.jpg?fit=600%2C900&ssl=1",600,900,true],"woocommerce_gallery_thumbnail":["https:\/\/i0.wp.com\/fabstore.ma\/wp-content\/uploads\/2025\/11\/71k0TGhTRjL.jpg?resize=100%2C100&ssl=1",100,100,true]},"uagb_author_info":{"display_name":"admin","author_link":"https:\/\/fabstore.ma\/index.php\/author\/"},"uagb_comment_info":0,"uagb_excerpt":"Coco Vanilla d&rsquo;Alyssa Ashley est un parfum floral fruit\u00e9 gourmand pour femme. Lanc\u00e9 en 2005, il s&rsquo;ouvre sur des notes de t\u00eate de noix de coco, vanille, citron d&rsquo;Amalfi et fruit de la passion. Son c\u0153ur r\u00e9v\u00e8le des notes de fleur de tiar\u00e9 et d&rsquo;h\u00e9liotrope, tandis que son fond se compose de caramel, de sable\u2026","jetpack-related-posts":[],"jetpack_sharing_enabled":true,"_links":{"self":[{"href":"https:\/\/fabstore.ma\/index.php\/wp-json\/wp\/v2\/product\/10865","targetHints":{"allow":["GET"]}}],"collection":[{"href":"https:\/\/fabstore.ma\/index.php\/wp-json\/wp\/v2\/product"}],"about":[{"href":"https:\/\/fabstore.ma\/index.php\/wp-json\/wp\/v2\/types\/product"}],"replies":[{"embeddable":true,"href":"https:\/\/fabstore.ma\/index.php\/wp-json\/wp\/v2\/comments?post=10865"}],"wp:featuredmedia":[{"embeddable":true,"href":"https:\/\/fabstore.ma\/index.php\/wp-json\/wp\/v2\/media\/10866"}],"wp:attachment":[{"href":"https:\/\/fabstore.ma\/index.php\/wp-json\/wp\/v2\/media?parent=10865"}],"wp:term":[{"taxonomy":"product_brand","embeddable":true,"href":"https:\/\/fabstore.ma\/index.php\/wp-json\/wp\/v2\/product_brand?post=10865"},{"taxonomy":"product_cat","embeddable":true,"href":"https:\/\/fabstore.ma\/index.php\/wp-json\/wp\/v2\/product_cat?post=10865"},{"taxonomy":"product_tag","embeddable":true,"href":"https:\/\/fabstore.ma\/index.php\/wp-json\/wp\/v2\/product_tag?post=10865"}],"curies":[{"name":"wp","href":"https:\/\/api.w.org\/{rel}","templated":true}]}}