{"id":10525,"date":"2025-10-03T22:56:46","date_gmt":"2025-10-03T22:56:46","guid":{"rendered":"https:\/\/fabstore.ma\/?post_type=product&#038;p=10525"},"modified":"2026-02-24T19:27:05","modified_gmt":"2026-02-24T19:27:05","slug":"nars-radiant-creamy-concealer","status":"publish","type":"product","link":"https:\/\/fabstore.ma\/index.php\/produit\/nars-radiant-creamy-concealer\/","title":{"rendered":"Nars &#8211; Radiant Creamy Concealer"},"content":{"rendered":"<p>Le Radiant Creamy Concealer s&rsquo;adapte parfaitement \u00e0 toutes les carnations, ce qui en fait un incontournable pour les amateurs de maquillage et les artistes professionnels. <\/p>\n<div style=\"width: 576px;\" class=\"wp-video\"><video class=\"wp-video-shortcode\" id=\"video-10525-1\" width=\"576\" height=\"1024\" preload=\"metadata\" controls=\"controls\"><source type=\"video\/mp4\" src=\"https:\/\/fabstore.ma\/wp-content\/uploads\/2025\/10\/c0b2f40ae80d3ad76cde0041835b61d1.mp4?_=1\" \/><a href=\"https:\/\/fabstore.ma\/wp-content\/uploads\/2025\/10\/c0b2f40ae80d3ad76cde0041835b61d1.mp4\">https:\/\/fabstore.ma\/wp-content\/uploads\/2025\/10\/c0b2f40ae80d3ad76cde0041835b61d1.mp4<\/a><\/video><\/div>\n<p>En tant que correcteur n\u00b01 aux \u00c9tats-Unis , il est r\u00e9put\u00e9 pour sa texture cr\u00e9meuse et son fini \u00e9clatant. Ce correcteur polyvalent corrige non seulement les imperfections, mais met \u00e9galement en valeur la beaut\u00e9 naturelle de tous les teints.<\/p>\n","protected":false},"excerpt":{"rendered":"<p>Anti-cernes cr\u00e9meux radieux \u2013 Perfection multi-usage pour chaque teint<\/p>\n","protected":false},"featured_media":10526,"comment_status":"open","ping_status":"closed","template":"","meta":{"om_disable_all_campaigns":false,"_uag_custom_page_level_css":"","_monsterinsights_skip_tracking":false,"_monsterinsights_sitenote_active":false,"_monsterinsights_sitenote_note":"","_monsterinsights_sitenote_category":0,"_uf_show_specific_survey":0,"_uf_disable_surveys":false,"site-sidebar-layout":"default","site-content-layout":"","ast-site-content-layout":"default","site-content-style":"default","site-sidebar-style":"default","ast-global-header-display":"","ast-banner-title-visibility":"","ast-main-header-display":"","ast-hfb-above-header-display":"","ast-hfb-below-header-display":"","ast-hfb-mobile-header-display":"","site-post-title":"","ast-breadcrumbs-content":"","ast-featured-img":"","footer-sml-layout":"","ast-disable-related-posts":"","theme-transparent-header-meta":"default","adv-header-id-meta":"","stick-header-meta":"","header-above-stick-meta":"","header-main-stick-meta":"","header-below-stick-meta":"","astra-migrate-meta-layouts":"set","ast-page-background-enabled":"default","ast-page-background-meta":{"desktop":{"background-color":"var(--ast-global-color-4)","background-image":"","background-repeat":"repeat","background-position":"center center","background-size":"auto","background-attachment":"scroll","background-type":"","background-media":"","overlay-type":"","overlay-color":"","overlay-opacity":"","overlay-gradient":""},"tablet":{"background-color":"","background-image":"","background-repeat":"repeat","background-position":"center center","background-size":"auto","background-attachment":"scroll","background-type":"","background-media":"","overlay-type":"","overlay-color":"","overlay-opacity":"","overlay-gradient":""},"mobile":{"background-color":"","background-image":"","background-repeat":"repeat","background-position":"center center","background-size":"auto","background-attachment":"scroll","background-type":"","background-media":"","overlay-type":"","overlay-color":"","overlay-opacity":"","overlay-gradient":""}},"ast-content-background-meta":{"desktop":{"background-color":"var(--ast-global-color-5)","background-image":"","background-repeat":"repeat","background-position":"center center","background-size":"auto","background-attachment":"scroll","background-type":"","background-media":"","overlay-type":"","overlay-color":"","overlay-opacity":"","overlay-gradient":""},"tablet":{"background-color":"var(--ast-global-color-5)","background-image":"","background-repeat":"repeat","background-position":"center center","background-size":"auto","background-attachment":"scroll","background-type":"","background-media":"","overlay-type":"","overlay-color":"","overlay-opacity":"","overlay-gradient":""},"mobile":{"background-color":"var(--ast-global-color-5)","background-image":"","background-repeat":"repeat","background-position":"center center","background-size":"auto","background-attachment":"scroll","background-type":"","background-media":"","overlay-type":"","overlay-color":"","overlay-opacity":"","overlay-gradient":""}},"_joinchat":[]},"product_brand":[],"product_cat":[68,35,144,58],"product_tag":[],"class_list":{"0":"post-10525","1":"product","2":"type-product","3":"status-publish","4":"has-post-thumbnail","6":"product_cat-anti-cerne-correcteur","7":"product_cat-maquillage","8":"product_cat-nars","9":"product_cat-teint","10":"desktop-align-center","11":"tablet-align-left","12":"mobile-align-center","14":"first","15":"instock","16":"taxable","17":"shipping-taxable","18":"purchasable","19":"product-type-variable"},"uagb_featured_image_src":{"full":["https:\/\/i0.wp.com\/fabstore.ma\/wp-content\/uploads\/2025\/10\/Sanstitre_1000x1000px_841x1189mm_2000x2500px_99_bbc51145-a62c-4d72-be68-b4800f3bca13.png?fit=2000%2C2000&ssl=1",2000,2000,false],"thumbnail":["https:\/\/i0.wp.com\/fabstore.ma\/wp-content\/uploads\/2025\/10\/Sanstitre_1000x1000px_841x1189mm_2000x2500px_99_bbc51145-a62c-4d72-be68-b4800f3bca13.png?resize=150%2C150&ssl=1",150,150,true],"medium":["https:\/\/i0.wp.com\/fabstore.ma\/wp-content\/uploads\/2025\/10\/Sanstitre_1000x1000px_841x1189mm_2000x2500px_99_bbc51145-a62c-4d72-be68-b4800f3bca13.png?fit=300%2C300&ssl=1",300,300,true],"medium_large":["https:\/\/i0.wp.com\/fabstore.ma\/wp-content\/uploads\/2025\/10\/Sanstitre_1000x1000px_841x1189mm_2000x2500px_99_bbc51145-a62c-4d72-be68-b4800f3bca13.png?fit=768%2C768&ssl=1",768,768,true],"large":["https:\/\/i0.wp.com\/fabstore.ma\/wp-content\/uploads\/2025\/10\/Sanstitre_1000x1000px_841x1189mm_2000x2500px_99_bbc51145-a62c-4d72-be68-b4800f3bca13.png?fit=1024%2C1024&ssl=1",1024,1024,true],"1536x1536":["https:\/\/i0.wp.com\/fabstore.ma\/wp-content\/uploads\/2025\/10\/Sanstitre_1000x1000px_841x1189mm_2000x2500px_99_bbc51145-a62c-4d72-be68-b4800f3bca13.png?fit=1536%2C1536&ssl=1",1536,1536,true],"2048x2048":["https:\/\/i0.wp.com\/fabstore.ma\/wp-content\/uploads\/2025\/10\/Sanstitre_1000x1000px_841x1189mm_2000x2500px_99_bbc51145-a62c-4d72-be68-b4800f3bca13.png?fit=2000%2C2000&ssl=1",2000,2000,true],"woocommerce_thumbnail":["https:\/\/i0.wp.com\/fabstore.ma\/wp-content\/uploads\/2025\/10\/Sanstitre_1000x1000px_841x1189mm_2000x2500px_99_bbc51145-a62c-4d72-be68-b4800f3bca13.png?fit=300%2C300&ssl=1",300,300,true],"woocommerce_single":["https:\/\/i0.wp.com\/fabstore.ma\/wp-content\/uploads\/2025\/10\/Sanstitre_1000x1000px_841x1189mm_2000x2500px_99_bbc51145-a62c-4d72-be68-b4800f3bca13.png?fit=600%2C600&ssl=1",600,600,true],"woocommerce_gallery_thumbnail":["https:\/\/i0.wp.com\/fabstore.ma\/wp-content\/uploads\/2025\/10\/Sanstitre_1000x1000px_841x1189mm_2000x2500px_99_bbc51145-a62c-4d72-be68-b4800f3bca13.png?resize=100%2C100&ssl=1",100,100,true]},"uagb_author_info":{"display_name":"admin","author_link":"https:\/\/fabstore.ma\/index.php\/author\/"},"uagb_comment_info":0,"uagb_excerpt":"Anti-cernes cr\u00e9meux radieux \u2013 Perfection multi-usage pour chaque teint","jetpack-related-posts":[],"jetpack_sharing_enabled":true,"_links":{"self":[{"href":"https:\/\/fabstore.ma\/index.php\/wp-json\/wp\/v2\/product\/10525","targetHints":{"allow":["GET"]}}],"collection":[{"href":"https:\/\/fabstore.ma\/index.php\/wp-json\/wp\/v2\/product"}],"about":[{"href":"https:\/\/fabstore.ma\/index.php\/wp-json\/wp\/v2\/types\/product"}],"replies":[{"embeddable":true,"href":"https:\/\/fabstore.ma\/index.php\/wp-json\/wp\/v2\/comments?post=10525"}],"wp:featuredmedia":[{"embeddable":true,"href":"https:\/\/fabstore.ma\/index.php\/wp-json\/wp\/v2\/media\/10526"}],"wp:attachment":[{"href":"https:\/\/fabstore.ma\/index.php\/wp-json\/wp\/v2\/media?parent=10525"}],"wp:term":[{"taxonomy":"product_brand","embeddable":true,"href":"https:\/\/fabstore.ma\/index.php\/wp-json\/wp\/v2\/product_brand?post=10525"},{"taxonomy":"product_cat","embeddable":true,"href":"https:\/\/fabstore.ma\/index.php\/wp-json\/wp\/v2\/product_cat?post=10525"},{"taxonomy":"product_tag","embeddable":true,"href":"https:\/\/fabstore.ma\/index.php\/wp-json\/wp\/v2\/product_tag?post=10525"}],"curies":[{"name":"wp","href":"https:\/\/api.w.org\/{rel}","templated":true}]}}